{"id":9001,"date":"2022-09-15T13:54:30","date_gmt":"2022-09-15T11:54:30","guid":{"rendered":"https:\/\/2022.hsb1846.de\/?page_id=9001"},"modified":"2026-01-21T10:28:03","modified_gmt":"2026-01-21T09:28:03","slug":"turniere-und-veranstaltungen","status":"publish","type":"page","link":"http:\/\/hsb1846.de\/en\/home\/abteilungen\/fechten\/turniere-und-veranstaltungen\/","title":{"rendered":"Turniere \/ Competitions"},"content":{"rendered":"<div style=\"height:20px\" aria-hidden=\"true\" class=\"wp-block-spacer\"><\/div>\n\n\n<div class=\"wp-block-image\">\n<figure class=\"aligncenter\"><img loading=\"lazy\" decoding=\"async\" width=\"1920\" height=\"572\" src=\"https:\/\/hsb1846.de\/wp-content\/uploads\/2023\/12\/2023-01-27_Fechten_Bewegung_DSC00825-1920x572.jpg\" alt=\"\" class=\"wp-image-13351\" srcset=\"https:\/\/hsb1846.de\/wp-content\/uploads\/2023\/12\/2023-01-27_Fechten_Bewegung_DSC00825-1920x572.jpg 1920w, https:\/\/hsb1846.de\/wp-content\/uploads\/2023\/12\/2023-01-27_Fechten_Bewegung_DSC00825-300x89.jpg 300w, https:\/\/hsb1846.de\/wp-content\/uploads\/2023\/12\/2023-01-27_Fechten_Bewegung_DSC00825-768x229.jpg 768w, https:\/\/hsb1846.de\/wp-content\/uploads\/2023\/12\/2023-01-27_Fechten_Bewegung_DSC00825-1536x458.jpg 1536w, https:\/\/hsb1846.de\/wp-content\/uploads\/2023\/12\/2023-01-27_Fechten_Bewegung_DSC00825-2048x610.jpg 2048w, https:\/\/hsb1846.de\/wp-content\/uploads\/2023\/12\/2023-01-27_Fechten_Bewegung_DSC00825-18x5.jpg 18w\" sizes=\"auto, (max-width: 1920px) 100vw, 1920px\" \/><\/figure>\n<\/div>\n\n\n<div style=\"height:12px\" aria-hidden=\"true\" class=\"wp-block-spacer\"><\/div>\n\n\n\n<div style=\"height:21px\" aria-hidden=\"true\" class=\"wp-block-spacer\"><\/div>\n\n\n\n<h2 class=\"wp-block-heading has-text-align-center\"><\/h2>\n\n\n<p><\/p>\n<p style=\"text-align: center;\"><span style=\"font-size: 50px;\"><strong>Heidenheimer Fechtertage 2026<\/strong><\/span><\/p>\n<p style=\"text-align: center;\"><span style=\"font-size: 50px;\"> <\/span><\/p>\n<h4 class=\"wp-block-heading\" style=\"text-align: center;\"><span style=\"font-size: 20px;\">Vom 5. bis 7. Februar finden die Heidenheimer Fechtertage in der Bibrishalle in Herbrechtingen statt.<\/span><br \/><span style=\"font-size: 20px;\">Zuschauer sind herzlich eingeladen, bei den Fechtertagen vorbeizuschauen.<\/span><\/h4>\n<p>\u00a0<\/p>\n<p><\/p>\n\n<h4 style=\"text-align: left;\"><span style=\"font-size: 20px;\"><strong>Zeitplan:<\/strong><\/span><\/h4>\n<h4 style=\"text-align: left;\"><span style=\"font-size: 20px;\">Donnerstag, 5. Februar:<\/span><\/h4>\n<ul style=\"text-align: left;\">\n<li><span style=\"font-size: 20px;\">08:00 &#8211; 18:00 Uhr Vorrundenk\u00e4mpfe Heidenheimer Pokal<\/span><\/li>\n<\/ul>\n<h4 style=\"text-align: left;\"><span style=\"font-size: 20px;\">Freitag, 6. Februar: Heidenheimer Pokal:<\/span><\/h4>\n<ul style=\"text-align: left;\">\n<li><span style=\"font-size: 20px;\">Beginn Tableu 64: 09:00 Uhr<\/span><\/li>\n<li><span style=\"font-size: 20px;\">Finale: 17:00 Uhr mit anschlie\u00dfender Siegerehrung<\/span><\/li>\n<\/ul>\n<h4 style=\"text-align: left;\"><span style=\"font-size: 20px;\">Samstag, 7. Februar: Voith Cup:<\/span><\/h4>\n<ul style=\"text-align: left;\">\n<li><span style=\"font-size: 20px;\">Beginn Tableu 64: 08:00 Uhr<\/span><\/li>\n<li><span style=\"font-size: 20px;\">Halbfinale: 16:00 Uhr<\/span><\/li>\n<li><span style=\"font-size: 20px;\">Finale: 19:00 Uhr mit anschlie\u00dfender Siegerehrung<\/span><\/li>\n<\/ul>\n<h4 style=\"text-align: left;\"><span style=\"font-size: 20px;\">Eintrittskarten k\u00f6nnen am Eingang der Bibrishalle jederzeit zu einem geringen Preis erworben werden.<\/span><\/h4>\n<p>\u00a0<\/p>\n<p>\u00a0<\/p>\n\n\n<h4 class=\"wp-block-heading\"><\/h4>\n\n\n<div class=\"wp-block-image\">\n<figure class=\"aligncenter size-full\"><a href=\"https:\/\/hsb1846.de\/en\/home\/abteilungen\/fechten\/6-10\/\" target=\"_blank\" rel=\" noreferrer noopener\"><img loading=\"lazy\" decoding=\"async\" width=\"753\" height=\"1064\" src=\"https:\/\/hsb1846.de\/wp-content\/uploads\/2026\/01\/6.jpg\" alt=\"\" class=\"wp-image-19077\" srcset=\"https:\/\/hsb1846.de\/wp-content\/uploads\/2026\/01\/6.jpg 753w, https:\/\/hsb1846.de\/wp-content\/uploads\/2026\/01\/6-212x300.jpg 212w, https:\/\/hsb1846.de\/wp-content\/uploads\/2026\/01\/6-8x12.jpg 8w\" sizes=\"auto, (max-width: 753px) 100vw, 753px\" \/><\/a><\/figure>\n<\/div>\n\n\n<div style=\"height:20px\" aria-hidden=\"true\" class=\"wp-block-spacer\"><\/div>\n\n\n\n<div class=\"wp-block-cover aligncenter is-light\" style=\"min-height:150px;aspect-ratio:unset;\"><span aria-hidden=\"true\" class=\"wp-block-cover__background has-background-dim-100 has-background-dim\" style=\"background-color:#f6f6f6\"><\/span><div class=\"wp-block-cover__inner-container is-layout-flow wp-block-cover-is-layout-flow\"><div class=\"wp-block-image\">\n<figure class=\"aligncenter size-thumbnail is-resized\"><a href=\"https:\/\/www.instagram.com\/fechten.heidenheim\/\"><img loading=\"lazy\" decoding=\"async\" width=\"150\" height=\"150\" src=\"https:\/\/hsb1846.de\/wp-content\/uploads\/2022\/09\/instagram_logo-150x150.png\" alt=\"\" class=\"wp-image-9068\" style=\"width:48px;height:48px\" srcset=\"https:\/\/hsb1846.de\/wp-content\/uploads\/2022\/09\/instagram_logo-150x150.png 150w, https:\/\/hsb1846.de\/wp-content\/uploads\/2022\/09\/instagram_logo-300x300.png 300w, https:\/\/hsb1846.de\/wp-content\/uploads\/2022\/09\/instagram_logo-1080x1080.png 1080w, https:\/\/hsb1846.de\/wp-content\/uploads\/2022\/09\/instagram_logo-768x768.png 768w, https:\/\/hsb1846.de\/wp-content\/uploads\/2022\/09\/instagram_logo.png 1500w\" sizes=\"auto, (max-width: 150px) 100vw, 150px\" \/><\/a><\/figure>\n<\/div>\n\n\n<p class=\"has-text-align-center\"><a href=\"https:\/\/www.instagram.com\/fechten.heidenheim\/?hl=de\" target=\"_blank\" rel=\"noreferrer noopener\">folge uns auf instagram<\/a><\/p>\n<\/div><\/div>\n\n\n\n<div class=\"wp-block-cover aligncenter is-light\" style=\"min-height:151px;aspect-ratio:unset;\"><span aria-hidden=\"true\" class=\"wp-block-cover__background has-background-dim-100 has-background-dim\" style=\"background-color:#f6f6f6\"><\/span><div class=\"wp-block-cover__inner-container is-layout-flow wp-block-cover-is-layout-flow\"><div class=\"wp-block-image\">\n<figure class=\"aligncenter size-full\"><a href=\"https:\/\/www.facebook.com\/FechtzentrumHeidenheim\"><img loading=\"lazy\" decoding=\"async\" width=\"48\" height=\"48\" src=\"https:\/\/hsb1846.de\/wp-content\/uploads\/2022\/08\/icons8-facebook-neu-48.png\" alt=\"\" class=\"wp-image-7766\"\/><\/a><\/figure>\n<\/div>\n\n\n<p class=\"has-text-align-center\"><a href=\"https:\/\/www.facebook.com\/FechtzentrumHeidenheim\/\" target=\"_blank\" rel=\"noreferrer noopener\">folge uns auf facebook<\/a><\/p>\n<\/div><\/div>\n\n\n\n<div style=\"height:20px\" aria-hidden=\"true\" class=\"wp-block-spacer\"><\/div>\n\n\n<p><span style=\"font-size: 22px;\"><span style=\"font-size: 26px; font-family: Barlow;\"><strong>Wettk\u00e4mpfe in Heidenheim<\/strong><\/span><strong><span style=\"font-family: arial, helvetica, sans-serif;\"><br \/><\/span><\/strong><\/span><\/p>\n\n\n<div class=\"wp-block-media-text is-stacked-on-mobile\"><figure class=\"wp-block-media-text__media\"><img loading=\"lazy\" decoding=\"async\" width=\"1619\" height=\"1080\" src=\"https:\/\/hsb1846.de\/wp-content\/uploads\/2023\/11\/KneippCup18-1619x1080.jpg\" alt=\"\" class=\"wp-image-13270 size-full\" srcset=\"https:\/\/hsb1846.de\/wp-content\/uploads\/2023\/11\/KneippCup18-1619x1080.jpg 1619w, https:\/\/hsb1846.de\/wp-content\/uploads\/2023\/11\/KneippCup18-300x200.jpg 300w, https:\/\/hsb1846.de\/wp-content\/uploads\/2023\/11\/KneippCup18-768x512.jpg 768w, https:\/\/hsb1846.de\/wp-content\/uploads\/2023\/11\/KneippCup18-1536x1025.jpg 1536w, https:\/\/hsb1846.de\/wp-content\/uploads\/2023\/11\/KneippCup18-2048x1367.jpg 2048w, https:\/\/hsb1846.de\/wp-content\/uploads\/2023\/11\/KneippCup18-18x12.jpg 18w\" sizes=\"auto, (max-width: 1619px) 100vw, 1619px\" \/><\/figure><div class=\"wp-block-media-text__content\">\n<p><strong>Regelm\u00e4\u00dfig finden Turniere aller Altersklassen in Heidenheim statt. Neben Wettk\u00e4mpfen auf Landes- und Bundesebene, hei\u00dfen wir auch im Rahmen der Fechtertage jedes Jahr Fechter aus der ganzen Welt in Heidenheim willkommen.<\/strong><\/p>\n<\/div><\/div>\n\n\n\n<div class=\"wp-block-media-text has-media-on-the-right is-stacked-on-mobile is-vertically-aligned-center\"><div class=\"wp-block-media-text__content\">\n<p><strong>Heidenheimer Fechtertage<\/strong><br><br>Herrendegen Weltcup &#8211; Olympia Qualifikation<br><a href=\"https:\/\/hsb1846.de\/en\/home\/abteilungen\/fechten\/world-cup-72-heidenheimer-pokal\/\" title=\"Heidenheimer Pokal\"><strong><br><\/strong>Heidenheimer Pokal<\/a><br><a href=\"https:\/\/hsb1846.de\/en\/home\/abteilungen\/fechten\/world-cup-voith-cup\/\" title=\"Voith Cup\">Voith Cup<\/a><br>Coupe d&#8217;Europe<\/p>\n<\/div><figure class=\"wp-block-media-text__media\"><img loading=\"lazy\" decoding=\"async\" width=\"1623\" height=\"1080\" src=\"https:\/\/hsb1846.de\/wp-content\/uploads\/2023\/11\/Fechtertage-Pokale-Foto-Oliver-Vogel-1623x1080.jpg\" alt=\"\" class=\"wp-image-13271 size-full\" srcset=\"https:\/\/hsb1846.de\/wp-content\/uploads\/2023\/11\/Fechtertage-Pokale-Foto-Oliver-Vogel-1623x1080.jpg 1623w, https:\/\/hsb1846.de\/wp-content\/uploads\/2023\/11\/Fechtertage-Pokale-Foto-Oliver-Vogel-300x200.jpg 300w, https:\/\/hsb1846.de\/wp-content\/uploads\/2023\/11\/Fechtertage-Pokale-Foto-Oliver-Vogel-768x511.jpg 768w, https:\/\/hsb1846.de\/wp-content\/uploads\/2023\/11\/Fechtertage-Pokale-Foto-Oliver-Vogel-1536x1022.jpg 1536w, https:\/\/hsb1846.de\/wp-content\/uploads\/2023\/11\/Fechtertage-Pokale-Foto-Oliver-Vogel-2048x1363.jpg 2048w, https:\/\/hsb1846.de\/wp-content\/uploads\/2023\/11\/Fechtertage-Pokale-Foto-Oliver-Vogel-18x12.jpg 18w\" sizes=\"auto, (max-width: 1623px) 100vw, 1623px\" \/><\/figure><\/div>\n\n\n\n<div class=\"wp-block-media-text is-stacked-on-mobile is-vertically-aligned-center\"><figure class=\"wp-block-media-text__media\"><a href=\"https:\/\/hsb1846.de\/en\/home\/abteilungen\/fechten\/trainingstermine-und-anfaengerkurse\/ostercamp\/\"><img loading=\"lazy\" decoding=\"async\" width=\"1920\" height=\"1080\" src=\"https:\/\/hsb1846.de\/wp-content\/uploads\/2023\/02\/image1-1920x1080.jpeg\" alt=\"\" class=\"wp-image-11362 size-full\" srcset=\"https:\/\/hsb1846.de\/wp-content\/uploads\/2023\/02\/image1-1920x1080.jpeg 1920w, https:\/\/hsb1846.de\/wp-content\/uploads\/2023\/02\/image1-300x169.jpeg 300w, https:\/\/hsb1846.de\/wp-content\/uploads\/2023\/02\/image1-768x432.jpeg 768w, https:\/\/hsb1846.de\/wp-content\/uploads\/2023\/02\/image1-1536x864.jpeg 1536w, https:\/\/hsb1846.de\/wp-content\/uploads\/2023\/02\/image1-2048x1152.jpeg 2048w, https:\/\/hsb1846.de\/wp-content\/uploads\/2023\/02\/image1-18x10.jpeg 18w\" sizes=\"auto, (max-width: 1920px) 100vw, 1920px\" \/><\/a><\/figure><div class=\"wp-block-media-text__content\">\n<p><a href=\"https:\/\/hsb1846.de\/en\/home\/abteilungen\/fechten\/turniere-und-veranstaltungen\/ostercamp-2025\/\" title=\"\"><strong>Ostercamp Heidenheim<\/strong><br><\/a><br>F\u00fcr Nachwuchsfechter zur Vorbereitung der Deutschen Meisterschaften<\/p>\n<\/div><\/div>\n\n\n\n<div class=\"wp-block-media-text has-media-on-the-right is-stacked-on-mobile is-vertically-aligned-center\"><div class=\"wp-block-media-text__content\">\n<p><strong><a href=\"https:\/\/hsb1846.de\/en\/home\/abteilungen\/fechten\/turniere-und-veranstaltungen\/heimturniere\/\" title=\"\">Mini Marathon Heidenheim<\/a><\/strong><br><br>F\u00fcr die Altersklassen U11, U13 und U15 findet im Fechtzentrum der Mini Marathon statt. Nicht nur f\u00fcr den Fechtnachwuchs in Baden-W\u00fcrttemberg ein beliebtes Turnier.<\/p>\n<\/div><figure class=\"wp-block-media-text__media\"><img loading=\"lazy\" decoding=\"async\" width=\"1620\" height=\"1080\" src=\"https:\/\/hsb1846.de\/wp-content\/uploads\/2023\/11\/2023-01-28_Fechten_U13_Minimarathon_DSC01378-1620x1080.jpg\" alt=\"\" class=\"wp-image-13272 size-full\" srcset=\"https:\/\/hsb1846.de\/wp-content\/uploads\/2023\/11\/2023-01-28_Fechten_U13_Minimarathon_DSC01378-1620x1080.jpg 1620w, https:\/\/hsb1846.de\/wp-content\/uploads\/2023\/11\/2023-01-28_Fechten_U13_Minimarathon_DSC01378-300x200.jpg 300w, https:\/\/hsb1846.de\/wp-content\/uploads\/2023\/11\/2023-01-28_Fechten_U13_Minimarathon_DSC01378-768x512.jpg 768w, https:\/\/hsb1846.de\/wp-content\/uploads\/2023\/11\/2023-01-28_Fechten_U13_Minimarathon_DSC01378-1536x1024.jpg 1536w, https:\/\/hsb1846.de\/wp-content\/uploads\/2023\/11\/2023-01-28_Fechten_U13_Minimarathon_DSC01378-2048x1365.jpg 2048w, https:\/\/hsb1846.de\/wp-content\/uploads\/2023\/11\/2023-01-28_Fechten_U13_Minimarathon_DSC01378-18x12.jpg 18w\" sizes=\"auto, (max-width: 1620px) 100vw, 1620px\" \/><\/figure><\/div>\n\n\n\n<div class=\"wp-block-media-text is-stacked-on-mobile\"><figure class=\"wp-block-media-text__media\"><img loading=\"lazy\" decoding=\"async\" width=\"1920\" height=\"964\" src=\"https:\/\/hsb1846.de\/wp-content\/uploads\/2023\/11\/2023-10-01_Fechten_LM_BW_U17_DSC03010-1920x964.jpg\" alt=\"\" class=\"wp-image-13273 size-full\" srcset=\"https:\/\/hsb1846.de\/wp-content\/uploads\/2023\/11\/2023-10-01_Fechten_LM_BW_U17_DSC03010-1920x964.jpg 1920w, https:\/\/hsb1846.de\/wp-content\/uploads\/2023\/11\/2023-10-01_Fechten_LM_BW_U17_DSC03010-300x151.jpg 300w, https:\/\/hsb1846.de\/wp-content\/uploads\/2023\/11\/2023-10-01_Fechten_LM_BW_U17_DSC03010-768x385.jpg 768w, https:\/\/hsb1846.de\/wp-content\/uploads\/2023\/11\/2023-10-01_Fechten_LM_BW_U17_DSC03010-1536x771.jpg 1536w, https:\/\/hsb1846.de\/wp-content\/uploads\/2023\/11\/2023-10-01_Fechten_LM_BW_U17_DSC03010-2048x1028.jpg 2048w, https:\/\/hsb1846.de\/wp-content\/uploads\/2023\/11\/2023-10-01_Fechten_LM_BW_U17_DSC03010-18x9.jpg 18w\" sizes=\"auto, (max-width: 1920px) 100vw, 1920px\" \/><\/figure><div class=\"wp-block-media-text__content\">\n<p><strong><a href=\"https:\/\/hsb1846.de\/en\/home\/abteilungen\/fechten\/turniere-und-veranstaltungen\/heimturniere\/\" title=\"\">Landesmeisterschaften &amp; Deutsche Meisterschaften<\/a><\/strong><br><br>Als Landesleistungszentrum richten wir die Baden Nord &#8211; W\u00fcrttembergischen Meisterschaften in verschiedenen Altersklassen aus. Auch Deutsche Meisterschaften finden regelm\u00e4\u00dfig in Heidenheim statt.<\/p>\n<\/div><\/div>\n\n\n\n<div style=\"height:31px\" aria-hidden=\"true\" class=\"wp-block-spacer\"><\/div>\n\n\n<p style=\"text-align: center;\"><span style=\"font-family: Barlow; font-size: 20px;\">Zuschauer sind bei jeder Fechtveranstaltung selten, dennoch gerne gesehen! Daher laden wir alle Interessenten dazu ein, sich einen Eindruck von unserer spannenden Sportart beim Besuch unserer Heimturniere zu machen.<br \/>Unser flei\u00dfiges Imbissteam sorgt jederzeit f\u00fcr das leibliche Wohl und die Athleten sind \u00fcber jede Unterst\u00fctzung dankbar.<\/span><\/p>","protected":false},"excerpt":{"rendered":"<p>Heidenheimer Fechtertage 2026 Vom 5. bis 7. Februar finden die Heidenheimer Fechtertage in der Bibrishalle in Herbrechtingen statt.Zuschauer sind herzlich eingeladen, bei den Fechtertagen vorbeizuschauen. \u00a0 Zeitplan: Donnerstag, 5. Februar: 08:00 &#8211; 18:00 Uhr Vorrundenk\u00e4mpfe Heidenheimer Pokal Freitag, 6. Februar: Heidenheimer Pokal: Beginn Tableu 64: 09:00 Uhr Finale: 17:00 Uhr mit anschlie\u00dfender Siegerehrung Samstag, 7. [&hellip;]<\/p>\n","protected":false},"author":1,"featured_media":0,"parent":4110,"menu_order":43,"comment_status":"closed","ping_status":"closed","template":"","meta":{"footnotes":""},"class_list":["post-9001","page","type-page","status-publish","hentry"],"aioseo_notices":[],"_links":{"self":[{"href":"http:\/\/hsb1846.de\/en\/wp-json\/wp\/v2\/pages\/9001","targetHints":{"allow":["GET"]}}],"collection":[{"href":"http:\/\/hsb1846.de\/en\/wp-json\/wp\/v2\/pages"}],"about":[{"href":"http:\/\/hsb1846.de\/en\/wp-json\/wp\/v2\/types\/page"}],"author":[{"embeddable":true,"href":"http:\/\/hsb1846.de\/en\/wp-json\/wp\/v2\/users\/1"}],"replies":[{"embeddable":true,"href":"http:\/\/hsb1846.de\/en\/wp-json\/wp\/v2\/comments?post=9001"}],"version-history":[{"count":71,"href":"http:\/\/hsb1846.de\/en\/wp-json\/wp\/v2\/pages\/9001\/revisions"}],"predecessor-version":[{"id":19091,"href":"http:\/\/hsb1846.de\/en\/wp-json\/wp\/v2\/pages\/9001\/revisions\/19091"}],"up":[{"embeddable":true,"href":"http:\/\/hsb1846.de\/en\/wp-json\/wp\/v2\/pages\/4110"}],"wp:attachment":[{"href":"http:\/\/hsb1846.de\/en\/wp-json\/wp\/v2\/media?parent=9001"}],"curies":[{"name":"wp","href":"https:\/\/api.w.org\/{rel}","templated":true}]}}