{"id":10222,"date":"2022-11-29T16:17:49","date_gmt":"2022-11-29T15:17:49","guid":{"rendered":"https:\/\/2022.hsb1846.de\/?page_id=10222"},"modified":"2026-03-31T16:05:45","modified_gmt":"2026-03-31T14:05:45","slug":"karate-termine","status":"publish","type":"page","link":"https:\/\/hsb1846.de\/en\/home\/abteilungen\/budo-aikido-judo-karate\/karate\/karate-termine\/","title":{"rendered":"Karate-Termine"},"content":{"rendered":"<div class=\"wp-block-columns are-vertically-aligned-center is-layout-flex wp-container-core-columns-is-layout-9d6595d7 wp-block-columns-is-layout-flex\">\n<div class=\"wp-block-column is-vertically-aligned-center is-layout-flow wp-block-column-is-layout-flow\" style=\"flex-basis:100%\">\n<figure class=\"wp-block-table is-style-stripes\"><table><tbody><tr><td class=\"has-text-align-center\" data-align=\"center\"><strong>2026<\/strong><\/td><td class=\"has-text-align-left\" data-align=\"left\">&nbsp;<\/td><\/tr><tr><td class=\"has-text-align-center\" data-align=\"center\"><strong>lieber fr\u00fcher<\/strong><br><strong>als sp\u00e4ter!!<\/strong><\/td><td class=\"has-text-align-left\" data-align=\"left\"><strong>neu!!! neu!!! neu!!! neu!!! neu!!! neu!!! neu!!! neu!!! neu!!! neu!!! neu!!!<\/strong> <br><strong>Karate, Kobudo und Taichi f\u00fcr Einsteiger und Wiedereinsteiger<\/strong> <br><strong>Einstieg in fast alle Kurse zu jeder Zeit m\u00f6glich!!!!!<\/strong> <br><strong><a href=\"https:\/\/maps.google.de\/maps?expflags=enable_star_based_justifications:true&amp;ie=UTF8&amp;cid=8476439467549997694&amp;q=hsb1846%2BBudo%2BKarate%2BJudo%2BAikido&amp;iwloc=A&amp;gl=DE&amp;hl=de\">Voith-Sportzentrum<\/a><\/strong><\/td><\/tr><tr><td class=\"has-text-align-center\" data-align=\"center\"><strong>24.01.<\/strong><\/td><td class=\"has-text-align-left\" data-align=\"left\"><a href=\"https:\/\/hsb1846.de\/wp-content\/uploads\/2025\/12\/2026-01-24-KVBW-Trainermeeting-Eppingen.jpg\" title=\"\"><strong>KVBW-Trainermeeting in Eppingen<\/strong><\/a><\/td><\/tr><tr><td class=\"has-text-align-center\" data-align=\"center\"><strong>27.02<\/strong><\/td><td class=\"has-text-align-left\" data-align=\"left\"><strong><a href=\"http:\/\/budo.hsb1846.de\/KARATE\/EinladungHV2026.pdf\">Budo-Hauptversammlung<\/a> <\/strong><br><strong>19.30 Uhr im hsb-Sporttreff<\/strong><\/td><\/tr><tr><td class=\"has-text-align-center\" data-align=\"center\"><strong>28.02<\/strong><\/td><td class=\"has-text-align-left\" data-align=\"left\"><strong><a href=\"http:\/\/budo.hsb1846.de\/KARATE\/AusschreibungTartaglia2026.pdf\">Karate-Lehrgang mit Fiore Tartaglia in Heidenheim<\/a><\/strong><br><strong>ab 10.30 Uhr Voith-Sportzentrum<\/strong><\/td><\/tr><tr><td class=\"has-text-align-center\" data-align=\"center\"><strong>01.03.<\/strong><\/td><td class=\"has-text-align-left\" data-align=\"left\"><strong>KVBW-<\/strong><a href=\"https:\/\/www.karate-kvbw.de\/event-details\/kvbw-shotokan-tag-in-bietigheim-bissingen-2\"><strong>Shotokan-Tag in Bietigheim-Bissingen<\/strong><\/a><\/td><\/tr><tr><td class=\"has-text-align-center\" data-align=\"center\"><strong>08.03.<\/strong><\/td><td class=\"has-text-align-left\" data-align=\"left\"><strong>KVBW-<\/strong><strong>Frauenmeeting in B\u00f6blingen<\/strong><\/td><\/tr><tr><td class=\"has-text-align-center\" data-align=\"center\"><strong>14.03.<\/strong><\/td><td class=\"has-text-align-left\" data-align=\"left\"><strong>BKB<\/strong><a href=\"https:\/\/www.karate-bayern.de\/termine\/breitensport?view=event&amp;id=89641\"><strong>&#8211;<\/strong><\/a><strong><a href=\"https:\/\/www.karate-bayern.de\/termine\/breitensport?view=event&amp;id=92899\" title=\"\">Trainermeeting in Ingolstadt<\/a><\/strong><\/td><\/tr><tr><td class=\"has-text-align-center\" data-align=\"center\">&nbsp;<strong>30.03.<\/strong><\/td><td class=\"has-text-align-left\" data-align=\"left\"><strong>hsb-Report<\/strong><\/td><\/tr><tr><td class=\"has-text-align-center\" data-align=\"center\"><strong>19.03.<\/strong><\/td><td class=\"has-text-align-left\" data-align=\"left\"><strong>G\u00fcrtelpr\u00fcfung f\u00fcr Junioren und Senioren <\/strong><br><strong>ab 20.00 Uhr Voith-Sportzentrum<\/strong><br><strong>Anmeldung zur Pr\u00fcfung durch die Trainer bis 10.03.2026 m\u00f6glich!<\/strong><\/td><\/tr><tr><td class=\"has-text-align-center\" data-align=\"center\"><strong>20.03.<\/strong><\/td><td class=\"has-text-align-left\" data-align=\"left\"><strong>G\u00fcrtelpr\u00fcfung f\u00fcr Kinder und Sch\u00fclerInnen<\/strong><br><strong>16.00 Uhr Voith-Sportzentrum<\/strong><br><strong>Anmeldung zur Pr\u00fcfung durch die Trainer bis 10.03.2026 m\u00f6glich!<\/strong><\/td><\/tr><tr><td class=\"has-text-align-center\" data-align=\"center\"><strong>26.03.<\/strong><\/td><td class=\"has-text-align-left\" data-align=\"left\"><strong><a href=\"https:\/\/hsb1846.de\/wp-content\/uploads\/2026\/01\/Kobudo2026-scaled.jpg\" title=\"\">Kobudo mit C.W.Fr\u00f6hlich 7.Dan Karate, 4.Dan Kobudo<\/a><\/strong><br><strong>und J.Fr\u00f6hlich<\/strong> <strong>5.Dan Karate, 2.Dan Kobudo<\/strong><br><strong>ab 18.30 Uhr Voith-Sportzentrum<\/strong><\/td><\/tr><tr><td class=\"has-text-align-center\" data-align=\"center\"><strong>30.03.<\/strong><\/td><td class=\"has-text-align-left\" data-align=\"left\"><strong>C-Trainerausbildung: Aufbaulehrgang<\/strong> <strong>in Albstadt<\/strong><\/td><\/tr><tr><td class=\"has-text-align-center\" data-align=\"center\"><strong>11.04.<\/strong><\/td><td class=\"has-text-align-left\" data-align=\"left\"><a href=\"https:\/\/www.karate-bayern.de\/termine\/breitensport?view=event&amp;id=91959\" target=\"_blank\" rel=\"noopener\" title=\"\"><strong>Karatelehrgang mit F.Oblinger und O.Schnabel in Oettingen<\/strong><\/a><\/td><\/tr><tr><td class=\"has-text-align-center\" data-align=\"center\"><strong>18.04.<\/strong><\/td><td class=\"has-text-align-left\" data-align=\"left\"><strong><a href=\"https:\/\/www.karate-bayern.de\/termine\/breitensport?view=event&amp;id=92019\" title=\"\">Karatelehrgang mit Fritz Oblinger in Gr\u00fcnwald<\/a><\/strong><\/td><\/tr><tr><td class=\"has-text-align-center\" data-align=\"center\"><strong>25.04.<\/strong><\/td><td class=\"has-text-align-left\" data-align=\"left\"><strong><a href=\"https:\/\/hsb1846.de\/wp-content\/uploads\/2025\/11\/Kyusho-Jitsu-Seminar-in-Heidenheim-06.jpg\" title=\"\">Kyusho Jitsu Teil 6 mit Markus Wager in Heidenheim<\/a><br>ab 10.00 Uhr Voith-Sportzentrum<\/strong><\/td><\/tr><tr><td class=\"has-text-align-center\" data-align=\"center\"><strong>09.-10.05.<\/strong><\/td><td class=\"has-text-align-left\" data-align=\"left\"><strong>BKB\/DKV-<\/strong><a href=\"https:\/\/www.karate.de\/de\/termine\/termine\/KJM-Block-1-Sued-2026.php?splitId=2&amp;from=2026-05-09%2010:00:00&amp;to=2026-05-10%2018:00:00\" title=\"\"><strong>Kyusho-Jitsu-Multiplikatoren-Ausbildung mit Fritz Oblinger, J\u00fcrgen Kraus u.a. in Ingolstadt<\/strong><\/a><\/td><\/tr><tr><td class=\"has-text-align-center\" data-align=\"center\"><strong>16.05.<\/strong><\/td><td class=\"has-text-align-left\" data-align=\"left\"><a href=\"https:\/\/www.karate-bayern.de\/termine\/breitensport?view=event&amp;id=92919\" title=\"\"><strong>Karatelehrgang mit Fritz Oblinger in Meitingen<\/strong><\/a><\/td><\/tr><tr><td class=\"has-text-align-center\" data-align=\"center\"><strong>17.05.<\/strong><\/td><td class=\"has-text-align-left\" data-align=\"left\"><strong>DKV-<\/strong><a href=\"https:\/\/www.karate.de\/de\/termine\/termine\/Jubilaeums-DKV-TAG-50-Jahre-DKV-2026.php\" title=\"\"><strong>Tag in Frankfurt<\/strong><\/a><\/td><\/tr><tr><td class=\"has-text-align-center\" data-align=\"center\"><strong>13.06.<\/strong><\/td><td class=\"has-text-align-left\" data-align=\"left\"><strong><a href=\"http:\/\/dojo-sochin.de\/wp-content\/uploads\/LEHRGANG26.pdf\" target=\"_blank\" rel=\"noopener\" title=\"\">Karatelehrgang mit Fritz Oblinger in Wolframs-Eschenbach<\/a><\/strong><\/td><\/tr><tr><td class=\"has-text-align-center\" data-align=\"center\"><strong>20.06.<\/strong><\/td><td class=\"has-text-align-left\" data-align=\"left\"><strong>KVBW-<a href=\"https:\/\/www.karate-kvbw.de\/event-details\/5-kvbw-sok-tag-in-sindelfingen\" title=\"\">SOK-Tag in Sindelfingen<\/a><\/strong><\/td><\/tr><tr><td class=\"has-text-align-center\" data-align=\"center\"><strong>20.-21.06.<\/strong><\/td><td class=\"has-text-align-left\" data-align=\"left\"><strong>BKB\/DKV-<\/strong><a href=\"https:\/\/www.karate.de\/de\/termine\/termine\/KJM-Block-1-Sued-2026.php?splitId=2&amp;from=2026-05-09%2010:00:00&amp;to=2026-05-10%2018:00:00\" title=\"\"><strong>Kyusho-Jitsu-Multiplikatoren-Ausbildung mit Fritz Oblinger, J\u00fcrgen Kraus u.a. in Ingolstadt<\/strong><\/a><\/td><\/tr><tr><td class=\"has-text-align-center\" data-align=\"center\"><strong>27.06.<\/strong><\/td><td class=\"has-text-align-left\" data-align=\"left\"><strong><a href=\"https:\/\/hsb1846.de\/wp-content\/uploads\/2026\/03\/LG-Memmingen-27.06.2026.pdf\" title=\"\">Jubil\u00e4umslehrgang in Memmingen<\/a><\/strong><\/td><\/tr><tr><td class=\"has-text-align-center\" data-align=\"center\"><strong>27.06.<\/strong><\/td><td class=\"has-text-align-left\" data-align=\"left\"><strong><a href=\"https:\/\/www.karate-bayern.de\/termine\/breitensport?view=event&amp;id=93719\" title=\"\">Jubil\u00e4umslehrgang 50 Jahre Karate in Feuchtwangen<\/a><\/strong><\/td><\/tr><tr><td class=\"has-text-align-center\" data-align=\"center\"><strong>04.07.<\/strong><\/td><td class=\"has-text-align-left\" data-align=\"left\"><strong>BKB\/DKV<\/strong><a href=\"https:\/\/www.karate-bayern.de\/termine\/breitensport?view=event&amp;id=89644\"><strong>-Kyusho Jitsu-Tag in Ingolstadt<\/strong><\/a><\/td><\/tr><tr><td class=\"has-text-align-center\" data-align=\"center\"><strong>16.07.<\/strong><\/td><td class=\"has-text-align-left\" data-align=\"left\"><strong>G\u00fcrtelpr\u00fcfung f\u00fcr Junioren und Senioren <\/strong><br><strong>ab 20.00 Uhr Voith-Sportzentrum<\/strong><br><strong>Anmeldung zur Pr\u00fcfung durch die Trainer bis 07.07.2026 m\u00f6glich!<\/strong><\/td><\/tr><tr><td class=\"has-text-align-center\" data-align=\"center\"><strong>17<\/strong><strong>.07.<\/strong><\/td><td class=\"has-text-align-left\" data-align=\"left\"><strong>G\u00fcrtelpr\u00fcfung f\u00fcr Kinder und Sch\u00fclerInnen<\/strong><br><strong>ab 16.00 Uhr Voith-Sportzentrum<\/strong><br><strong>Anmeldung zur Pr\u00fcfung durch die Trainer bis 07.07.2026 m\u00f6glich!<\/strong><\/td><\/tr><tr><td class=\"has-text-align-center\" data-align=\"center\"><strong>17.-19.07.<\/strong><\/td><td class=\"has-text-align-left\" data-align=\"left\"><a href=\"http:\/\/budo.hsb1846.de\/KARATE\/Oettinger%20Zeltlager%202026.pdf\"><strong>Karate-Zeltlager in Oettingen<\/strong><\/a><\/td><\/tr><tr><td class=\"has-text-align-center\" data-align=\"center\"><strong>25.-26.07.<\/strong><\/td><td class=\"has-text-align-left\" data-align=\"left\"><strong>BKB\/DKV-<\/strong><a href=\"https:\/\/www.karate.de\/de\/termine\/termine\/KJM-Block-1-Sued-2026.php?splitId=2&amp;from=2026-05-09%2010:00:00&amp;to=2026-05-10%2018:00:00\" title=\"\"><strong>Kyusho-Jitsu-Multiplikatoren-Ausbildung mit Fritz Oblinger, J\u00fcrgen Kraus u.a. in Ingolstadt<\/strong><\/a><\/td><\/tr><tr><td class=\"has-text-align-center\" data-align=\"center\"><strong>30.7.-2.8.<\/strong><\/td><td class=\"has-text-align-left\" data-align=\"left\"><strong>KVBW-<\/strong><a href=\"https:\/\/www.karate-kvbw.de\/kvbw-karate-sommercamp\" title=\"\"><strong>Sommercamp in Langenau<\/strong><\/a><\/td><\/tr><tr><td class=\"has-text-align-center\" data-align=\"center\"><strong>13.09.<\/strong><\/td><td class=\"has-text-align-left\" data-align=\"left\"><strong>hsb-Sommerfest<\/strong><\/td><\/tr><tr><td class=\"has-text-align-center\" data-align=\"center\"><strong>14.09.<\/strong><\/td><td class=\"has-text-align-left\" data-align=\"left\"><strong>neu!!! neu!!! neu!!! neu!!! neu!!! neu!!! neu!!! neu!!! neu!!! neu!!! neu!!!<\/strong> <br><strong><a href=\"http:\/\/budo.hsb1846.de\/KARATE\/kurseKoopSound.htm\">Karate <\/a><\/strong><a href=\"http:\/\/budo.hsb1846.de\/KARATE\/kurseKoopSound.htm\"><strong>f\u00fcr Sch\u00fclerinnen und Sch\u00fcler von 6 bis 9Jahre<\/strong><\/a><strong><br>jeweils Montag 17.00 Uhr<\/strong> <strong><a href=\"https:\/\/maps.google.de\/maps?expflags=enable_star_based_justifications:true&amp;ie=UTF8&amp;cid=8476439467549997694&amp;q=hsb1846%2BBudo%2BKarate%2BJudo%2BAikido&amp;iwloc=A&amp;gl=DE&amp;hl=de\">Voith-Sportzentrum<\/a><\/strong> <br><strong>Einstieg zu jeder Zeit m\u00f6glich!!!!!<\/strong><\/td><\/tr><tr><td class=\"has-text-align-center\" data-align=\"center\"><strong>14.09.<\/strong><\/td><td class=\"has-text-align-left\" data-align=\"left\"><strong>neu!!! neu!!! neu!!! neu!!! neu!!! neu!!! neu!!! neu!!! neu!!! neu!!! neu!!!<\/strong> <br><strong><a href=\"http:\/\/budo.hsb1846.de\/KARATE\/kurseBestAger.htm\">Karate <\/a><\/strong><a href=\"http:\/\/budo.hsb1846.de\/KARATE\/kurseBestAger.htm\"><strong>f\u00fcr BestAger<\/strong><\/a><strong><br><\/strong> <strong>jeweils Montag 17.00 Uhr<\/strong> <strong><a href=\"https:\/\/maps.google.de\/maps?expflags=enable_star_based_justifications:true&amp;ie=UTF8&amp;cid=8476439467549997694&amp;q=hsb1846%2BBudo%2BKarate%2BJudo%2BAikido&amp;iwloc=A&amp;gl=DE&amp;hl=de\">Voith-Sportzentrum<\/a><\/strong> <br><strong>Einstieg zu jeder Zeit m\u00f6glich!!!!!<\/strong><\/td><\/tr><tr><td class=\"has-text-align-center\" data-align=\"center\"><strong>14.09.<\/strong><\/td><td class=\"has-text-align-left\" data-align=\"left\"><strong>neu!!! neu!!! neu!!! neu!!! neu!!! neu!!! neu!!! neu!!! neu!!! neu!!! neu!!!<\/strong> <br><strong><a href=\"http:\/\/budo.hsb1846.de\/KARATE\/kurseJugend.htm\">Karate <\/a><\/strong><a href=\"http:\/\/budo.hsb1846.de\/KARATE\/kurseJugend.htm\"><strong>f\u00fcr Jugendliche ab 15 Jahre<\/strong><\/a><strong><br><\/strong> <strong>jeweils Montag 18.30 Uhr<\/strong> <strong><a href=\"https:\/\/maps.google.de\/maps?expflags=enable_star_based_justifications:true&amp;ie=UTF8&amp;cid=8476439467549997694&amp;q=hsb1846%2BBudo%2BKarate%2BJudo%2BAikido&amp;iwloc=A&amp;gl=DE&amp;hl=de\">Voith-Sportzentrum<\/a><\/strong> <br><strong>Einstieg zu jeder Zeit m\u00f6glich!!!!!<\/strong><\/td><\/tr><tr><td class=\"has-text-align-center\" data-align=\"center\"><strong>19.09.<\/strong><\/td><td class=\"has-text-align-left\" data-align=\"left\"><strong>B<\/strong><strong>KB<\/strong><a href=\"https:\/\/www.karate-bayern.de\/termine\/breitensport?view=event&amp;id=89645\" target=\"_blank\" rel=\"noreferrer noopener\"><strong>-Tag in Ingolstadt<\/strong><\/a><\/td><\/tr><tr><td class=\"has-text-align-center\" data-align=\"center\">&nbsp;<\/td><td class=\"has-text-align-left\" data-align=\"left\"><strong>hsb-Report<\/strong><\/td><\/tr><tr><td class=\"has-text-align-center\" data-align=\"center\">&nbsp;<\/td><td class=\"has-text-align-left\" data-align=\"left\"><strong>Budo-Herbstwanderung<\/strong><\/td><\/tr><tr><td class=\"has-text-align-center\" data-align=\"center\"><strong>19.-23.10.<\/strong><\/td><td class=\"has-text-align-left\" data-align=\"left\"><a href=\"https:\/\/hsb1846.de\/wp-content\/uploads\/2025\/12\/Albstadt2026-scaled.jpg\" title=\"\"><strong>C-Trainerausbildung: Grundlehrgang in Albstadt<\/strong><\/a><\/td><\/tr><tr><td class=\"has-text-align-center\" data-align=\"center\"><strong>24.10.<\/strong><\/td><td class=\"has-text-align-left\" data-align=\"left\"><strong><a href=\"https:\/\/www.karate-bayern.de\/termine\/breitensport?view=event&amp;id=93561\" title=\"\">Traditioneller Karate-Do Lehrgang mit Fritz Oblinger in Augsburg<\/a><\/strong><\/td><\/tr><tr><td class=\"has-text-align-center\" data-align=\"center\"><strong>31.10.<\/strong><\/td><td class=\"has-text-align-left\" data-align=\"left\"><strong>BKB<\/strong><a href=\"https:\/\/www.karate-bayern.de\/termine\/breitensport?view=event&amp;id=89646\" target=\"_blank\" rel=\"noreferrer noopener\"><strong>-Breitensporttag mit J.Measara, F. Oblinger, L.Ratschke in Ingolstadt<\/strong><\/a><\/td><\/tr><tr><td class=\"has-text-align-center\" data-align=\"center\"><strong>08.11.<\/strong><\/td><td class=\"has-text-align-left\" data-align=\"left\"><strong><a href=\"https:\/\/www.karate-bayern.de\/termine\/breitensport?view=event&amp;id=93399\" title=\"\">Masters Gesundheitssport-Seminar f\u00fcr alle ab 30 mit Fritz Oblinger u.v.m.<\/a><\/strong><\/td><\/tr><tr><td class=\"has-text-align-center\" data-align=\"center\"><strong>&nbsp;14.11.<\/strong><\/td><td class=\"has-text-align-left\" data-align=\"left\"><strong>Budo-Jahresfete<\/strong> <br>f<strong>\u00fcr Jugendliche ab 16J und Erwachsene<br>19.00 Uhr hsb-Sporttreff<\/strong><\/td><\/tr><tr><td class=\"has-text-align-center\" data-align=\"center\"><strong>05.12.<\/strong><\/td><td class=\"has-text-align-left\" data-align=\"left\"><strong>Budo-Kinderweihnachtsfeier<\/strong> <br>f\u00fcr Kinder bis 14 Jahre<br>15.00 Uhr <strong><a href=\"http:\/\/heidenheim.sportalis.de\/sportstaetten\/sportstaetten-detail\/location-info\/turnhalle-mittelrain.html\">Voith-Sportzentrum<\/a><\/strong> &nbsp;<\/td><\/tr><tr><td class=\"has-text-align-center\" data-align=\"center\"><strong>17.12.<\/strong><\/td><td class=\"has-text-align-left\" data-align=\"left\"><strong>G\u00fcrtelpr\u00fcfung f\u00fcr Junioren und Senioren <\/strong><br><strong>Anmeldung zur Pr\u00fcfung durch die Trainer bis 24.11.2026 m\u00f6glich!<\/strong><\/td><\/tr><tr><td class=\"has-text-align-center\" data-align=\"center\"><strong>18.12.<\/strong><\/td><td class=\"has-text-align-left\" data-align=\"left\"><strong>G\u00fcrtelpr\u00fcfung f\u00fcr Kinder und Sch\u00fclerInnen<\/strong><br><strong>Anmeldung zur Pr\u00fcfung durch die Trainer bis 24.11.2026 m\u00f6glich!<\/strong><\/td><\/tr><tr><td class=\"has-text-align-center\" data-align=\"center\"><strong>19.12.<\/strong><\/td><td class=\"has-text-align-left\" data-align=\"left\"><a href=\"http:\/\/\" title=\"\"><strong>Karatelehrgang mit F.Oblinger und J.Ries in Neuburg<\/strong><\/a><\/td><\/tr><tr><td class=\"has-text-align-center\" data-align=\"center\"><strong>2027<\/strong><\/td><td class=\"has-text-align-left\" data-align=\"left\">&nbsp;<\/td><\/tr><tr><td class=\"has-text-align-center\" data-align=\"center\"><strong>Stand<br>23 .12.2025<\/strong><\/td><td class=\"has-text-align-left\" data-align=\"left\"><strong>alle Angaben ohne Gew\u00e4hr!<\/strong><\/td><\/tr><\/tbody><\/table><\/figure>\n<\/div>\n<\/div>\n\n\n\n<p><\/p>","protected":false},"excerpt":{"rendered":"<p>2026 &nbsp; lieber fr\u00fcherals sp\u00e4ter!! neu!!! neu!!! neu!!! neu!!! neu!!! neu!!! neu!!! neu!!! neu!!! neu!!! neu!!! Karate, Kobudo und Taichi f\u00fcr Einsteiger und Wiedereinsteiger Einstieg in fast alle Kurse zu jeder Zeit m\u00f6glich!!!!! Voith-Sportzentrum 24.01. KVBW-Trainermeeting in Eppingen 27.02 Budo-Hauptversammlung 19.30 Uhr im hsb-Sporttreff 28.02 Karate-Lehrgang mit Fiore Tartaglia in Heidenheimab 10.30 Uhr Voith-Sportzentrum 01.03. [&hellip;]<\/p>\n","protected":false},"author":3,"featured_media":0,"parent":8877,"menu_order":9,"comment_status":"closed","ping_status":"closed","template":"","meta":{"footnotes":""},"class_list":["post-10222","page","type-page","status-publish","hentry"],"aioseo_notices":[],"_links":{"self":[{"href":"https:\/\/hsb1846.de\/en\/wp-json\/wp\/v2\/pages\/10222","targetHints":{"allow":["GET"]}}],"collection":[{"href":"https:\/\/hsb1846.de\/en\/wp-json\/wp\/v2\/pages"}],"about":[{"href":"https:\/\/hsb1846.de\/en\/wp-json\/wp\/v2\/types\/page"}],"author":[{"embeddable":true,"href":"https:\/\/hsb1846.de\/en\/wp-json\/wp\/v2\/users\/3"}],"replies":[{"embeddable":true,"href":"https:\/\/hsb1846.de\/en\/wp-json\/wp\/v2\/comments?post=10222"}],"version-history":[{"count":196,"href":"https:\/\/hsb1846.de\/en\/wp-json\/wp\/v2\/pages\/10222\/revisions"}],"predecessor-version":[{"id":19887,"href":"https:\/\/hsb1846.de\/en\/wp-json\/wp\/v2\/pages\/10222\/revisions\/19887"}],"up":[{"embeddable":true,"href":"https:\/\/hsb1846.de\/en\/wp-json\/wp\/v2\/pages\/8877"}],"wp:attachment":[{"href":"https:\/\/hsb1846.de\/en\/wp-json\/wp\/v2\/media?parent=10222"}],"curies":[{"name":"wp","href":"https:\/\/api.w.org\/{rel}","templated":true}]}}