{"id":11407,"date":"2023-02-20T14:00:04","date_gmt":"2023-02-20T13:00:04","guid":{"rendered":"https:\/\/hsb1846.de\/?page_id=11407"},"modified":"2023-02-20T16:13:32","modified_gmt":"2023-02-20T15:13:32","slug":"tagesinternat","status":"publish","type":"page","link":"https:\/\/hsb1846.de\/en\/tagesinternat\/","title":{"rendered":"Tagesinternat"},"content":{"rendered":"<figure class=\"wp-block-image size-large\"><img loading=\"lazy\" decoding=\"async\" width=\"1618\" height=\"1080\" src=\"https:\/\/hsb1846.de\/wp-content\/uploads\/2023\/02\/pexels-julia-m-cameron-4145354-1618x1080.jpg\" alt=\"\" class=\"wp-image-11422\" srcset=\"https:\/\/hsb1846.de\/wp-content\/uploads\/2023\/02\/pexels-julia-m-cameron-4145354-1618x1080.jpg 1618w, https:\/\/hsb1846.de\/wp-content\/uploads\/2023\/02\/pexels-julia-m-cameron-4145354-300x200.jpg 300w, https:\/\/hsb1846.de\/wp-content\/uploads\/2023\/02\/pexels-julia-m-cameron-4145354-768x513.jpg 768w, https:\/\/hsb1846.de\/wp-content\/uploads\/2023\/02\/pexels-julia-m-cameron-4145354-1536x1025.jpg 1536w, https:\/\/hsb1846.de\/wp-content\/uploads\/2023\/02\/pexels-julia-m-cameron-4145354-2048x1367.jpg 2048w, https:\/\/hsb1846.de\/wp-content\/uploads\/2023\/02\/pexels-julia-m-cameron-4145354-18x12.jpg 18w\" sizes=\"auto, (max-width: 1618px) 100vw, 1618px\" \/><\/figure>\n\n\n\n<div style=\"height:50px\" aria-hidden=\"true\" class=\"wp-block-spacer\"><\/div>\n\n\n\n<p class=\"has-text-align-center has-white-color has-text-color has-background\" style=\"background-color:#02147e;font-size:25px\">Das hsb &#8211; Tagesinternat ist ein Sporthort f\u00fcr hsb &#8211; Mitglieder und Nichtmitglieder<\/p>\n\n\n\n<div style=\"height:25px\" aria-hidden=\"true\" class=\"wp-block-spacer\"><\/div>\n\n\n\n<p class=\"has-background\" style=\"background-color:#f6f6f6;font-size:16px\">Die Leistungen des hsb &#8211; Sporthorts entsprechen denen des hsb &#8211; Sportinternats, nur das die Sch\u00fcler zuhause wohnen.<\/p>\n\n\n\n<p class=\"has-background\" style=\"background-color:#f6f6f6;font-size:16px\">Nach dem gemeinsamen Essen in der Mensa des Sportinternats erfolgt die umfassende p\u00e4dagogische Betreuung bei den Hausaufgaben und weiteren schulischen Vorarbeiten wie z.B. Referate und mehr.<\/p>\n\n\n\n<p class=\"has-background\" style=\"background-color:#f6f6f6;font-size:16px\">Am sp\u00e4teren Nachmittag beginnt das Sporttraining. Entweder vor Ort im Fechtzentrum oder in den entsprechenden Sportst\u00e4tten. F\u00fcr hsb &#8211; Mitglieder und kooperierenden Sportabteilungen ist ein Fahrdienst eingerichtet.<\/p>\n\n\n\n<div style=\"height:50px\" aria-hidden=\"true\" class=\"wp-block-spacer\"><\/div>\n\n\n\n<p class=\"has-text-align-center has-white-color has-text-color has-background\" style=\"background-color:#02147e;font-size:25px\">Ablauf Sporthort und Sportraining<\/p>\n\n\n\n<div style=\"height:25px\" aria-hidden=\"true\" class=\"wp-block-spacer\"><\/div>\n\n\n\n<p class=\"has-background\" style=\"background-color:#f6f6f6;font-size:16px\">In order to reconcile educational and sporting development, the daily routine must be struc-tured. It usually looks like this:<\/p>\n\n\n\n<div style=\"height:25px\" aria-hidden=\"true\" class=\"wp-block-spacer\"><\/div>\n\n\n\n<table id=\"tablepress-65\" class=\"tablepress tablepress-id-65\">\n<tbody class=\"row-striping row-hover\">\n<tr class=\"row-1\">\n\t<td class=\"column-1\">12:00 am - 01:45 pm<\/td><td class=\"column-2\">Lunch<\/td>\n<\/tr>\n<tr class=\"row-2\">\n\t<td class=\"column-1\">12:00 am - 04:00 pm<\/td><td class=\"column-2\">Supervision of homework, private tuition, one-to-one training, special training<br \/>\nEinzeltraining, F\u00f6rdertraining<\/td>\n<\/tr>\n<tr class=\"row-3\">\n\t<td class=\"column-1\">04:00 pm - 05:30 pm<\/td><td class=\"column-2\">Freizeit bzw. Training in der jeweiligen Sportart<\/td>\n<\/tr>\n<tr class=\"row-4\">\n\t<td class=\"column-1\">05:30 pm - 09:00 pm<\/td><td class=\"column-2\">Evening training in the respective form of sport<\/td>\n<\/tr>\n<\/tbody>\n<\/table>\n<!-- #tablepress-65 from cache -->\n\n\n\n<div style=\"height:25px\" aria-hidden=\"true\" class=\"wp-block-spacer\"><\/div>\n\n\n\n<p class=\"has-background\" style=\"background-color:#f6f6f6;font-size:16px\">In den Schulferien finden nur die weiterlaufenden Sportbetriebe statt.<\/p>\n\n\n\n<div style=\"height:50px\" aria-hidden=\"true\" class=\"wp-block-spacer\"><\/div>","protected":false},"excerpt":{"rendered":"<p>Das hsb &#8211; Tagesinternat ist ein Sporthort f\u00fcr hsb &#8211; Mitglieder und Nichtmitglieder Die Leistungen des hsb &#8211; Sporthorts entsprechen denen des hsb &#8211; Sportinternats, nur das die Sch\u00fcler zuhause wohnen. Nach dem gemeinsamen Essen in der Mensa des Sportinternats erfolgt die umfassende p\u00e4dagogische Betreuung bei den Hausaufgaben und weiteren schulischen Vorarbeiten wie z.B. Referate [&hellip;]<\/p>\n","protected":false},"author":1,"featured_media":0,"parent":0,"menu_order":0,"comment_status":"closed","ping_status":"closed","template":"","meta":{"footnotes":""},"class_list":["post-11407","page","type-page","status-publish","hentry"],"aioseo_notices":[],"_links":{"self":[{"href":"https:\/\/hsb1846.de\/en\/wp-json\/wp\/v2\/pages\/11407","targetHints":{"allow":["GET"]}}],"collection":[{"href":"https:\/\/hsb1846.de\/en\/wp-json\/wp\/v2\/pages"}],"about":[{"href":"https:\/\/hsb1846.de\/en\/wp-json\/wp\/v2\/types\/page"}],"author":[{"embeddable":true,"href":"https:\/\/hsb1846.de\/en\/wp-json\/wp\/v2\/users\/1"}],"replies":[{"embeddable":true,"href":"https:\/\/hsb1846.de\/en\/wp-json\/wp\/v2\/comments?post=11407"}],"version-history":[{"count":10,"href":"https:\/\/hsb1846.de\/en\/wp-json\/wp\/v2\/pages\/11407\/revisions"}],"predecessor-version":[{"id":11426,"href":"https:\/\/hsb1846.de\/en\/wp-json\/wp\/v2\/pages\/11407\/revisions\/11426"}],"wp:attachment":[{"href":"https:\/\/hsb1846.de\/en\/wp-json\/wp\/v2\/media?parent=11407"}],"curies":[{"name":"wp","href":"https:\/\/api.w.org\/{rel}","templated":true}]}}