{"id":11912,"date":"2023-05-16T17:41:17","date_gmt":"2023-05-16T15:41:17","guid":{"rendered":"https:\/\/hsb1846.de\/?page_id=11912"},"modified":"2025-02-18T17:55:18","modified_gmt":"2025-02-18T16:55:18","slug":"gymnastik","status":"publish","type":"page","link":"https:\/\/hsb1846.de\/en\/home\/abteilungen\/gymnastik\/","title":{"rendered":"Gymnastik"},"content":{"rendered":"<p><\/p>\n\n\n\n<p><\/p>\n\n\n\n<p class=\"has-text-align-center has-medium-font-size\">Ja, es gibt sie wieder: die hsb-Gymnastikabteilung!<\/p>\n\n\n\n<p class=\"has-text-align-center\"><\/p>\n\n\n\n<p class=\"has-text-align-center\">Denn das ist, was wir unseren Mitgliedern und G\u00e4sten bieten:<\/p>\n\n\n\n<p class=\"has-text-align-center\"><br>Gymnastik mit all ihren Facetten, von R\u00fcckenschule \u00fcber Yoga,<br>von Aerobic bis HIIT-Training, Trends und Tradition, Jung oder<br>Junggeblieben, Er oder Sie, f\u00fcr jeden ist etwas dabei\u2026<\/p>\n\n\n\n<p class=\"has-text-align-center\"><br>Und das alles angeleitet von bestausgebildeten Trainerinnen<br>und \u00dcbungsleiterinnen.<\/p>\n\n\n\n<p><\/p>\n\n\n<div class=\"wp-block-image\">\n<figure class=\"aligncenter size-full\"><img loading=\"lazy\" decoding=\"async\" width=\"597\" height=\"408\" src=\"https:\/\/hsb1846.de\/wp-content\/uploads\/2024\/01\/Gymnastik-2.0.png\" alt=\"\" class=\"wp-image-13745\" srcset=\"https:\/\/hsb1846.de\/wp-content\/uploads\/2024\/01\/Gymnastik-2.0.png 597w, https:\/\/hsb1846.de\/wp-content\/uploads\/2024\/01\/Gymnastik-2.0-300x205.png 300w, https:\/\/hsb1846.de\/wp-content\/uploads\/2024\/01\/Gymnastik-2.0-18x12.png 18w\" sizes=\"auto, (max-width: 597px) 100vw, 597px\" \/><\/figure>\n<\/div>\n\n<div class=\"wp-block-image\">\n<figure class=\"aligncenter size-full\"><img loading=\"lazy\" decoding=\"async\" width=\"1000\" height=\"500\" src=\"https:\/\/hsb1846.de\/wp-content\/uploads\/2024\/01\/Online-Fitness.jpg\" alt=\"\" class=\"wp-image-13747\" srcset=\"https:\/\/hsb1846.de\/wp-content\/uploads\/2024\/01\/Online-Fitness.jpg 1000w, https:\/\/hsb1846.de\/wp-content\/uploads\/2024\/01\/Online-Fitness-300x150.jpg 300w, https:\/\/hsb1846.de\/wp-content\/uploads\/2024\/01\/Online-Fitness-768x384.jpg 768w, https:\/\/hsb1846.de\/wp-content\/uploads\/2024\/01\/Online-Fitness-18x9.jpg 18w\" sizes=\"auto, (max-width: 1000px) 100vw, 1000px\" \/><\/figure>\n<\/div>\n\n\n<p><\/p>\n\n\n\n<p class=\"has-text-align-center\"><br>Unser Kurs- und Dauersportprogramm finden Sie hier:<\/p>\n\n\n\n<p><\/p>\n\n\n\n<p class=\"has-text-align-center has-medium-font-size\"><a href=\"https:\/\/hsb1846.de\/wp-content\/uploads\/2025\/02\/hsb-Gymnastkabteilung-Sportangebot-2025.pdf\" target=\"_blank\" rel=\"noopener\" title=\"\">Sportprogramm<\/a><\/p>\n\n\n\n<p><\/p>\n\n\n\n<p><br>Erkundigen Sie sich \u00fcber freie Pl\u00e4tze oder \u201eschnuppern\u201c Sie einfach<br>mal rein\u2026<\/p>\n\n\n\n<p><\/p>","protected":false},"excerpt":{"rendered":"<p>Ja, es gibt sie wieder: die hsb-Gymnastikabteilung! Denn das ist, was wir unseren Mitgliedern und G\u00e4sten bieten: Gymnastik mit all ihren Facetten, von R\u00fcckenschule \u00fcber Yoga,von Aerobic bis HIIT-Training, Trends und Tradition, Jung oderJunggeblieben, Er oder Sie, f\u00fcr jeden ist etwas dabei\u2026 Und das alles angeleitet von bestausgebildeten Trainerinnenund \u00dcbungsleiterinnen. Unser Kurs- und Dauersportprogramm finden [&hellip;]<\/p>\n","protected":false},"author":2,"featured_media":0,"parent":4098,"menu_order":56,"comment_status":"closed","ping_status":"closed","template":"page-templates\/page-nosidebars.php","meta":{"footnotes":""},"class_list":["post-11912","page","type-page","status-publish","hentry"],"aioseo_notices":[],"_links":{"self":[{"href":"https:\/\/hsb1846.de\/en\/wp-json\/wp\/v2\/pages\/11912","targetHints":{"allow":["GET"]}}],"collection":[{"href":"https:\/\/hsb1846.de\/en\/wp-json\/wp\/v2\/pages"}],"about":[{"href":"https:\/\/hsb1846.de\/en\/wp-json\/wp\/v2\/types\/page"}],"author":[{"embeddable":true,"href":"https:\/\/hsb1846.de\/en\/wp-json\/wp\/v2\/users\/2"}],"replies":[{"embeddable":true,"href":"https:\/\/hsb1846.de\/en\/wp-json\/wp\/v2\/comments?post=11912"}],"version-history":[{"count":7,"href":"https:\/\/hsb1846.de\/en\/wp-json\/wp\/v2\/pages\/11912\/revisions"}],"predecessor-version":[{"id":16827,"href":"https:\/\/hsb1846.de\/en\/wp-json\/wp\/v2\/pages\/11912\/revisions\/16827"}],"up":[{"embeddable":true,"href":"https:\/\/hsb1846.de\/en\/wp-json\/wp\/v2\/pages\/4098"}],"wp:attachment":[{"href":"https:\/\/hsb1846.de\/en\/wp-json\/wp\/v2\/media?parent=11912"}],"curies":[{"name":"wp","href":"https:\/\/api.w.org\/{rel}","templated":true}]}}