{"id":12672,"date":"2023-08-30T17:53:55","date_gmt":"2023-08-30T15:53:55","guid":{"rendered":"https:\/\/hsb1846.de\/?page_id=12672"},"modified":"2023-08-30T18:18:40","modified_gmt":"2023-08-30T16:18:40","slug":"american-football","status":"publish","type":"page","link":"https:\/\/hsb1846.de\/en\/home\/abteilungen\/american-football\/","title":{"rendered":"American Football"},"content":{"rendered":"\n<div class=\"wp-block-cover has-parallax full-width\" style=\"min-height:700px;aspect-ratio:unset;\"><span aria-hidden=\"true\" class=\"wp-block-cover__background has-background-dim\"><\/span><div role=\"img\" class=\"wp-block-cover__image-background wp-image-12357 has-parallax\" style=\"background-position:50% 50%;background-image:url(https:\/\/hsb1846.de\/wp-content\/uploads\/2023\/08\/IMG-20230621-WA0015.jpg)\"><\/div><div class=\"wp-block-cover__inner-container is-layout-flow wp-block-cover-is-layout-flow\">\n<p><\/p>\n\n\n\n<p><\/p>\n\n\n\n<p class=\"has-text-align-left pl-5 has-white-color has-text-color has-large-font-size\" style=\"font-style:normal;font-weight:100\">American Football<\/p>\n\n\n\n<p class=\"has-text-align-left pl-5 has-white-color has-text-color\" style=\"font-size:24px\"><\/p>\n<\/div><\/div>\n\n\n\n<p><\/p>\n\n\n\n<p><\/p>\n\n\n\n<p class=\"has-text-align-center\" style=\"font-size:19px\">Wir sind ein neues, junges Team, das Spa\u00df an American Football hat.<\/p>\n\n\n\n<p class=\"has-text-align-center\"><br>Der Teamzusammenhalt ist unser A und O, denn nur im Team kann man<br>das Beste aus sich herausholen.<\/p>\n\n\n\n<p class=\"has-text-align-center\"><br>Ausdauer, Teamgeist, Fairness und Toleranz stehen in diesem Sport neben<br>dem Spa\u00df stets an erster Stelle. Genau nach diesen Aspekten arbeitet<br>unser Team.<\/p>\n\n\n\n<p class=\"has-text-align-center has-medium-font-size\"><br><strong>Bist auch du offen f\u00fcr Neues, zielstrebig und m\u00f6chtest ein Teil einer<br>gro\u00dfen Familie werden? Dann bist du bei uns genau richtig!<\/strong><\/p>\n\n\n\n<p class=\"has-text-align-center\"><br>Interesse oder Fragen? Schau einfach bei uns im Training vorbei oder<br>melde dich bei:<\/p>\n\n\n\n<p><\/p>\n\n\n\n<p class=\"has-text-align-center\">Abteilungsleiter&nbsp;<\/p>\n\n\n\n<p class=\"has-text-align-center\">David Marra: David.marra[a]hsb1846.de<\/p>\n\n\n\n<p class=\"has-text-align-center\">Stellvertretender Abteilungsleiter<\/p>\n\n\n\n<p class=\"has-text-align-center\">Fabian B\u00fcck: Fabian.Bueck[a]hsb1846.de<\/p>\n\n\n\n<p><\/p>\n\n\n\n<p class=\"has-text-align-center\">Oder \u00fcber Instagram: <a href=\"https:\/\/r.search.yahoo.com\/_ylt=Awr.gDcrUdpkYNsmICpfCwx.;_ylu=Y29sbwMEcG9zAzQEdnRpZAMEc2VjA3Ny\/RV=2\/RE=1692058027\/RO=10\/RU=https%3a%2f%2fwww.instagram.com%2fhellenstein_rascals%2f\/RK=2\/RS=DRcNr2gCrzkaD17QKNCxf4eNxN0-\" title=\"\">Hellenstein Rascals<\/a><\/p>\n\n\n\n<p><\/p>\n","protected":false},"excerpt":{"rendered":"<p>Wir sind ein neues, junges Team, das Spa\u00df an American Football hat. Der Teamzusammenhalt ist unser A und O, denn nur im Team kann mandas Beste aus sich herausholen. Ausdauer, Teamgeist, Fairness und Toleranz stehen in diesem Sport nebendem Spa\u00df stets an erster Stelle. Genau nach diesen Aspekten arbeitetunser Team. Bist auch du offen f\u00fcr [&hellip;]<\/p>\n","protected":false},"author":2,"featured_media":0,"parent":4098,"menu_order":2,"comment_status":"closed","ping_status":"closed","template":"","meta":{"footnotes":""},"class_list":["post-12672","page","type-page","status-publish","hentry"],"aioseo_notices":[],"_links":{"self":[{"href":"https:\/\/hsb1846.de\/en\/wp-json\/wp\/v2\/pages\/12672","targetHints":{"allow":["GET"]}}],"collection":[{"href":"https:\/\/hsb1846.de\/en\/wp-json\/wp\/v2\/pages"}],"about":[{"href":"https:\/\/hsb1846.de\/en\/wp-json\/wp\/v2\/types\/page"}],"author":[{"embeddable":true,"href":"https:\/\/hsb1846.de\/en\/wp-json\/wp\/v2\/users\/2"}],"replies":[{"embeddable":true,"href":"https:\/\/hsb1846.de\/en\/wp-json\/wp\/v2\/comments?post=12672"}],"version-history":[{"count":3,"href":"https:\/\/hsb1846.de\/en\/wp-json\/wp\/v2\/pages\/12672\/revisions"}],"predecessor-version":[{"id":12686,"href":"https:\/\/hsb1846.de\/en\/wp-json\/wp\/v2\/pages\/12672\/revisions\/12686"}],"up":[{"embeddable":true,"href":"https:\/\/hsb1846.de\/en\/wp-json\/wp\/v2\/pages\/4098"}],"wp:attachment":[{"href":"https:\/\/hsb1846.de\/en\/wp-json\/wp\/v2\/media?parent=12672"}],"curies":[{"name":"wp","href":"https:\/\/api.w.org\/{rel}","templated":true}]}}