{"id":12979,"date":"2023-10-08T11:50:07","date_gmt":"2023-10-08T09:50:07","guid":{"rendered":"https:\/\/hsb1846.de\/?page_id=12979"},"modified":"2026-04-03T11:50:48","modified_gmt":"2026-04-03T09:50:48","slug":"aktuelles","status":"publish","type":"page","link":"https:\/\/hsb1846.de\/en\/home\/abteilungen\/tennis\/aktuelles\/","title":{"rendered":"Aktuelles"},"content":{"rendered":"<div style=\"height:30px\" aria-hidden=\"true\" class=\"wp-block-spacer\"><\/div>\n\n\n\n<p class=\"has-white-color has-text-color has-background\" style=\"background-color:#02147e;font-size:20px\">HSB Young Player\u00a0of\u00a0the\u00a0Year 2025<\/p>\n\n\n\n<div style=\"height:30px\" aria-hidden=\"true\" class=\"wp-block-spacer\"><\/div>\n\n\n\n<div class=\"wp-block-columns is-layout-flex wp-container-core-columns-is-layout-9d6595d7 wp-block-columns-is-layout-flex\">\n<div class=\"wp-block-column is-layout-flow wp-block-column-is-layout-flow\" style=\"flex-basis:66.66%\">\n<p class=\"has-background\" style=\"background-color:#f6f6f6\">Die Auszeichnung wird im Jahr 2025 zum ersten Mal verliehen und wird an eine oder einen Jugendspieler\/in der Tennisabteilung vergeben. Der Preistr\u00e4ger\/die Preistr\u00e4gerin wird f\u00fcr das vergangene Jahr f\u00fcr besondere Leistungen auf und auch neben dem Platz ausgezeichnet. <br><br>Die Preistr\u00e4gerin 2025 ist Emma Beyrle. Dieser Preis wurde ihr am 23.04.2026 von Lukas &amp; Paul Wiedenmann \u00fcbergeben. Emma hat im Jahr 2025 durch Leistung auf dem Platz aber auch neben dem Platz gegl\u00e4nzt. Sie ist Spielerin unserer Juniorinnen U18 und Damen Mannschaft. Des Weiteren f\u00fchrt sie die Juniorinnen U18 als Mannschaftsf\u00fchrerin an. Herzlichen Gl\u00fcckwunsch Emma zu dieser Auszeichnung!<\/p>\n<\/div>\n\n\n\n<div class=\"wp-block-column is-layout-flow wp-block-column-is-layout-flow\" style=\"flex-basis:33.33%\">\n<figure class=\"wp-block-image size-full\"><img loading=\"lazy\" decoding=\"async\" width=\"740\" height=\"857\" src=\"https:\/\/hsb1846.de\/wp-content\/uploads\/2026\/04\/emma-tennis-2025.jpg\" alt=\"\" class=\"wp-image-19968\" srcset=\"https:\/\/hsb1846.de\/wp-content\/uploads\/2026\/04\/emma-tennis-2025.jpg 740w, https:\/\/hsb1846.de\/wp-content\/uploads\/2026\/04\/emma-tennis-2025-259x300.jpg 259w, https:\/\/hsb1846.de\/wp-content\/uploads\/2026\/04\/emma-tennis-2025-10x12.jpg 10w\" sizes=\"auto, (max-width: 740px) 100vw, 740px\" \/><\/figure>\n<\/div>\n<\/div>\n\n\n\n<div style=\"height:30px\" aria-hidden=\"true\" class=\"wp-block-spacer\"><\/div>\n\n\n\n<p class=\"has-white-color has-text-color has-background\" style=\"background-color:#02147e;font-size:20px\">Die HSB Tennisjugend hat einen Jugendsponsor<\/p>\n\n\n\n<div style=\"height:30px\" aria-hidden=\"true\" class=\"wp-block-spacer\"><\/div>\n\n\n\n<p class=\"has-background\" style=\"background-color:#f6f6f6\">Die Abteilungsjugend konnte durch ein gut ausgearbeitetes Konzept einen Jugendsponsor f\u00fcr sich gewinnen. Ab sofort unterst\u00fctzt die <strong>Heidenheimer Volksbank eG<\/strong> die Tennisjugend mit finanziellen Mitteln. <br><br>Diese werden eingesetzt f\u00fcr neues Trainingsmaterial, Mannschaftskleidung, aber auch die Kostendeckung des Jugendtrainings. Daher m\u00f6chten wir uns ausdr\u00fccklich bei der Heidenheimer Volksbank f\u00fcr die tatkr\u00e4ftige Unterst\u00fctzung bedanken.<\/p>\n\n\n\n<div style=\"height:30px\" aria-hidden=\"true\" class=\"wp-block-spacer\"><\/div>\n\n\n\n<figure class=\"wp-block-image size-full\"><img loading=\"lazy\" decoding=\"async\" width=\"548\" height=\"159\" src=\"https:\/\/hsb1846.de\/wp-content\/uploads\/2026\/04\/hdh-voba-logo.png\" alt=\"\" class=\"wp-image-19965\" srcset=\"https:\/\/hsb1846.de\/wp-content\/uploads\/2026\/04\/hdh-voba-logo.png 548w, https:\/\/hsb1846.de\/wp-content\/uploads\/2026\/04\/hdh-voba-logo-300x87.png 300w, https:\/\/hsb1846.de\/wp-content\/uploads\/2026\/04\/hdh-voba-logo-18x5.png 18w\" sizes=\"auto, (max-width: 548px) 100vw, 548px\" \/><\/figure>\n\n\n\n<div style=\"height:30px\" aria-hidden=\"true\" class=\"wp-block-spacer\"><\/div>\n\n\n\n<p class=\"has-white-color has-text-color has-background\" style=\"background-color:#02147e;font-size:20px\">Tenniscamps im Sommer 2026<\/p>\n\n\n\n<div style=\"height:30px\" aria-hidden=\"true\" class=\"wp-block-spacer\"><\/div>\n\n\n\n<p class=\"has-background\" style=\"background-color:#f6f6f6\">Auch in diesem Sommer finden in Kooperation mit dem TV Steinheim unsere Tenniscamps statt. Bei diesen k\u00f6nnen Fortgeschrittene ihre F\u00e4higkeiten weiter verbessern, aber auch Anf\u00e4nger k\u00f6nnen spielerisch den Tennissport neu erlernen. Es wird insgesamt drei Camps geben, eins in den Pfingstferien und zwei in den Sommerferien. Daf\u00fcr sind die Termine wie folgt:<br><br><strong>Pfingsten<\/strong> \u2014 26. Mai \u2013 29. Mai<br><strong>Sommerferien<\/strong> \u2014 10. August \u2013 14. August<br><strong>Sommerferien<\/strong> \u2014 7. September \u2013 11. September<br><br>Genauere Infos werden zeitnah kommuniziert und bekannt gegeben.<\/p>\n\n\n\n<div style=\"height:30px\" aria-hidden=\"true\" class=\"wp-block-spacer\"><\/div>\n\n\n\n<p class=\"has-white-color has-text-color has-background\" style=\"background-color:#02147e;font-size:20px\">Die Gesamtschule Heidenheim zu Gast beim HSB<\/p>\n\n\n\n<div style=\"height:30px\" aria-hidden=\"true\" class=\"wp-block-spacer\"><\/div>\n\n\n\n<p class=\"has-background\" style=\"background-color:#f6f6f6\">Am 17. M\u00e4rz 2026 hatte die Gesamtschule Heidenheim ihren allj\u00e4hrlichen Sporttag, dabei besuchten sie mit \u00fcber 20 Kindern und Jugendlichen unsere Tennishalle. Drei Stunden lang konnten die Teilnehmenden den Tennissport kennenlernen und verschiedene \u00dcbungen ausprobieren. Unterst\u00fctzt wurden sie dabei von unseren Trainern Katrin Roth und Lukas Wiedenmann, die mit viel Einsatz und Freude durch das Programm f\u00fchrten.<\/p>\n\n\n\n<div style=\"height:30px\" aria-hidden=\"true\" class=\"wp-block-spacer\"><\/div>\n\n\n\n<p class=\"has-white-color has-text-color has-background\" style=\"background-color:#02147e;font-size:20px\">Tennisb\u00e4lle f\u00fcr einen guten Zweck entsorgen<\/p>\n\n\n\n<div style=\"height:30px\" aria-hidden=\"true\" class=\"wp-block-spacer\"><\/div>\n\n\n\n<figure class=\"wp-block-image size-large is-resized\"><img loading=\"lazy\" decoding=\"async\" width=\"1129\" height=\"1080\" src=\"https:\/\/hsb1846.de\/wp-content\/uploads\/2024\/10\/IMG_3721-1129x1080.jpeg\" alt=\"\" class=\"wp-image-15879\" style=\"width:400px\" srcset=\"https:\/\/hsb1846.de\/wp-content\/uploads\/2024\/10\/IMG_3721-1129x1080.jpeg 1129w, https:\/\/hsb1846.de\/wp-content\/uploads\/2024\/10\/IMG_3721-300x287.jpeg 300w, https:\/\/hsb1846.de\/wp-content\/uploads\/2024\/10\/IMG_3721-768x734.jpeg 768w, https:\/\/hsb1846.de\/wp-content\/uploads\/2024\/10\/IMG_3721-1536x1469.jpeg 1536w, https:\/\/hsb1846.de\/wp-content\/uploads\/2024\/10\/IMG_3721-2048x1959.jpeg 2048w, https:\/\/hsb1846.de\/wp-content\/uploads\/2024\/10\/IMG_3721-13x12.jpeg 13w\" sizes=\"auto, (max-width: 1129px) 100vw, 1129px\" \/><\/figure>\n\n\n\n<div style=\"height:30px\" aria-hidden=\"true\" class=\"wp-block-spacer\"><\/div>\n\n\n\n<p class=\"has-background\" style=\"background-color:#f6f6f6\">Wer kennt es nicht? Wohin mit den alten, drucklosen Tennisb\u00e4llen? Ab sofort k\u00f6nnt ihr diese in unseren gelben Boxen in der Tennishalle und im Chalet abgeben. <br><br>Wenn die Boxen voll sind, senden wir diese an Tennis-Point zur\u00fcck, die die B\u00e4lle f\u00fcr neue Tennispl\u00e4tze recyceln. <br><br>F\u00fcr weitere Infos k\u00f6nnt ihr gerne die Webseite von Tennis-Point besuchen: <br><a href=\"https:\/\/www.tennis-point.de\/advantage-earth-recycling\/\">https:\/\/www.tennis-point.de\/advantage-earth-recycling\/<\/a><\/p>","protected":false},"excerpt":{"rendered":"<p>HSB Young Player\u00a0of\u00a0the\u00a0Year 2025 Die Auszeichnung wird im Jahr 2025 zum ersten Mal verliehen und wird an eine oder einen Jugendspieler\/in der Tennisabteilung vergeben. Der Preistr\u00e4ger\/die Preistr\u00e4gerin wird f\u00fcr das vergangene Jahr f\u00fcr besondere Leistungen auf und auch neben dem Platz ausgezeichnet. Die Preistr\u00e4gerin 2025 ist Emma Beyrle. Dieser Preis wurde ihr am 23.04.2026 von [&hellip;]<\/p>\n","protected":false},"author":5,"featured_media":0,"parent":4425,"menu_order":5,"comment_status":"closed","ping_status":"closed","template":"","meta":{"footnotes":""},"class_list":["post-12979","page","type-page","status-publish","hentry"],"aioseo_notices":[],"_links":{"self":[{"href":"https:\/\/hsb1846.de\/en\/wp-json\/wp\/v2\/pages\/12979","targetHints":{"allow":["GET"]}}],"collection":[{"href":"https:\/\/hsb1846.de\/en\/wp-json\/wp\/v2\/pages"}],"about":[{"href":"https:\/\/hsb1846.de\/en\/wp-json\/wp\/v2\/types\/page"}],"author":[{"embeddable":true,"href":"https:\/\/hsb1846.de\/en\/wp-json\/wp\/v2\/users\/5"}],"replies":[{"embeddable":true,"href":"https:\/\/hsb1846.de\/en\/wp-json\/wp\/v2\/comments?post=12979"}],"version-history":[{"count":29,"href":"https:\/\/hsb1846.de\/en\/wp-json\/wp\/v2\/pages\/12979\/revisions"}],"predecessor-version":[{"id":19971,"href":"https:\/\/hsb1846.de\/en\/wp-json\/wp\/v2\/pages\/12979\/revisions\/19971"}],"up":[{"embeddable":true,"href":"https:\/\/hsb1846.de\/en\/wp-json\/wp\/v2\/pages\/4425"}],"wp:attachment":[{"href":"https:\/\/hsb1846.de\/en\/wp-json\/wp\/v2\/media?parent=12979"}],"curies":[{"name":"wp","href":"https:\/\/api.w.org\/{rel}","templated":true}]}}