{"id":13921,"date":"2024-02-04T17:18:19","date_gmt":"2024-02-04T16:18:19","guid":{"rendered":"https:\/\/hsb1846.de\/?page_id=13921"},"modified":"2026-01-03T17:31:49","modified_gmt":"2026-01-03T16:31:49","slug":"jugend-schnuppertraining","status":"publish","type":"page","link":"https:\/\/hsb1846.de\/en\/home\/abteilungen\/tennis\/jugend-schnuppertraining\/","title":{"rendered":"Jugend Schnuppertraining"},"content":{"rendered":"<div style=\"height:26px\" aria-hidden=\"true\" class=\"wp-block-spacer\"><\/div>\n\n\n\n<p class=\"has-white-color has-text-color has-background\" style=\"background-color:#02147e;font-size:25px\">Entdecken Sie die Welt des Tennis f\u00fcr Ihre Kinder!<\/p>\n\n\n\n<div style=\"height:24px\" aria-hidden=\"true\" class=\"wp-block-spacer\"><\/div>\n\n\n\n<p class=\"has-background\" style=\"background-color:#f6f6f6;font-size:16px\">Ist Ihr Kind neugierig auf Tennis? Dann sind Sie hier genau richtig! <br><br>Um einen aufregenden Einstieg in die Welt des Tennis zu erm\u00f6glichen, pr\u00e4sentieren wir unser exklusives Schnupperangebot. Wir bieten<strong> zwei kostenlose Schnupperstunden<\/strong> an, in denen Ihr Kind die grundlegenden Elemente des Tennis spielerisch erlernen kann. Diese Stunden k\u00f6nnen flexibel mit unseren kompetenten Trainerassistenten vereinbart werden.<\/p>\n\n\n\n<div style=\"height:24px\" aria-hidden=\"true\" class=\"wp-block-spacer\"><\/div>\n\n\n\n<p class=\"has-white-color has-text-color has-background\" style=\"background-color:#02147e;font-size:25px\">Warum Tennis ausprobieren?<\/p>\n\n\n\n<div style=\"height:24px\" aria-hidden=\"true\" class=\"wp-block-spacer\"><\/div>\n\n\n\n<p class=\"has-background\" style=\"background-color:#f6f6f6;font-size:16px\">Tennis ist nicht nur ein gro\u00dfartiger Sport f\u00fcr die k\u00f6rperliche Fitness, sondern Tennis f\u00f6rdert auch die Entwicklung von Konzentration, Koordination und sozialen F\u00e4higkeiten. Unsere Trainerassistenten stellen sicher, dass Ihr Kind die besten Erfahrungen beim Ersteinstieg in den Tennisplatz macht.<\/p>\n\n\n\n<div style=\"height:24px\" aria-hidden=\"true\" class=\"wp-block-spacer\"><\/div>\n\n\n\n<p class=\"has-white-color has-text-color has-background\" style=\"background-color:#02147e;font-size:25px\">Was erwartet Ihr Kind w\u00e4hrend der Schnupperstunden?<\/p>\n\n\n\n<div style=\"height:24px\" aria-hidden=\"true\" class=\"wp-block-spacer\"><\/div>\n\n\n\n<p class=\"has-background\" style=\"background-color:#f6f6f6;font-size:16px\">In den zwei kostenlosen Schnupperstunden werden die Grundlagen des Tennis spielerisch und unterhaltsam vermittelt. Von der richtigen Schlagtechnik bis zu den Grundregeln des Spiels \u2013 Ihr Kind wird eine Menge Spa\u00df haben, w\u00e4hrend es die aufregende Welt des Tennis entdeckt.<\/p>\n\n\n\n<div style=\"height:24px\" aria-hidden=\"true\" class=\"wp-block-spacer\"><\/div>\n\n\n\n<p class=\"has-white-color has-text-color has-background\" style=\"background-color:#02147e;font-size:25px\">Bereit, die ersten Schritte zu unternehmen?<\/p>\n\n\n\n<div style=\"height:24px\" aria-hidden=\"true\" class=\"wp-block-spacer\"><\/div>\n\n\n\n<p class=\"has-background\" style=\"background-color:#f6f6f6;font-size:16px\">Falls wir Ihr Interesse geweckt haben, z\u00f6gern Sie nicht, sich mit unseren engagierten Trainerassistenten in Verbindung zu setzen. Gemeinsam k\u00f6nnen wir den Weg Ihres Kindes in die faszinierende Welt des Tennis beginnen.<br><br>Melden Sie sich jetzt bei uns und schreiben uns eine E-Mail an <a href=\"mailto:tennis.jugend@hsb1846.de\">tennis.jugend@hsb1846.de<\/a><\/p>\n\n\n\n<div style=\"height:24px\" aria-hidden=\"true\" class=\"wp-block-spacer\"><\/div>\n\n\n\n<div class=\"wp-block-columns is-layout-flex wp-container-core-columns-is-layout-9d6595d7 wp-block-columns-is-layout-flex\">\n<div class=\"wp-block-column is-layout-flow wp-block-column-is-layout-flow\">\n<div class=\"wp-block-cover is-light\" style=\"min-height:450px;aspect-ratio:unset;\"><span aria-hidden=\"true\" class=\"wp-block-cover__background has-background-dim-100 has-background-dim\" style=\"background-color:#f6f6f6\"><\/span><div class=\"wp-block-cover__inner-container is-layout-flow wp-block-cover-is-layout-flow\">\n<h2 class=\"wp-block-heading has-black-color has-text-color has-link-color wp-elements-b8bf58b23f06fb73f1830ba7e238c02a\" style=\"font-size:25px;font-style:normal;font-weight:100\">Lukas Wiedenmann<\/h2>\n\n\n\n<div style=\"height:25px\" aria-hidden=\"true\" class=\"wp-block-spacer\"><\/div>\n\n\n<div class=\"wp-block-image\">\n<figure class=\"aligncenter size-full is-resized\"><img loading=\"lazy\" decoding=\"async\" width=\"969\" height=\"1293\" src=\"https:\/\/hsb1846.de\/wp-content\/uploads\/2024\/02\/IMG-20230411-WA0000.jpg\" alt=\"\" class=\"wp-image-13900\" style=\"width:auto;height:200px\" srcset=\"https:\/\/hsb1846.de\/wp-content\/uploads\/2024\/02\/IMG-20230411-WA0000.jpg 969w, https:\/\/hsb1846.de\/wp-content\/uploads\/2024\/02\/IMG-20230411-WA0000-225x300.jpg 225w, https:\/\/hsb1846.de\/wp-content\/uploads\/2024\/02\/IMG-20230411-WA0000-809x1080.jpg 809w, https:\/\/hsb1846.de\/wp-content\/uploads\/2024\/02\/IMG-20230411-WA0000-768x1025.jpg 768w, https:\/\/hsb1846.de\/wp-content\/uploads\/2024\/02\/IMG-20230411-WA0000-9x12.jpg 9w\" sizes=\"auto, (max-width: 969px) 100vw, 969px\" \/><\/figure>\n<\/div>\n\n\n<p class=\"has-text-align-center\" style=\"font-size:16px\">Sprecher Jugendleitung<\/p>\n\n\n\n<p class=\"has-text-align-center\" style=\"font-size:16px\">E-Mail: <a href=\"mailto:lukas.wiedenmann@hsb1846.de\" title=\"\">lukas.wiedenmann@hsb1846.de<\/a><\/p>\n<\/div><\/div>\n<\/div>\n\n\n\n<div class=\"wp-block-column is-layout-flow wp-block-column-is-layout-flow\">\n<div class=\"wp-block-cover is-light\" style=\"min-height:450px;aspect-ratio:unset;\"><span aria-hidden=\"true\" class=\"wp-block-cover__background has-background-dim-100 has-background-dim\" style=\"background-color:#f6f6f6\"><\/span><div class=\"wp-block-cover__inner-container is-layout-flow wp-block-cover-is-layout-flow\">\n<h2 class=\"wp-block-heading has-black-color has-text-color has-link-color wp-elements-4ce575830575ac9dd4b4fee4ab001635\" style=\"font-size:25px;font-style:normal;font-weight:100\">Paul Wiedenmann<\/h2>\n\n\n\n<div style=\"height:25px\" aria-hidden=\"true\" class=\"wp-block-spacer\"><\/div>\n\n\n<div class=\"wp-block-image\">\n<figure class=\"aligncenter size-full is-resized\"><img loading=\"lazy\" decoding=\"async\" width=\"783\" height=\"1065\" src=\"https:\/\/hsb1846.de\/wp-content\/uploads\/2024\/02\/973070b8-0192-456f-86bb-4019136aa903.jpg\" alt=\"\" class=\"wp-image-13935\" style=\"width:auto;height:200px\" srcset=\"https:\/\/hsb1846.de\/wp-content\/uploads\/2024\/02\/973070b8-0192-456f-86bb-4019136aa903.jpg 783w, https:\/\/hsb1846.de\/wp-content\/uploads\/2024\/02\/973070b8-0192-456f-86bb-4019136aa903-221x300.jpg 221w, https:\/\/hsb1846.de\/wp-content\/uploads\/2024\/02\/973070b8-0192-456f-86bb-4019136aa903-768x1045.jpg 768w, https:\/\/hsb1846.de\/wp-content\/uploads\/2024\/02\/973070b8-0192-456f-86bb-4019136aa903-9x12.jpg 9w\" sizes=\"auto, (max-width: 783px) 100vw, 783px\" \/><\/figure>\n<\/div>\n\n\n<p class=\"has-text-align-center\" style=\"font-size:16px\">Jugendleitung<\/p>\n\n\n\n<p class=\"has-text-align-center\" style=\"font-size:16px\">E-Mail: <a href=\"mailto:paul@wiedenmann-online.de\" title=\"\"><\/a><a href=\"mailto:paul.wiedenmann@hsb1846.de\" title=\"\">paul.wiedenmann@hsb1846.de<\/a><\/p>\n<\/div><\/div>\n<\/div>\n<\/div>","protected":false},"excerpt":{"rendered":"<p>Entdecken Sie die Welt des Tennis f\u00fcr Ihre Kinder! Ist Ihr Kind neugierig auf Tennis? Dann sind Sie hier genau richtig! Um einen aufregenden Einstieg in die Welt des Tennis zu erm\u00f6glichen, pr\u00e4sentieren wir unser exklusives Schnupperangebot. Wir bieten zwei kostenlose Schnupperstunden an, in denen Ihr Kind die grundlegenden Elemente des Tennis spielerisch erlernen kann. [&hellip;]<\/p>\n","protected":false},"author":5,"featured_media":0,"parent":4425,"menu_order":20,"comment_status":"closed","ping_status":"closed","template":"","meta":{"footnotes":""},"class_list":["post-13921","page","type-page","status-publish","hentry"],"aioseo_notices":[],"_links":{"self":[{"href":"https:\/\/hsb1846.de\/en\/wp-json\/wp\/v2\/pages\/13921","targetHints":{"allow":["GET"]}}],"collection":[{"href":"https:\/\/hsb1846.de\/en\/wp-json\/wp\/v2\/pages"}],"about":[{"href":"https:\/\/hsb1846.de\/en\/wp-json\/wp\/v2\/types\/page"}],"author":[{"embeddable":true,"href":"https:\/\/hsb1846.de\/en\/wp-json\/wp\/v2\/users\/5"}],"replies":[{"embeddable":true,"href":"https:\/\/hsb1846.de\/en\/wp-json\/wp\/v2\/comments?post=13921"}],"version-history":[{"count":9,"href":"https:\/\/hsb1846.de\/en\/wp-json\/wp\/v2\/pages\/13921\/revisions"}],"predecessor-version":[{"id":19033,"href":"https:\/\/hsb1846.de\/en\/wp-json\/wp\/v2\/pages\/13921\/revisions\/19033"}],"up":[{"embeddable":true,"href":"https:\/\/hsb1846.de\/en\/wp-json\/wp\/v2\/pages\/4425"}],"wp:attachment":[{"href":"https:\/\/hsb1846.de\/en\/wp-json\/wp\/v2\/media?parent=13921"}],"curies":[{"name":"wp","href":"https:\/\/api.w.org\/{rel}","templated":true}]}}