{"id":16755,"date":"2025-02-01T09:36:02","date_gmt":"2025-02-01T08:36:02","guid":{"rendered":"https:\/\/hsb1846.de\/?page_id=16755"},"modified":"2025-03-30T20:44:54","modified_gmt":"2025-03-30T18:44:54","slug":"bekleidung","status":"publish","type":"page","link":"https:\/\/hsb1846.de\/en\/home\/abteilungen\/leichtathletik\/bekleidung\/","title":{"rendered":"Bekleidung"},"content":{"rendered":"<p><\/p>\n\n\n\n<div style=\"height:66px\" aria-hidden=\"true\" class=\"wp-block-spacer\"><\/div>\n\n\n\n<p>Hier findet ihr unsere aktuelle <strong>Abteilungsbekleidung<\/strong>. Diese k\u00f6nnt ihr hier ganz einfach Online bestellen. Hier geht\u2019s zum Shop:<\/p>\n\n\n\n<p><\/p>\n\n\n\n<p class=\"has-text-align-center has-large-font-size\"><a href=\"https:\/\/team.jako.com\/de-de\/team\/heidenheimer_sb_1846_e_v_leichtathletik\/\" target=\"_blank\" rel=\"noopener\" title=\"\"><strong>Shop<\/strong><\/a><\/p>\n\n\n\n<p><\/p>\n\n\n\n<p>Alternative k\u00f6nnt ihr vor Ort bei 11Teamsports anprobieren und bestellen. Den Shop findet ihr unter folgender Adresse:<\/p>\n\n\n\n<p><\/p>\n\n\n\n<p>11Teamsports Store Giengen<\/p>\n\n\n\n<p>Hauptstra\u00dfe 56<\/p>\n\n\n\n<p>89537 Giengen an der Brenz<\/p>\n\n\n\n<p><\/p>\n\n\n\n<p>Die offizielle <strong>Wettkampfbekleidung der LG Staufen<\/strong> k\u00f6nnt ihr \u00fcber die LG Staufen App erwerben. Innerhalb dieser App gibt es einen Onlineshop, \u00fcber den ihr die Bekleidung online bestellen k\u00f6nnt.<\/p>\n\n\n\n<p><\/p>\n\n\n\n<p>Die App erhaltet ihr im GooglePlay Store (Android Nutzer) oder im App Store (iPhone Nutzer).<\/p>\n\n\n\n<p><\/p>\n\n\n\n<p><\/p>\n\n\n\n<p><\/p>\n\n\n\n<p class=\"has-text-align-center has-large-font-size\"><\/p>\n\n\n\n<p><\/p>\n\n\n\n<p><\/p>","protected":false},"excerpt":{"rendered":"<p>Hier findet ihr unsere aktuelle Abteilungsbekleidung. Diese k\u00f6nnt ihr hier ganz einfach Online bestellen. Hier geht\u2019s zum Shop: Shop Alternative k\u00f6nnt ihr vor Ort bei 11Teamsports anprobieren und bestellen. Den Shop findet ihr unter folgender Adresse: 11Teamsports Store Giengen Hauptstra\u00dfe 56 89537 Giengen an der Brenz Die offizielle Wettkampfbekleidung der LG Staufen k\u00f6nnt ihr \u00fcber [&hellip;]<\/p>\n","protected":false},"author":2,"featured_media":0,"parent":4411,"menu_order":0,"comment_status":"closed","ping_status":"closed","template":"","meta":{"footnotes":""},"class_list":["post-16755","page","type-page","status-publish","hentry"],"aioseo_notices":[],"_links":{"self":[{"href":"https:\/\/hsb1846.de\/en\/wp-json\/wp\/v2\/pages\/16755","targetHints":{"allow":["GET"]}}],"collection":[{"href":"https:\/\/hsb1846.de\/en\/wp-json\/wp\/v2\/pages"}],"about":[{"href":"https:\/\/hsb1846.de\/en\/wp-json\/wp\/v2\/types\/page"}],"author":[{"embeddable":true,"href":"https:\/\/hsb1846.de\/en\/wp-json\/wp\/v2\/users\/2"}],"replies":[{"embeddable":true,"href":"https:\/\/hsb1846.de\/en\/wp-json\/wp\/v2\/comments?post=16755"}],"version-history":[{"count":4,"href":"https:\/\/hsb1846.de\/en\/wp-json\/wp\/v2\/pages\/16755\/revisions"}],"predecessor-version":[{"id":17127,"href":"https:\/\/hsb1846.de\/en\/wp-json\/wp\/v2\/pages\/16755\/revisions\/17127"}],"up":[{"embeddable":true,"href":"https:\/\/hsb1846.de\/en\/wp-json\/wp\/v2\/pages\/4411"}],"wp:attachment":[{"href":"https:\/\/hsb1846.de\/en\/wp-json\/wp\/v2\/media?parent=16755"}],"curies":[{"name":"wp","href":"https:\/\/api.w.org\/{rel}","templated":true}]}}