{"id":17417,"date":"2025-05-25T09:51:58","date_gmt":"2025-05-25T07:51:58","guid":{"rendered":"https:\/\/hsb1846.de\/?page_id=17417"},"modified":"2025-07-10T13:12:05","modified_gmt":"2025-07-10T11:12:05","slug":"sporthilfe","status":"publish","type":"page","link":"https:\/\/hsb1846.de\/en\/home\/verein\/sporthilfe\/","title":{"rendered":"Sporthilfe &#8211; Sonderfonds"},"content":{"rendered":"<figure class=\"wp-block-image size-full\"><img loading=\"lazy\" decoding=\"async\" width=\"806\" height=\"150\" src=\"https:\/\/hsb1846.de\/wp-content\/uploads\/2025\/05\/Logo-mit-Zusatz.png\" alt=\"\" class=\"wp-image-17436\" srcset=\"https:\/\/hsb1846.de\/wp-content\/uploads\/2025\/05\/Logo-mit-Zusatz.png 806w, https:\/\/hsb1846.de\/wp-content\/uploads\/2025\/05\/Logo-mit-Zusatz-300x56.png 300w, https:\/\/hsb1846.de\/wp-content\/uploads\/2025\/05\/Logo-mit-Zusatz-768x143.png 768w, https:\/\/hsb1846.de\/wp-content\/uploads\/2025\/05\/Logo-mit-Zusatz-18x3.png 18w\" sizes=\"auto, (max-width: 806px) 100vw, 806px\" \/><\/figure>\n\n\n\n<p><\/p>\n\n\n\n<p style=\"font-size:15px\">Ohne Unterst\u00fctzung gibt es keinen Erfolg. Junge Sportlerinnen und Sportler brauchen nicht nur Ergeiz und Disziplin und gutes Training. Zum Erfolg geh\u00f6rt auch finanzielle Hilfe, um an Wettk\u00e4mpfen teilzunehmen, international Erfahrungen zu sammeln oder an Trainingslagern teilzunehmen.<\/p>\n\n\n\n<p style=\"font-size:15px\"><\/p>\n\n\n\n<p style=\"font-size:15px\">Hierbei unterst\u00fctzt seit nunmehr 40 Jahren der Sonderfonds Sporthilfe hsb-Jugend.<\/p>\n\n\n\n<p style=\"font-size:15px\"><\/p>\n\n\n\n<p style=\"font-size:15px\"><\/p>\n\n\n\n<p style=\"font-size:15px\">Gegr\u00fcndet wurde die Sporthilfe hsb-Jugend im Jahr 1985. Der gemeinn\u00fctzige Zweck der Sporthilfe hsb-Jugend besteht damals wie heute darin, denjenigen Nachwuchssportlern\/innen, die von anderer Seite nicht im erforderlichen Rahmen unterst\u00fctzt werden und infolge ihrer sportlichen Bet\u00e4tigung einer besonderen Hilfe bed\u00fcrfen, Beihilfen zu gew\u00e4hren. Seit ihrer Gr\u00fcndung ist die Sporthilfe hsb-Jugend entsprechend ihrer \u201egeistigen V\u00e4ter\u201c Hans-Dieter Schmid (ehemaliger Schatzmeister hsb) und Prof. Walter B\u00f6hringer fest in der Satzung des hsb verankert. Angeregt wurde die Gr\u00fcndung zudem durch Senator Prof. Dr. Rupf, dessen 1977 errichtete Hugo-Rupf-Stiftung bis heute nach wie vor neben namhaften Heidenheimer Firmen und Privatpersonen zu den Spendern geh\u00f6rt.<\/p>\n\n\n\n<p><\/p>\n\n\n\n<p style=\"font-size:15px\">Das Ziel von damals hat sich bis heute nicht ge\u00e4ndert: Die materielle Unterst\u00fctzung junger Athletinnen und Athleten bis zum Alter von 21 Jahren.<\/p>\n\n\n\n<p><\/p>\n\n\n\n<div class=\"wp-block-columns is-layout-flex wp-container-core-columns-is-layout-9d6595d7 wp-block-columns-is-layout-flex\">\n<div class=\"wp-block-column is-layout-flow wp-block-column-is-layout-flow\">\n<figure class=\"wp-block-image size-full\"><img loading=\"lazy\" decoding=\"async\" width=\"891\" height=\"639\" src=\"https:\/\/hsb1846.de\/wp-content\/uploads\/2025\/05\/BildFechten.jpg\" alt=\"\" class=\"wp-image-17428\" srcset=\"https:\/\/hsb1846.de\/wp-content\/uploads\/2025\/05\/BildFechten.jpg 891w, https:\/\/hsb1846.de\/wp-content\/uploads\/2025\/05\/BildFechten-300x215.jpg 300w, https:\/\/hsb1846.de\/wp-content\/uploads\/2025\/05\/BildFechten-768x551.jpg 768w, https:\/\/hsb1846.de\/wp-content\/uploads\/2025\/05\/BildFechten-18x12.jpg 18w\" sizes=\"auto, (max-width: 891px) 100vw, 891px\" \/><\/figure>\n<\/div>\n\n\n\n<div class=\"wp-block-column is-layout-flow wp-block-column-is-layout-flow\">\n<figure class=\"wp-block-image size-full\"><img loading=\"lazy\" decoding=\"async\" width=\"1400\" height=\"932\" src=\"https:\/\/hsb1846.de\/wp-content\/uploads\/2025\/05\/Base5.jpg\" alt=\"\" class=\"wp-image-17426\" srcset=\"https:\/\/hsb1846.de\/wp-content\/uploads\/2025\/05\/Base5.jpg 1400w, https:\/\/hsb1846.de\/wp-content\/uploads\/2025\/05\/Base5-300x200.jpg 300w, https:\/\/hsb1846.de\/wp-content\/uploads\/2025\/05\/Base5-768x511.jpg 768w, https:\/\/hsb1846.de\/wp-content\/uploads\/2025\/05\/Base5-18x12.jpg 18w\" sizes=\"auto, (max-width: 1400px) 100vw, 1400px\" \/><\/figure>\n<\/div>\n\n\n\n<div class=\"wp-block-column is-layout-flow wp-block-column-is-layout-flow\">\n<figure class=\"wp-block-image size-large\"><img loading=\"lazy\" decoding=\"async\" width=\"1620\" height=\"1080\" src=\"https:\/\/hsb1846.de\/wp-content\/uploads\/2025\/05\/Balken-1620x1080.jpg\" alt=\"\" class=\"wp-image-17425\" srcset=\"https:\/\/hsb1846.de\/wp-content\/uploads\/2025\/05\/Balken-1620x1080.jpg 1620w, https:\/\/hsb1846.de\/wp-content\/uploads\/2025\/05\/Balken-300x200.jpg 300w, https:\/\/hsb1846.de\/wp-content\/uploads\/2025\/05\/Balken-768x512.jpg 768w, https:\/\/hsb1846.de\/wp-content\/uploads\/2025\/05\/Balken-1536x1024.jpg 1536w, https:\/\/hsb1846.de\/wp-content\/uploads\/2025\/05\/Balken-2048x1365.jpg 2048w, https:\/\/hsb1846.de\/wp-content\/uploads\/2025\/05\/Balken-18x12.jpg 18w\" sizes=\"auto, (max-width: 1620px) 100vw, 1620px\" \/><\/figure>\n<\/div>\n<\/div>\n\n\n\n<p style=\"font-size:15px\"><\/p>\n\n\n\n<p style=\"font-size:15px\">Bis heute wurden rund 880.400,00 Euro ausgesch\u00fcttet. Bis zum Ende 2025 werden es rund 900.000,00 Euro sein.<\/p>\n\n\n\n<p><\/p>\n\n\n\n<p><\/p>\n\n\n\n<p class=\"has-text-align-center has-medium-font-size\"><strong>Werden auch Sie Unterst\u00fctzter unserer Nachwuchssportler\/innen!<\/strong><\/p>\n\n\n\n<p><\/p>\n\n\n\n<p>Spenden zu Gunsten des Sonderfonds &#8222;Sporthilfe hsb-Jugend&#8220; k\u00f6nnen auf die folgenden beiden Konten geleistet werden:<\/p>\n\n\n\n<p><\/p>\n\n\n\n<p class=\"has-text-align-center\"><strong>Kreissparkasse Heidenheim<\/strong><\/p>\n\n\n\n<p class=\"has-text-align-center\">IBAN: DE62 6325 0030 0000 6455 44<\/p>\n\n\n\n<p class=\"has-text-align-center\">BIC: SOLADES1HDH<\/p>\n\n\n\n<p class=\"has-text-align-center\"><\/p>\n\n\n\n<p class=\"has-text-align-center\"><strong>Volksbank Heidenheim<\/strong><\/p>\n\n\n\n<p class=\"has-text-align-center\">IBAN: DE94 6329 0110 0105 7540 13<\/p>\n\n\n\n<p class=\"has-text-align-center\">BIC: GENODES1HDH<\/p>\n\n\n\n<p><\/p>\n\n\n\n<p class=\"has-text-align-center\">Bitte bei \u00dcberweisungen die vollst\u00e4ndige Anschrift im Verwendungszweck angeben, damit wir Ihnen eine Spendenquittung zusenden k\u00f6nnen.<\/p>\n\n\n\n<p><\/p>\n\n\n<div class=\"wp-block-image\">\n<figure class=\"aligncenter size-full\"><img loading=\"lazy\" decoding=\"async\" width=\"412\" height=\"134\" src=\"https:\/\/hsb1846.de\/wp-content\/uploads\/2025\/05\/Foerdern-Sie-mit-Ihrer-Spende-Bild.png\" alt=\"\" class=\"wp-image-17432\" srcset=\"https:\/\/hsb1846.de\/wp-content\/uploads\/2025\/05\/Foerdern-Sie-mit-Ihrer-Spende-Bild.png 412w, https:\/\/hsb1846.de\/wp-content\/uploads\/2025\/05\/Foerdern-Sie-mit-Ihrer-Spende-Bild-300x98.png 300w, https:\/\/hsb1846.de\/wp-content\/uploads\/2025\/05\/Foerdern-Sie-mit-Ihrer-Spende-Bild-18x6.png 18w\" sizes=\"auto, (max-width: 412px) 100vw, 412px\" \/><\/figure>\n<\/div>","protected":false},"excerpt":{"rendered":"<p>Ohne Unterst\u00fctzung gibt es keinen Erfolg. Junge Sportlerinnen und Sportler brauchen nicht nur Ergeiz und Disziplin und gutes Training. Zum Erfolg geh\u00f6rt auch finanzielle Hilfe, um an Wettk\u00e4mpfen teilzunehmen, international Erfahrungen zu sammeln oder an Trainingslagern teilzunehmen. Hierbei unterst\u00fctzt seit nunmehr 40 Jahren der Sonderfonds Sporthilfe hsb-Jugend. Gegr\u00fcndet wurde die Sporthilfe hsb-Jugend im Jahr 1985. [&hellip;]<\/p>\n","protected":false},"author":2,"featured_media":0,"parent":4105,"menu_order":0,"comment_status":"closed","ping_status":"closed","template":"","meta":{"footnotes":""},"class_list":["post-17417","page","type-page","status-publish","hentry"],"aioseo_notices":[],"_links":{"self":[{"href":"https:\/\/hsb1846.de\/en\/wp-json\/wp\/v2\/pages\/17417","targetHints":{"allow":["GET"]}}],"collection":[{"href":"https:\/\/hsb1846.de\/en\/wp-json\/wp\/v2\/pages"}],"about":[{"href":"https:\/\/hsb1846.de\/en\/wp-json\/wp\/v2\/types\/page"}],"author":[{"embeddable":true,"href":"https:\/\/hsb1846.de\/en\/wp-json\/wp\/v2\/users\/2"}],"replies":[{"embeddable":true,"href":"https:\/\/hsb1846.de\/en\/wp-json\/wp\/v2\/comments?post=17417"}],"version-history":[{"count":4,"href":"https:\/\/hsb1846.de\/en\/wp-json\/wp\/v2\/pages\/17417\/revisions"}],"predecessor-version":[{"id":17654,"href":"https:\/\/hsb1846.de\/en\/wp-json\/wp\/v2\/pages\/17417\/revisions\/17654"}],"up":[{"embeddable":true,"href":"https:\/\/hsb1846.de\/en\/wp-json\/wp\/v2\/pages\/4105"}],"wp:attachment":[{"href":"https:\/\/hsb1846.de\/en\/wp-json\/wp\/v2\/media?parent=17417"}],"curies":[{"name":"wp","href":"https:\/\/api.w.org\/{rel}","templated":true}]}}