{"id":17419,"date":"2025-05-25T09:52:23","date_gmt":"2025-05-25T07:52:23","guid":{"rendered":"https:\/\/hsb1846.de\/?page_id=17419"},"modified":"2025-12-23T10:19:19","modified_gmt":"2025-12-23T09:19:19","slug":"mitglieder-kuratorium","status":"publish","type":"page","link":"https:\/\/hsb1846.de\/en\/home\/verein\/sporthilfe\/mitglieder-kuratorium\/","title":{"rendered":"Mitglieder Kuratorium"},"content":{"rendered":"<p style=\"font-size:16px\">Das Verm\u00f6gen des Sonderfonds wird vom Kuratorium getrennt vom sonstigen Vereinsverm\u00f6gen verwaltet und unterliegt nicht der Kassenpr\u00fcfung des Vereins. Das Kuratorium ist zudem nicht an Weisungen der \u00fcbrigen Vereinsorgane gebunden.<\/p>\n\n\n\n<p style=\"font-size:16px\"><\/p>\n\n\n\n<p style=\"font-size:16px\">Die aktuellen Mitglieder setzen sich wie folgt zusammen:<\/p>\n\n\n\n<p><\/p>\n\n\n\n<ul class=\"wp-block-list\">\n<li style=\"font-size:15px\">Petra Lange &#8211; Vorsitzende des Kuratoriums<\/li>\n\n\n\n<li style=\"font-size:15px\">Dieter Steck &#8211; stellvertretender Vorsitzender des Kuratoriums<\/li>\n\n\n\n<li style=\"font-size:15px\">Max Plitz &#8211; Gesch\u00e4ftsf\u00fchrer des Kuratoriums<\/li>\n\n\n\n<li style=\"font-size:15px\">Prof. Walter B\u00f6hringer<\/li>\n\n\n\n<li style=\"font-size:15px\">Britta F\u00fcnfst\u00fcck<\/li>\n\n\n\n<li style=\"font-size:15px\">Stefan Helmer<\/li>\n\n\n\n<li style=\"font-size:15px\">Erwin Krajewski<\/li>\n\n\n\n<li style=\"font-size:15px\">Rainer Ludwig &#8211; Vorstand Finanzen des hsb<\/li>\n\n\n\n<li style=\"font-size:15px\">B\u00fcrgermeisterin Simone Maiwald<\/li>\n\n\n\n<li style=\"font-size:15px\">Nikolas Palmarini<\/li>\n\n\n\n<li style=\"font-size:15px\">Wolfgang Pins<\/li>\n\n\n\n<li style=\"font-size:15px\">Regine Rendle<\/li>\n\n\n\n<li style=\"font-size:15px\">Sylvia Ritz &#8211; Gesch\u00e4ftsf\u00fchrerin des hsb<\/li>\n\n\n\n<li style=\"font-size:15px\">Meinrad Schad<\/li>\n\n\n\n<li style=\"font-size:15px\">J\u00f6rg Schneider &#8211; Vorstandsvorsitzender des hsb<\/li>\n\n\n\n<li style=\"font-size:15px\">Michael S\u00fcnderhauf<\/li>\n\n\n\n<li style=\"font-size:15px\">Erich Weber<\/li>\n\n\n\n<li style=\"font-size:15px\">Martin Wilhelm<\/li>\n<\/ul>\n\n\n\n<p><\/p>\n\n\n<div class=\"wp-block-image\">\n<figure class=\"aligncenter size-large\"><img loading=\"lazy\" decoding=\"async\" width=\"1440\" height=\"1080\" src=\"https:\/\/hsb1846.de\/wp-content\/uploads\/2025\/12\/Kuratorium_Sonderfonds_Sporthilfe_hbs_Jugend-1440x1080.jpeg\" alt=\"\" class=\"wp-image-18967\" srcset=\"https:\/\/hsb1846.de\/wp-content\/uploads\/2025\/12\/Kuratorium_Sonderfonds_Sporthilfe_hbs_Jugend-1440x1080.jpeg 1440w, https:\/\/hsb1846.de\/wp-content\/uploads\/2025\/12\/Kuratorium_Sonderfonds_Sporthilfe_hbs_Jugend-300x225.jpeg 300w, https:\/\/hsb1846.de\/wp-content\/uploads\/2025\/12\/Kuratorium_Sonderfonds_Sporthilfe_hbs_Jugend-768x576.jpeg 768w, https:\/\/hsb1846.de\/wp-content\/uploads\/2025\/12\/Kuratorium_Sonderfonds_Sporthilfe_hbs_Jugend-1536x1152.jpeg 1536w, https:\/\/hsb1846.de\/wp-content\/uploads\/2025\/12\/Kuratorium_Sonderfonds_Sporthilfe_hbs_Jugend-2048x1536.jpeg 2048w, https:\/\/hsb1846.de\/wp-content\/uploads\/2025\/12\/Kuratorium_Sonderfonds_Sporthilfe_hbs_Jugend-16x12.jpeg 16w\" sizes=\"auto, (max-width: 1440px) 100vw, 1440px\" \/><\/figure>\n<\/div>\n\n\n<p><\/p>","protected":false},"excerpt":{"rendered":"<p>Das Verm\u00f6gen des Sonderfonds wird vom Kuratorium getrennt vom sonstigen Vereinsverm\u00f6gen verwaltet und unterliegt nicht der Kassenpr\u00fcfung des Vereins. Das Kuratorium ist zudem nicht an Weisungen der \u00fcbrigen Vereinsorgane gebunden. Die aktuellen Mitglieder setzen sich wie folgt zusammen:<\/p>","protected":false},"author":2,"featured_media":0,"parent":17417,"menu_order":0,"comment_status":"closed","ping_status":"closed","template":"","meta":{"footnotes":""},"class_list":["post-17419","page","type-page","status-publish","hentry"],"aioseo_notices":[],"_links":{"self":[{"href":"https:\/\/hsb1846.de\/en\/wp-json\/wp\/v2\/pages\/17419","targetHints":{"allow":["GET"]}}],"collection":[{"href":"https:\/\/hsb1846.de\/en\/wp-json\/wp\/v2\/pages"}],"about":[{"href":"https:\/\/hsb1846.de\/en\/wp-json\/wp\/v2\/types\/page"}],"author":[{"embeddable":true,"href":"https:\/\/hsb1846.de\/en\/wp-json\/wp\/v2\/users\/2"}],"replies":[{"embeddable":true,"href":"https:\/\/hsb1846.de\/en\/wp-json\/wp\/v2\/comments?post=17419"}],"version-history":[{"count":6,"href":"https:\/\/hsb1846.de\/en\/wp-json\/wp\/v2\/pages\/17419\/revisions"}],"predecessor-version":[{"id":18970,"href":"https:\/\/hsb1846.de\/en\/wp-json\/wp\/v2\/pages\/17419\/revisions\/18970"}],"up":[{"embeddable":true,"href":"https:\/\/hsb1846.de\/en\/wp-json\/wp\/v2\/pages\/17417"}],"wp:attachment":[{"href":"https:\/\/hsb1846.de\/en\/wp-json\/wp\/v2\/media?parent=17419"}],"curies":[{"name":"wp","href":"https:\/\/api.w.org\/{rel}","templated":true}]}}