{"id":18056,"date":"2025-09-14T19:17:28","date_gmt":"2025-09-14T17:17:28","guid":{"rendered":"https:\/\/hsb1846.de\/?page_id=18056"},"modified":"2026-04-20T18:13:38","modified_gmt":"2026-04-20T16:13:38","slug":"training-jugend-volleyball-jungen","status":"publish","type":"page","link":"https:\/\/hsb1846.de\/en\/home\/abteilungen\/volleyball\/training-jugend-volleyball-jungen\/","title":{"rendered":"Training Jugend Volleyball (Jungen)"},"content":{"rendered":"\n<p class=\"has-text-align-center has-white-color has-text-color has-background has-link-color wp-elements-6da94541afdbc56f309358ca5e43467f\" style=\"background-color:#002f96;font-size:15px\">W\u00e4hrend mehrw\u00f6chiger Schulferien (Weihnachten, Ostern, Pfingsten, Sommer) findet kein Hallentraining statt.<\/p>\n\n\n\n<div style=\"height:11px\" aria-hidden=\"true\" class=\"wp-block-spacer\"><\/div>\n\n\n\n<figure class=\"wp-block-image size-large\"><img loading=\"lazy\" decoding=\"async\" width=\"1918\" height=\"1080\" src=\"https:\/\/hsb1846.de\/wp-content\/uploads\/2023\/08\/20221118_140423-1918x1080.jpg\" alt=\"\" class=\"wp-image-12579\" srcset=\"https:\/\/hsb1846.de\/wp-content\/uploads\/2023\/08\/20221118_140423-1918x1080.jpg 1918w, https:\/\/hsb1846.de\/wp-content\/uploads\/2023\/08\/20221118_140423-300x169.jpg 300w, https:\/\/hsb1846.de\/wp-content\/uploads\/2023\/08\/20221118_140423-768x432.jpg 768w, https:\/\/hsb1846.de\/wp-content\/uploads\/2023\/08\/20221118_140423-1536x865.jpg 1536w, https:\/\/hsb1846.de\/wp-content\/uploads\/2023\/08\/20221118_140423-2048x1153.jpg 2048w, https:\/\/hsb1846.de\/wp-content\/uploads\/2023\/08\/20221118_140423-18x10.jpg 18w\" sizes=\"auto, (max-width: 1918px) 100vw, 1918px\" \/><\/figure>\n\n\n\n<div style=\"height:56px\" aria-hidden=\"true\" class=\"wp-block-spacer\"><\/div>\n\n\n\n<h1 class=\"wp-block-heading\"><strong>Unsere m\u00e4nnliche Jugend<\/strong><\/h1>\n\n\n\n<p>Unser Trainingsangebot im Rahmen unserer Spielgemeinschaft in der <a href=\"http:\/\/volleyalvb-brenztal.de\" target=\"_blank\" rel=\"noopener\" title=\"\">SG VolleyAlb-Brenztal<\/a> f\u00fcr Kinder und Jugendliche auf Heidenheim, Dettingen, Gussenstadt und Giengen verteilt. Ihr habt die freie Wahl!<\/p>\n\n\n\n<p><br><em>In den Sommermonaten findet das Training wetterabh\u00e4ngig auch auf den Beachpl\u00e4tzen (z.B. hsb-Sportpark) statt.<\/em><\/p>\n\n\n\n<div style=\"height:60px\" aria-hidden=\"true\" class=\"wp-block-spacer\"><\/div>\n\n\n\n<h3 class=\"wp-block-heading\"><strong>Angebot in Heidenheim<\/strong> (nach Alter sortiert)<\/h3>\n\n\n\n<div style=\"height:28px\" aria-hidden=\"true\" class=\"wp-block-spacer\"><\/div>\n\n\n\n<p style=\"font-size:25px\">m\u00e4nnliche Jugend Anf\u00e4nger (U12-U14, Jg. 2013 \u2013 2015)<\/p>\n\n\n\n<table id=\"tablepress-7m1\" class=\"tablepress tablepress-id-7m1\">\n<thead>\n<tr class=\"row-1\">\n\t<th class=\"column-1\">Wochentag<\/th><th class=\"column-2\">Uhrzeit<\/th><th class=\"column-3\">Trainingsort<\/th><th class=\"column-4\">Leitung<\/th><th class=\"column-5\">Kontakt<\/th>\n<\/tr>\n<\/thead>\n<tbody class=\"row-striping row-hover\">\n<tr class=\"row-2\">\n\t<td class=\"column-1\">Freitag<\/td><td class=\"column-2\">13:00 - 15:00<\/td><td class=\"column-3\">Max-Planck-Gymnasium<\/td><td class=\"column-4\">Tim Gebhardt<br \/>\nArthur Zhekov<\/td><td class=\"column-5\">uwe.altenborg[a]hsb1846.de<\/td>\n<\/tr>\n<\/tbody>\n<\/table>\n<!-- #tablepress-7m1 from cache -->\n\n\n\n<div style=\"height:28px\" aria-hidden=\"true\" class=\"wp-block-spacer\"><\/div>\n\n\n\n<p style=\"font-size:25px\">m\u00e4nnliche Jugend U14-U16 (Jg. 2011 und j\u00fcnger)<\/p>\n\n\n\n<table id=\"tablepress-7m2\" class=\"tablepress tablepress-id-7m2\">\n<thead>\n<tr class=\"row-1\">\n\t<th class=\"column-1\">Wochentag<\/th><th class=\"column-2\">Uhrzeit<\/th><th class=\"column-3\">Trainingsort<\/th><th class=\"column-4\">Leitung<\/th><th class=\"column-5\">Kontakt<\/th>\n<\/tr>\n<\/thead>\n<tbody class=\"row-striping row-hover\">\n<tr class=\"row-2\">\n\t<td class=\"column-1\">Dienstag<\/td><td class=\"column-2\">17:00 - 19:00<\/td><td class=\"column-3\">Hellenstein-Gymnasium<\/td><td class=\"column-4\">Uwe Altenborg<\/td><td class=\"column-5\">uwe.altenborg[a]hsb1846.de<\/td>\n<\/tr>\n<tr class=\"row-3\">\n\t<td class=\"column-1\">Freitag<\/td><td class=\"column-2\">13:00 - 15:00<br \/>\n(Anf\u00e4nger)<\/td><td class=\"column-3\">Max-Planck-Gymnasium<\/td><td class=\"column-4\">Uwe Altenborg<br \/>\nJohannes Benz<\/td><td class=\"column-5\">uwe.altenborg[a]hsb1846.de<\/td>\n<\/tr>\n<tr class=\"row-4\">\n\t<td class=\"column-1\">Freitag<\/td><td class=\"column-2\">15:00 - 17:00<br \/>\n(Talentf\u00f6rderung)<\/td><td class=\"column-3\">Max-Planck-Gymnasium<\/td><td class=\"column-4\">Uwe Altenborg<\/td><td class=\"column-5\">uwe.altenborg[a]hsb1846.de<\/td>\n<\/tr>\n<\/tbody>\n<\/table>\n<!-- #tablepress-7m2 from cache -->\n\n\n\n<div style=\"height:28px\" aria-hidden=\"true\" class=\"wp-block-spacer\"><\/div>\n\n\n\n<p style=\"font-size:25px\">m\u00e4nnliche Jugend U17-U20 (Jg. 2007-2011)<\/p>\n\n\n\n<table id=\"tablepress-7m3\" class=\"tablepress tablepress-id-7m3\">\n<thead>\n<tr class=\"row-1\">\n\t<th class=\"column-1\">Wochentag<\/th><th class=\"column-2\">Uhrzeit<\/th><th class=\"column-3\">Trainingsort<\/th><th class=\"column-4\">Leitung<\/th><th class=\"column-5\">Kontakt<\/th>\n<\/tr>\n<\/thead>\n<tbody class=\"row-striping row-hover\">\n<tr class=\"row-2\">\n\t<td class=\"column-1\">Dienstag<\/td><td class=\"column-2\">19:00 - 21:00<\/td><td class=\"column-3\">Hellenstein-Gymnasium<\/td><td class=\"column-4\">Uwe Altenborg<\/td><td class=\"column-5\">uwe.altenborg[a]hsb1846.de<\/td>\n<\/tr>\n<tr class=\"row-3\">\n\t<td class=\"column-1\">Freitag<\/td><td class=\"column-2\">20:00 - 22:00<\/td><td class=\"column-3\">Bibrishalle Herbrechtingen<\/td><td class=\"column-4\">Ayke Rudolph<\/td><td class=\"column-5\"><\/td>\n<\/tr>\n<\/tbody>\n<\/table>\n<!-- #tablepress-7m3 from cache -->\n\n\n\n<div style=\"height:60px\" aria-hidden=\"true\" class=\"wp-block-spacer\"><\/div>\n\n\n\n<h3 class=\"wp-block-heading\"><strong>Angebot in Giengen<\/strong> (nach Alter sortiert)<\/h3>\n\n\n\n<div style=\"height:28px\" aria-hidden=\"true\" class=\"wp-block-spacer\"><\/div>\n\n\n\n<p style=\"font-size:25px\">m\u00e4nnliche Jugend (U8, Jahrg\u00e4nge 2017 und j\u00fcnger)<\/p>\n\n\n\n<table id=\"tablepress-7m4\" class=\"tablepress tablepress-id-7m4\">\n<thead>\n<tr class=\"row-1\">\n\t<th class=\"column-1\">Wochentag<\/th><th class=\"column-2\">Uhrzeit<\/th><th class=\"column-3\">Trainingsort<\/th><th class=\"column-4\">Leitung<\/th><th class=\"column-5\">Kontakt<\/th>\n<\/tr>\n<\/thead>\n<tbody class=\"row-striping row-hover\">\n<tr class=\"row-2\">\n\t<td class=\"column-1\">Donnerstag<\/td><td class=\"column-2\">16:30 - 17:30<\/td><td class=\"column-3\">Bergschule<\/td><td class=\"column-4\">Bert Fr\u00e4sdorf<br \/>\nTanja Edel<\/td><td class=\"column-5\">volleyball-giengen[a]web.de<\/td>\n<\/tr>\n<\/tbody>\n<\/table>\n<!-- #tablepress-7m4 from cache -->\n\n\n\n<div style=\"height:28px\" aria-hidden=\"true\" class=\"wp-block-spacer\"><\/div>\n\n\n\n<p style=\"font-size:25px\">m\u00e4nnliche Jugend (U9-U11, Jahrg\u00e4nge 2016 und j\u00fcnger)<\/p>\n\n\n\n<table id=\"tablepress-7m5\" class=\"tablepress tablepress-id-7m5\">\n<thead>\n<tr class=\"row-1\">\n\t<th class=\"column-1\">Wochentag<\/th><th class=\"column-2\">Uhrzeit<\/th><th class=\"column-3\">Trainingsort<\/th><th class=\"column-4\">Leitung<\/th><th class=\"column-5\">Kontakt<\/th>\n<\/tr>\n<\/thead>\n<tbody class=\"row-striping row-hover\">\n<tr class=\"row-2\">\n\t<td class=\"column-1\">Dienstag<\/td><td class=\"column-2\">17:45 - 19:30<\/td><td class=\"column-3\">Walter-Schmid-Halle<\/td><td class=\"column-4\">S\u00f6ren Eichberg<br \/>\nSusanne Leistner<\/td><td class=\"column-5\">volleyball-giengen[a]web.de<\/td>\n<\/tr>\n<tr class=\"row-3\">\n\t<td class=\"column-1\">Donnerstag<\/td><td class=\"column-2\">17:30 - 19:00<\/td><td class=\"column-3\">Bergschule<\/td><td class=\"column-4\">Bert Fr\u00e4sdorf<br \/>\nTanja Edel<\/td><td class=\"column-5\">volleyball-giengen[a]web.de<\/td>\n<\/tr>\n<\/tbody>\n<\/table>\n<!-- #tablepress-7m5 from cache -->\n\n\n\n<div style=\"height:28px\" aria-hidden=\"true\" class=\"wp-block-spacer\"><\/div>\n\n\n\n<p style=\"font-size:25px\">m\u00e4nnliche Jugend (U14-U17, Jahrg\u00e4nge 2010 und j\u00fcnger)<\/p>\n\n\n\n<table id=\"tablepress-7m6\" class=\"tablepress tablepress-id-7m6\">\n<thead>\n<tr class=\"row-1\">\n\t<th class=\"column-1\">Wochentag<\/th><th class=\"column-2\">Uhrzeit<\/th><th class=\"column-3\">Trainingsort<\/th><th class=\"column-4\">Leitung<\/th><th class=\"column-5\">Kontakt<\/th>\n<\/tr>\n<\/thead>\n<tbody class=\"row-striping row-hover\">\n<tr class=\"row-2\">\n\t<td class=\"column-1\">Montag<\/td><td class=\"column-2\">17:45 - 19:30<\/td><td class=\"column-3\">Walter-Schmid-Halle<\/td><td class=\"column-4\">Bert Fr\u00e4sdorf<\/td><td class=\"column-5\">volleyball-giengen[a]web.de<\/td>\n<\/tr>\n<\/tbody>\n<\/table>\n<!-- #tablepress-7m6 from cache -->\n\n\n\n<div style=\"height:60px\" aria-hidden=\"true\" class=\"wp-block-spacer\"><\/div>\n\n\n\n<h3 class=\"wp-block-heading\"><strong>Angebot in Dettingen<\/strong> (nach Alter sortiert)<\/h3>\n\n\n\n<div style=\"height:28px\" aria-hidden=\"true\" class=\"wp-block-spacer\"><\/div>\n\n\n\n<p style=\"font-size:25px\">Volleyball Ballschule (Grundschule, sportart\u00fcbergreifend)<\/p>\n\n\n\n<table id=\"tablepress-7m7\" class=\"tablepress tablepress-id-7m7\">\n<thead>\n<tr class=\"row-1\">\n\t<th class=\"column-1\">Wochentag<\/th><th class=\"column-2\">Uhrzeit<\/th><th class=\"column-3\">Trainingsort<\/th><th class=\"column-4\">Leitung<\/th><th class=\"column-5\">Kontakt<\/th>\n<\/tr>\n<\/thead>\n<tbody class=\"row-striping row-hover\">\n<tr class=\"row-2\">\n\t<td class=\"column-1\">Montag<\/td><td class=\"column-2\">16:00 - 17:00<\/td><td class=\"column-3\">Lindenhalle<\/td><td class=\"column-4\">Rolf Grimm<\/td><td class=\"column-5\">rolf[a]grimm.to<\/td>\n<\/tr>\n<\/tbody>\n<\/table>\n<!-- #tablepress-7m7 from cache -->\n\n\n\n<div style=\"height:28px\" aria-hidden=\"true\" class=\"wp-block-spacer\"><\/div>\n\n\n\n<p style=\"font-size:25px\">Volleyball \u201eVolley Kids\u201c (Klassen 1-6)<\/p>\n\n\n\n<table id=\"tablepress-7m8\" class=\"tablepress tablepress-id-7m8\">\n<thead>\n<tr class=\"row-1\">\n\t<th class=\"column-1\">Wochentag<\/th><th class=\"column-2\">Uhrzeit<\/th><th class=\"column-3\">Trainingsort<\/th><th class=\"column-4\">Leitung<\/th><th class=\"column-5\">Kontakt<\/th>\n<\/tr>\n<\/thead>\n<tbody class=\"row-striping row-hover\">\n<tr class=\"row-2\">\n\t<td class=\"column-1\">Montag<\/td><td class=\"column-2\">16:15 - 17:15<\/td><td class=\"column-3\">Lindenhalle<\/td><td class=\"column-4\">Anbdrea Grimm<\/td><td class=\"column-5\">rolf[a]grimm.to<\/td>\n<\/tr>\n<\/tbody>\n<\/table>\n<!-- #tablepress-7m8 from cache -->\n\n\n\n<p><\/p>\n","protected":false},"excerpt":{"rendered":"<p>W\u00e4hrend mehrw\u00f6chiger Schulferien (Weihnachten, Ostern, Pfingsten, Sommer) findet kein Hallentraining statt. Unsere m\u00e4nnliche Jugend Unser Trainingsangebot im Rahmen unserer Spielgemeinschaft in der SG VolleyAlb-Brenztal f\u00fcr Kinder und Jugendliche auf Heidenheim, Dettingen, Gussenstadt und Giengen verteilt. Ihr habt die freie Wahl! In den Sommermonaten findet das Training wetterabh\u00e4ngig auch auf den Beachpl\u00e4tzen (z.B. hsb-Sportpark) statt. Angebot [&hellip;]<\/p>\n","protected":false},"author":28,"featured_media":0,"parent":4431,"menu_order":0,"comment_status":"closed","ping_status":"closed","template":"","meta":{"footnotes":""},"class_list":["post-18056","page","type-page","status-publish","hentry"],"aioseo_notices":[],"_links":{"self":[{"href":"https:\/\/hsb1846.de\/en\/wp-json\/wp\/v2\/pages\/18056","targetHints":{"allow":["GET"]}}],"collection":[{"href":"https:\/\/hsb1846.de\/en\/wp-json\/wp\/v2\/pages"}],"about":[{"href":"https:\/\/hsb1846.de\/en\/wp-json\/wp\/v2\/types\/page"}],"author":[{"embeddable":true,"href":"https:\/\/hsb1846.de\/en\/wp-json\/wp\/v2\/users\/28"}],"replies":[{"embeddable":true,"href":"https:\/\/hsb1846.de\/en\/wp-json\/wp\/v2\/comments?post=18056"}],"version-history":[{"count":11,"href":"https:\/\/hsb1846.de\/en\/wp-json\/wp\/v2\/pages\/18056\/revisions"}],"predecessor-version":[{"id":20206,"href":"https:\/\/hsb1846.de\/en\/wp-json\/wp\/v2\/pages\/18056\/revisions\/20206"}],"up":[{"embeddable":true,"href":"https:\/\/hsb1846.de\/en\/wp-json\/wp\/v2\/pages\/4431"}],"wp:attachment":[{"href":"https:\/\/hsb1846.de\/en\/wp-json\/wp\/v2\/media?parent=18056"}],"curies":[{"name":"wp","href":"https:\/\/api.w.org\/{rel}","templated":true}]}}