{"id":18285,"date":"2025-10-13T18:19:12","date_gmt":"2025-10-13T16:19:12","guid":{"rendered":"https:\/\/hsb1846.de\/?page_id=18285"},"modified":"2025-10-13T18:19:12","modified_gmt":"2025-10-13T16:19:12","slug":"luisa-donisz-erklaert","status":"publish","type":"page","link":"https:\/\/hsb1846.de\/en\/luisa-donisz-erklaert\/","title":{"rendered":"Luisa Donisz erkl\u00e4rt&#8230;"},"content":{"rendered":"<p class=\"has-medium-font-size\"><\/p>\n\n\n\n<p class=\"has-medium-font-size\">\u201eIn unserem Training der Rhythmischen Sportgymnastik lege ich gro\u00dfen Wert auf Abwechslung, Gesundheitsf\u00f6rderung und Leistungsorientierung. Unter meiner Leitung arbeiten die Gymnastinnen gezielt an Ganzk\u00f6rperkraft, Stabilit\u00e4t und Beweglichkeit. Ein fester Bestandteil ist<\/p>\n\n\n\n<p class=\"has-medium-font-size\">au\u00dferdem das Ballett, das Eleganz, Haltung und Rhythmusgef\u00fchl f\u00f6rdert.\u201c<\/p>\n\n\n\n<p><\/p>\n\n\n\n<p class=\"has-medium-font-size\">\u201eSchritt f\u00fcr Schritt lernen die M\u00e4dchen den Umgang mit Ball, Band, Seil, Reifen und Keulen \u2013 von<\/p>\n\n\n\n<p class=\"has-medium-font-size\">den Grundlagen bis hin zu anspruchsvollen Techniken. Dabei werden nicht nur Kraft,<\/p>\n\n\n\n<p class=\"has-medium-font-size\">Koordination und Ausdauer geschult, sondern auch Konzentration, Disziplin, K\u00f6rperbewusstsein<\/p>\n\n\n\n<p class=\"has-medium-font-size\">und Selbstvertrauen entwickelt.\u201c<\/p>\n\n\n\n<p><\/p>\n\n\n\n<p class=\"has-medium-font-size\">\u201eWas die RSG besonders macht, ist die Verbindung von Sport, Musik und Ausdruck. Dadurch<\/p>\n\n\n\n<p class=\"has-medium-font-size\">entsteht ein Training, das sowohl K\u00f6rper als auch Geist gleicherma\u00dfen fordert und f\u00f6rdert.\u201c<\/p>\n\n\n\n<p><\/p>\n\n\n\n<p class=\"has-medium-font-size\">\u201eKinder ab 6 Jahren k\u00f6nnen bei uns einsteigen und die faszinierende Welt der RSG kennenlernen.<\/p>\n\n\n\n<p class=\"has-medium-font-size\">Auch erwachsene Frauen profitieren von den positiven Effekten dieser Sportart. Trotz aller<\/p>\n\n\n\n<p class=\"has-medium-font-size\">Leistungsorientierung steht f\u00fcr mich immer der Spa\u00df an der Bewegung im Vordergrund \u2013 die<\/p>\n\n\n\n<p class=\"has-medium-font-size\">Halle soll ein Ort sein, an dem sich alle wohlf\u00fchlen, entfalten und gemeinsam Fortschritte erleben<\/p>\n\n\n\n<p class=\"has-medium-font-size\">k\u00f6nnen.&#8220;<\/p>","protected":false},"excerpt":{"rendered":"<p>\u201eIn unserem Training der Rhythmischen Sportgymnastik lege ich gro\u00dfen Wert auf Abwechslung, Gesundheitsf\u00f6rderung und Leistungsorientierung. Unter meiner Leitung arbeiten die Gymnastinnen gezielt an Ganzk\u00f6rperkraft, Stabilit\u00e4t und Beweglichkeit. Ein fester Bestandteil ist au\u00dferdem das Ballett, das Eleganz, Haltung und Rhythmusgef\u00fchl f\u00f6rdert.\u201c \u201eSchritt f\u00fcr Schritt lernen die M\u00e4dchen den Umgang mit Ball, Band, Seil, Reifen und Keulen [&hellip;]<\/p>\n","protected":false},"author":2,"featured_media":0,"parent":0,"menu_order":0,"comment_status":"closed","ping_status":"closed","template":"","meta":{"footnotes":""},"class_list":["post-18285","page","type-page","status-publish","hentry"],"aioseo_notices":[],"_links":{"self":[{"href":"https:\/\/hsb1846.de\/en\/wp-json\/wp\/v2\/pages\/18285","targetHints":{"allow":["GET"]}}],"collection":[{"href":"https:\/\/hsb1846.de\/en\/wp-json\/wp\/v2\/pages"}],"about":[{"href":"https:\/\/hsb1846.de\/en\/wp-json\/wp\/v2\/types\/page"}],"author":[{"embeddable":true,"href":"https:\/\/hsb1846.de\/en\/wp-json\/wp\/v2\/users\/2"}],"replies":[{"embeddable":true,"href":"https:\/\/hsb1846.de\/en\/wp-json\/wp\/v2\/comments?post=18285"}],"version-history":[{"count":1,"href":"https:\/\/hsb1846.de\/en\/wp-json\/wp\/v2\/pages\/18285\/revisions"}],"predecessor-version":[{"id":18286,"href":"https:\/\/hsb1846.de\/en\/wp-json\/wp\/v2\/pages\/18285\/revisions\/18286"}],"wp:attachment":[{"href":"https:\/\/hsb1846.de\/en\/wp-json\/wp\/v2\/media?parent=18285"}],"curies":[{"name":"wp","href":"https:\/\/api.w.org\/{rel}","templated":true}]}}