{"id":18928,"date":"2025-12-22T15:14:38","date_gmt":"2025-12-22T14:14:38","guid":{"rendered":"https:\/\/hsb1846.de\/?page_id=18928"},"modified":"2026-03-24T10:19:14","modified_gmt":"2026-03-24T09:19:14","slug":"anfaengerkurs-erwachsene","status":"publish","type":"page","link":"https:\/\/hsb1846.de\/en\/home\/abteilungen\/fechten\/training-camps\/anfaengerkurs-erwachsene\/","title":{"rendered":"Anf\u00e4ngerkurs Erwachsene"},"content":{"rendered":"<p><span style=\"font-size: 20px;\"><strong>Ein neuer Anf\u00e4ngerkurs f\u00fcr alle Erwachsenen startet im Herbst 2026<\/strong><\/span><\/p>\n<p><span style=\"font-size: 20px;\"><strong>Alle weiteren Informationen und die Anmeldung folgen im Zukunft \u00fcber diese Seite.<\/strong><\/span><\/p>\n<p><span style=\"font-size: 20px;\"><strong>Ansprechpartner: Frank Sch\u00f6nborn\u00a0<\/strong><\/span><\/p>\n<p><span style=\"font-size: 20px;\"><strong>Email: <a href=\"mailto:bf_schoenborn@t-online.de\">bf_schoenborn@t-online.de<\/a><\/strong><\/span><\/p>\n\n\n<p><\/p>","protected":false},"excerpt":{"rendered":"<p>Ein neuer Anf\u00e4ngerkurs f\u00fcr alle Erwachsenen startet im Herbst 2026 Alle weiteren Informationen und die Anmeldung folgen im Zukunft \u00fcber diese Seite. Ansprechpartner: Frank Sch\u00f6nborn\u00a0 Email: bf_schoenborn@t-online.de<\/p>","protected":false},"author":2,"featured_media":0,"parent":8999,"menu_order":3,"comment_status":"closed","ping_status":"closed","template":"","meta":{"footnotes":""},"class_list":["post-18928","page","type-page","status-publish","hentry"],"aioseo_notices":[],"_links":{"self":[{"href":"https:\/\/hsb1846.de\/en\/wp-json\/wp\/v2\/pages\/18928","targetHints":{"allow":["GET"]}}],"collection":[{"href":"https:\/\/hsb1846.de\/en\/wp-json\/wp\/v2\/pages"}],"about":[{"href":"https:\/\/hsb1846.de\/en\/wp-json\/wp\/v2\/types\/page"}],"author":[{"embeddable":true,"href":"https:\/\/hsb1846.de\/en\/wp-json\/wp\/v2\/users\/2"}],"replies":[{"embeddable":true,"href":"https:\/\/hsb1846.de\/en\/wp-json\/wp\/v2\/comments?post=18928"}],"version-history":[{"count":3,"href":"https:\/\/hsb1846.de\/en\/wp-json\/wp\/v2\/pages\/18928\/revisions"}],"predecessor-version":[{"id":19739,"href":"https:\/\/hsb1846.de\/en\/wp-json\/wp\/v2\/pages\/18928\/revisions\/19739"}],"up":[{"embeddable":true,"href":"https:\/\/hsb1846.de\/en\/wp-json\/wp\/v2\/pages\/8999"}],"wp:attachment":[{"href":"https:\/\/hsb1846.de\/en\/wp-json\/wp\/v2\/media?parent=18928"}],"curies":[{"name":"wp","href":"https:\/\/api.w.org\/{rel}","templated":true}]}}