{"id":18932,"date":"2025-12-22T15:15:36","date_gmt":"2025-12-22T14:15:36","guid":{"rendered":"https:\/\/hsb1846.de\/?page_id=18932"},"modified":"2026-04-16T16:54:24","modified_gmt":"2026-04-16T14:54:24","slug":"wfb-ig-lehrgaenge","status":"publish","type":"page","link":"https:\/\/hsb1846.de\/en\/home\/abteilungen\/fechten\/training-camps\/wfb-ig-lehrgaenge\/","title":{"rendered":"WFB\/IG Lehrg\u00e4nge"},"content":{"rendered":"<p>Der w\u00fcrttembergische Fechterbund richtet jedes Jahr Lehrg\u00e4nge aus, die in einer Pr\u00fcfung f\u00fcr den n\u00e4chsten C Fechttrainer enden. Hier die aktuellen Ausschreibungen zum Pr\u00fcfungslehrgang.<\/p>\n\n\n<p style=\"text-align: center;\"><span style=\"font-size: 20px;\"><strong>Impressionen vom Talentsichtungslehrgang der Altersklassen U13 bis U11 vom 7. bis 10. April 2026 im Fechtzentrum Heidenheim\u00a0<\/strong><\/span><\/p>\n\n\n<p><\/p>\n\n\n\n<p><\/p>\n\n\n\n<figure class=\"wp-block-image size-large\"><img loading=\"lazy\" decoding=\"async\" width=\"1440\" height=\"1080\" src=\"https:\/\/hsb1846.de\/wp-content\/uploads\/2026\/04\/WhatsApp-Image-2026-04-10-at-12.55.35-2-1440x1080.jpeg\" alt=\"\" class=\"wp-image-20074\" srcset=\"https:\/\/hsb1846.de\/wp-content\/uploads\/2026\/04\/WhatsApp-Image-2026-04-10-at-12.55.35-2-1440x1080.jpeg 1440w, https:\/\/hsb1846.de\/wp-content\/uploads\/2026\/04\/WhatsApp-Image-2026-04-10-at-12.55.35-2-300x225.jpeg 300w, https:\/\/hsb1846.de\/wp-content\/uploads\/2026\/04\/WhatsApp-Image-2026-04-10-at-12.55.35-2-768x576.jpeg 768w, https:\/\/hsb1846.de\/wp-content\/uploads\/2026\/04\/WhatsApp-Image-2026-04-10-at-12.55.35-2-1536x1152.jpeg 1536w, https:\/\/hsb1846.de\/wp-content\/uploads\/2026\/04\/WhatsApp-Image-2026-04-10-at-12.55.35-2-16x12.jpeg 16w, https:\/\/hsb1846.de\/wp-content\/uploads\/2026\/04\/WhatsApp-Image-2026-04-10-at-12.55.35-2.jpeg 2048w\" sizes=\"auto, (max-width: 1440px) 100vw, 1440px\" \/><\/figure>\n\n\n<p style=\"text-align: center;\"><span style=\"font-size: 20px;\"><strong>Talentsichtungslehrg\u00e4nge im Degen des W\u00fcrttembergischen Fechterbundes\u00a0<\/strong><\/span><\/p>\n<p style=\"text-align: center;\"><span style=\"font-size: 30px;\"><strong>Einladung Talentsichtung Degen W\u00fcrttembergischer Fechterbund in der Saison 2025 &#8211; 2026<\/strong><\/span><\/p>\n<p>In den Pfingstferien findet vom <strong>26.05 bis 30.05.2026<\/strong> \u00a0im Landesleistungszentrum in Heidenheim ein Lehrgang im <strong>Damen- und Herrendegen<\/strong> f\u00fcr <strong>U13 und U15 <\/strong>im Degenfechten statt. Es wird ein abwechslungsreiches Training angeboten. Eingeladen sind hierzu Fechter aus W\u00fcrttemberg der Jahrg\u00e4nge 2011 bis 2014.\u00a0<\/p>\n\n\n<div class=\"wp-block-columns is-layout-flex wp-container-core-columns-is-layout-9d6595d7 wp-block-columns-is-layout-flex\">\n<div class=\"wp-block-column is-layout-flow wp-block-column-is-layout-flow\" style=\"flex-basis:33.33%\">\n<p><strong>Termin<\/strong><\/p>\n<\/div>\n\n\n\n<div class=\"wp-block-column is-layout-flow wp-block-column-is-layout-flow\" style=\"flex-basis:66.66%\">\n<p>Beginn: \u00a0\u00a0\u00a0\u00a0\u00a0\u00a0\u00a0\u00a0\u00a0\u00a0\u00a0\u00a0\u00a0\u00a0 Dienstag, \u00a0\u00a0\u00a0\u00a0\u00a0\u00a0 <strong>26. Mai 2026<\/strong>, 10:00 Uhr im FZ<\/p>\n<p>Ende:\u00a0 \u00a0 \u00a0 \u00a0 \u00a0 \u00a0 \u00a0 \u00a0 \u00a0 \u00a0 Freitag,\u00a0 \u00a0 \u00a0 \u00a0 \u00a0 \u00a0 <strong>30. Mai 2025<\/strong>, 16:00 Uhr ab FZ<\/p>\n<\/div>\n<\/div>\n\n\n\n<div class=\"wp-block-columns is-layout-flex wp-container-core-columns-is-layout-9d6595d7 wp-block-columns-is-layout-flex\">\n<div class=\"wp-block-column is-layout-flow wp-block-column-is-layout-flow\" style=\"flex-basis:33.33%\">\n<p><strong>Meldeschluss<\/strong><\/p>\n<\/div>\n\n\n\n<div class=\"wp-block-column is-layout-flow wp-block-column-is-layout-flow\" style=\"flex-basis:66.66%\">\n<p><strong>Bis 01. Mai 2026<\/strong><\/p>\n<\/div>\n<\/div>\n\n\n\n<p><\/p>\n\n\n\n<div class=\"wp-block-columns is-layout-flex wp-container-core-columns-is-layout-9d6595d7 wp-block-columns-is-layout-flex\">\n<div class=\"wp-block-column is-layout-flow wp-block-column-is-layout-flow\" style=\"flex-basis:33.33%\">\n<p><strong>Training\u00a0<\/strong><\/p>\n<\/div>\n\n\n\n<div class=\"wp-block-column is-layout-flow wp-block-column-is-layout-flow\" style=\"flex-basis:66.66%\">\n<p>Konditionstraining, Beinarbeit,, Rundenfechten, Gruppen &#8211; und Einzeltraining\u00a0<\/p>\n<\/div>\n<\/div>\n\n\n\n<p><\/p>\n\n\n\n<div class=\"wp-block-columns is-layout-flex wp-container-core-columns-is-layout-9d6595d7 wp-block-columns-is-layout-flex\">\n<div class=\"wp-block-column is-layout-flow wp-block-column-is-layout-flow\" style=\"flex-basis:33.33%\">\n<p><strong>Ausr\u00fcstung<\/strong><\/p>\n<\/div>\n\n\n\n<div class=\"wp-block-column is-layout-flow wp-block-column-is-layout-flow\" style=\"flex-basis:66.66%\">\n<p>Komplette elektrische Ausr\u00fcstung mit mindestens zwei Waffen, Fechtanzug (FIE), Trainingsanzug, Turnschuhe f\u00fcr Waldlauf, Badekleidung, wetterfeste Kleidung.<\/p>\n<\/div>\n<\/div>\n\n\n\n<p><\/p>\n\n\n\n<div class=\"wp-block-columns is-layout-flex wp-container-core-columns-is-layout-9d6595d7 wp-block-columns-is-layout-flex\">\n<div class=\"wp-block-column is-layout-flow wp-block-column-is-layout-flow\" style=\"flex-basis:33.33%\">\n<p><strong>Kosten<\/strong><\/p>\n<\/div>\n\n\n\n<div class=\"wp-block-column is-layout-flow wp-block-column-is-layout-flow\" style=\"flex-basis:66.66%\">\n<p>Die Teilnahmegeb\u00fchr f\u00fcr den Tasi-Lg 2026 <strong>betr\u00e4gt 150 \u20ac <\/strong>(Externe Teilnehmer) und <strong>65\u20ac <\/strong>(f\u00fcr Mitglieder der Fechtabteilung des Heidenheimer Sportbundes), (Essen und \u00dcbernachtung im TASTE &#8211; Hotel inkl. Wasser) und ist auf das Konto der hsb-Fechtabteilung mit der IBAN DE31 6325 0030 0000 8381 62 \/ BIC SOLADES1HDH\u00a0 zu \u00fcberweisen. Bei der \u00dcberweisung bitte folgendes Kennwort eingeben: 26053005Tasi2526\u00a0<\/p>\n<p><strong>Meldungen\u00a0<\/strong><strong>ohne \u00dcberweisung finden keine Ber\u00fccksichtigung.<\/strong><\/p>\n<\/div>\n<\/div>\n\n\n\n<div class=\"wp-block-columns is-layout-flex wp-container-core-columns-is-layout-9d6595d7 wp-block-columns-is-layout-flex\">\n<div class=\"wp-block-column is-layout-flow wp-block-column-is-layout-flow\">\n<p>Thomas Zimmermann\u00a0<\/p>\n<p>Landestrainer Herrendegen\u00a0<\/p>\n\n\n\n<p><\/p>\n\n\n\n<p><\/p>\n<\/div>\n\n\n\n<div class=\"wp-block-column is-layout-flow wp-block-column-is-layout-flow\">\n<p>Alina Zelentsova<\/p>\n<p>Landestrainerin Damendegen\u00a0<\/p>\n<\/div>\n<\/div>\n\n\n\n<figure class=\"wp-block-image size-full is-resized\"><img loading=\"lazy\" decoding=\"async\" width=\"201\" height=\"102\" src=\"https:\/\/hsb1846.de\/wp-content\/uploads\/2026\/02\/Bild1.png\" alt=\"\" class=\"wp-image-19429\" style=\"width:201px;height:auto\" srcset=\"https:\/\/hsb1846.de\/wp-content\/uploads\/2026\/02\/Bild1.png 201w, https:\/\/hsb1846.de\/wp-content\/uploads\/2026\/02\/Bild1-18x9.png 18w\" sizes=\"auto, (max-width: 201px) 100vw, 201px\" \/><\/figure>\n\n\n\n<p><\/p>\n\n\n\n<p><\/p>\n\n\n\n<div class=\"wp-block-columns is-layout-flex wp-container-core-columns-is-layout-9d6595d7 wp-block-columns-is-layout-flex\">\n<div class=\"wp-block-column is-layout-flow wp-block-column-is-layout-flow\">\n<figure class=\"wp-block-image size-large is-resized\"><img loading=\"lazy\" decoding=\"async\" width=\"983\" height=\"1080\" src=\"https:\/\/hsb1846.de\/wp-content\/uploads\/2025\/05\/1000008181-983x1080.jpg\" alt=\"\" class=\"wp-image-17311\" style=\"aspect-ratio:0.9101863528093036;width:213px;height:auto\" srcset=\"https:\/\/hsb1846.de\/wp-content\/uploads\/2025\/05\/1000008181-983x1080.jpg 983w, https:\/\/hsb1846.de\/wp-content\/uploads\/2025\/05\/1000008181-273x300.jpg 273w, https:\/\/hsb1846.de\/wp-content\/uploads\/2025\/05\/1000008181-768x843.jpg 768w, https:\/\/hsb1846.de\/wp-content\/uploads\/2025\/05\/1000008181-11x12.jpg 11w, https:\/\/hsb1846.de\/wp-content\/uploads\/2025\/05\/1000008181.jpg 1080w\" sizes=\"auto, (max-width: 983px) 100vw, 983px\" \/><\/figure>\n<\/div>\n\n\n\n<div class=\"wp-block-column is-layout-flow wp-block-column-is-layout-flow\">\n<figure class=\"wp-block-image size-large is-resized\"><img loading=\"lazy\" decoding=\"async\" width=\"1088\" height=\"1080\" src=\"https:\/\/hsb1846.de\/wp-content\/uploads\/2025\/05\/1000008154-1-1088x1080.jpg\" alt=\"\" class=\"wp-image-17322\" style=\"aspect-ratio:1.0074441687344913;width:236px;height:auto\" srcset=\"https:\/\/hsb1846.de\/wp-content\/uploads\/2025\/05\/1000008154-1-1088x1080.jpg 1088w, https:\/\/hsb1846.de\/wp-content\/uploads\/2025\/05\/1000008154-1-300x298.jpg 300w, https:\/\/hsb1846.de\/wp-content\/uploads\/2025\/05\/1000008154-1-150x150.jpg 150w, https:\/\/hsb1846.de\/wp-content\/uploads\/2025\/05\/1000008154-1-768x762.jpg 768w, https:\/\/hsb1846.de\/wp-content\/uploads\/2025\/05\/1000008154-1-1536x1525.jpg 1536w, https:\/\/hsb1846.de\/wp-content\/uploads\/2025\/05\/1000008154-1-2048x2033.jpg 2048w, https:\/\/hsb1846.de\/wp-content\/uploads\/2025\/05\/1000008154-1-12x12.jpg 12w\" sizes=\"auto, (max-width: 1088px) 100vw, 1088px\" \/><\/figure>\n<\/div>\n<\/div>\n\n\n\n<p><\/p>\n\n\n\n<p><strong>Download Einladung Talentsichtungslehrg\u00e4nge:<\/strong><\/p>\n\n\n\n<p><strong>26.05 bis 30.05.2026<\/strong>:<a href=\"https:\/\/hsb1846.de\/wp-content\/uploads\/2026\/02\/2026_05_26-30-Tasi-WFB-Einladung.pdf\" target=\"_blank\" rel=\"noopener\" title=\"\"> https:\/\/hsb1846.de\/wp-content\/uploads\/2026\/02\/2026_05_26-30-Tasi-WFB-Einladung.pdf<\/a><\/p>\n\n\n\n<p><\/p>\n\n\n\n<div class=\"wp-block-columns is-layout-flex wp-container-core-columns-is-layout-9d6595d7 wp-block-columns-is-layout-flex\">\n<div class=\"wp-block-column is-layout-flow wp-block-column-is-layout-flow\" style=\"flex-basis:33.33%\">\n<p>Training\u00a0<\/p>\n<\/div>\n\n\n\n<div class=\"wp-block-column is-layout-flow wp-block-column-is-layout-flow\" style=\"flex-basis:66.66%\">\n<p>Konditionstraining, Beinarbeit,, Rundenfechten, Gruppen &#8211; und Einzeltraining\u00a0<\/p>\n<\/div>\n<\/div>\n\n\n\n<p><\/p>","protected":false},"excerpt":{"rendered":"<p>Der w\u00fcrttembergische Fechterbund richtet jedes Jahr Lehrg\u00e4nge aus, die in einer Pr\u00fcfung f\u00fcr den n\u00e4chsten C Fechttrainer enden. Hier die aktuellen Ausschreibungen zum Pr\u00fcfungslehrgang. Impressionen vom Talentsichtungslehrgang der Altersklassen U13 bis U11 vom 7. bis 10. April 2026 im Fechtzentrum Heidenheim\u00a0 Talentsichtungslehrg\u00e4nge im Degen des W\u00fcrttembergischen Fechterbundes\u00a0 Einladung Talentsichtung Degen W\u00fcrttembergischer Fechterbund in der Saison [&hellip;]<\/p>\n","protected":false},"author":2,"featured_media":0,"parent":8999,"menu_order":0,"comment_status":"closed","ping_status":"closed","template":"","meta":{"footnotes":""},"class_list":["post-18932","page","type-page","status-publish","hentry"],"aioseo_notices":[],"_links":{"self":[{"href":"https:\/\/hsb1846.de\/en\/wp-json\/wp\/v2\/pages\/18932","targetHints":{"allow":["GET"]}}],"collection":[{"href":"https:\/\/hsb1846.de\/en\/wp-json\/wp\/v2\/pages"}],"about":[{"href":"https:\/\/hsb1846.de\/en\/wp-json\/wp\/v2\/types\/page"}],"author":[{"embeddable":true,"href":"https:\/\/hsb1846.de\/en\/wp-json\/wp\/v2\/users\/2"}],"replies":[{"embeddable":true,"href":"https:\/\/hsb1846.de\/en\/wp-json\/wp\/v2\/comments?post=18932"}],"version-history":[{"count":22,"href":"https:\/\/hsb1846.de\/en\/wp-json\/wp\/v2\/pages\/18932\/revisions"}],"predecessor-version":[{"id":20169,"href":"https:\/\/hsb1846.de\/en\/wp-json\/wp\/v2\/pages\/18932\/revisions\/20169"}],"up":[{"embeddable":true,"href":"https:\/\/hsb1846.de\/en\/wp-json\/wp\/v2\/pages\/8999"}],"wp:attachment":[{"href":"https:\/\/hsb1846.de\/en\/wp-json\/wp\/v2\/media?parent=18932"}],"curies":[{"name":"wp","href":"https:\/\/api.w.org\/{rel}","templated":true}]}}