{"id":18934,"date":"2025-12-22T15:16:12","date_gmt":"2025-12-22T14:16:12","guid":{"rendered":"https:\/\/hsb1846.de\/?page_id=18934"},"modified":"2026-04-17T10:31:57","modified_gmt":"2026-04-17T08:31:57","slug":"heidenheimer-pokal-internationales-camp","status":"publish","type":"page","link":"https:\/\/hsb1846.de\/en\/home\/abteilungen\/fechten\/training-camps\/heidenheimer-pokal-internationales-camp\/","title":{"rendered":"Heidenheimer Pokal Internationales Trainingscamp"},"content":{"rendered":"<p class=\"has-medium-font-size\"><\/p>\n\n\n\n<p><\/p>\n\n\n<p><strong>In the week before the Worldcup, an international training camp will start again at the Heidenheim fencing center in spring 2027!<\/strong><\/p>\n<p><strong>Here are some impressions of the international traing camp for the Worldcup 72nd Heidenheimer Pokal:\u00a0<\/strong><\/p>\n<p><a href=\"https:\/\/www.instagram.com\/p\/DUFSxEtjJ34\/\" target=\"_blank\" rel=\"nofollow noopener\">https:\/\/www.instagram.com\/p\/DUFSxEtjJ34\/<\/a><\/p>\n<p><a href=\"https:\/\/www.instagram.com\/p\/DUISfSXDBVk\/\" target=\"_blank\" rel=\"nofollow noopener\">https:\/\/www.instagram.com\/p\/DUISfSXDBVk\/<\/a><\/p>\n<p><a href=\"https:\/\/www.instagram.com\/p\/DUK4RMGDLHS\/\" target=\"_blank\" rel=\"nofollow noopener\">https:\/\/www.instagram.com\/p\/DUK4RMGDLHS\/<\/a><\/p>\n<p><a href=\"https:\/\/www.instagram.com\/p\/DUPmzFmjKhr\/\" target=\"_blank\" rel=\"nofollow noopener\">https:\/\/www.instagram.com\/p\/DUPmzFmjKhr\/<\/a><\/p>\n<p><a href=\"https:\/\/www.instagram.com\/p\/DUUzPQ2jIf2\/\" target=\"_blank\" rel=\"nofollow noopener\">https:\/\/www.instagram.com\/p\/DUUzPQ2jIf2\/<\/a><\/p>\n\n\n<figure class=\"wp-block-image size-full is-resized\"><a href=\"https:\/\/hsb1846.de\/wp-content\/uploads\/2025\/11\/2026_Ausschreibung-Trainingscamp-engl-1.pdf\" target=\"_blank\" rel=\" noreferrer noopener\"><img loading=\"lazy\" decoding=\"async\" width=\"752\" height=\"1061\" src=\"https:\/\/hsb1846.de\/wp-content\/uploads\/2025\/11\/10.jpg\" alt=\"\" class=\"wp-image-18700\" style=\"aspect-ratio:0.7087766483407824;width:840px;height:auto\" srcset=\"https:\/\/hsb1846.de\/wp-content\/uploads\/2025\/11\/10.jpg 752w, https:\/\/hsb1846.de\/wp-content\/uploads\/2025\/11\/10-213x300.jpg 213w, https:\/\/hsb1846.de\/wp-content\/uploads\/2025\/11\/10-9x12.jpg 9w\" sizes=\"auto, (max-width: 752px) 100vw, 752px\" \/><\/a><\/figure>\n\n\n\n<p class=\"has-text-align-center has-medium-font-size\"><strong><strong>Registration still possible until January 25, 2026!<\/strong><\/strong><\/p>\n\n\n\n<p class=\"has-text-align-center has-medium-font-size\"><strong>Inscription :&nbsp;<\/strong><\/p>\n\n\n\n<p class=\"has-text-align-center has-medium-font-size\"><strong><a href=\"mailto:info@fechten-heidenheim.de\">info@fechten-heidenheim.de<\/a><\/strong><\/p>\n\n\n\n<p><\/p>\n\n\n\n<p class=\"has-text-align-center has-medium-font-size\"><strong>or via the registration form<\/strong>:<\/p>\n\n\n\n<p><\/p>\n\n\n\n<p class=\"has-text-align-center has-medium-font-size\"><a href=\"https:\/\/forms.gle\/P1vWCMdpKwYizEoi6\" target=\"_blank\" rel=\"noopener\" title=\"\"><strong>https:\/\/forms.gle\/P1vWCMdpKwYizEoi6<\/strong><\/a><\/p>\n\n\n\n<p><\/p>\n\n\n\n<p class=\"has-text-align-center has-large-font-size\">Deutsche Version:<\/p>\n\n\n\n<p><\/p>\n\n\n\n<p><\/p>\n\n\n\n<p class=\"has-text-align-center has-medium-font-size\"><strong><u>Internationales Fechtcamp 2026&nbsp;<\/u><\/strong><strong><u><\/u><\/strong><\/p>\n\n\n\n<p><\/p>\n\n\n\n<p><\/p>\n\n\n\n<p class=\"has-medium-font-size\"><strong>Datum:<\/strong>&nbsp;&nbsp;&nbsp;&nbsp;&nbsp;&nbsp;&nbsp;&nbsp;&nbsp;&nbsp;&nbsp;&nbsp;26 Januar \u2013 03. Februar 2026&nbsp;<\/p>\n\n\n\n<p><\/p>\n\n\n\n<p class=\"has-medium-font-size\"><strong>Ort:<\/strong>&nbsp;&nbsp;&nbsp;&nbsp;&nbsp;&nbsp;&nbsp;&nbsp;&nbsp;&nbsp;&nbsp;&nbsp;&nbsp;&nbsp;&nbsp;&nbsp;&nbsp;&nbsp;&nbsp;Fechtzentrum Heidenheim<\/p>\n\n\n\n<p class=\"has-medium-font-size\">&nbsp;&nbsp;&nbsp;&nbsp;&nbsp;&nbsp;&nbsp;&nbsp;&nbsp;&nbsp;&nbsp;&nbsp;&nbsp;&nbsp;&nbsp;&nbsp;&nbsp;&nbsp;&nbsp;&nbsp;&nbsp;&nbsp;&nbsp;&nbsp;&nbsp;&nbsp;&nbsp;&nbsp;Virchowstra\u00dfe 28<\/p>\n\n\n\n<p class=\"has-medium-font-size\">&nbsp;&nbsp;&nbsp;&nbsp;&nbsp;&nbsp;&nbsp;&nbsp;&nbsp;&nbsp;&nbsp;&nbsp;&nbsp;&nbsp;&nbsp;&nbsp;&nbsp;&nbsp;&nbsp;&nbsp;&nbsp;&nbsp;&nbsp;&nbsp;&nbsp;&nbsp;&nbsp;&nbsp;89518 Heidenheim<\/p>\n\n\n\n<p class=\"has-medium-font-size\">&nbsp;&nbsp;&nbsp;&nbsp;&nbsp;&nbsp;&nbsp;&nbsp;&nbsp;&nbsp;&nbsp;&nbsp;&nbsp;&nbsp;&nbsp;&nbsp;&nbsp;&nbsp;&nbsp;&nbsp;&nbsp;&nbsp;&nbsp;&nbsp;&nbsp;&nbsp;&nbsp;&nbsp;Tel.: 07321 \/ 94 41 \u2013 0<\/p>\n\n\n\n<p class=\"has-medium-font-size\">&nbsp;&nbsp;&nbsp;&nbsp;&nbsp;&nbsp;&nbsp;&nbsp;&nbsp;&nbsp;&nbsp;&nbsp;&nbsp;&nbsp;&nbsp;&nbsp;&nbsp;&nbsp;&nbsp;&nbsp;&nbsp;&nbsp;&nbsp;&nbsp;&nbsp;&nbsp;&nbsp;&nbsp;Fax: 07321 \/ 94 41 &#8211; 40<\/p>\n\n\n\n<p class=\"has-medium-font-size\">&nbsp;&nbsp;&nbsp;&nbsp;&nbsp;&nbsp;&nbsp;&nbsp;&nbsp;&nbsp;&nbsp;&nbsp;&nbsp;&nbsp;&nbsp;&nbsp;&nbsp;&nbsp;&nbsp;&nbsp;&nbsp;&nbsp;&nbsp;&nbsp;&nbsp;&nbsp;&nbsp;&nbsp;www.fechten-heidenheim.de<\/p>\n\n\n\n<p><\/p>\n\n\n\n<p class=\"has-medium-font-size\"><strong>Organisation:<\/strong> Matthias Henkelmann: <a href=\"mailto:verwaltung@fechten-heidenheim.de\" title=\"\">verwaltung@fechten-heidenheim.de<\/a><\/p>\n\n\n\n<p class=\"has-medium-font-size\"><strong>Sportliche&nbsp;&nbsp;&nbsp;&nbsp;&nbsp;&nbsp;&nbsp;<\/strong> Ferenc Toth: <a href=\"mailto:ferenc.toth@fechten-heidenheim.de\" title=\"\">ferenc.toth@fechten-heidenheim.de<\/a><\/p>\n\n\n\n<p class=\"has-medium-font-size\"><strong>Leitung:<\/strong>&nbsp;&nbsp;&nbsp;&nbsp;&nbsp;&nbsp;&nbsp;&nbsp;&nbsp;&nbsp;&nbsp; Wilhelm Ewert: <a href=\"mailto:wilhelm.ewert@fechten-heidenheim.de\" title=\"\">wilhelm.ewert@fechten-heidenheim.de<\/a><\/p>\n\n\n\n<p><\/p>\n\n\n\n<p class=\"has-medium-font-size\"><strong>Trainingszeiten:         <\/strong><\/p>\n\n\n\n<p class=\"has-medium-font-size\">Vormittag: &nbsp;&nbsp;&nbsp;&nbsp;&nbsp;&nbsp;&nbsp;10:00 &#8211; 13:00 h&nbsp;&nbsp;<\/p>\n\n\n\n<p class=\"has-medium-font-size\">Nachmittag:&nbsp;&nbsp;&nbsp;&nbsp;15:00 \u2013 18:00 h&nbsp;&nbsp;&nbsp;&nbsp;&nbsp;&nbsp;&nbsp;&nbsp;&nbsp;&nbsp;&nbsp;&nbsp;&nbsp;&nbsp;&nbsp;&nbsp;&nbsp;&nbsp;&nbsp;<\/p>\n\n\n\n<p class=\"has-medium-font-size\"><strong>Kosten:<\/strong>&nbsp;&nbsp;&nbsp;&nbsp;&nbsp;Angebot nur f\u00fcr Campteilnehmer<\/p>\n\n\n\n<p><\/p>\n\n\n\n<div class=\"wp-block-columns is-layout-flex wp-container-core-columns-is-layout-9d6595d7 wp-block-columns-is-layout-flex\">\n<div class=\"wp-block-column has-medium-font-size is-layout-flow wp-block-column-is-layout-flow\">\n<p class=\"has-text-align-left\">1 Person \u00dcbernachtung im EZ mit VP\/Tag<\/p>\n\n\n\n<p class=\"has-text-align-left\">1 Person \u00dcbernachtung im DZ mit VP\/Tag<\/p>\n\n\n\n<p class=\"has-text-align-left\">1 Person Trainingstag&nbsp;&nbsp;<\/p>\n\n\n\n<p class=\"has-text-align-left\">W\u00e4sche waschen je Ladung&nbsp;<\/p>\n<\/div>\n\n\n\n<div class=\"wp-block-column has-medium-font-size is-layout-flow wp-block-column-is-layout-flow\">\n<p class=\"has-text-align-right\">130,00 \u20ac<\/p>\n\n\n\n<p class=\"has-text-align-right\">110,00 \u20ac<\/p>\n\n\n\n<p class=\"has-text-align-right\">+ 10,00 \u20ac<\/p>\n\n\n\n<p class=\"has-text-align-right\">+ 10,00 \u20ac<\/p>\n<\/div>\n<\/div>\n\n\n\n<p><\/p>\n\n\n\n<p class=\"has-medium-font-size\"><strong>Ausstattung:<\/strong> 30 elektrische Fechtbahnen, Sauna<\/p>\n\n\n\n<p><\/p>\n\n\n\n<p class=\"has-text-align-left has-medium-font-size\"><strong>Teilnehmerzahl:<\/strong> Das Hotelangebot (Taste Hotel Heidenheim) ist f\u00fcr 30 Personen reserviert. Bis zu 130 Teilnehmer k\u00f6nnen am Trainingslager teilnehmen; in diesem Fall wird ein anderes Hotel ben\u00f6tigt.<\/p>\n\n\n\n<p><\/p>\n\n\n\n<p class=\"has-text-align-left has-medium-font-size\"><strong>Anmeldung:<\/strong> per E-Mail an info@fechten-heidenheim.de oder \u00fcber den untenstehenden Link bis zum 8. Januar 2026<\/p>\n\n\n\n<p><\/p>\n\n\n\n<p class=\"has-text-align-left has-medium-font-size\">Viele Gr\u00fc\u00dfe <\/p>\n\n\n\n<p class=\"has-text-align-left has-medium-font-size\">Thomas Zimmermann <\/p>\n\n\n\n<p><\/p>\n\n\n\n<p><\/p>\n\n\n\n<p class=\"has-medium-font-size\"><strong>Download English Version: <\/strong><\/p>\n\n\n\n<p class=\"has-medium-font-size\"><a href=\"https:\/\/hsb1846.de\/wp-content\/uploads\/2025\/11\/2026_Ausschreibung-Trainingscamp-engl-1.pdf\" target=\"_blank\" rel=\"noopener\" title=\"\">https:\/\/hsb1846.de\/wp-content\/uploads\/2025\/11\/2026_Ausschreibung-Trainingscamp-engl-1.pdf<\/a><\/p>\n\n\n\n<p class=\"has-medium-font-size\"><\/p>\n\n\n\n<p class=\"has-medium-font-size\"><strong>Download German Version: <\/strong><\/p>\n\n\n\n<p class=\"has-medium-font-size\"><a href=\"https:\/\/hsb1846.de\/wp-content\/uploads\/2025\/12\/2026_Ausschreibung-Int.-Fechtcamp-deut.-Neu.pdf\" target=\"_blank\" rel=\"noopener\" title=\"\">https:\/\/hsb1846.de\/wp-content\/uploads\/2025\/12\/2026_Ausschreibung-Int.-Fechtcamp-deut.-Neu.pdf<\/a><\/p>\n\n\n\n<p class=\"has-medium-font-size\"><\/p>\n\n\n\n<p><\/p>","protected":false},"excerpt":{"rendered":"<p>In the week before the Worldcup, an international training camp will start again at the Heidenheim fencing center in spring 2027! Here are some impressions of the international traing camp for the Worldcup 72nd Heidenheimer Pokal:\u00a0 https:\/\/www.instagram.com\/p\/DUFSxEtjJ34\/ https:\/\/www.instagram.com\/p\/DUISfSXDBVk\/ https:\/\/www.instagram.com\/p\/DUK4RMGDLHS\/ https:\/\/www.instagram.com\/p\/DUPmzFmjKhr\/ https:\/\/www.instagram.com\/p\/DUUzPQ2jIf2\/ Registration still possible until January 25, 2026! Inscription :&nbsp; info@fechten-heidenheim.de or via the registration [&hellip;]<\/p>\n","protected":false},"author":2,"featured_media":0,"parent":8999,"menu_order":0,"comment_status":"closed","ping_status":"closed","template":"","meta":{"footnotes":""},"class_list":["post-18934","page","type-page","status-publish","hentry"],"aioseo_notices":[],"_links":{"self":[{"href":"https:\/\/hsb1846.de\/en\/wp-json\/wp\/v2\/pages\/18934","targetHints":{"allow":["GET"]}}],"collection":[{"href":"https:\/\/hsb1846.de\/en\/wp-json\/wp\/v2\/pages"}],"about":[{"href":"https:\/\/hsb1846.de\/en\/wp-json\/wp\/v2\/types\/page"}],"author":[{"embeddable":true,"href":"https:\/\/hsb1846.de\/en\/wp-json\/wp\/v2\/users\/2"}],"replies":[{"embeddable":true,"href":"https:\/\/hsb1846.de\/en\/wp-json\/wp\/v2\/comments?post=18934"}],"version-history":[{"count":5,"href":"https:\/\/hsb1846.de\/en\/wp-json\/wp\/v2\/pages\/18934\/revisions"}],"predecessor-version":[{"id":20179,"href":"https:\/\/hsb1846.de\/en\/wp-json\/wp\/v2\/pages\/18934\/revisions\/20179"}],"up":[{"embeddable":true,"href":"https:\/\/hsb1846.de\/en\/wp-json\/wp\/v2\/pages\/8999"}],"wp:attachment":[{"href":"https:\/\/hsb1846.de\/en\/wp-json\/wp\/v2\/media?parent=18934"}],"curies":[{"name":"wp","href":"https:\/\/api.w.org\/{rel}","templated":true}]}}