{"id":18948,"date":"2025-12-22T15:24:09","date_gmt":"2025-12-22T14:24:09","guid":{"rendered":"https:\/\/hsb1846.de\/?page_id=18948"},"modified":"2026-05-08T10:06:54","modified_gmt":"2026-05-08T08:06:54","slug":"ostercamp-2","status":"publish","type":"page","link":"https:\/\/hsb1846.de\/en\/home\/abteilungen\/fechten\/training-camps\/ostercamp-2\/","title":{"rendered":"Ostercamp"},"content":{"rendered":"<p class=\"has-text-align-center has-background\" style=\"background-color:#f6f6f6\"><\/p>\n\n\n\n<p><\/p>\n\n\n\n<div class=\"wp-block-columns is-layout-flex wp-container-core-columns-is-layout-9d6595d7 wp-block-columns-is-layout-flex\">\n<div class=\"wp-block-column is-layout-flow wp-block-column-is-layout-flow\" style=\"flex-basis:66.66%\">\n<p style=\"text-align: center;\"><span style=\"font-size: 40px;\"><strong>Erfolgreicher Abschluss des Ostercamps 2026 in Heidenheim\u00a0<\/strong><\/span><\/p>\n<\/div>\n\n\n\n<div class=\"wp-block-column is-layout-flow wp-block-column-is-layout-flow\" style=\"flex-basis:33.33%\">\n<figure class=\"wp-block-image size-full\"><img loading=\"lazy\" decoding=\"async\" width=\"1080\" height=\"1080\" src=\"https:\/\/hsb1846.de\/wp-content\/uploads\/2026\/03\/Ostercamp-braun-1080x1080-2.png\" alt=\"\" class=\"wp-image-19671\" srcset=\"https:\/\/hsb1846.de\/wp-content\/uploads\/2026\/03\/Ostercamp-braun-1080x1080-2.png 1080w, https:\/\/hsb1846.de\/wp-content\/uploads\/2026\/03\/Ostercamp-braun-1080x1080-2-300x300.png 300w, https:\/\/hsb1846.de\/wp-content\/uploads\/2026\/03\/Ostercamp-braun-1080x1080-2-150x150.png 150w, https:\/\/hsb1846.de\/wp-content\/uploads\/2026\/03\/Ostercamp-braun-1080x1080-2-768x768.png 768w, https:\/\/hsb1846.de\/wp-content\/uploads\/2026\/03\/Ostercamp-braun-1080x1080-2-12x12.png 12w\" sizes=\"auto, (max-width: 1080px) 100vw, 1080px\" \/><\/figure>\n<\/div>\n<\/div>\n\n\n\n<p><\/p>\n\n\n\n<figure class=\"wp-block-image size-full\"><img loading=\"lazy\" decoding=\"async\" width=\"1520\" height=\"1045\" src=\"https:\/\/hsb1846.de\/wp-content\/uploads\/2026\/04\/WhatsApp-Image-2026-04-03-at-11.44.05-1.jpeg\" alt=\"\" class=\"wp-image-19972\" srcset=\"https:\/\/hsb1846.de\/wp-content\/uploads\/2026\/04\/WhatsApp-Image-2026-04-03-at-11.44.05-1.jpeg 1520w, https:\/\/hsb1846.de\/wp-content\/uploads\/2026\/04\/WhatsApp-Image-2026-04-03-at-11.44.05-1-300x206.jpeg 300w, https:\/\/hsb1846.de\/wp-content\/uploads\/2026\/04\/WhatsApp-Image-2026-04-03-at-11.44.05-1-768x528.jpeg 768w, https:\/\/hsb1846.de\/wp-content\/uploads\/2026\/04\/WhatsApp-Image-2026-04-03-at-11.44.05-1-18x12.jpeg 18w\" sizes=\"auto, (max-width: 1520px) 100vw, 1520px\" \/><\/figure>\n\n\n\n<div class=\"wp-block-columns is-layout-flex wp-container-core-columns-is-layout-9d6595d7 wp-block-columns-is-layout-flex\">\n<div class=\"wp-block-column is-layout-flow wp-block-column-is-layout-flow\">\n<p><span style=\"font-size: 18px;\"><strong>Erfolgreicher Abschluss des Ostercamps 2026 in Heidenheim mit \u00fcber 35 Teilnehmern und Teilnehmerinnen aus ganz Europa.\u00a0<\/strong><\/span><\/p>\n<p><span style=\"font-size: 18px;\"><strong>Weitere Impressionen: <a href=\"https:\/\/www.instagram.com\/fechten.heidenheim\/reel\/DWqqiQBDCTM\/\" target=\"_blank\" rel=\"nofollow noopener\">https:\/\/www.instagram.com\/fechten.heidenheim\/reel\/DWqqiQBDCTM<\/a>\u00a0<\/strong><\/span><\/p>\n<\/div>\n<\/div>\n\n\n\n<p><\/p>\n\n\n\n<p><\/p>\n\n\n\n<p><\/p>\n\n\n\n<p><\/p>\n\n\n<h6><img loading=\"lazy\" decoding=\"async\" class=\"alignnone size-medium wp-image-19381\" src=\"https:\/\/hsb1846.de\/wp-content\/uploads\/2026\/02\/a7849bd78c171160d5f1214ab366efee263012fe-300x300.webp\" alt=\"\" width=\"300\" height=\"300\" srcset=\"https:\/\/hsb1846.de\/wp-content\/uploads\/2026\/02\/a7849bd78c171160d5f1214ab366efee263012fe-300x300.webp 300w, https:\/\/hsb1846.de\/wp-content\/uploads\/2026\/02\/a7849bd78c171160d5f1214ab366efee263012fe-150x150.webp 150w, https:\/\/hsb1846.de\/wp-content\/uploads\/2026\/02\/a7849bd78c171160d5f1214ab366efee263012fe-12x12.webp 12w, https:\/\/hsb1846.de\/wp-content\/uploads\/2026\/02\/a7849bd78c171160d5f1214ab366efee263012fe.webp 400w\" sizes=\"auto, (max-width: 300px) 100vw, 300px\" \/><img loading=\"lazy\" decoding=\"async\" class=\"size-medium wp-image-18633 alignright\" src=\"https:\/\/hsb1846.de\/wp-content\/uploads\/2025\/11\/Bild3-2-300x72.png\" alt=\"\" width=\"300\" height=\"72\" srcset=\"https:\/\/hsb1846.de\/wp-content\/uploads\/2025\/11\/Bild3-2-300x72.png 300w, https:\/\/hsb1846.de\/wp-content\/uploads\/2025\/11\/Bild3-2-18x4.png 18w, https:\/\/hsb1846.de\/wp-content\/uploads\/2025\/11\/Bild3-2.png 613w\" sizes=\"auto, (max-width: 300px) 100vw, 300px\" \/><\/h6>\n<h2 style=\"text-align: center;\"><strong>\u00a0Ostercamp des <\/strong><\/h2>\n<h2 style=\"text-align: center;\"><strong>W\u00fcrttembergischen Fechterbundes<\/strong><\/h2>\n<h2 style=\"text-align: center;\"><strong>im Fechtzentrum Heidenheim<\/strong><\/h2>\n<p>In den Osterferien findet vom <strong>29. M\u00e4rz bis 03. April 2026<\/strong> im Fechtzentrum in Heidenheim das \u201eOstercamp\u201c im Damen- und Herrendegen zur Vorbereitung auf die Deutschen U17\/U15 Meisterschaften im Degenfechten statt. Es wird ein leistungsorientiertes Vorbereitungstraining auf die anstehenden Deutschen Meisterschaften der U17 und U15 Jugend angeboten. Eingeladen sind hierzu neben Fechtern aus W\u00fcrttemberg auch Fechterinnen und Fechter der Jahrg\u00e4nge 2009 bis 2012 aus anderen Landesverb\u00e4nden<\/p>\n\n\n<div class=\"wp-block-columns is-layout-flex wp-container-core-columns-is-layout-9d6595d7 wp-block-columns-is-layout-flex\">\n<div class=\"wp-block-column is-layout-flow wp-block-column-is-layout-flow\" style=\"flex-basis:33.33%\">\n<p>Termin<\/p>\n<\/div>\n\n\n\n<div class=\"wp-block-column is-layout-flow wp-block-column-is-layout-flow\" style=\"flex-basis:66.66%\">\n<p>Beginn: \u00a0\u00a0\u00a0\u00a0\u00a0\u00a0\u00a0\u00a0\u00a0\u00a0\u00a0\u00a0 Sonntag, \u00a0\u00a0\u00a0\u00a0\u00a0\u00a0\u00a0\u00a0\u00a0\u00a0\u00a0\u00a0\u00a0\u00a0\u00a0\u00a0\u00a0\u00a0\u00a0\u00a0 \u00a0\u00a0\u00a0\u00a0 <strong>29. M\u00e4rz 2026<\/strong>, 17:00 Uhr im FZ (Ankunft)<\/p>\n<p>Ende:\u00a0 \u00a0 \u00a0 \u00a0 \u00a0 \u00a0 \u00a0 \u00a0 \u00a0 Freitag,\u00a0 \u00a0 \u00a0 \u00a0 \u00a0 \u00a0 \u00a0 \u00a0 \u00a0 \u00a0 \u00a0 \u00a0 \u00a0 \u00a0 \u00a0 <strong>03. April 2026<\/strong>, 12:00 Uhr ab FZ (Abreise)<\/p>\n<\/div>\n<\/div>\n\n\n\n<div class=\"wp-block-columns is-layout-flex wp-container-core-columns-is-layout-9d6595d7 wp-block-columns-is-layout-flex\">\n<div class=\"wp-block-column is-layout-flow wp-block-column-is-layout-flow\" style=\"flex-basis:33.33%\">\n<p>Meldeschluss<\/p>\n<\/div>\n\n\n\n<div class=\"wp-block-column is-layout-flow wp-block-column-is-layout-flow\" style=\"flex-basis:66.66%\">\n<p><strong>Bis 02<\/strong><strong>. Februar 2026<\/strong><\/p>\n<p>Meldungen sind zu richten an: <a href=\"mailto:info@fechten-heidenheim.de\">info@fechten-heidenheim.de<\/a><\/p>\n<p>Bitte angeben: Name, Vorname, Geburtstag, Telefonnummer, Konfektionsgr\u00f6\u00dfe (T-Shirt) und Verein.<\/p>\n<\/div>\n<\/div>\n\n\n\n<div class=\"wp-block-columns is-layout-flex wp-container-core-columns-is-layout-9d6595d7 wp-block-columns-is-layout-flex\">\n<div class=\"wp-block-column is-layout-flow wp-block-column-is-layout-flow\" style=\"flex-basis:33.33%\">\n<p>Ausr\u00fcstung<\/p>\n<\/div>\n\n\n\n<div class=\"wp-block-column is-layout-flow wp-block-column-is-layout-flow\" style=\"flex-basis:66.66%\">\n<p>Komplette elektrische Ausr\u00fcstung mit mindestens zwei Waffen<\/p>\n<p>Fechtanzug (FIE), Trainingsanzug, Turnschuhe f\u00fcr Waldlauf,<\/p>\n<p>Badekleidung, wetterfeste Kleidung.<\/p>\n<p>Bettw\u00e4sche muss nicht mitgebracht werden.<\/p>\n<\/div>\n<\/div>\n\n\n\n<div class=\"wp-block-columns is-layout-flex wp-container-core-columns-is-layout-9d6595d7 wp-block-columns-is-layout-flex\">\n<div class=\"wp-block-column is-layout-flow wp-block-column-is-layout-flow\" style=\"flex-basis:33.33%\">\n<p>Kosten<\/p>\n<\/div>\n\n\n\n<div class=\"wp-block-column is-layout-flow wp-block-column-is-layout-flow\" style=\"flex-basis:66.66%\">\n<p>Die Teilnahmegeb\u00fchr f\u00fcr das Ostercamp 2026 betr\u00e4gt \u20ac 435,00 (inkl. Vollpension im nahegelegenen TASTE-Hotel und Getr\u00e4nken) und ist auf das Konto der hsb Fechtabteilung, <br \/><strong>IBAN DE31 6325 0030 0000 8381 62, BIC SOLADES1HDH<\/strong>, Verwendungszweck &#8222;<strong>Ostercamp 2026 <\/strong>HDH + Name + Verein&#8220; <br \/>zu \u00fcberweisen.<\/p>\n<p>Meldungen ohne \u00dcberweisung finden keine Ber\u00fccksichtigung.<\/p>\n<\/div>\n<\/div>\n\n\n\n<div class=\"wp-block-columns is-layout-flex wp-container-core-columns-is-layout-9d6595d7 wp-block-columns-is-layout-flex\">\n<div class=\"wp-block-column is-layout-flow wp-block-column-is-layout-flow\">\n<p>Thomas Zimmermann\u00a0<\/p>\n<p>Trainer Herrendegen\u00a0<\/p>\n<p>Landestrainer\u00a0<\/p>\n<\/div>\n\n\n\n<div class=\"wp-block-column is-layout-flow wp-block-column-is-layout-flow\">\n<p>Piotr Sozanski\u00a0<br \/>Trainer Damendegen\u00a0<\/p>\n<p>Landestrainer\u00a0<\/p>\n<\/div>\n<\/div>\n\n\n\n<div class=\"wp-block-columns is-layout-flex wp-container-core-columns-is-layout-9d6595d7 wp-block-columns-is-layout-flex\">\n<div class=\"wp-block-column is-layout-flow wp-block-column-is-layout-flow\">\n<figure class=\"wp-block-image size-full is-resized\"><img loading=\"lazy\" decoding=\"async\" width=\"768\" height=\"843\" src=\"https:\/\/hsb1846.de\/wp-content\/uploads\/2026\/04\/1000008181-1-768x843-1.jpg\" alt=\"\" class=\"wp-image-20132\" style=\"aspect-ratio:0.9110479997195049;width:219px;height:auto\" srcset=\"https:\/\/hsb1846.de\/wp-content\/uploads\/2026\/04\/1000008181-1-768x843-1.jpg 768w, https:\/\/hsb1846.de\/wp-content\/uploads\/2026\/04\/1000008181-1-768x843-1-273x300.jpg 273w, https:\/\/hsb1846.de\/wp-content\/uploads\/2026\/04\/1000008181-1-768x843-1-11x12.jpg 11w\" sizes=\"auto, (max-width: 768px) 100vw, 768px\" \/><\/figure>\n<\/div>\n\n\n\n<div class=\"wp-block-column is-layout-flow wp-block-column-is-layout-flow\">\n<figure class=\"wp-block-image size-full is-resized\"><img loading=\"lazy\" decoding=\"async\" width=\"768\" height=\"755\" src=\"https:\/\/hsb1846.de\/wp-content\/uploads\/2026\/04\/1000008183-1-768x755-1.jpg\" alt=\"\" class=\"wp-image-20135\" style=\"aspect-ratio:1.017225180081428;width:235px;height:auto\" srcset=\"https:\/\/hsb1846.de\/wp-content\/uploads\/2026\/04\/1000008183-1-768x755-1.jpg 768w, https:\/\/hsb1846.de\/wp-content\/uploads\/2026\/04\/1000008183-1-768x755-1-300x295.jpg 300w, https:\/\/hsb1846.de\/wp-content\/uploads\/2026\/04\/1000008183-1-768x755-1-12x12.jpg 12w\" sizes=\"auto, (max-width: 768px) 100vw, 768px\" \/><\/figure>\n<\/div>\n<\/div>\n\n\n\n<p><\/p>\n\n\n\n<p><\/p>\n\n\n<h3><img loading=\"lazy\" decoding=\"async\" class=\"alignnone size-medium wp-image-19671\" src=\"https:\/\/hsb1846.de\/wp-content\/uploads\/2026\/03\/Ostercamp-braun-1080x1080-2-300x300.png\" alt=\"\" width=\"300\" height=\"300\" srcset=\"https:\/\/hsb1846.de\/wp-content\/uploads\/2026\/03\/Ostercamp-braun-1080x1080-2-300x300.png 300w, https:\/\/hsb1846.de\/wp-content\/uploads\/2026\/03\/Ostercamp-braun-1080x1080-2-150x150.png 150w, https:\/\/hsb1846.de\/wp-content\/uploads\/2026\/03\/Ostercamp-braun-1080x1080-2-768x768.png 768w, https:\/\/hsb1846.de\/wp-content\/uploads\/2026\/03\/Ostercamp-braun-1080x1080-2-12x12.png 12w, https:\/\/hsb1846.de\/wp-content\/uploads\/2026\/03\/Ostercamp-braun-1080x1080-2.png 1080w\" sizes=\"auto, (max-width: 300px) 100vw, 300px\" \/><img loading=\"lazy\" decoding=\"async\" class=\"size-medium wp-image-18633 alignright\" src=\"https:\/\/hsb1846.de\/wp-content\/uploads\/2025\/11\/Bild3-2-300x72.png\" alt=\"\" width=\"300\" height=\"72\" srcset=\"https:\/\/hsb1846.de\/wp-content\/uploads\/2025\/11\/Bild3-2-300x72.png 300w, https:\/\/hsb1846.de\/wp-content\/uploads\/2025\/11\/Bild3-2-18x4.png 18w, https:\/\/hsb1846.de\/wp-content\/uploads\/2025\/11\/Bild3-2.png 613w\" sizes=\"auto, (max-width: 300px) 100vw, 300px\" \/><\/h3>\n<h3 style=\"text-align: center;\"><strong>Ostercamp 2026<\/strong><strong>\u00a0<\/strong><\/h3>\n<h3 style=\"text-align: center;\"><strong>Lehrgangsprogramm 29. M\u00e4rz bis 03. April 2026<\/strong><\/h3>\n\n\n<div class=\"wp-block-columns is-layout-flex wp-container-core-columns-is-layout-9d6595d7 wp-block-columns-is-layout-flex\">\n<div class=\"wp-block-column is-layout-flow wp-block-column-is-layout-flow\">\n<p><strong>Sonntag, den 29.03.2026 <\/strong><\/p>\n<ul>\n<li><strong>bis 17:00 Uhr<\/strong> \u00a0\u00a0\u00a0<strong>Anreise am Fechtzentrum<\/strong><\/li>\n<li>17:10 Uhr\u00a0\u00a0\u00a0\u00a0\u00a0\u00a0\u00a0\u00a0\u00a0\u00a0 Lehrgangsbeginn\/Begr\u00fc\u00dfung<\/li>\n<li>17:30 Uhr\u00a0\u00a0\u00a0\u00a0\u00a0\u00a0\u00a0\u00a0\u00a0\u00a0 beziehen der Zimmer<\/li>\n<li><strong>18:00 Uhr\u00a0\u00a0\u00a0\u00a0\u00a0\u00a0\u00a0 Abendessen<\/strong><\/li>\n<li>19:00 Uhr\u00a0 \u00a0 \u00a0 \u00a0 \u00a0 Aufw\u00e4rmen <br \/>19:15 Uhr\u00a0\u00a0\u00a0\u00a0\u00a0\u00a0\u00a0\u00a0\u00a0\u00a0 Freifechten<\/li>\n<li>21:00 Uhr\u00a0\u00a0\u00a0\u00a0\u00a0\u00a0\u00a0\u00a0\u00a0\u00a0 Ende<br \/>22:30 Uhr\u00a0 \u00a0 \u00a0 \u00a0 \u00a0 Bettruhe<\/li>\n<\/ul>\n<\/div>\n\n\n\n<div class=\"wp-block-column is-layout-flow wp-block-column-is-layout-flow\">\n<p><strong>Montag, den 30.03.2026<\/strong><\/p>\n<ul>\n<li><strong>08:00 Uhr \u00a0\u00a0\u00a0\u00a0\u00a0\u00a0 \u00a0\u00a0\u00a0\u00a0\u00a0\u00a0\u00a0Fr\u00fchst\u00fcck<\/strong><\/li>\n<li>09:30 Uhr\u00a0\u00a0\u00a0\u00a0\u00a0\u00a0\u00a0\u00a0\u00a0\u00a0\u00a0\u00a0\u00a0\u00a0\u00a0\u00a0 Erw\u00e4rmung<\/li>\n<li>10:00 Uhr\u00a0\u00a0\u00a0\u00a0\u00a0\u00a0\u00a0\u00a0\u00a0\u00a0\u00a0\u00a0\u00a0\u00a0\u00a0\u00a0 Waldlauf<\/li>\n<li><strong>12:00 Uhr\u00a0\u00a0\u00a0\u00a0\u00a0\u00a0\u00a0\u00a0\u00a0\u00a0\u00a0\u00a0 Mittagspause<\/strong><\/li>\n<li>14:30 Uhr\u00a0\u00a0\u00a0\u00a0\u00a0\u00a0\u00a0\u00a0\u00a0\u00a0\u00a0\u00a0\u00a0\u00a0\u00a0\u00a0 Erw\u00e4rmung<\/li>\n<li>15:00 Uhr\u00a0\u00a0\u00a0\u00a0\u00a0\u00a0\u00a0\u00a0\u00a0\u00a0\u00a0\u00a0\u00a0\u00a0\u00a0\u00a0 Beinarbeit mit Ball<\/li>\n<li>16:00 Uhr\u00a0\u00a0\u00a0\u00a0\u00a0\u00a0\u00a0\u00a0\u00a0\u00a0\u00a0\u00a0\u00a0\u00a0\u00a0\u00a0 Fechten\/Lektion<\/li>\n<li><strong>18:00 Uhr\u00a0\u00a0\u00a0\u00a0\u00a0\u00a0\u00a0\u00a0\u00a0\u00a0\u00a0\u00a0 Abendessen<\/strong><\/li>\n<li>19:00 Uhr\u00a0\u00a0\u00a0\u00a0\u00a0\u00a0\u00a0\u00a0\u00a0\u00a0\u00a0\u00a0\u00a0\u00a0\u00a0\u00a0 Reqgeneration<\/li>\n<li>22:30 Uhr\u00a0\u00a0\u00a0\u00a0\u00a0\u00a0\u00a0\u00a0\u00a0\u00a0\u00a0\u00a0\u00a0\u00a0\u00a0\u00a0 Bettruhe<\/li>\n<\/ul>\n<\/div>\n<\/div>\n\n\n\n<div class=\"wp-block-columns is-layout-flex wp-container-core-columns-is-layout-9d6595d7 wp-block-columns-is-layout-flex\">\n<div class=\"wp-block-column is-layout-flow wp-block-column-is-layout-flow\">\n<p><strong>Dienstag, den 31.03.2026<\/strong><\/p>\n<ul>\n<li><strong>08:00 Uhr\u00a0\u00a0\u00a0\u00a0\u00a0\u00a0\u00a0 Fr\u00fchst\u00fcck<\/strong><\/li>\n<li>09:30 Uhr\u00a0\u00a0\u00a0\u00a0\u00a0\u00a0\u00a0\u00a0\u00a0\u00a0 dynamisches Aufw\u00e4rmen<\/li>\n<li>10:00Uhr\u00a0\u00a0\u00a0\u00a0\u00a0\u00a0\u00a0\u00a0\u00a0\u00a0\u00a0 Polymetrie<\/li>\n<li><strong>12:00 Uhr\u00a0\u00a0\u00a0\u00a0\u00a0\u00a0\u00a0 Mittagspause<\/strong><\/li>\n<li>14:30 Uhr\u00a0\u00a0\u00a0\u00a0\u00a0\u00a0\u00a0\u00a0\u00a0\u00a0 technisches Aufw\u00e4rmen<\/li>\n<li>15:00 Uhr\u00a0\u00a0\u00a0\u00a0\u00a0\u00a0\u00a0\u00a0\u00a0\u00a0 Einzelunterricht \/Lektion<\/li>\n<li>16:00 Uhr\u00a0\u00a0\u00a0\u00a0\u00a0\u00a0\u00a0\u00a0\u00a0\u00a0 Kontrollfechten<\/li>\n<li><strong>18:00 Uhr\u00a0\u00a0\u00a0\u00a0\u00a0\u00a0\u00a0 Abendessen<\/strong><\/li>\n<li>19:00 Uhr\u00a0\u00a0\u00a0\u00a0\u00a0\u00a0\u00a0\u00a0\u00a0\u00a0 Schwimmen<\/li>\n<li>22:30 Uhr\u00a0\u00a0\u00a0\u00a0\u00a0\u00a0\u00a0\u00a0\u00a0\u00a0 Bettruhe<\/li>\n<\/ul>\n<\/div>\n\n\n\n<div class=\"wp-block-column is-layout-flow wp-block-column-is-layout-flow\">\n<p><strong>Mittwoch, den 01.04.2026<\/strong><\/p>\n<ul>\n<li><strong>08:00 Uhr\u00a0\u00a0\u00a0\u00a0\u00a0\u00a0\u00a0\u00a0\u00a0\u00a0\u00a0\u00a0 Fr\u00fchst\u00fcck<\/strong><\/li>\n<li>09:30 Uhr\u00a0\u00a0\u00a0\u00a0\u00a0\u00a0\u00a0\u00a0\u00a0\u00a0\u00a0\u00a0\u00a0\u00a0\u00a0\u00a0 Erw\u00e4rmung<\/li>\n<li>\u00a010:00 Uhr\u00a0\u00a0\u00a0\u00a0\u00a0\u00a0\u00a0\u00a0\u00a0\u00a0\u00a0\u00a0\u00a0\u00a0\u00a0 \u00a0\u00a0Sprung\u00fcbungen<\/li>\n<li>10:00 Uhr\u00a0\u00a0\u00a0\u00a0\u00a0\u00a0\u00a0\u00a0\u00a0\u00a0\u00a0\u00a0\u00a0\u00a0\u00a0\u00a0\u00a0 \u00a0Rundenfechten<\/li>\n<li><strong>12:00 Uhr\u00a0\u00a0\u00a0\u00a0\u00a0\u00a0\u00a0\u00a0\u00a0\u00a0\u00a0\u00a0 Mittagspause<\/strong><\/li>\n<li>14:30 Uhr\u00a0\u00a0\u00a0\u00a0\u00a0\u00a0\u00a0\u00a0\u00a0\u00a0\u00a0\u00a0\u00a0\u00a0\u00a0\u00a0 Spielen<\/li>\n<li>15:00 Uhr\u00a0\u00a0\u00a0\u00a0\u00a0\u00a0\u00a0\u00a0\u00a0\u00a0\u00a0\u00a0\u00a0\u00a0\u00a0\u00a0\u00a0\u00a0 Fechten mit Zeit<\/li>\n<li><strong>18:00 Uhr\u00a0\u00a0\u00a0\u00a0\u00a0\u00a0\u00a0\u00a0\u00a0\u00a0\u00a0\u00a0 Abendessen<\/strong><\/li>\n<li>19:00 Uhr\u00a0\u00a0\u00a0\u00a0\u00a0\u00a0\u00a0\u00a0\u00a0\u00a0\u00a0\u00a0\u00a0\u00a0\u00a0\u00a0 Regeneration<\/li>\n<li>22:30 Uhr\u00a0\u00a0\u00a0\u00a0\u00a0\u00a0\u00a0\u00a0\u00a0\u00a0\u00a0\u00a0\u00a0\u00a0\u00a0\u00a0 Bettruhe<\/li>\n<\/ul>\n<\/div>\n<\/div>\n\n\n\n<div class=\"wp-block-columns is-layout-flex wp-container-core-columns-is-layout-9d6595d7 wp-block-columns-is-layout-flex\">\n<div class=\"wp-block-column is-layout-flow wp-block-column-is-layout-flow\">\n<p><strong>Donnerstag, den 02.04.2026<\/strong><\/p>\n<ul>\n<li><strong>08:00 Uhr\u00a0\u00a0\u00a0\u00a0\u00a0\u00a0\u00a0\u00a0\u00a0\u00a0\u00a0\u00a0 Fr\u00fchst\u00fcck<\/strong><\/li>\n<li>09:30 Uhr\u00a0\u00a0\u00a0\u00a0\u00a0\u00a0\u00a0\u00a0\u00a0\u00a0\u00a0\u00a0\u00a0\u00a0\u00a0\u00a0 Erw\u00e4rmung<\/li>\n<li>10:00 Uhr\u00a0\u00a0\u00a0\u00a0\u00a0\u00a0\u00a0\u00a0\u00a0\u00a0\u00a0\u00a0\u00a0\u00a0\u00a0\u00a0 Sprints<\/li>\n<li><strong>12:00 Uhr\u00a0\u00a0\u00a0\u00a0\u00a0\u00a0\u00a0\u00a0\u00a0\u00a0\u00a0\u00a0 Mittagspause<\/strong><\/li>\n<li>14:30 Uhr\u00a0\u00a0\u00a0\u00a0\u00a0\u00a0\u00a0\u00a0\u00a0\u00a0\u00a0\u00a0\u00a0\u00a0\u00a0\u00a0 Beinarbeit Handschuh<\/li>\n<li>15:00 Uhr\u00a0\u00a0\u00a0\u00a0\u00a0\u00a0\u00a0\u00a0\u00a0\u00a0\u00a0\u00a0\u00a0\u00a0\u00a0\u00a0 Rundenfechten\/ Lektion<\/li>\n<li><strong>18:00 Uhr\u00a0\u00a0\u00a0\u00a0\u00a0\u00a0\u00a0\u00a0\u00a0\u00a0\u00a0\u00a0 Abendessen<\/strong><\/li>\n<li>19:00 Uhr\u00a0\u00a0\u00a0\u00a0\u00a0\u00a0\u00a0\u00a0\u00a0\u00a0\u00a0\u00a0\u00a0\u00a0\u00a0\u00a0 Schwimmen<\/li>\n<li>22:30 Uhr\u00a0\u00a0\u00a0\u00a0\u00a0\u00a0\u00a0\u00a0\u00a0\u00a0\u00a0\u00a0\u00a0\u00a0\u00a0\u00a0\u00a0\u00a0 Bettruhe<\/li>\n<\/ul>\n<\/div>\n\n\n\n<div class=\"wp-block-column is-layout-flow wp-block-column-is-layout-flow\">\n<p><strong>Freitag, den 03.04.2026<\/strong><\/p>\n<ul>\n<li><strong>08:00 Uhr\u00a0\u00a0\u00a0\u00a0\u00a0\u00a0\u00a0\u00a0\u00a0\u00a0\u00a0\u00a0 Fr\u00fchst\u00fcck<\/strong><\/li>\n<li>09:00 Uhr\u00a0\u00a0\u00a0\u00a0\u00a0\u00a0\u00a0\u00a0\u00a0\u00a0\u00a0\u00a0\u00a0\u00a0\u00a0\u00a0 Erw\u00e4rmung<\/li>\n<li>09:30 Uhr\u00a0\u00a0\u00a0\u00a0\u00a0\u00a0\u00a0\u00a0\u00a0\u00a0\u00a0\u00a0\u00a0\u00a0\u00a0\u00a0 Abschlussturnier<\/li>\n<li><strong>12:00 Uhr\u00a0\u00a0\u00a0\u00a0\u00a0\u00a0\u00a0\u00a0\u00a0\u00a0\u00a0\u00a0 Lehrgangsende<\/strong><\/li>\n<li><strong>Abholung am Fechtzentrum<\/strong><\/li>\n<\/ul>\n<\/div>\n<\/div>\n\n\n\n<p><\/p>\n\n\n\n<p><\/p>\n\n\n\n<p><\/p>\n\n\n\n<p><\/p>\n\n\n\n<p><\/p>\n\n\n\n<p><\/p>\n\n\n\n<div class=\"wp-block-columns is-layout-flex wp-container-core-columns-is-layout-9d6595d7 wp-block-columns-is-layout-flex\">\n<div class=\"wp-block-column is-layout-flow wp-block-column-is-layout-flow\">\n<figure class=\"wp-block-image size-full\"><a href=\"https:\/\/hsb1846.de\/wp-content\/uploads\/2025\/09\/Ostercamp-2026-Auswert.pdf\"><img loading=\"lazy\" decoding=\"async\" width=\"494\" height=\"643\" src=\"https:\/\/hsb1846.de\/wp-content\/uploads\/2025\/09\/Ostercamp-2026-I.png\" alt=\"\" class=\"wp-image-18130\" srcset=\"https:\/\/hsb1846.de\/wp-content\/uploads\/2025\/09\/Ostercamp-2026-I.png 494w, https:\/\/hsb1846.de\/wp-content\/uploads\/2025\/09\/Ostercamp-2026-I-230x300.png 230w, https:\/\/hsb1846.de\/wp-content\/uploads\/2025\/09\/Ostercamp-2026-I-9x12.png 9w\" sizes=\"auto, (max-width: 494px) 100vw, 494px\" \/><\/a><\/figure>\n<\/div>\n\n\n\n<div class=\"wp-block-column is-layout-flow wp-block-column-is-layout-flow\">\n<figure class=\"wp-block-image size-full\"><a href=\"https:\/\/hsb1846.de\/wp-content\/uploads\/2025\/09\/Ostercamp-2026-Auswert.pdf\"><img loading=\"lazy\" decoding=\"async\" width=\"490\" height=\"642\" src=\"https:\/\/hsb1846.de\/wp-content\/uploads\/2025\/09\/Ostercamp-2026-II.png\" alt=\"\" class=\"wp-image-18128\" srcset=\"https:\/\/hsb1846.de\/wp-content\/uploads\/2025\/09\/Ostercamp-2026-II.png 490w, https:\/\/hsb1846.de\/wp-content\/uploads\/2025\/09\/Ostercamp-2026-II-229x300.png 229w, https:\/\/hsb1846.de\/wp-content\/uploads\/2025\/09\/Ostercamp-2026-II-9x12.png 9w\" sizes=\"auto, (max-width: 490px) 100vw, 490px\" \/><\/a><\/figure>\n<\/div>\n<\/div>\n\n\n\n<figure class=\"wp-block-image size-full\"><a href=\"https:\/\/hsb1846.de\/wp-content\/uploads\/2025\/12\/Unbenannt-2.png\" target=\"_blank\" rel=\" noreferrer noopener\"><img loading=\"lazy\" decoding=\"async\" width=\"1476\" height=\"1014\" src=\"https:\/\/hsb1846.de\/wp-content\/uploads\/2025\/12\/Unbenannt-2.png\" alt=\"\" class=\"wp-image-18898\" srcset=\"https:\/\/hsb1846.de\/wp-content\/uploads\/2025\/12\/Unbenannt-2.png 1476w, https:\/\/hsb1846.de\/wp-content\/uploads\/2025\/12\/Unbenannt-2-300x206.png 300w, https:\/\/hsb1846.de\/wp-content\/uploads\/2025\/12\/Unbenannt-2-768x528.png 768w, https:\/\/hsb1846.de\/wp-content\/uploads\/2025\/12\/Unbenannt-2-18x12.png 18w\" sizes=\"auto, (max-width: 1476px) 100vw, 1476px\" \/><\/a><\/figure>\n\n\n\n<p><\/p>","protected":false},"excerpt":{"rendered":"<p>Erfolgreicher Abschluss des Ostercamps 2026 in Heidenheim\u00a0 Erfolgreicher Abschluss des Ostercamps 2026 in Heidenheim mit \u00fcber 35 Teilnehmern und Teilnehmerinnen aus ganz Europa.\u00a0 Weitere Impressionen: https:\/\/www.instagram.com\/fechten.heidenheim\/reel\/DWqqiQBDCTM\u00a0 \u00a0Ostercamp des W\u00fcrttembergischen Fechterbundes im Fechtzentrum Heidenheim In den Osterferien findet vom 29. M\u00e4rz bis 03. April 2026 im Fechtzentrum in Heidenheim das \u201eOstercamp\u201c im Damen- und Herrendegen zur [&hellip;]<\/p>\n","protected":false},"author":2,"featured_media":0,"parent":8999,"menu_order":0,"comment_status":"closed","ping_status":"closed","template":"","meta":{"footnotes":""},"class_list":["post-18948","page","type-page","status-publish","hentry"],"aioseo_notices":[],"_links":{"self":[{"href":"https:\/\/hsb1846.de\/en\/wp-json\/wp\/v2\/pages\/18948","targetHints":{"allow":["GET"]}}],"collection":[{"href":"https:\/\/hsb1846.de\/en\/wp-json\/wp\/v2\/pages"}],"about":[{"href":"https:\/\/hsb1846.de\/en\/wp-json\/wp\/v2\/types\/page"}],"author":[{"embeddable":true,"href":"https:\/\/hsb1846.de\/en\/wp-json\/wp\/v2\/users\/2"}],"replies":[{"embeddable":true,"href":"https:\/\/hsb1846.de\/en\/wp-json\/wp\/v2\/comments?post=18948"}],"version-history":[{"count":12,"href":"https:\/\/hsb1846.de\/en\/wp-json\/wp\/v2\/pages\/18948\/revisions"}],"predecessor-version":[{"id":20332,"href":"https:\/\/hsb1846.de\/en\/wp-json\/wp\/v2\/pages\/18948\/revisions\/20332"}],"up":[{"embeddable":true,"href":"https:\/\/hsb1846.de\/en\/wp-json\/wp\/v2\/pages\/8999"}],"wp:attachment":[{"href":"https:\/\/hsb1846.de\/en\/wp-json\/wp\/v2\/media?parent=18948"}],"curies":[{"name":"wp","href":"https:\/\/api.w.org\/{rel}","templated":true}]}}