{"id":19454,"date":"2026-02-22T13:18:33","date_gmt":"2026-02-22T12:18:33","guid":{"rendered":"https:\/\/hsb1846.de\/?page_id=19454"},"modified":"2026-04-16T15:03:09","modified_gmt":"2026-04-16T13:03:09","slug":"uebungsleiter-fechten","status":"publish","type":"page","link":"https:\/\/hsb1846.de\/en\/home\/abteilungen\/fechten\/paul-gnaier-fechtzentrum\/uebungsleiter-fechten\/","title":{"rendered":"\u00dcbungsleiter Fechten"},"content":{"rendered":"<p><span style=\"font-size: 25px;\"><strong>\u00dcbungsleiter:\u00a0<\/strong><\/span><\/p>\n\n\n<div class=\"wp-block-columns is-layout-flex wp-container-core-columns-is-layout-9d6595d7 wp-block-columns-is-layout-flex\">\n<div class=\"wp-block-column is-layout-flow wp-block-column-is-layout-flow\">\n<p><span style=\"font-size: 18px;\"><strong>Noah Kress\u00a0<\/strong><\/span><\/p>\n<\/p>\n\n\n\n<figure class=\"wp-block-image size-full\"><img loading=\"lazy\" decoding=\"async\" width=\"980\" height=\"980\" src=\"https:\/\/hsb1846.de\/wp-content\/uploads\/2026\/01\/cd4bd9b0ea2807611ba3a67c331bff0b-4.jpg\" alt=\"\" class=\"wp-image-19208\" srcset=\"https:\/\/hsb1846.de\/wp-content\/uploads\/2026\/01\/cd4bd9b0ea2807611ba3a67c331bff0b-4.jpg 980w, https:\/\/hsb1846.de\/wp-content\/uploads\/2026\/01\/cd4bd9b0ea2807611ba3a67c331bff0b-4-300x300.jpg 300w, https:\/\/hsb1846.de\/wp-content\/uploads\/2026\/01\/cd4bd9b0ea2807611ba3a67c331bff0b-4-150x150.jpg 150w, https:\/\/hsb1846.de\/wp-content\/uploads\/2026\/01\/cd4bd9b0ea2807611ba3a67c331bff0b-4-768x768.jpg 768w, https:\/\/hsb1846.de\/wp-content\/uploads\/2026\/01\/cd4bd9b0ea2807611ba3a67c331bff0b-4-12x12.jpg 12w\" sizes=\"auto, (max-width: 980px) 100vw, 980px\" \/><\/figure>\n<\/div>\n\n\n\n<div class=\"wp-block-column is-layout-flow wp-block-column-is-layout-flow\">\n<p><span style=\"font-size: 18px;\"><strong>Katie Busch\u00a0<\/strong><\/span><\/p>\n<\/p>\n\n\n\n<figure class=\"wp-block-image size-full\"><img loading=\"lazy\" decoding=\"async\" width=\"980\" height=\"980\" src=\"https:\/\/hsb1846.de\/wp-content\/uploads\/2026\/01\/cd4bd9b0ea2807611ba3a67c331bff0b-4.jpg\" alt=\"\" class=\"wp-image-19208\" srcset=\"https:\/\/hsb1846.de\/wp-content\/uploads\/2026\/01\/cd4bd9b0ea2807611ba3a67c331bff0b-4.jpg 980w, https:\/\/hsb1846.de\/wp-content\/uploads\/2026\/01\/cd4bd9b0ea2807611ba3a67c331bff0b-4-300x300.jpg 300w, https:\/\/hsb1846.de\/wp-content\/uploads\/2026\/01\/cd4bd9b0ea2807611ba3a67c331bff0b-4-150x150.jpg 150w, https:\/\/hsb1846.de\/wp-content\/uploads\/2026\/01\/cd4bd9b0ea2807611ba3a67c331bff0b-4-768x768.jpg 768w, https:\/\/hsb1846.de\/wp-content\/uploads\/2026\/01\/cd4bd9b0ea2807611ba3a67c331bff0b-4-12x12.jpg 12w\" sizes=\"auto, (max-width: 980px) 100vw, 980px\" \/><\/figure>\n<\/div>\n\n\n\n<div class=\"wp-block-column is-layout-flow wp-block-column-is-layout-flow\">\n<p><span style=\"font-size: 18px;\"><strong>Sophia Werner\u00a0<\/strong><\/span><\/p>\n<\/p>\n\n\n\n<figure class=\"wp-block-image size-full\"><img loading=\"lazy\" decoding=\"async\" width=\"980\" height=\"980\" src=\"https:\/\/hsb1846.de\/wp-content\/uploads\/2026\/01\/cd4bd9b0ea2807611ba3a67c331bff0b-4.jpg\" alt=\"\" class=\"wp-image-19208\" srcset=\"https:\/\/hsb1846.de\/wp-content\/uploads\/2026\/01\/cd4bd9b0ea2807611ba3a67c331bff0b-4.jpg 980w, https:\/\/hsb1846.de\/wp-content\/uploads\/2026\/01\/cd4bd9b0ea2807611ba3a67c331bff0b-4-300x300.jpg 300w, https:\/\/hsb1846.de\/wp-content\/uploads\/2026\/01\/cd4bd9b0ea2807611ba3a67c331bff0b-4-150x150.jpg 150w, https:\/\/hsb1846.de\/wp-content\/uploads\/2026\/01\/cd4bd9b0ea2807611ba3a67c331bff0b-4-768x768.jpg 768w, https:\/\/hsb1846.de\/wp-content\/uploads\/2026\/01\/cd4bd9b0ea2807611ba3a67c331bff0b-4-12x12.jpg 12w\" sizes=\"auto, (max-width: 980px) 100vw, 980px\" \/><\/figure>\n<\/div>\n<\/div>\n\n\n<\/p>\n<p><span style=\"font-size: 18px;\"><strong>Die \u00dcbungsleiter unterst\u00fctzen die Trainerinnen und Trainer beim Training mit den j\u00fcngeren Altersklassen und bei den Anf\u00e4ngerkursen.\u00a0<\/strong><\/span><\/p>\n\n<div class=\"trp-block-container\"><div class=\"trp_language_switcher_shortcode\">\n<div class=\"trp-language-switcher trp-language-switcher-container\" data-no-translation >\n    <div class=\"trp-ls-shortcode-current-language\">\n        <a href=\"#\" class=\"trp-ls-shortcode-disabled-language trp-ls-disabled-language\" title=\"English\" onclick=\"event.preventDefault()\">\n\t\t\t<img loading=\"lazy\" decoding=\"async\" class=\"trp-flag-image\" src=\"https:\/\/hsb1846.de\/wp-content\/plugins\/translatepress-multilingual\/assets\/images\/flags\/en_US.png\" width=\"18\" height=\"12\" alt=\"en_US\" title=\"English\"> English\t\t<\/a>\n    <\/div>\n    <div class=\"trp-ls-shortcode-language\">\n                <a href=\"#\" class=\"trp-ls-shortcode-disabled-language trp-ls-disabled-language\"  title=\"English\" onclick=\"event.preventDefault()\">\n\t\t\t<img loading=\"lazy\" decoding=\"async\" class=\"trp-flag-image\" src=\"https:\/\/hsb1846.de\/wp-content\/plugins\/translatepress-multilingual\/assets\/images\/flags\/en_US.png\" width=\"18\" height=\"12\" alt=\"en_US\" title=\"English\"> English\t\t<\/a>\n                    <a href=\"https:\/\/hsb1846.de\/en\/wp-json\/wp\/v2\/pages\/19454#TRPLINKPROCESSED\" title=\"German\">\n            <img loading=\"lazy\" decoding=\"async\" class=\"trp-flag-image\" src=\"https:\/\/hsb1846.de\/wp-content\/plugins\/translatepress-multilingual\/assets\/images\/flags\/de_DE.png\" width=\"18\" height=\"12\" alt=\"de_DE\" title=\"German\"> German        <\/a>\n\n        <\/div>\n    <script type=\"application\/javascript\">\n        \/\/ need to have the same with set from JS on both divs. Otherwise it can push stuff around in HTML\n        var trp_ls_shortcodes = document.querySelectorAll('.trp_language_switcher_shortcode .trp-language-switcher');\n        if ( trp_ls_shortcodes.length > 0) {\n            \/\/ get the last language switcher added\n            var trp_el = trp_ls_shortcodes[trp_ls_shortcodes.length - 1];\n\n            var trp_shortcode_language_item = trp_el.querySelector( '.trp-ls-shortcode-language' )\n            \/\/ set width\n            var trp_ls_shortcode_width                                               = trp_shortcode_language_item.offsetWidth + 16;\n            trp_shortcode_language_item.style.width                                  = trp_ls_shortcode_width + 'px';\n            trp_el.querySelector( '.trp-ls-shortcode-current-language' ).style.width = trp_ls_shortcode_width + 'px';\n\n            \/\/ We're putting this on display: none after we have its width.\n            trp_shortcode_language_item.style.display = 'none';\n        }\n    <\/script>\n<\/div>\n<\/div><\/div>\n\n\n<p><\/p>\n","protected":false},"excerpt":{"rendered":"<p>\u00dcbungsleiter:\u00a0 Noah Kress\u00a0 Katie Busch\u00a0 Sophia Werner\u00a0 Die \u00dcbungsleiter unterst\u00fctzen die Trainerinnen und Trainer beim Training mit den j\u00fcngeren Altersklassen und bei den Anf\u00e4ngerkursen.\u00a0<\/p>","protected":false},"author":2,"featured_media":0,"parent":8983,"menu_order":0,"comment_status":"closed","ping_status":"closed","template":"","meta":{"footnotes":""},"class_list":["post-19454","page","type-page","status-publish","hentry"],"aioseo_notices":[],"_links":{"self":[{"href":"https:\/\/hsb1846.de\/en\/wp-json\/wp\/v2\/pages\/19454","targetHints":{"allow":["GET"]}}],"collection":[{"href":"https:\/\/hsb1846.de\/en\/wp-json\/wp\/v2\/pages"}],"about":[{"href":"https:\/\/hsb1846.de\/en\/wp-json\/wp\/v2\/types\/page"}],"author":[{"embeddable":true,"href":"https:\/\/hsb1846.de\/en\/wp-json\/wp\/v2\/users\/2"}],"replies":[{"embeddable":true,"href":"https:\/\/hsb1846.de\/en\/wp-json\/wp\/v2\/comments?post=19454"}],"version-history":[{"count":6,"href":"https:\/\/hsb1846.de\/en\/wp-json\/wp\/v2\/pages\/19454\/revisions"}],"predecessor-version":[{"id":20153,"href":"https:\/\/hsb1846.de\/en\/wp-json\/wp\/v2\/pages\/19454\/revisions\/20153"}],"up":[{"embeddable":true,"href":"https:\/\/hsb1846.de\/en\/wp-json\/wp\/v2\/pages\/8983"}],"wp:attachment":[{"href":"https:\/\/hsb1846.de\/en\/wp-json\/wp\/v2\/media?parent=19454"}],"curies":[{"name":"wp","href":"https:\/\/api.w.org\/{rel}","templated":true}]}}