{"id":19456,"date":"2026-02-22T13:18:54","date_gmt":"2026-02-22T12:18:54","guid":{"rendered":"https:\/\/hsb1846.de\/?page_id=19456"},"modified":"2026-03-25T16:57:48","modified_gmt":"2026-03-25T15:57:48","slug":"top-athleten","status":"publish","type":"page","link":"https:\/\/hsb1846.de\/en\/home\/abteilungen\/fechten\/paul-gnaier-fechtzentrum\/top-athleten\/","title":{"rendered":"Top Athleten"},"content":{"rendered":"<div class=\"wp-block-columns is-layout-flex wp-container-core-columns-is-layout-9d6595d7 wp-block-columns-is-layout-flex\">\n<div class=\"wp-block-column is-layout-flow wp-block-column-is-layout-flow\">\n<p><span style=\"font-size: 40px;\"><strong>Herrendegen\u00a0<\/strong><\/span><\/p>\n<\/div>\n\n\n\n<div class=\"wp-block-column is-layout-flow wp-block-column-is-layout-flow\">\n<p><span style=\"font-size: 40px;\"><strong>Damendegen<\/strong><\/span><\/p>\n<\/p>\n<\/div>\n<\/div>\n\n\n\n<div class=\"wp-block-columns is-layout-flex wp-container-core-columns-is-layout-9d6595d7 wp-block-columns-is-layout-flex\">\n<div class=\"wp-block-column is-layout-flow wp-block-column-is-layout-flow\">\n<p><span style=\"font-size: 25px;\"><strong>Matthew B\u00fclau<\/strong><\/span><\/p>\n\n\n\n<div class=\"wp-block-columns is-layout-flex wp-container-core-columns-is-layout-9d6595d7 wp-block-columns-is-layout-flex\">\n<div class=\"wp-block-column is-layout-flow wp-block-column-is-layout-flow\">\n<figure class=\"wp-block-image size-full\"><img loading=\"lazy\" decoding=\"async\" width=\"980\" height=\"980\" src=\"https:\/\/hsb1846.de\/wp-content\/uploads\/2026\/01\/cd4bd9b0ea2807611ba3a67c331bff0b-4.jpg\" alt=\"\" class=\"wp-image-19208\" srcset=\"https:\/\/hsb1846.de\/wp-content\/uploads\/2026\/01\/cd4bd9b0ea2807611ba3a67c331bff0b-4.jpg 980w, https:\/\/hsb1846.de\/wp-content\/uploads\/2026\/01\/cd4bd9b0ea2807611ba3a67c331bff0b-4-300x300.jpg 300w, https:\/\/hsb1846.de\/wp-content\/uploads\/2026\/01\/cd4bd9b0ea2807611ba3a67c331bff0b-4-150x150.jpg 150w, https:\/\/hsb1846.de\/wp-content\/uploads\/2026\/01\/cd4bd9b0ea2807611ba3a67c331bff0b-4-768x768.jpg 768w, https:\/\/hsb1846.de\/wp-content\/uploads\/2026\/01\/cd4bd9b0ea2807611ba3a67c331bff0b-4-12x12.jpg 12w\" sizes=\"auto, (max-width: 980px) 100vw, 980px\" \/><\/figure>\n<\/div>\n\n\n\n<div class=\"wp-block-column is-layout-flow wp-block-column-is-layout-flow\">\n<p><span style=\"font-size: 18px;\">j<\/span><\/p>\n<\/div>\n<\/div>\n<\/div>\n\n\n\n<div class=\"wp-block-column is-layout-flow wp-block-column-is-layout-flow\">\n<p><span style=\"font-family: comic sans ms, sans-serif;\"><span style=\"font-size: 25px;\"><b>1<\/b><\/span><\/span><\/p>\n\n\n\n<div class=\"wp-block-columns is-layout-flex wp-container-core-columns-is-layout-9d6595d7 wp-block-columns-is-layout-flex\">\n<div class=\"wp-block-column is-layout-flow wp-block-column-is-layout-flow\">\n<figure class=\"wp-block-image size-full\"><img loading=\"lazy\" decoding=\"async\" width=\"980\" height=\"980\" src=\"https:\/\/hsb1846.de\/wp-content\/uploads\/2026\/01\/cd4bd9b0ea2807611ba3a67c331bff0b-4.jpg\" alt=\"\" class=\"wp-image-19208\" srcset=\"https:\/\/hsb1846.de\/wp-content\/uploads\/2026\/01\/cd4bd9b0ea2807611ba3a67c331bff0b-4.jpg 980w, https:\/\/hsb1846.de\/wp-content\/uploads\/2026\/01\/cd4bd9b0ea2807611ba3a67c331bff0b-4-300x300.jpg 300w, https:\/\/hsb1846.de\/wp-content\/uploads\/2026\/01\/cd4bd9b0ea2807611ba3a67c331bff0b-4-150x150.jpg 150w, https:\/\/hsb1846.de\/wp-content\/uploads\/2026\/01\/cd4bd9b0ea2807611ba3a67c331bff0b-4-768x768.jpg 768w, https:\/\/hsb1846.de\/wp-content\/uploads\/2026\/01\/cd4bd9b0ea2807611ba3a67c331bff0b-4-12x12.jpg 12w\" sizes=\"auto, (max-width: 980px) 100vw, 980px\" \/><\/figure>\n<\/div>\n\n\n\n<div class=\"wp-block-column is-layout-flow wp-block-column-is-layout-flow\">\n<p>i\u00fc+\u00fc+\u00fc+\u00fc+<\/p>\n<\/div>\n<\/div>\n<\/div>\n<\/div>\n\n\n\n<div class=\"wp-block-columns is-layout-flex wp-container-core-columns-is-layout-9d6595d7 wp-block-columns-is-layout-flex\">\n<div class=\"wp-block-column is-layout-flow wp-block-column-is-layout-flow\">\n<p><strong><span style=\"font-size: 25px;\">Horant Kummer\u00a0<\/span><\/strong><\/p>\n\n\n\n<div class=\"wp-block-columns is-layout-flex wp-container-core-columns-is-layout-9d6595d7 wp-block-columns-is-layout-flex\">\n<div class=\"wp-block-column is-layout-flow wp-block-column-is-layout-flow\">\n<figure class=\"wp-block-image size-full\"><img loading=\"lazy\" decoding=\"async\" width=\"980\" height=\"980\" src=\"https:\/\/hsb1846.de\/wp-content\/uploads\/2026\/01\/cd4bd9b0ea2807611ba3a67c331bff0b-4.jpg\" alt=\"\" class=\"wp-image-19208\" srcset=\"https:\/\/hsb1846.de\/wp-content\/uploads\/2026\/01\/cd4bd9b0ea2807611ba3a67c331bff0b-4.jpg 980w, https:\/\/hsb1846.de\/wp-content\/uploads\/2026\/01\/cd4bd9b0ea2807611ba3a67c331bff0b-4-300x300.jpg 300w, https:\/\/hsb1846.de\/wp-content\/uploads\/2026\/01\/cd4bd9b0ea2807611ba3a67c331bff0b-4-150x150.jpg 150w, https:\/\/hsb1846.de\/wp-content\/uploads\/2026\/01\/cd4bd9b0ea2807611ba3a67c331bff0b-4-768x768.jpg 768w, https:\/\/hsb1846.de\/wp-content\/uploads\/2026\/01\/cd4bd9b0ea2807611ba3a67c331bff0b-4-12x12.jpg 12w\" sizes=\"auto, (max-width: 980px) 100vw, 980px\" \/><\/figure>\n<\/div>\n\n\n\n<div class=\"wp-block-column is-layout-flow wp-block-column-is-layout-flow\">\n<p>+<\/p>\n<\/div>\n<\/div>\n<\/div>\n\n\n\n<div class=\"wp-block-column is-layout-flow wp-block-column-is-layout-flow\">\n<p><strong><span style=\"font-size: 25px;\">1<\/span><\/strong><\/p>\n\n\n\n<div class=\"wp-block-columns is-layout-flex wp-container-core-columns-is-layout-9d6595d7 wp-block-columns-is-layout-flex\">\n<div class=\"wp-block-column is-layout-flow wp-block-column-is-layout-flow\">\n<figure class=\"wp-block-image size-full\"><img loading=\"lazy\" decoding=\"async\" width=\"980\" height=\"980\" src=\"https:\/\/hsb1846.de\/wp-content\/uploads\/2026\/01\/cd4bd9b0ea2807611ba3a67c331bff0b-4.jpg\" alt=\"\" class=\"wp-image-19208\" srcset=\"https:\/\/hsb1846.de\/wp-content\/uploads\/2026\/01\/cd4bd9b0ea2807611ba3a67c331bff0b-4.jpg 980w, https:\/\/hsb1846.de\/wp-content\/uploads\/2026\/01\/cd4bd9b0ea2807611ba3a67c331bff0b-4-300x300.jpg 300w, https:\/\/hsb1846.de\/wp-content\/uploads\/2026\/01\/cd4bd9b0ea2807611ba3a67c331bff0b-4-150x150.jpg 150w, https:\/\/hsb1846.de\/wp-content\/uploads\/2026\/01\/cd4bd9b0ea2807611ba3a67c331bff0b-4-768x768.jpg 768w, https:\/\/hsb1846.de\/wp-content\/uploads\/2026\/01\/cd4bd9b0ea2807611ba3a67c331bff0b-4-12x12.jpg 12w\" sizes=\"auto, (max-width: 980px) 100vw, 980px\" \/><\/figure>\n<\/div>\n\n\n\n<div class=\"wp-block-column is-layout-flow wp-block-column-is-layout-flow\">\n<p>d<\/p>\n<\/div>\n<\/div>\n<\/div>\n<\/div>\n\n\n\n<div class=\"wp-block-columns is-layout-flex wp-container-core-columns-is-layout-9d6595d7 wp-block-columns-is-layout-flex\">\n<div class=\"wp-block-column is-layout-flow wp-block-column-is-layout-flow\">\n<p><strong><span style=\"font-size: 25px;\">Rudy Hummel\u00a0<\/span><\/strong><\/p>\n\n\n\n<div class=\"wp-block-columns is-layout-flex wp-container-core-columns-is-layout-9d6595d7 wp-block-columns-is-layout-flex\">\n<div class=\"wp-block-column is-layout-flow wp-block-column-is-layout-flow\">\n<figure class=\"wp-block-image size-full\"><img loading=\"lazy\" decoding=\"async\" width=\"980\" height=\"980\" src=\"https:\/\/hsb1846.de\/wp-content\/uploads\/2026\/01\/cd4bd9b0ea2807611ba3a67c331bff0b-4.jpg\" alt=\"\" class=\"wp-image-19208\" srcset=\"https:\/\/hsb1846.de\/wp-content\/uploads\/2026\/01\/cd4bd9b0ea2807611ba3a67c331bff0b-4.jpg 980w, https:\/\/hsb1846.de\/wp-content\/uploads\/2026\/01\/cd4bd9b0ea2807611ba3a67c331bff0b-4-300x300.jpg 300w, https:\/\/hsb1846.de\/wp-content\/uploads\/2026\/01\/cd4bd9b0ea2807611ba3a67c331bff0b-4-150x150.jpg 150w, https:\/\/hsb1846.de\/wp-content\/uploads\/2026\/01\/cd4bd9b0ea2807611ba3a67c331bff0b-4-768x768.jpg 768w, https:\/\/hsb1846.de\/wp-content\/uploads\/2026\/01\/cd4bd9b0ea2807611ba3a67c331bff0b-4-12x12.jpg 12w\" sizes=\"auto, (max-width: 980px) 100vw, 980px\" \/><\/figure>\n<\/div>\n\n\n\n<div class=\"wp-block-column is-layout-flow wp-block-column-is-layout-flow\">\n<p>+\u00fc<\/p>\n<\/div>\n<\/div>\n<\/div>\n\n\n\n<div class=\"wp-block-column is-layout-flow wp-block-column-is-layout-flow\">\n<p><strong><span style=\"font-size: 25px;\">1<\/span><\/strong><\/p>\n\n\n\n<div class=\"wp-block-columns is-layout-flex wp-container-core-columns-is-layout-9d6595d7 wp-block-columns-is-layout-flex\">\n<div class=\"wp-block-column is-layout-flow wp-block-column-is-layout-flow\">\n<figure class=\"wp-block-image size-full\"><img loading=\"lazy\" decoding=\"async\" width=\"980\" height=\"980\" src=\"https:\/\/hsb1846.de\/wp-content\/uploads\/2026\/01\/cd4bd9b0ea2807611ba3a67c331bff0b-4.jpg\" alt=\"\" class=\"wp-image-19208\" srcset=\"https:\/\/hsb1846.de\/wp-content\/uploads\/2026\/01\/cd4bd9b0ea2807611ba3a67c331bff0b-4.jpg 980w, https:\/\/hsb1846.de\/wp-content\/uploads\/2026\/01\/cd4bd9b0ea2807611ba3a67c331bff0b-4-300x300.jpg 300w, https:\/\/hsb1846.de\/wp-content\/uploads\/2026\/01\/cd4bd9b0ea2807611ba3a67c331bff0b-4-150x150.jpg 150w, https:\/\/hsb1846.de\/wp-content\/uploads\/2026\/01\/cd4bd9b0ea2807611ba3a67c331bff0b-4-768x768.jpg 768w, https:\/\/hsb1846.de\/wp-content\/uploads\/2026\/01\/cd4bd9b0ea2807611ba3a67c331bff0b-4-12x12.jpg 12w\" sizes=\"auto, (max-width: 980px) 100vw, 980px\" \/><\/figure>\n<\/div>\n\n\n\n<div class=\"wp-block-column is-layout-flow wp-block-column-is-layout-flow\">\n<p>d<\/p>\n<\/div>\n<\/div>\n<\/div>\n<\/div>\n\n\n\n<div class=\"wp-block-columns is-layout-flex wp-container-core-columns-is-layout-9d6595d7 wp-block-columns-is-layout-flex\">\n<div class=\"wp-block-column is-layout-flow wp-block-column-is-layout-flow\">\n<p><span style=\"font-size: 25px;\"><b>Stephan Schuller\u00a0<\/b><\/span><\/p>\n\n\n\n<div class=\"wp-block-columns is-layout-flex wp-container-core-columns-is-layout-9d6595d7 wp-block-columns-is-layout-flex\">\n<div class=\"wp-block-column is-layout-flow wp-block-column-is-layout-flow\">\n<figure class=\"wp-block-image size-full\"><img loading=\"lazy\" decoding=\"async\" width=\"980\" height=\"980\" src=\"https:\/\/hsb1846.de\/wp-content\/uploads\/2026\/01\/cd4bd9b0ea2807611ba3a67c331bff0b-4.jpg\" alt=\"\" class=\"wp-image-19208\" srcset=\"https:\/\/hsb1846.de\/wp-content\/uploads\/2026\/01\/cd4bd9b0ea2807611ba3a67c331bff0b-4.jpg 980w, https:\/\/hsb1846.de\/wp-content\/uploads\/2026\/01\/cd4bd9b0ea2807611ba3a67c331bff0b-4-300x300.jpg 300w, https:\/\/hsb1846.de\/wp-content\/uploads\/2026\/01\/cd4bd9b0ea2807611ba3a67c331bff0b-4-150x150.jpg 150w, https:\/\/hsb1846.de\/wp-content\/uploads\/2026\/01\/cd4bd9b0ea2807611ba3a67c331bff0b-4-768x768.jpg 768w, https:\/\/hsb1846.de\/wp-content\/uploads\/2026\/01\/cd4bd9b0ea2807611ba3a67c331bff0b-4-12x12.jpg 12w\" sizes=\"auto, (max-width: 980px) 100vw, 980px\" \/><\/figure>\n<\/div>\n\n\n\n<div class=\"wp-block-column is-layout-flow wp-block-column-is-layout-flow\">\n<p>+<\/p>\n<\/div>\n<\/div>\n<\/div>\n\n\n\n<div class=\"wp-block-column is-layout-flow wp-block-column-is-layout-flow\">\n<p><strong><span style=\"font-size: 25px;\">1<\/span><\/strong><\/p>\n\n\n\n<div class=\"wp-block-columns is-layout-flex wp-container-core-columns-is-layout-9d6595d7 wp-block-columns-is-layout-flex\">\n<div class=\"wp-block-column is-layout-flow wp-block-column-is-layout-flow\">\n<figure class=\"wp-block-image size-full\"><img loading=\"lazy\" decoding=\"async\" width=\"980\" height=\"980\" src=\"https:\/\/hsb1846.de\/wp-content\/uploads\/2026\/01\/cd4bd9b0ea2807611ba3a67c331bff0b-4.jpg\" alt=\"\" class=\"wp-image-19208\" srcset=\"https:\/\/hsb1846.de\/wp-content\/uploads\/2026\/01\/cd4bd9b0ea2807611ba3a67c331bff0b-4.jpg 980w, https:\/\/hsb1846.de\/wp-content\/uploads\/2026\/01\/cd4bd9b0ea2807611ba3a67c331bff0b-4-300x300.jpg 300w, https:\/\/hsb1846.de\/wp-content\/uploads\/2026\/01\/cd4bd9b0ea2807611ba3a67c331bff0b-4-150x150.jpg 150w, https:\/\/hsb1846.de\/wp-content\/uploads\/2026\/01\/cd4bd9b0ea2807611ba3a67c331bff0b-4-768x768.jpg 768w, https:\/\/hsb1846.de\/wp-content\/uploads\/2026\/01\/cd4bd9b0ea2807611ba3a67c331bff0b-4-12x12.jpg 12w\" sizes=\"auto, (max-width: 980px) 100vw, 980px\" \/><\/figure>\n<\/div>\n\n\n\n<div class=\"wp-block-column is-layout-flow wp-block-column-is-layout-flow\">\n<p>d<\/p>\n<\/div>\n<\/div>\n<\/div>\n<\/div>\n\n\n\n<div class=\"wp-block-columns is-layout-flex wp-container-core-columns-is-layout-9d6595d7 wp-block-columns-is-layout-flex\">\n<div class=\"wp-block-column is-layout-flow wp-block-column-is-layout-flow\">\n<p><strong><span style=\"font-size: 25px;\">Hendrik Sch\u00fcnke\u00a0<\/span><\/strong><\/p>\n\n\n\n<div class=\"wp-block-columns is-layout-flex wp-container-core-columns-is-layout-9d6595d7 wp-block-columns-is-layout-flex\">\n<div class=\"wp-block-column is-layout-flow wp-block-column-is-layout-flow\">\n<figure class=\"wp-block-image size-full\"><img loading=\"lazy\" decoding=\"async\" width=\"980\" height=\"980\" src=\"https:\/\/hsb1846.de\/wp-content\/uploads\/2026\/01\/cd4bd9b0ea2807611ba3a67c331bff0b-4.jpg\" alt=\"\" class=\"wp-image-19208\" srcset=\"https:\/\/hsb1846.de\/wp-content\/uploads\/2026\/01\/cd4bd9b0ea2807611ba3a67c331bff0b-4.jpg 980w, https:\/\/hsb1846.de\/wp-content\/uploads\/2026\/01\/cd4bd9b0ea2807611ba3a67c331bff0b-4-300x300.jpg 300w, https:\/\/hsb1846.de\/wp-content\/uploads\/2026\/01\/cd4bd9b0ea2807611ba3a67c331bff0b-4-150x150.jpg 150w, https:\/\/hsb1846.de\/wp-content\/uploads\/2026\/01\/cd4bd9b0ea2807611ba3a67c331bff0b-4-768x768.jpg 768w, https:\/\/hsb1846.de\/wp-content\/uploads\/2026\/01\/cd4bd9b0ea2807611ba3a67c331bff0b-4-12x12.jpg 12w\" sizes=\"auto, (max-width: 980px) 100vw, 980px\" \/><\/figure>\n<\/div>\n\n\n\n<div class=\"wp-block-column is-layout-flow wp-block-column-is-layout-flow\">\n<p>+<\/p>\n<\/div>\n<\/div>\n<\/div>\n\n\n\n<div class=\"wp-block-column is-layout-flow wp-block-column-is-layout-flow\">\n<p><strong><span style=\"font-size: 25px;\">1<\/span><\/strong><\/p>\n\n\n\n<div class=\"wp-block-columns is-layout-flex wp-container-core-columns-is-layout-9d6595d7 wp-block-columns-is-layout-flex\">\n<div class=\"wp-block-column is-layout-flow wp-block-column-is-layout-flow\">\n<figure class=\"wp-block-image size-full\"><img loading=\"lazy\" decoding=\"async\" width=\"980\" height=\"980\" src=\"https:\/\/hsb1846.de\/wp-content\/uploads\/2026\/01\/cd4bd9b0ea2807611ba3a67c331bff0b-4.jpg\" alt=\"\" class=\"wp-image-19208\" srcset=\"https:\/\/hsb1846.de\/wp-content\/uploads\/2026\/01\/cd4bd9b0ea2807611ba3a67c331bff0b-4.jpg 980w, https:\/\/hsb1846.de\/wp-content\/uploads\/2026\/01\/cd4bd9b0ea2807611ba3a67c331bff0b-4-300x300.jpg 300w, https:\/\/hsb1846.de\/wp-content\/uploads\/2026\/01\/cd4bd9b0ea2807611ba3a67c331bff0b-4-150x150.jpg 150w, https:\/\/hsb1846.de\/wp-content\/uploads\/2026\/01\/cd4bd9b0ea2807611ba3a67c331bff0b-4-768x768.jpg 768w, https:\/\/hsb1846.de\/wp-content\/uploads\/2026\/01\/cd4bd9b0ea2807611ba3a67c331bff0b-4-12x12.jpg 12w\" sizes=\"auto, (max-width: 980px) 100vw, 980px\" \/><\/figure>\n<\/div>\n\n\n\n<div class=\"wp-block-column is-layout-flow wp-block-column-is-layout-flow\">\n<p>d<\/p>\n<\/div>\n<\/div>\n<\/div>\n<\/div>\n\n\n\n<div class=\"wp-block-columns is-layout-flex wp-container-core-columns-is-layout-9d6595d7 wp-block-columns-is-layout-flex\">\n<div class=\"wp-block-column is-layout-flow wp-block-column-is-layout-flow\">\n<p><strong><span style=\"font-size: 25px;\">Joshua Kress\u00a0<\/span><\/strong><\/p>\n\n\n\n<div class=\"wp-block-columns is-layout-flex wp-container-core-columns-is-layout-9d6595d7 wp-block-columns-is-layout-flex\">\n<div class=\"wp-block-column is-layout-flow wp-block-column-is-layout-flow\">\n<figure class=\"wp-block-image size-full\"><img loading=\"lazy\" decoding=\"async\" width=\"980\" height=\"980\" src=\"https:\/\/hsb1846.de\/wp-content\/uploads\/2026\/01\/cd4bd9b0ea2807611ba3a67c331bff0b-4.jpg\" alt=\"\" class=\"wp-image-19208\" srcset=\"https:\/\/hsb1846.de\/wp-content\/uploads\/2026\/01\/cd4bd9b0ea2807611ba3a67c331bff0b-4.jpg 980w, https:\/\/hsb1846.de\/wp-content\/uploads\/2026\/01\/cd4bd9b0ea2807611ba3a67c331bff0b-4-300x300.jpg 300w, https:\/\/hsb1846.de\/wp-content\/uploads\/2026\/01\/cd4bd9b0ea2807611ba3a67c331bff0b-4-150x150.jpg 150w, https:\/\/hsb1846.de\/wp-content\/uploads\/2026\/01\/cd4bd9b0ea2807611ba3a67c331bff0b-4-768x768.jpg 768w, https:\/\/hsb1846.de\/wp-content\/uploads\/2026\/01\/cd4bd9b0ea2807611ba3a67c331bff0b-4-12x12.jpg 12w\" sizes=\"auto, (max-width: 980px) 100vw, 980px\" \/><\/figure>\n<\/div>\n\n\n\n<div class=\"wp-block-column is-layout-flow wp-block-column-is-layout-flow\">\n<p>+<\/p>\n<\/div>\n<\/div>\n<\/div>\n\n\n\n<div class=\"wp-block-column is-layout-flow wp-block-column-is-layout-flow\">\n<p><strong><span style=\"font-size: 25px;\">1<\/span><\/strong><\/p>\n\n\n\n<div class=\"wp-block-columns is-layout-flex wp-container-core-columns-is-layout-9d6595d7 wp-block-columns-is-layout-flex\">\n<div class=\"wp-block-column is-layout-flow wp-block-column-is-layout-flow\">\n<figure class=\"wp-block-image size-full\"><img loading=\"lazy\" decoding=\"async\" width=\"980\" height=\"980\" src=\"https:\/\/hsb1846.de\/wp-content\/uploads\/2026\/01\/cd4bd9b0ea2807611ba3a67c331bff0b-4.jpg\" alt=\"\" class=\"wp-image-19208\" srcset=\"https:\/\/hsb1846.de\/wp-content\/uploads\/2026\/01\/cd4bd9b0ea2807611ba3a67c331bff0b-4.jpg 980w, https:\/\/hsb1846.de\/wp-content\/uploads\/2026\/01\/cd4bd9b0ea2807611ba3a67c331bff0b-4-300x300.jpg 300w, https:\/\/hsb1846.de\/wp-content\/uploads\/2026\/01\/cd4bd9b0ea2807611ba3a67c331bff0b-4-150x150.jpg 150w, https:\/\/hsb1846.de\/wp-content\/uploads\/2026\/01\/cd4bd9b0ea2807611ba3a67c331bff0b-4-768x768.jpg 768w, https:\/\/hsb1846.de\/wp-content\/uploads\/2026\/01\/cd4bd9b0ea2807611ba3a67c331bff0b-4-12x12.jpg 12w\" sizes=\"auto, (max-width: 980px) 100vw, 980px\" \/><\/figure>\n<\/div>\n\n\n\n<div class=\"wp-block-column is-layout-flow wp-block-column-is-layout-flow\">\n<p>d<\/p>\n<\/div>\n<\/div>\n<\/div>\n<\/div>\n\n\n\n<div class=\"wp-block-columns is-layout-flex wp-container-core-columns-is-layout-9d6595d7 wp-block-columns-is-layout-flex\">\n<div class=\"wp-block-column is-layout-flow wp-block-column-is-layout-flow\">\n<p><strong><span style=\"font-size: 25px;\">Moritz Edler\u00a0<\/span><\/strong><\/p>\n\n\n\n<div class=\"wp-block-columns is-layout-flex wp-container-core-columns-is-layout-9d6595d7 wp-block-columns-is-layout-flex\">\n<div class=\"wp-block-column is-layout-flow wp-block-column-is-layout-flow\">\n<figure class=\"wp-block-image size-full\"><img loading=\"lazy\" decoding=\"async\" width=\"980\" height=\"980\" src=\"https:\/\/hsb1846.de\/wp-content\/uploads\/2026\/01\/cd4bd9b0ea2807611ba3a67c331bff0b-4.jpg\" alt=\"\" class=\"wp-image-19208\" srcset=\"https:\/\/hsb1846.de\/wp-content\/uploads\/2026\/01\/cd4bd9b0ea2807611ba3a67c331bff0b-4.jpg 980w, https:\/\/hsb1846.de\/wp-content\/uploads\/2026\/01\/cd4bd9b0ea2807611ba3a67c331bff0b-4-300x300.jpg 300w, https:\/\/hsb1846.de\/wp-content\/uploads\/2026\/01\/cd4bd9b0ea2807611ba3a67c331bff0b-4-150x150.jpg 150w, https:\/\/hsb1846.de\/wp-content\/uploads\/2026\/01\/cd4bd9b0ea2807611ba3a67c331bff0b-4-768x768.jpg 768w, https:\/\/hsb1846.de\/wp-content\/uploads\/2026\/01\/cd4bd9b0ea2807611ba3a67c331bff0b-4-12x12.jpg 12w\" sizes=\"auto, (max-width: 980px) 100vw, 980px\" \/><\/figure>\n<\/div>\n\n\n\n<div class=\"wp-block-column is-layout-flow wp-block-column-is-layout-flow\">\n<p>+<\/p>\n<\/div>\n<\/div>\n<\/div>\n\n\n\n<div class=\"wp-block-column is-layout-flow wp-block-column-is-layout-flow\">\n<p><strong><span style=\"font-size: 25px;\">1<\/span><\/strong><\/p>\n\n\n\n<div class=\"wp-block-columns is-layout-flex wp-container-core-columns-is-layout-9d6595d7 wp-block-columns-is-layout-flex\">\n<div class=\"wp-block-column is-layout-flow wp-block-column-is-layout-flow\">\n<figure class=\"wp-block-image size-full\"><img loading=\"lazy\" decoding=\"async\" width=\"980\" height=\"980\" src=\"https:\/\/hsb1846.de\/wp-content\/uploads\/2026\/01\/cd4bd9b0ea2807611ba3a67c331bff0b-4.jpg\" alt=\"\" class=\"wp-image-19208\" srcset=\"https:\/\/hsb1846.de\/wp-content\/uploads\/2026\/01\/cd4bd9b0ea2807611ba3a67c331bff0b-4.jpg 980w, https:\/\/hsb1846.de\/wp-content\/uploads\/2026\/01\/cd4bd9b0ea2807611ba3a67c331bff0b-4-300x300.jpg 300w, https:\/\/hsb1846.de\/wp-content\/uploads\/2026\/01\/cd4bd9b0ea2807611ba3a67c331bff0b-4-150x150.jpg 150w, https:\/\/hsb1846.de\/wp-content\/uploads\/2026\/01\/cd4bd9b0ea2807611ba3a67c331bff0b-4-768x768.jpg 768w, https:\/\/hsb1846.de\/wp-content\/uploads\/2026\/01\/cd4bd9b0ea2807611ba3a67c331bff0b-4-12x12.jpg 12w\" sizes=\"auto, (max-width: 980px) 100vw, 980px\" \/><\/figure>\n<\/div>\n\n\n\n<div class=\"wp-block-column is-layout-flow wp-block-column-is-layout-flow\">\n<p>d<\/p>\n<\/div>\n<\/div>\n<\/div>\n<\/div>\n\n\n\n<div class=\"wp-block-columns is-layout-flex wp-container-core-columns-is-layout-9d6595d7 wp-block-columns-is-layout-flex\">\n<div class=\"wp-block-column is-layout-flow wp-block-column-is-layout-flow\">\n<p><strong><span style=\"font-size: 25px;\">Niccolo Cherubini\u00a0<\/span><\/strong><\/p>\n\n\n\n<div class=\"wp-block-columns is-layout-flex wp-container-core-columns-is-layout-9d6595d7 wp-block-columns-is-layout-flex\">\n<div class=\"wp-block-column is-layout-flow wp-block-column-is-layout-flow\">\n<figure class=\"wp-block-image size-full\"><img loading=\"lazy\" decoding=\"async\" width=\"980\" height=\"980\" src=\"https:\/\/hsb1846.de\/wp-content\/uploads\/2026\/01\/cd4bd9b0ea2807611ba3a67c331bff0b-4.jpg\" alt=\"\" class=\"wp-image-19208\" srcset=\"https:\/\/hsb1846.de\/wp-content\/uploads\/2026\/01\/cd4bd9b0ea2807611ba3a67c331bff0b-4.jpg 980w, https:\/\/hsb1846.de\/wp-content\/uploads\/2026\/01\/cd4bd9b0ea2807611ba3a67c331bff0b-4-300x300.jpg 300w, https:\/\/hsb1846.de\/wp-content\/uploads\/2026\/01\/cd4bd9b0ea2807611ba3a67c331bff0b-4-150x150.jpg 150w, https:\/\/hsb1846.de\/wp-content\/uploads\/2026\/01\/cd4bd9b0ea2807611ba3a67c331bff0b-4-768x768.jpg 768w, https:\/\/hsb1846.de\/wp-content\/uploads\/2026\/01\/cd4bd9b0ea2807611ba3a67c331bff0b-4-12x12.jpg 12w\" sizes=\"auto, (max-width: 980px) 100vw, 980px\" \/><\/figure>\n<\/div>\n\n\n\n<div class=\"wp-block-column is-layout-flow wp-block-column-is-layout-flow\">\n<p>+<\/p>\n<\/div>\n<\/div>\n<\/div>\n\n\n\n<div class=\"wp-block-column is-layout-flow wp-block-column-is-layout-flow\">\n<p><strong><span style=\"font-size: 25px;\">1<\/span><\/strong><\/p>\n\n\n\n<div class=\"wp-block-columns is-layout-flex wp-container-core-columns-is-layout-9d6595d7 wp-block-columns-is-layout-flex\">\n<div class=\"wp-block-column is-layout-flow wp-block-column-is-layout-flow\">\n<figure class=\"wp-block-image size-full\"><img loading=\"lazy\" decoding=\"async\" width=\"980\" height=\"980\" src=\"https:\/\/hsb1846.de\/wp-content\/uploads\/2026\/01\/cd4bd9b0ea2807611ba3a67c331bff0b-4.jpg\" alt=\"\" class=\"wp-image-19208\" srcset=\"https:\/\/hsb1846.de\/wp-content\/uploads\/2026\/01\/cd4bd9b0ea2807611ba3a67c331bff0b-4.jpg 980w, https:\/\/hsb1846.de\/wp-content\/uploads\/2026\/01\/cd4bd9b0ea2807611ba3a67c331bff0b-4-300x300.jpg 300w, https:\/\/hsb1846.de\/wp-content\/uploads\/2026\/01\/cd4bd9b0ea2807611ba3a67c331bff0b-4-150x150.jpg 150w, https:\/\/hsb1846.de\/wp-content\/uploads\/2026\/01\/cd4bd9b0ea2807611ba3a67c331bff0b-4-768x768.jpg 768w, https:\/\/hsb1846.de\/wp-content\/uploads\/2026\/01\/cd4bd9b0ea2807611ba3a67c331bff0b-4-12x12.jpg 12w\" sizes=\"auto, (max-width: 980px) 100vw, 980px\" \/><\/figure>\n<\/div>\n\n\n\n<div class=\"wp-block-column is-layout-flow wp-block-column-is-layout-flow\">\n<p>d<\/p>\n<\/div>\n<\/div>\n<\/div>\n<\/div>\n\n\n\n<p><\/p>","protected":false},"excerpt":{"rendered":"<p>Herrendegen\u00a0 Damendegen Matthew B\u00fclau j 1 i\u00fc+\u00fc+\u00fc+\u00fc+ Horant Kummer\u00a0 + 1 d Rudy Hummel\u00a0 +\u00fc 1 d Stephan Schuller\u00a0 + 1 d Hendrik Sch\u00fcnke\u00a0 + 1 d Joshua Kress\u00a0 + 1 d Moritz Edler\u00a0 + 1 d Niccolo Cherubini\u00a0 + 1 d<\/p>","protected":false},"author":2,"featured_media":0,"parent":8983,"menu_order":0,"comment_status":"closed","ping_status":"closed","template":"","meta":{"footnotes":""},"class_list":["post-19456","page","type-page","status-publish","hentry"],"aioseo_notices":[],"_links":{"self":[{"href":"https:\/\/hsb1846.de\/en\/wp-json\/wp\/v2\/pages\/19456","targetHints":{"allow":["GET"]}}],"collection":[{"href":"https:\/\/hsb1846.de\/en\/wp-json\/wp\/v2\/pages"}],"about":[{"href":"https:\/\/hsb1846.de\/en\/wp-json\/wp\/v2\/types\/page"}],"author":[{"embeddable":true,"href":"https:\/\/hsb1846.de\/en\/wp-json\/wp\/v2\/users\/2"}],"replies":[{"embeddable":true,"href":"https:\/\/hsb1846.de\/en\/wp-json\/wp\/v2\/comments?post=19456"}],"version-history":[{"count":12,"href":"https:\/\/hsb1846.de\/en\/wp-json\/wp\/v2\/pages\/19456\/revisions"}],"predecessor-version":[{"id":19772,"href":"https:\/\/hsb1846.de\/en\/wp-json\/wp\/v2\/pages\/19456\/revisions\/19772"}],"up":[{"embeddable":true,"href":"https:\/\/hsb1846.de\/en\/wp-json\/wp\/v2\/pages\/8983"}],"wp:attachment":[{"href":"https:\/\/hsb1846.de\/en\/wp-json\/wp\/v2\/media?parent=19456"}],"curies":[{"name":"wp","href":"https:\/\/api.w.org\/{rel}","templated":true}]}}