{"id":19485,"date":"2026-03-04T17:19:55","date_gmt":"2026-03-04T16:19:55","guid":{"rendered":"https:\/\/hsb1846.de\/?page_id=19485"},"modified":"2026-04-13T16:04:39","modified_gmt":"2026-04-13T14:04:39","slug":"downloads-und-links","status":"publish","type":"page","link":"https:\/\/hsb1846.de\/en\/home\/abteilungen\/fechten\/service-und-downloads\/downloads-und-links\/","title":{"rendered":"Downloads und Links"},"content":{"rendered":"<p><\/p>\n\n\n\n<div style=\"height:50px\" aria-hidden=\"true\" class=\"wp-block-spacer\"><\/div>\n\n\n\n<p><\/p>\n\n\n\n<h2 class=\"wp-block-heading\">Downloads<\/h2>\n\n\n\n<div style=\"height:23px\" aria-hidden=\"true\" class=\"wp-block-spacer\"><\/div>\n\n\n<ul>\n<li><span style=\"font-family: arial, helvetica, sans-serif; font-size: 12pt;\"><a href=\"https:\/\/hsb1846.de\/en\/files\/20_fa_beitrittserklaerung_ab_19.07.2021.pdf\/\" target=\"_blank\" rel=\"noopener\">Beitrittserkl\u00e4rung hsb-Fechtabteilung ab 07\/2021 inkl. Mitgliedbeitr\u00e4ge<\/a><\/span><\/li>\n<li><span style=\"font-family: arial, helvetica, sans-serif; font-size: 12pt;\"><a href=\"https:\/\/hsb1846.de\/wp-content\/uploads\/2023\/12\/24_Informationen-Neumitglieder_ab-01.01.2024.pdf\">Informationen Neumitglieder ab 01.01.2024<\/a><\/span><\/li>\n<li><span style=\"font-family: arial, helvetica, sans-serif; font-size: 12pt;\"><a href=\"https:\/\/bis2022.hsb1846.de\/files\/_v2_14_f__kreisbeitrittsformular.pdf\" target=\"_blank\" rel=\"noopener\">Beitrittserkl\u00e4rung F\u00f6rderkreis Fechtsport Heidenheim e.V.<\/a><\/span><\/li>\n<li><span style=\"font-family: arial, helvetica, sans-serif; font-size: 12pt;\"><a href=\"https:\/\/hsb1846.de\/wp-content\/uploads\/2025\/04\/hsb-Beitrittserklaerung-interaktiv-04-25-D.pdf\" target=\"_blank\" rel=\"noopener\">Beitrittserkl\u00e4rung hsb Hauptverein<\/a><\/span><\/li>\n<li><span style=\"font-family: arial, helvetica, sans-serif; font-size: 12pt;\"><a href=\"https:\/\/bis2022.hsb1846.de\/files\/9628_rund_ums_fechten_2013.pdf\" target=\"_blank\" rel=\"noopener\">Rund ums Fechten- Eine Einf\u00fchrung von Steffen Eigner<\/a><\/span><\/li>\n<li><span style=\"font-family: arial, helvetica, sans-serif; font-size: 12pt;\"><a href=\"https:\/\/hsb1846.de\/wp-content\/uploads\/2023\/12\/24_Hotelliste-2024.pdf\">Hotelliste Heidenheim 2024<\/a><\/span><\/li>\n<\/ul>\n\n\n<p><\/p>\n\n\n\n<p><\/p>\n\n\n\n<p><\/p>","protected":false},"excerpt":{"rendered":"<p>Downloads Beitrittserkl\u00e4rung hsb-Fechtabteilung ab 07\/2021 inkl. Mitgliedbeitr\u00e4ge Informationen Neumitglieder ab 01.01.2024 Beitrittserkl\u00e4rung F\u00f6rderkreis Fechtsport Heidenheim e.V. Beitrittserkl\u00e4rung hsb Hauptverein Rund ums Fechten- Eine Einf\u00fchrung von Steffen Eigner Hotelliste Heidenheim 2024<\/p>","protected":false},"author":2,"featured_media":0,"parent":18868,"menu_order":0,"comment_status":"closed","ping_status":"closed","template":"","meta":{"footnotes":""},"class_list":["post-19485","page","type-page","status-publish","hentry"],"aioseo_notices":[],"_links":{"self":[{"href":"https:\/\/hsb1846.de\/en\/wp-json\/wp\/v2\/pages\/19485","targetHints":{"allow":["GET"]}}],"collection":[{"href":"https:\/\/hsb1846.de\/en\/wp-json\/wp\/v2\/pages"}],"about":[{"href":"https:\/\/hsb1846.de\/en\/wp-json\/wp\/v2\/types\/page"}],"author":[{"embeddable":true,"href":"https:\/\/hsb1846.de\/en\/wp-json\/wp\/v2\/users\/2"}],"replies":[{"embeddable":true,"href":"https:\/\/hsb1846.de\/en\/wp-json\/wp\/v2\/comments?post=19485"}],"version-history":[{"count":3,"href":"https:\/\/hsb1846.de\/en\/wp-json\/wp\/v2\/pages\/19485\/revisions"}],"predecessor-version":[{"id":20114,"href":"https:\/\/hsb1846.de\/en\/wp-json\/wp\/v2\/pages\/19485\/revisions\/20114"}],"up":[{"embeddable":true,"href":"https:\/\/hsb1846.de\/en\/wp-json\/wp\/v2\/pages\/18868"}],"wp:attachment":[{"href":"https:\/\/hsb1846.de\/en\/wp-json\/wp\/v2\/media?parent=19485"}],"curies":[{"name":"wp","href":"https:\/\/api.w.org\/{rel}","templated":true}]}}