{"id":19552,"date":"2026-03-09T10:03:59","date_gmt":"2026-03-09T09:03:59","guid":{"rendered":"https:\/\/hsb1846.de\/?page_id=19552"},"modified":"2026-03-09T10:41:11","modified_gmt":"2026-03-09T09:41:11","slug":"spielbetrieb","status":"publish","type":"page","link":"https:\/\/hsb1846.de\/en\/home\/abteilungen\/tennis\/spielbetrieb\/","title":{"rendered":"Spielbetrieb"},"content":{"rendered":"<div style=\"height:40px\" aria-hidden=\"true\" class=\"wp-block-spacer\"><\/div>\n\n\n\n<h2 class=\"wp-block-heading\">Spielbetrieb<\/h2>\n\n\n\n<div style=\"height:40px\" aria-hidden=\"true\" class=\"wp-block-spacer\"><\/div>\n\n\n\n<p>Hier findet ihr die aktuellen Mannschaften der TA Heidenheimer SB in der laufenden Saison.<br>\u00dcber die \u00dcbersicht gelangt ihr direkt zu Spielpl\u00e4nen, Tabellen und den Ergebnissen unserer Teams.<\/p>\n\n\n\n<p><\/p>\n\n\n\n<p>Wir w\u00fcnschen viel Spa\u00df beim Mitfiebern und dr\u00fccken unseren Mannschaften die Daumen f\u00fcr eine erfolgreiche Saison! \ud83c\udfbe<\/p>\n\n\n\n<div style=\"height:40px\" aria-hidden=\"true\" class=\"wp-block-spacer\"><\/div>\n\n\n\n<iframe style=\"width: 100%; height: 800px; overflow: show;\" src=\"https:\/\/services.tennis.de\/extern\/tennisdeteamsearch.zul?verband=WTB&#038;verein=20255&#038;linkfarbe=061379\" scrolling=\"yes\"><\/iframe>\n\n\n\n<div style=\"height:40px\" aria-hidden=\"true\" class=\"wp-block-spacer\"><\/div>","protected":false},"excerpt":{"rendered":"<p>Spielbetrieb Hier findet ihr die aktuellen Mannschaften der TA Heidenheimer SB in der laufenden Saison.\u00dcber die \u00dcbersicht gelangt ihr direkt zu Spielpl\u00e4nen, Tabellen und den Ergebnissen unserer Teams. Wir w\u00fcnschen viel Spa\u00df beim Mitfiebern und dr\u00fccken unseren Mannschaften die Daumen f\u00fcr eine erfolgreiche Saison! \ud83c\udfbe<\/p>","protected":false},"author":5,"featured_media":0,"parent":4425,"menu_order":3,"comment_status":"closed","ping_status":"closed","template":"","meta":{"footnotes":""},"class_list":["post-19552","page","type-page","status-publish","hentry"],"aioseo_notices":[],"_links":{"self":[{"href":"https:\/\/hsb1846.de\/en\/wp-json\/wp\/v2\/pages\/19552","targetHints":{"allow":["GET"]}}],"collection":[{"href":"https:\/\/hsb1846.de\/en\/wp-json\/wp\/v2\/pages"}],"about":[{"href":"https:\/\/hsb1846.de\/en\/wp-json\/wp\/v2\/types\/page"}],"author":[{"embeddable":true,"href":"https:\/\/hsb1846.de\/en\/wp-json\/wp\/v2\/users\/5"}],"replies":[{"embeddable":true,"href":"https:\/\/hsb1846.de\/en\/wp-json\/wp\/v2\/comments?post=19552"}],"version-history":[{"count":5,"href":"https:\/\/hsb1846.de\/en\/wp-json\/wp\/v2\/pages\/19552\/revisions"}],"predecessor-version":[{"id":19559,"href":"https:\/\/hsb1846.de\/en\/wp-json\/wp\/v2\/pages\/19552\/revisions\/19559"}],"up":[{"embeddable":true,"href":"https:\/\/hsb1846.de\/en\/wp-json\/wp\/v2\/pages\/4425"}],"wp:attachment":[{"href":"https:\/\/hsb1846.de\/en\/wp-json\/wp\/v2\/media?parent=19552"}],"curies":[{"name":"wp","href":"https:\/\/api.w.org\/{rel}","templated":true}]}}