{"id":3938,"date":"2021-04-12T09:00:30","date_gmt":"1970-01-01T00:00:00","guid":{"rendered":"https:\/\/tishonator.com\/themepreview4\/allinonetheme\/?page_id=434"},"modified":"2022-04-21T14:39:41","modified_gmt":"2022-04-21T12:39:41","slug":"home-4","status":"publish","type":"page","link":"https:\/\/hsb1846.de\/en\/home-4\/","title":{"rendered":"FANWELT"},"content":{"rendered":"<div class=\"wp-block-cover is-light has-parallax is-repeated full-width\" style=\"background-image:url(https:\/\/2022.hsb1846.de\/wp-content\/uploads\/2021\/06\/banner-1.png)\"><span aria-hidden=\"true\" class=\"has-background-dim-0 wp-block-cover__gradient-background has-background-dim\"><\/span><div class=\"wp-block-cover__inner-container is-layout-flow wp-block-cover-is-layout-flow\">\n<p class=\"has-text-align-left hero-content has-text-color\" style=\"color:#333333;font-size:56px\"><strong>New<br>Collection<br>2021<\/strong><\/p>\n<\/div><\/div>\n\n\n\n<div class=\"container mt-5\">\n  <div class=\"row\">\n    <div class=\"col-8\">\n      <img decoding=\"async\" src=\"https:\/\/2022.hsb1846.de\/wp-content\/uploads\/2021\/06\/banner-left.jpg\" style=\"box-shadow:none;height:auto;width:100%;\">\n<a href=\"#\" style=\"position:absolute;margin:-30px 0 0 10px;display:block;color:#333;font-size:16px;\"><b>Clothing<\/b> <sup>(158)<\/sup><\/a>\n    <\/div>\n    <div class=\"col-4\">\n      <img decoding=\"async\" src=\"https:\/\/2022.hsb1846.de\/wp-content\/uploads\/2021\/06\/banner-right.jpg\" style=\"box-shadow:none;height:auto;width:100%;\">\n\t\t\t<a href=\"#\" style=\"position:absolute;margin:-30px 0 0 10px;display:block;color:#333;font-size:16px;\"><b>Accessories<\/b> <sup>(48)<\/sup><\/a>\n    <\/div>\n  <\/div>\n\n\n<div class=\"row pt-3\">\n    <div class=\"col-4\">\n      <img decoding=\"async\" src=\"https:\/\/2022.hsb1846.de\/wp-content\/uploads\/2021\/08\/banner-2b.jpg\" style=\"box-shadow:none;height:auto;width:100%;\">\n<a href=\"#\" style=\"position:absolute;margin:-30px 0 0 10px;display:block;color:#333;font-size:16px;\"><b>Women Collection<\/b> <sup>(1,158)<\/sup><\/a>\n    <\/div>\n    <div class=\"col-8\">\n      <img decoding=\"async\" src=\"https:\/\/2022.hsb1846.de\/wp-content\/uploads\/2021\/08\/banner-2a.jpg\" style=\"box-shadow:none;height:auto;width:100%;\">\n\t\t\t<a href=\"#\" style=\"position:absolute;margin:-30px 0 0 10px;display:block;color:#333;font-size:16px;\"><b>Men Collection<\/b><sup>(593)<\/sup><\/a>\n    <\/div>\n  <\/div>\n\n<\/div>\n\n\n\n<div style=\"height:29px\" aria-hidden=\"true\" class=\"wp-block-spacer\"><\/div>\n\n\n\n<h2 class=\"wp-block-heading\">New Arrivals<\/h2>\n\n\n\n\n\n<h2 class=\"wp-block-heading\">Brands<\/h2>\n\n\n<section id=\"clients\" class=\"clearfix\"><div class=\"container pt-md-3\"><div class=\"row clients-container\"><div class=\"col-6 col-md-3 mb-5 client-item\"><a href=\"https:\/\/www.heidenheim.de\/startseite\" title=\"Stadt Heidenheim\" target=\"_blank\"><div class=\"img\"><img loading=\"lazy\" decoding=\"async\" width=\"320\" height=\"240\" src=\"https:\/\/hsb1846.de\/wp-content\/uploads\/2022\/10\/Heidenheim_web.png\" class=\"attachment-full size-full wp-post-image\" alt=\"\" srcset=\"https:\/\/hsb1846.de\/wp-content\/uploads\/2022\/10\/Heidenheim_web.png 320w, https:\/\/hsb1846.de\/wp-content\/uploads\/2022\/10\/Heidenheim_web-300x225.png 300w\" sizes=\"auto, (max-width: 320px) 100vw, 320px\" \/><\/div><\/a><\/div><div class=\"col-6 col-md-3 mb-5 client-item\"><a href=\"https:\/\/voith.com\/corp-de\/ueber-voith\/maerkte-standorte\/deutschland\/heidenheim.html\" title=\"Voith\" target=\"_blank\"><div class=\"img\"><img loading=\"lazy\" decoding=\"async\" width=\"320\" height=\"240\" src=\"https:\/\/hsb1846.de\/wp-content\/uploads\/2022\/10\/Voith_web.png\" class=\"attachment-full size-full wp-post-image\" alt=\"\" srcset=\"https:\/\/hsb1846.de\/wp-content\/uploads\/2022\/10\/Voith_web.png 320w, https:\/\/hsb1846.de\/wp-content\/uploads\/2022\/10\/Voith_web-300x225.png 300w\" sizes=\"auto, (max-width: 320px) 100vw, 320px\" \/><\/div><\/a><\/div><div class=\"col-6 col-md-3 mb-5 client-item\"><a href=\"https:\/\/www.ksk-heidenheim.de\/de\/home.html\" title=\"Sparkasse\" target=\"_blank\"><div class=\"img\"><img loading=\"lazy\" decoding=\"async\" width=\"320\" height=\"240\" src=\"https:\/\/hsb1846.de\/wp-content\/uploads\/2022\/10\/Sparkasse_web.png\" class=\"attachment-full size-full wp-post-image\" alt=\"\" srcset=\"https:\/\/hsb1846.de\/wp-content\/uploads\/2022\/10\/Sparkasse_web.png 320w, https:\/\/hsb1846.de\/wp-content\/uploads\/2022\/10\/Sparkasse_web-300x225.png 300w\" sizes=\"auto, (max-width: 320px) 100vw, 320px\" \/><\/div><\/a><\/div><div class=\"col-6 col-md-3 mb-5 client-item\"><a href=\"https:\/\/www.hartmann.info\/de-de\/\" title=\"Hartmann\" target=\"_blank\"><div class=\"img\"><img loading=\"lazy\" decoding=\"async\" width=\"320\" height=\"240\" src=\"https:\/\/hsb1846.de\/wp-content\/uploads\/2022\/10\/Hartmann_web.png\" class=\"attachment-full size-full wp-post-image\" alt=\"\" srcset=\"https:\/\/hsb1846.de\/wp-content\/uploads\/2022\/10\/Hartmann_web.png 320w, https:\/\/hsb1846.de\/wp-content\/uploads\/2022\/10\/Hartmann_web-300x225.png 300w\" sizes=\"auto, (max-width: 320px) 100vw, 320px\" \/><\/div><\/a><\/div><div class=\"col-6 col-md-3 mb-5 client-item\"><a href=\"https:\/\/www.stadtwerke-heidenheim.de\/\" title=\"Stadtwerke Heidenheim\" target=\"_blank\"><div class=\"img\"><img loading=\"lazy\" decoding=\"async\" width=\"320\" height=\"240\" src=\"https:\/\/hsb1846.de\/wp-content\/uploads\/2022\/10\/SWH_web.png\" class=\"attachment-full size-full wp-post-image\" alt=\"\" srcset=\"https:\/\/hsb1846.de\/wp-content\/uploads\/2022\/10\/SWH_web.png 320w, https:\/\/hsb1846.de\/wp-content\/uploads\/2022\/10\/SWH_web-300x225.png 300w\" sizes=\"auto, (max-width: 320px) 100vw, 320px\" \/><\/div><\/a><\/div><div class=\"col-6 col-md-3 mb-5 client-item\"><a href=\"https:\/\/www.hz.de\/\" title=\"Heidenheimer Zeitung\" target=\"_blank\"><div class=\"img\"><img loading=\"lazy\" decoding=\"async\" width=\"320\" height=\"240\" src=\"https:\/\/hsb1846.de\/wp-content\/uploads\/2022\/10\/HZ_web.png\" class=\"attachment-full size-full wp-post-image\" alt=\"\" srcset=\"https:\/\/hsb1846.de\/wp-content\/uploads\/2022\/10\/HZ_web.png 320w, https:\/\/hsb1846.de\/wp-content\/uploads\/2022\/10\/HZ_web-300x225.png 300w\" sizes=\"auto, (max-width: 320px) 100vw, 320px\" \/><\/div><\/a><\/div><div class=\"col-6 col-md-3 mb-5 client-item\"><a href=\"https:\/\/www.radioton.de\/\" title=\"Radio Ton\" target=\"_blank\"><div class=\"img\"><img loading=\"lazy\" decoding=\"async\" width=\"505\" height=\"300\" src=\"https:\/\/hsb1846.de\/wp-content\/uploads\/2023\/09\/Radio-Ton-neu.png\" class=\"attachment-full size-full wp-post-image\" alt=\"\" srcset=\"https:\/\/hsb1846.de\/wp-content\/uploads\/2023\/09\/Radio-Ton-neu.png 505w, https:\/\/hsb1846.de\/wp-content\/uploads\/2023\/09\/Radio-Ton-neu-300x178.png 300w, https:\/\/hsb1846.de\/wp-content\/uploads\/2023\/09\/Radio-Ton-neu-18x12.png 18w\" sizes=\"auto, (max-width: 505px) 100vw, 505px\" \/><\/div><\/a><\/div><div class=\"col-6 col-md-3 mb-5 client-item\"><a href=\"https:\/\/www.krankenkasseninfo.de\/krankenkassen\/aok-baden-wuerttemberg\/geschaeftsstelle-89518-heidenheim-46427\" title=\"AOK\" target=\"_blank\"><div class=\"img\"><img loading=\"lazy\" decoding=\"async\" width=\"465\" height=\"149\" src=\"https:\/\/hsb1846.de\/wp-content\/uploads\/2023\/04\/AOK-Logo.png\" class=\"attachment-full size-full wp-post-image\" alt=\"\" srcset=\"https:\/\/hsb1846.de\/wp-content\/uploads\/2023\/04\/AOK-Logo.png 465w, https:\/\/hsb1846.de\/wp-content\/uploads\/2023\/04\/AOK-Logo-300x96.png 300w, https:\/\/hsb1846.de\/wp-content\/uploads\/2023\/04\/AOK-Logo-18x6.png 18w\" sizes=\"auto, (max-width: 465px) 100vw, 465px\" \/><\/div><\/a><\/div><div class=\"col-6 col-md-3 mb-5 client-item\"><a href=\"https:\/\/edeka-doerflinger.de\/\" title=\"Edeka\" target=\"_blank\"><div class=\"img\"><img loading=\"lazy\" decoding=\"async\" width=\"775\" height=\"242\" src=\"https:\/\/hsb1846.de\/wp-content\/uploads\/2023\/11\/edeka_halbzeitgewinnspiel_logo.jpg\" class=\"attachment-full size-full wp-post-image\" alt=\"\" srcset=\"https:\/\/hsb1846.de\/wp-content\/uploads\/2023\/11\/edeka_halbzeitgewinnspiel_logo.jpg 775w, https:\/\/hsb1846.de\/wp-content\/uploads\/2023\/11\/edeka_halbzeitgewinnspiel_logo-300x94.jpg 300w, https:\/\/hsb1846.de\/wp-content\/uploads\/2023\/11\/edeka_halbzeitgewinnspiel_logo-768x240.jpg 768w, https:\/\/hsb1846.de\/wp-content\/uploads\/2023\/11\/edeka_halbzeitgewinnspiel_logo-18x6.jpg 18w\" sizes=\"auto, (max-width: 775px) 100vw, 775px\" \/><\/div><\/a><\/div><div class=\"col-6 col-md-3 mb-5 client-item\"><a href=\"http:\/\/www.koppdruck.de\" title=\"Kopp Druck\" target=\"_blank\"><div class=\"img\"><img loading=\"lazy\" decoding=\"async\" width=\"754\" height=\"257\" src=\"https:\/\/hsb1846.de\/wp-content\/uploads\/2023\/04\/Kopp-Druck.jpg\" class=\"attachment-full size-full wp-post-image\" alt=\"\" srcset=\"https:\/\/hsb1846.de\/wp-content\/uploads\/2023\/04\/Kopp-Druck.jpg 754w, https:\/\/hsb1846.de\/wp-content\/uploads\/2023\/04\/Kopp-Druck-300x102.jpg 300w, https:\/\/hsb1846.de\/wp-content\/uploads\/2023\/04\/Kopp-Druck-18x6.jpg 18w\" sizes=\"auto, (max-width: 754px) 100vw, 754px\" \/><\/div><\/a><\/div><div class=\"col-6 col-md-3 mb-5 client-item\"><a href=\"http:\/\/www.sea-elektrotechnik.de\/\" title=\"Erhard Schuller Elektrotechnik\" target=\"_blank\"><div class=\"img\"><img loading=\"lazy\" decoding=\"async\" width=\"1016\" height=\"610\" src=\"https:\/\/hsb1846.de\/wp-content\/uploads\/2023\/08\/Schuller.jpg\" class=\"attachment-full size-full wp-post-image\" alt=\"\" srcset=\"https:\/\/hsb1846.de\/wp-content\/uploads\/2023\/08\/Schuller.jpg 1016w, https:\/\/hsb1846.de\/wp-content\/uploads\/2023\/08\/Schuller-300x180.jpg 300w, https:\/\/hsb1846.de\/wp-content\/uploads\/2023\/08\/Schuller-768x461.jpg 768w, https:\/\/hsb1846.de\/wp-content\/uploads\/2023\/08\/Schuller-18x12.jpg 18w\" sizes=\"auto, (max-width: 1016px) 100vw, 1016px\" \/><\/div><\/a><\/div><div class=\"col-6 col-md-3 mb-5 client-item\"><a href=\"https:\/\/alzoubi-malermeisterbetrieb.de\/\" title=\"Al Zoubi\" target=\"_blank\"><div class=\"img\"><img loading=\"lazy\" decoding=\"async\" width=\"231\" height=\"66\" src=\"https:\/\/hsb1846.de\/wp-content\/uploads\/2024\/12\/Logo-Al-Zoubi.png\" class=\"attachment-full size-full wp-post-image\" alt=\"\" srcset=\"https:\/\/hsb1846.de\/wp-content\/uploads\/2024\/12\/Logo-Al-Zoubi.png 231w, https:\/\/hsb1846.de\/wp-content\/uploads\/2024\/12\/Logo-Al-Zoubi-18x5.png 18w\" sizes=\"auto, (max-width: 231px) 100vw, 231px\" \/><\/div><\/a><\/div><\/div><\/div><\/section>\n\n\n<h2 class=\"wp-block-heading\">Recent Posts<\/h2>\n\n\n<section class=\"clearfix\"><div class=\"container\"><div class=\"row recent-posts-container\"><div class=\"col-6 col-md-4 mb-4 recent-post-item\"><div class=\"recent-post-item-inner pb-2\"><h3><a href=\"https:\/\/hsb1846.de\/en\/2026\/04\/12\/karate-und-kyusho-in-oettingen\/\" rel=\"bookmark\" title=\"Karate und Kyusho in Oettingen\">Karate und Kyusho in Oettingen<\/a><\/h3><div class=\"block-posts-excerpt\">F\u00fcr hsb-Karateka ging\u00b4s Mitte April wieder mal zur Fortbildung nach Oettingen.<\/div><div class=\"block-posts-readmore\"><a href=\"https:\/\/hsb1846.de\/en\/2026\/04\/12\/karate-und-kyusho-in-oettingen\/\" title=\"Read more\" class=\"btn\">Read more<\/a><\/div><\/div><\/div><div class=\"col-6 col-md-4 mb-4 recent-post-item\"><div class=\"recent-post-item-inner pb-2\"><h3><a href=\"https:\/\/hsb1846.de\/en\/2026\/04\/01\/buehner-4-mal-im-em-finale\/\" rel=\"bookmark\" title=\"B\u00fchner 4 mal im EM-Finale\">B\u00fchner 4 mal im EM-Finale<\/a><\/h3><div class=\"block-posts-excerpt\"><\/div><div class=\"block-posts-readmore\"><a href=\"https:\/\/hsb1846.de\/en\/2026\/04\/01\/buehner-4-mal-im-em-finale\/\" title=\"Read more\" class=\"btn\">Read more<\/a><\/div><\/div><\/div><div class=\"col-6 col-md-4 mb-4 recent-post-item\"><div class=\"recent-post-item-inner pb-2\"><h3><a href=\"https:\/\/hsb1846.de\/en\/2026\/03\/30\/frohe-ostern-und-viel-erfolg-bei-der-eisersuche\/\" rel=\"bookmark\" title=\"Frohe Ostern und viel Erfolg bei der Eisersuche!\">Frohe Ostern und viel Erfolg bei der Eisersuche!<\/a><\/h3><img loading=\"lazy\" decoding=\"async\" width=\"2560\" height=\"1282\" src=\"https:\/\/hsb1846.de\/wp-content\/uploads\/2026\/03\/IMG_8706-scaled.jpeg\" class=\"attachment-full size-full wp-post-image\" alt=\"Frohe Ostern und viel Erfolg bei der Eisersuche!\" srcset=\"https:\/\/hsb1846.de\/wp-content\/uploads\/2026\/03\/IMG_8706-scaled.jpeg 2560w, https:\/\/hsb1846.de\/wp-content\/uploads\/2026\/03\/IMG_8706-300x150.jpeg 300w, https:\/\/hsb1846.de\/wp-content\/uploads\/2026\/03\/IMG_8706-1920x961.jpeg 1920w, https:\/\/hsb1846.de\/wp-content\/uploads\/2026\/03\/IMG_8706-768x385.jpeg 768w, https:\/\/hsb1846.de\/wp-content\/uploads\/2026\/03\/IMG_8706-1536x769.jpeg 1536w, https:\/\/hsb1846.de\/wp-content\/uploads\/2026\/03\/IMG_8706-2048x1026.jpeg 2048w, https:\/\/hsb1846.de\/wp-content\/uploads\/2026\/03\/IMG_8706-18x9.jpeg 18w\" sizes=\"auto, (max-width: 2560px) 100vw, 2560px\" \/><\/a><\/h3><div class=\"block-posts-excerpt\">\u00dcber die Osterfeiertage ist die Gesch\u00e4ftsstelle vom 06.04. bis einschlie\u00dflich 10.04.2026 geschlossen. Nach den Feiertagen sind wir wieder gerne f\u00fcr Euch da!<\/div><div class=\"block-posts-readmore\"><a href=\"https:\/\/hsb1846.de\/en\/2026\/03\/30\/frohe-ostern-und-viel-erfolg-bei-der-eisersuche\/\" title=\"Read more\" class=\"btn\">Read more<\/a><\/div><\/div><\/div><\/div><\/div><\/section>\n\n\n<div style=\"height:50px\" aria-hidden=\"true\" class=\"wp-block-spacer\"><\/div>\n\n\n\n<h2 class=\"wp-block-heading\">Share how you wear #MyAlphanaFashion<\/h2>\n\n\n\n<figure class=\"wp-block-gallery has-nested-images columns-6 is-cropped wp-block-gallery-1 is-layout-flex wp-block-gallery-is-layout-flex\">\n<figure class=\"wp-block-image size-large\"><img loading=\"lazy\" decoding=\"async\" width=\"840\" height=\"573\" data-id=\"3758\" src=\"https:\/\/2022.hsb1846.de\/wp-content\/uploads\/2019\/01\/fashion-blog-1.jpg\" alt=\"\" class=\"wp-image-3758\" srcset=\"https:\/\/hsb1846.de\/wp-content\/uploads\/2019\/01\/fashion-blog-1.jpg 840w, https:\/\/hsb1846.de\/wp-content\/uploads\/2019\/01\/fashion-blog-1-300x205.jpg 300w, https:\/\/hsb1846.de\/wp-content\/uploads\/2019\/01\/fashion-blog-1-768x524.jpg 768w\" sizes=\"auto, (max-width: 840px) 100vw, 840px\" \/><\/figure>\n\n\n\n<figure class=\"wp-block-image size-large\"><img loading=\"lazy\" decoding=\"async\" width=\"840\" height=\"573\" data-id=\"3756\" src=\"https:\/\/2022.hsb1846.de\/wp-content\/uploads\/2019\/02\/fashion-blog-2.jpg\" alt=\"\" class=\"wp-image-3756\" srcset=\"https:\/\/hsb1846.de\/wp-content\/uploads\/2019\/02\/fashion-blog-2.jpg 840w, https:\/\/hsb1846.de\/wp-content\/uploads\/2019\/02\/fashion-blog-2-300x205.jpg 300w, https:\/\/hsb1846.de\/wp-content\/uploads\/2019\/02\/fashion-blog-2-768x524.jpg 768w\" sizes=\"auto, (max-width: 840px) 100vw, 840px\" \/><\/figure>\n\n\n\n<figure class=\"wp-block-image size-large\"><img loading=\"lazy\" decoding=\"async\" width=\"840\" height=\"573\" data-id=\"3754\" src=\"https:\/\/2022.hsb1846.de\/wp-content\/uploads\/2019\/03\/fashion-blog-3.jpg\" alt=\"\" class=\"wp-image-3754\" srcset=\"https:\/\/hsb1846.de\/wp-content\/uploads\/2019\/03\/fashion-blog-3.jpg 840w, https:\/\/hsb1846.de\/wp-content\/uploads\/2019\/03\/fashion-blog-3-300x205.jpg 300w, https:\/\/hsb1846.de\/wp-content\/uploads\/2019\/03\/fashion-blog-3-768x524.jpg 768w\" sizes=\"auto, (max-width: 840px) 100vw, 840px\" \/><\/figure>\n\n\n\n<figure class=\"wp-block-image size-large\"><img loading=\"lazy\" decoding=\"async\" width=\"840\" height=\"573\" data-id=\"3750\" src=\"https:\/\/2022.hsb1846.de\/wp-content\/uploads\/2019\/03\/fashion-blog-5.jpg\" alt=\"\" class=\"wp-image-3750\" srcset=\"https:\/\/hsb1846.de\/wp-content\/uploads\/2019\/03\/fashion-blog-5.jpg 840w, https:\/\/hsb1846.de\/wp-content\/uploads\/2019\/03\/fashion-blog-5-300x205.jpg 300w, https:\/\/hsb1846.de\/wp-content\/uploads\/2019\/03\/fashion-blog-5-768x524.jpg 768w\" sizes=\"auto, (max-width: 840px) 100vw, 840px\" \/><\/figure>\n\n\n\n<figure class=\"wp-block-image size-large\"><img loading=\"lazy\" decoding=\"async\" width=\"840\" height=\"573\" data-id=\"3748\" src=\"https:\/\/2022.hsb1846.de\/wp-content\/uploads\/2019\/04\/fashion-blog-6.jpg\" alt=\"\" class=\"wp-image-3748\" srcset=\"https:\/\/hsb1846.de\/wp-content\/uploads\/2019\/04\/fashion-blog-6.jpg 840w, https:\/\/hsb1846.de\/wp-content\/uploads\/2019\/04\/fashion-blog-6-300x205.jpg 300w, https:\/\/hsb1846.de\/wp-content\/uploads\/2019\/04\/fashion-blog-6-768x524.jpg 768w\" sizes=\"auto, (max-width: 840px) 100vw, 840px\" \/><\/figure>\n\n\n\n<figure class=\"wp-block-image size-large\"><img loading=\"lazy\" decoding=\"async\" width=\"840\" height=\"573\" data-id=\"3746\" src=\"https:\/\/2022.hsb1846.de\/wp-content\/uploads\/2019\/04\/fashion-blog-7.jpg\" alt=\"\" class=\"wp-image-3746\" srcset=\"https:\/\/hsb1846.de\/wp-content\/uploads\/2019\/04\/fashion-blog-7.jpg 840w, https:\/\/hsb1846.de\/wp-content\/uploads\/2019\/04\/fashion-blog-7-300x205.jpg 300w, https:\/\/hsb1846.de\/wp-content\/uploads\/2019\/04\/fashion-blog-7-768x524.jpg 768w\" sizes=\"auto, (max-width: 840px) 100vw, 840px\" \/><\/figure>\n<\/figure>\n\n\n\n<div style=\"height:60px\" aria-hidden=\"true\" class=\"wp-block-spacer\"><\/div>\n\n\n\n<div class=\"wp-block-columns is-layout-flex wp-container-core-columns-is-layout-9d6595d7 wp-block-columns-is-layout-flex\">\n<div class=\"wp-block-column is-vertically-aligned-top is-layout-flow wp-block-column-is-layout-flow\">\n<div class=\"wp-block-image no-box-shadow\"><figure class=\"aligncenter size-full is-resized\"><img loading=\"lazy\" decoding=\"async\" src=\"https:\/\/2022.hsb1846.de\/wp-content\/uploads\/2021\/08\/1291768_delivery_fast_fast-delivery_instant_quick_icon.png\" alt=\"\" class=\"wp-image-3913\" width=\"64\" height=\"64\"\/><\/figure><\/div>\n\n\n\n<p class=\"has-text-align-center\" style=\"font-size:22px\"><strong>Free Delivery<\/strong><\/p>\n<\/div>\n\n\n\n<div class=\"wp-block-column is-vertically-aligned-center is-layout-flow wp-block-column-is-layout-flow\">\n<div class=\"wp-block-image is-style-default\"><figure class=\"aligncenter size-full is-resized\"><img loading=\"lazy\" decoding=\"async\" src=\"https:\/\/2022.hsb1846.de\/wp-content\/uploads\/2021\/08\/3209368_assurance_award_certificate_document_guarantee_icon.png\" alt=\"\" class=\"wp-image-3911\" width=\"64\" height=\"64\"\/><\/figure><\/div>\n\n\n\n<p class=\"has-text-align-center\" style=\"font-size:22px\"><strong>2 Year Guarantee<\/strong><\/p>\n<\/div>\n\n\n\n<div class=\"wp-block-column is-vertically-aligned-center is-layout-flow wp-block-column-is-layout-flow\">\n<div class=\"wp-block-image is-style-default\"><figure class=\"aligncenter size-full is-resized\"><img loading=\"lazy\" decoding=\"async\" src=\"https:\/\/2022.hsb1846.de\/wp-content\/uploads\/2021\/08\/172551_bag_shopping_icon.png\" alt=\"\" class=\"wp-image-3912\" width=\"64\" height=\"64\"\/><\/figure><\/div>\n\n\n\n<p class=\"has-text-align-center\" style=\"font-size:22px\"><strong><strong>Free Returns<\/strong><\/strong><\/p>\n<\/div>\n<\/div>","protected":false},"excerpt":{"rendered":"<p>Clothing (158) Accessories (48) Women Collection (1,158) Men Collection(593) New Arrivals Brands Recent Posts Share how you wear #MyAlphanaFashion Free Delivery 2 Year Guarantee Free Returns<\/p>","protected":false},"author":1,"featured_media":0,"parent":0,"menu_order":66,"comment_status":"closed","ping_status":"closed","template":"page-templates\/page-nosidebars.php","meta":{"footnotes":""},"class_list":["post-3938","page","type-page","status-publish","hentry"],"aioseo_notices":[],"_links":{"self":[{"href":"https:\/\/hsb1846.de\/en\/wp-json\/wp\/v2\/pages\/3938","targetHints":{"allow":["GET"]}}],"collection":[{"href":"https:\/\/hsb1846.de\/en\/wp-json\/wp\/v2\/pages"}],"about":[{"href":"https:\/\/hsb1846.de\/en\/wp-json\/wp\/v2\/types\/page"}],"author":[{"embeddable":true,"href":"https:\/\/hsb1846.de\/en\/wp-json\/wp\/v2\/users\/1"}],"replies":[{"embeddable":true,"href":"https:\/\/hsb1846.de\/en\/wp-json\/wp\/v2\/comments?post=3938"}],"version-history":[{"count":3,"href":"https:\/\/hsb1846.de\/en\/wp-json\/wp\/v2\/pages\/3938\/revisions"}],"predecessor-version":[{"id":8098,"href":"https:\/\/hsb1846.de\/en\/wp-json\/wp\/v2\/pages\/3938\/revisions\/8098"}],"wp:attachment":[{"href":"https:\/\/hsb1846.de\/en\/wp-json\/wp\/v2\/media?parent=3938"}],"curies":[{"name":"wp","href":"https:\/\/api.w.org\/{rel}","templated":true}]}}