{"id":4004,"date":"2021-07-05T16:27:58","date_gmt":"2021-07-05T16:27:58","guid":{"rendered":"https:\/\/tishonator.com\/themepreview5\/alphana-writer\/?page_id=346"},"modified":"2026-02-18T09:40:59","modified_gmt":"2026-02-18T08:40:59","slug":"fitplussportstudio","status":"publish","type":"page","link":"https:\/\/hsb1846.de\/en\/home\/abteilungen\/fitplussportstudio\/","title":{"rendered":"fitplus Sportstudio"},"content":{"rendered":"<p><\/p>\n\n\n\n<p><\/p>\n\n\n\n<div class=\"wp-block-columns is-layout-flex wp-container-core-columns-is-layout-9d6595d7 wp-block-columns-is-layout-flex\">\n<div class=\"wp-block-column is-layout-flow wp-block-column-is-layout-flow\" style=\"flex-basis:100%\">\n<div class=\"wp-block-columns is-layout-flex wp-container-core-columns-is-layout-9d6595d7 wp-block-columns-is-layout-flex\">\n<div class=\"wp-block-column is-vertically-aligned-top is-layout-flow wp-block-column-is-layout-flow\" style=\"flex-basis:100%\">\n<div class=\"wp-block-group\"><div class=\"wp-block-group__inner-container is-layout-constrained wp-block-group-is-layout-constrained\">\n<div class=\"wp-block-columns is-layout-flex wp-container-core-columns-is-layout-9d6595d7 wp-block-columns-is-layout-flex\">\n<div class=\"wp-block-column is-layout-flow wp-block-column-is-layout-flow\" style=\"flex-basis:100%\">\n<div class=\"wp-block-group\"><div class=\"wp-block-group__inner-container is-layout-constrained wp-block-group-is-layout-constrained\">\n<p class=\"has-text-align-center\" style=\"font-size:29px\"><strong><mark style=\"background-color:rgba(0, 0, 0, 0)\" class=\"has-inline-color has-vivid-cyan-blue-color\">Herzlich Willkommen<\/mark><\/strong> im Sportstudio fitplus&#8230;<\/p>\n\n\n\n<figure class=\"wp-block-gallery has-nested-images columns-default is-cropped wp-block-gallery-1 is-layout-flex wp-block-gallery-is-layout-flex\">\n<figure class=\"wp-block-image size-large\"><img loading=\"lazy\" decoding=\"async\" width=\"863\" height=\"1080\" data-id=\"17621\" src=\"https:\/\/hsb1846.de\/wp-content\/uploads\/2025\/07\/IMG_2016-863x1080.jpeg\" alt=\"\" class=\"wp-image-17621\" srcset=\"https:\/\/hsb1846.de\/wp-content\/uploads\/2025\/07\/IMG_2016-863x1080.jpeg 863w, https:\/\/hsb1846.de\/wp-content\/uploads\/2025\/07\/IMG_2016-240x300.jpeg 240w, https:\/\/hsb1846.de\/wp-content\/uploads\/2025\/07\/IMG_2016-768x961.jpeg 768w, https:\/\/hsb1846.de\/wp-content\/uploads\/2025\/07\/IMG_2016-10x12.jpeg 10w, https:\/\/hsb1846.de\/wp-content\/uploads\/2025\/07\/IMG_2016.jpeg 1179w\" sizes=\"auto, (max-width: 863px) 100vw, 863px\" \/><\/figure>\n\n\n\n<figure class=\"wp-block-image size-large\"><img loading=\"lazy\" decoding=\"async\" width=\"867\" height=\"1080\" data-id=\"17622\" src=\"https:\/\/hsb1846.de\/wp-content\/uploads\/2025\/07\/IMG_2017-867x1080.jpeg\" alt=\"\" class=\"wp-image-17622\" srcset=\"https:\/\/hsb1846.de\/wp-content\/uploads\/2025\/07\/IMG_2017-867x1080.jpeg 867w, https:\/\/hsb1846.de\/wp-content\/uploads\/2025\/07\/IMG_2017-241x300.jpeg 241w, https:\/\/hsb1846.de\/wp-content\/uploads\/2025\/07\/IMG_2017-768x956.jpeg 768w, https:\/\/hsb1846.de\/wp-content\/uploads\/2025\/07\/IMG_2017-10x12.jpeg 10w, https:\/\/hsb1846.de\/wp-content\/uploads\/2025\/07\/IMG_2017.jpeg 1179w\" sizes=\"auto, (max-width: 867px) 100vw, 867px\" \/><\/figure>\n\n\n\n<figure class=\"wp-block-image size-large\"><img loading=\"lazy\" decoding=\"async\" width=\"892\" height=\"1080\" data-id=\"17620\" src=\"https:\/\/hsb1846.de\/wp-content\/uploads\/2025\/07\/IMG_2018-892x1080.jpeg\" alt=\"\" class=\"wp-image-17620\" srcset=\"https:\/\/hsb1846.de\/wp-content\/uploads\/2025\/07\/IMG_2018-892x1080.jpeg 892w, https:\/\/hsb1846.de\/wp-content\/uploads\/2025\/07\/IMG_2018-248x300.jpeg 248w, https:\/\/hsb1846.de\/wp-content\/uploads\/2025\/07\/IMG_2018-768x930.jpeg 768w, https:\/\/hsb1846.de\/wp-content\/uploads\/2025\/07\/IMG_2018-10x12.jpeg 10w, https:\/\/hsb1846.de\/wp-content\/uploads\/2025\/07\/IMG_2018.jpeg 1179w\" sizes=\"auto, (max-width: 892px) 100vw, 892px\" \/><\/figure>\n<\/figure>\n\n\n\n<p class=\"has-text-align-left has-white-color has-text-color has-background\" style=\"background-color:#02147e\">&#8230; das Studio mit Pers\u00f6nlichkeit. Wir freuen uns Dich auf unsere Seite zu treffen und w\u00fcnschen Dir viel Spa\u00df beim durchst\u00f6bern.<\/p>\n\n\n\n<div style=\"height:30px\" aria-hidden=\"true\" class=\"wp-block-spacer\"><\/div>\n<\/div><\/div>\n<\/div>\n<\/div>\n<\/div><\/div>\n<\/div>\n<\/div>\n<\/div>\n<\/div>\n\n\n\n<div class=\"wp-block-media-text alignwide has-media-on-the-right is-stacked-on-mobile is-vertically-aligned-center is-image-fill-element has-background\" style=\"background-color:#f6f6f6\"><div class=\"wp-block-media-text__content\">\n<div class=\"wp-block-group\" style=\"padding-top:2em;padding-right:2em;padding-bottom:2em;padding-left:2em\"><div class=\"wp-block-group__inner-container is-layout-flow wp-block-group-is-layout-flow\">\n<p class=\"has-drop-cap\" style=\"font-size:25px;line-height:1.2\"><a href=\"https:\/\/hsb1846.de\/en\/home\/abteilungen\/fitplussportstudio\/sportstudio\/\" title=\"\">Studio<\/a><\/p>\n\n\n\n<p class=\"has-text-align-center\">Preisliste <\/p>\n\n\n\n<p class=\"has-text-align-center\">\u00d6ffnungszeiten<\/p>\n\n\n\n<p class=\"has-text-align-center\">Adresse &amp; Kontaktdaten<\/p>\n<\/div><\/div>\n<\/div><figure class=\"wp-block-media-text__media\"><img loading=\"lazy\" decoding=\"async\" width=\"1440\" height=\"1080\" src=\"https:\/\/hsb1846.de\/wp-content\/uploads\/2025\/08\/Studio2-1440x1080.jpeg\" alt=\"\" class=\"wp-image-17882 size-full\" style=\"object-position:50% 50%\" srcset=\"https:\/\/hsb1846.de\/wp-content\/uploads\/2025\/08\/Studio2-1440x1080.jpeg 1440w, https:\/\/hsb1846.de\/wp-content\/uploads\/2025\/08\/Studio2-300x225.jpeg 300w, https:\/\/hsb1846.de\/wp-content\/uploads\/2025\/08\/Studio2-768x576.jpeg 768w, https:\/\/hsb1846.de\/wp-content\/uploads\/2025\/08\/Studio2-1536x1152.jpeg 1536w, https:\/\/hsb1846.de\/wp-content\/uploads\/2025\/08\/Studio2-16x12.jpeg 16w, https:\/\/hsb1846.de\/wp-content\/uploads\/2025\/08\/Studio2.jpeg 1600w\" sizes=\"auto, (max-width: 1440px) 100vw, 1440px\" \/><\/figure><\/div>\n\n\n\n<div class=\"wp-block-media-text alignwide is-stacked-on-mobile is-vertically-aligned-center has-background\" style=\"background-color:#f6f6f6\"><figure class=\"wp-block-media-text__media\"><img loading=\"lazy\" decoding=\"async\" width=\"1440\" height=\"1080\" src=\"https:\/\/hsb1846.de\/wp-content\/uploads\/2025\/08\/Studio-1440x1080.jpeg\" alt=\"\" class=\"wp-image-17883 size-full\" srcset=\"https:\/\/hsb1846.de\/wp-content\/uploads\/2025\/08\/Studio-1440x1080.jpeg 1440w, https:\/\/hsb1846.de\/wp-content\/uploads\/2025\/08\/Studio-300x225.jpeg 300w, https:\/\/hsb1846.de\/wp-content\/uploads\/2025\/08\/Studio-768x576.jpeg 768w, https:\/\/hsb1846.de\/wp-content\/uploads\/2025\/08\/Studio-1536x1152.jpeg 1536w, https:\/\/hsb1846.de\/wp-content\/uploads\/2025\/08\/Studio-16x12.jpeg 16w, https:\/\/hsb1846.de\/wp-content\/uploads\/2025\/08\/Studio.jpeg 1600w\" sizes=\"auto, (max-width: 1440px) 100vw, 1440px\" \/><\/figure><div class=\"wp-block-media-text__content\">\n<div class=\"wp-block-group\" style=\"padding-top:2em;padding-right:2em;padding-bottom:2em;padding-left:2em\"><div class=\"wp-block-group__inner-container is-layout-flow wp-block-group-is-layout-flow\">\n<p class=\"has-drop-cap\" style=\"font-size:25px;line-height:1.2\"><a href=\"https:\/\/hsb1846.de\/en\/home\/abteilungen\/fitplussportstudio\/news\/\" title=\"\">News<\/a><\/p>\n<\/div><\/div>\n<\/div><\/div>\n\n\n\n<div class=\"wp-block-media-text alignwide has-media-on-the-right is-stacked-on-mobile is-vertically-aligned-center is-image-fill-element has-background\" style=\"background-color:#f6f6f6\"><div class=\"wp-block-media-text__content\">\n<div class=\"wp-block-group\" style=\"padding-top:2em;padding-right:2em;padding-bottom:2em;padding-left:2em\"><div class=\"wp-block-group__inner-container is-layout-flow wp-block-group-is-layout-flow\">\n<p class=\"has-drop-cap\" style=\"font-size:25px;line-height:1.2\"><a href=\"https:\/\/hsb1846.de\/en\/home\/abteilungen\/fitplussportstudio\/zirkel\/\" title=\"\">Zirkel<\/a><\/p>\n<\/div><\/div>\n<\/div><figure class=\"wp-block-media-text__media\"><a href=\"https:\/\/2022.hsb1846.de\/home\/abteilungen\/turnen\/trainingstermine-turnen\/\"><img loading=\"lazy\" decoding=\"async\" width=\"1440\" height=\"1080\" src=\"https:\/\/hsb1846.de\/wp-content\/uploads\/2025\/08\/Studio1-1440x1080.jpeg\" alt=\"\" class=\"wp-image-17885 size-full\" style=\"object-position:50% 50%\" srcset=\"https:\/\/hsb1846.de\/wp-content\/uploads\/2025\/08\/Studio1-1440x1080.jpeg 1440w, https:\/\/hsb1846.de\/wp-content\/uploads\/2025\/08\/Studio1-300x225.jpeg 300w, https:\/\/hsb1846.de\/wp-content\/uploads\/2025\/08\/Studio1-768x576.jpeg 768w, https:\/\/hsb1846.de\/wp-content\/uploads\/2025\/08\/Studio1-1536x1152.jpeg 1536w, https:\/\/hsb1846.de\/wp-content\/uploads\/2025\/08\/Studio1-16x12.jpeg 16w, https:\/\/hsb1846.de\/wp-content\/uploads\/2025\/08\/Studio1.jpeg 1600w\" sizes=\"auto, (max-width: 1440px) 100vw, 1440px\" \/><\/a><\/figure><\/div>\n\n\n\n<div class=\"wp-block-media-text alignwide is-stacked-on-mobile is-vertically-aligned-center has-background\" style=\"background-color:#f6f6f6\"><figure class=\"wp-block-media-text__media\"><img loading=\"lazy\" decoding=\"async\" width=\"1434\" height=\"1080\" src=\"https:\/\/hsb1846.de\/wp-content\/uploads\/2023\/04\/IMG_20230406_084554-1434x1080.jpg\" alt=\"\" class=\"wp-image-11693 size-full\" srcset=\"https:\/\/hsb1846.de\/wp-content\/uploads\/2023\/04\/IMG_20230406_084554-1434x1080.jpg 1434w, https:\/\/hsb1846.de\/wp-content\/uploads\/2023\/04\/IMG_20230406_084554-300x226.jpg 300w, https:\/\/hsb1846.de\/wp-content\/uploads\/2023\/04\/IMG_20230406_084554-768x578.jpg 768w, https:\/\/hsb1846.de\/wp-content\/uploads\/2023\/04\/IMG_20230406_084554-1536x1157.jpg 1536w, https:\/\/hsb1846.de\/wp-content\/uploads\/2023\/04\/IMG_20230406_084554-2048x1542.jpg 2048w, https:\/\/hsb1846.de\/wp-content\/uploads\/2023\/04\/IMG_20230406_084554-16x12.jpg 16w\" sizes=\"auto, (max-width: 1434px) 100vw, 1434px\" \/><\/figure><div class=\"wp-block-media-text__content\">\n<div class=\"wp-block-group\" style=\"padding-top:2em;padding-right:2em;padding-bottom:2em;padding-left:2em\"><div class=\"wp-block-group__inner-container is-layout-flow wp-block-group-is-layout-flow\">\n<p style=\"font-size:25px;line-height:1.2\"><a href=\"https:\/\/hsb1846.de\/en\/home\/abteilungen\/fitplussportstudio\/kursprogramm-fitplus\/\" title=\"\">Kursplan<\/a><\/p>\n<\/div><\/div>\n<\/div><\/div>\n\n\n\n<p><\/p>\n\n\n\n<p><\/p>\n\n\n\n<p><\/p>\n\n\n\n<p><\/p>\n\n\n\n<h2 class=\"wp-block-heading has-text-align-center\"><strong><mark style=\"background-color:rgba(0, 0, 0, 0)\" class=\"has-inline-color has-vivid-red-color\">Tel: 07321 \/ 42232    sportstudio@hsb1846.de<\/mark><\/strong><\/h2>\n\n\n\n<p><\/p>","protected":false},"excerpt":{"rendered":"<p>Herzlich Willkommen im Sportstudio fitplus&#8230; &#8230; das Studio mit Pers\u00f6nlichkeit. Wir freuen uns Dich auf unsere Seite zu treffen und w\u00fcnschen Dir viel Spa\u00df beim durchst\u00f6bern. Tel: 07321 \/ 42232 sportstudio@hsb1846.de<\/p>","protected":false},"author":1,"featured_media":0,"parent":4098,"menu_order":55,"comment_status":"closed","ping_status":"closed","template":"page-templates\/page-nosidebars.php","meta":{"footnotes":""},"class_list":["post-4004","page","type-page","status-publish","hentry"],"aioseo_notices":[],"_links":{"self":[{"href":"https:\/\/hsb1846.de\/en\/wp-json\/wp\/v2\/pages\/4004","targetHints":{"allow":["GET"]}}],"collection":[{"href":"https:\/\/hsb1846.de\/en\/wp-json\/wp\/v2\/pages"}],"about":[{"href":"https:\/\/hsb1846.de\/en\/wp-json\/wp\/v2\/types\/page"}],"author":[{"embeddable":true,"href":"https:\/\/hsb1846.de\/en\/wp-json\/wp\/v2\/users\/1"}],"replies":[{"embeddable":true,"href":"https:\/\/hsb1846.de\/en\/wp-json\/wp\/v2\/comments?post=4004"}],"version-history":[{"count":46,"href":"https:\/\/hsb1846.de\/en\/wp-json\/wp\/v2\/pages\/4004\/revisions"}],"predecessor-version":[{"id":19341,"href":"https:\/\/hsb1846.de\/en\/wp-json\/wp\/v2\/pages\/4004\/revisions\/19341"}],"up":[{"embeddable":true,"href":"https:\/\/hsb1846.de\/en\/wp-json\/wp\/v2\/pages\/4098"}],"wp:attachment":[{"href":"https:\/\/hsb1846.de\/en\/wp-json\/wp\/v2\/media?parent=4004"}],"curies":[{"name":"wp","href":"https:\/\/api.w.org\/{rel}","templated":true}]}}