{"id":4214,"date":"2022-03-21T16:22:15","date_gmt":"2022-03-21T15:22:15","guid":{"rendered":"https:\/\/2022.hsb1846.de\/?page_id=4214"},"modified":"2026-03-13T09:31:50","modified_gmt":"2026-03-13T08:31:50","slug":"historie","status":"publish","type":"page","link":"https:\/\/hsb1846.de\/en\/home\/verein\/historie\/","title":{"rendered":"Historie"},"content":{"rendered":"<div style=\"height:50px\" aria-hidden=\"true\" class=\"wp-block-spacer\"><\/div>\n\n\n\n<div class=\"wp-block-group alignfull has-background\" style=\"background-color:#02147e\"><div class=\"wp-block-group__inner-container is-layout-flow wp-block-group-is-layout-flow\">\n<div style=\"height:70px\" aria-hidden=\"true\" class=\"wp-block-spacer\"><\/div>\n\n\n\n<div class=\"wp-block-columns alignwide are-vertically-aligned-center is-layout-flex wp-container-core-columns-is-layout-9d6595d7 wp-block-columns-is-layout-flex\">\n<div class=\"wp-block-column is-layout-flow wp-block-column-is-layout-flow\" style=\"flex-basis:40%\">\n<p class=\"has-text-align-right has-white-color has-text-color\" style=\"font-size:25px;font-style:normal;font-weight:100\"><strong>Anf\u00e4nge und Gr\u00fcndung<\/strong><\/p>\n<\/div>\n\n\n\n<div class=\"wp-block-column is-layout-flow wp-block-column-is-layout-flow\">\n<hr class=\"wp-block-separator has-text-color has-white-color has-css-opacity has-white-background-color has-background is-style-wide\"\/>\n<\/div>\n<\/div>\n\n\n\n<div class=\"wp-block-columns alignwide is-layout-flex wp-container-core-columns-is-layout-9d6595d7 wp-block-columns-is-layout-flex\">\n<div class=\"wp-block-column is-layout-flow wp-block-column-is-layout-flow\" style=\"flex-basis:380px\"><\/div>\n\n\n\n<div class=\"wp-block-column is-layout-flow wp-block-column-is-layout-flow\">\n<p class=\"has-white-color has-text-color has-extra-small-font-size\">Es ist der Sommer des Jahres 1846 als der Heidenheimer Sportbund gegr\u00fcndet wird. Seither blickt dieser auf eine lange Vereinsgeschichte zur\u00fcck &#8211; gepr\u00e4gt sowohl von schweren, als auch von sch\u00f6nen und unbeschwerten Jahren. Ein Verein, der heute fester Bestandteil und Aush\u00e4ngeschild der Stadt Heidenheim ist.<\/p>\n<\/div>\n\n\n\n<div class=\"wp-block-column is-layout-flow wp-block-column-is-layout-flow\" style=\"flex-basis:25px\"><\/div>\n<\/div>\n\n\n\n<div style=\"height:70px\" aria-hidden=\"true\" class=\"wp-block-spacer\"><\/div>\n<\/div><\/div>\n\n\n\n<div style=\"height:50px\" aria-hidden=\"true\" class=\"wp-block-spacer\"><\/div>\n\n\n\n<div class=\"wp-block-group alignfull has-background\" style=\"background-color:#02147e\"><div class=\"wp-block-group__inner-container is-layout-flow wp-block-group-is-layout-flow\">\n<div style=\"height:50px\" aria-hidden=\"true\" class=\"wp-block-spacer\"><\/div>\n\n\n\n<div class=\"wp-block-columns alignwide are-vertically-aligned-center is-layout-flex wp-container-core-columns-is-layout-9d6595d7 wp-block-columns-is-layout-flex\">\n<div class=\"wp-block-column is-layout-flow wp-block-column-is-layout-flow\" style=\"flex-basis:40%\">\n<p class=\"has-text-align-right has-white-color has-text-color\" style=\"font-size:25px;font-style:normal;font-weight:100\"><strong>1846<\/strong><\/p>\n<\/div>\n\n\n\n<div class=\"wp-block-column is-layout-flow wp-block-column-is-layout-flow\">\n<hr class=\"wp-block-separator has-text-color has-white-color has-css-opacity has-white-background-color has-background is-style-wide\"\/>\n<\/div>\n<\/div>\n\n\n\n<div class=\"wp-block-columns alignwide is-layout-flex wp-container-core-columns-is-layout-9d6595d7 wp-block-columns-is-layout-flex\">\n<div class=\"wp-block-column is-layout-flow wp-block-column-is-layout-flow\" style=\"flex-basis:380px\"><\/div>\n\n\n\n<div class=\"wp-block-column is-layout-flow wp-block-column-is-layout-flow\">\n<p class=\"has-white-color has-text-color has-extra-small-font-size\"><strong>So fing alles an!<\/strong><\/p>\n\n\n\n<div style=\"height:25px\" aria-hidden=\"true\" class=\"wp-block-spacer\"><\/div>\n\n\n\n<p class=\"has-white-color has-text-color\">Es ist der 14. August im Jahr 1846 als im damaligen Gasthof &#8222;Zum Adler&#8220; in der mittleren Stadt die Turngemeinde Heidenheim gegr\u00fcndet wird.<\/p>\n\n\n\n<div style=\"height:25px\" aria-hidden=\"true\" class=\"wp-block-spacer\"><\/div>\n\n\n\n<p class=\"has-white-color has-text-color\">Die folgenden Jahre sind schwierige Jahre, gepr\u00e4gt durch die M\u00e4rzrevolution, Krieg und die Aufl\u00f6sung und Wiedergr\u00fcndung der Turngemeinde.<\/p>\n\n\n\n<div style=\"height:25px\" aria-hidden=\"true\" class=\"wp-block-spacer\"><\/div>\n\n\n\n<p class=\"has-white-color has-text-color\">Nach dem 70\/71 er Krieg folgten jedoch gute und weitestgehend unbeschwerte Jahre f\u00fcr die Turngemeinde. Besonders hervorzuheben ist hier der Bau der Turnhalle. Damit beginnt 1889 die Bl\u00fctezeit des Vereins. Jahre in denen zahlreiche Feste gefeiert werden, und der Verein stetig w\u00e4chst.<\/p>\n<\/div>\n\n\n\n<div class=\"wp-block-column is-layout-flow wp-block-column-is-layout-flow\" style=\"flex-basis:25px\"><\/div>\n<\/div>\n\n\n\n<div style=\"height:70px\" aria-hidden=\"true\" class=\"wp-block-spacer\"><\/div>\n<\/div><\/div>\n\n\n\n<div style=\"height:50px\" aria-hidden=\"true\" class=\"wp-block-spacer\"><\/div>\n\n\n\n<div class=\"wp-block-group alignfull has-background\" style=\"background-color:#02147e\"><div class=\"wp-block-group__inner-container is-layout-flow wp-block-group-is-layout-flow\">\n<div style=\"height:50px\" aria-hidden=\"true\" class=\"wp-block-spacer\"><\/div>\n\n\n\n<div class=\"wp-block-columns alignwide are-vertically-aligned-center is-layout-flex wp-container-core-columns-is-layout-9d6595d7 wp-block-columns-is-layout-flex\">\n<div class=\"wp-block-column is-layout-flow wp-block-column-is-layout-flow\" style=\"flex-basis:40%\">\n<p class=\"has-text-align-right has-white-color has-text-color\" style=\"font-size:25px;font-style:normal;font-weight:100\"><strong>1897<\/strong><\/p>\n<\/div>\n\n\n\n<div class=\"wp-block-column is-layout-flow wp-block-column-is-layout-flow\">\n<hr class=\"wp-block-separator has-text-color has-white-color has-css-opacity has-white-background-color has-background is-style-wide\"\/>\n<\/div>\n<\/div>\n\n\n\n<div class=\"wp-block-columns alignwide is-layout-flex wp-container-core-columns-is-layout-9d6595d7 wp-block-columns-is-layout-flex\">\n<div class=\"wp-block-column is-layout-flow wp-block-column-is-layout-flow\" style=\"flex-basis:380px\"><\/div>\n\n\n\n<div class=\"wp-block-column is-layout-flow wp-block-column-is-layout-flow\">\n<p class=\"has-white-color has-text-color\">Ab 1897 ist Turnen und der Sport in Heidenheim vom Wandel der Zeit gepr\u00e4gt. Es entstehen nicht nur neue Vereine, sondern auch neue Sportarten in Heidenheim. Dies bedeutet gleichzeitig eine Neuorientierung. Als absoluter H\u00f6hepunkt z\u00e4hlt hierzu der Bericht \u00fcber das Kreisturnfest des XI. Turnkreises Schwaben in Heidenheim im Jahre 1906.<\/p>\n<\/div>\n\n\n\n<div class=\"wp-block-column is-layout-flow wp-block-column-is-layout-flow\" style=\"flex-basis:25px\"><\/div>\n<\/div>\n\n\n\n<div style=\"height:70px\" aria-hidden=\"true\" class=\"wp-block-spacer\"><\/div>\n<\/div><\/div>\n\n\n\n<div style=\"height:50px\" aria-hidden=\"true\" class=\"wp-block-spacer\"><\/div>\n\n\n\n<div class=\"wp-block-group alignfull has-background\" style=\"background-color:#02147e\"><div class=\"wp-block-group__inner-container is-layout-flow wp-block-group-is-layout-flow\">\n<div style=\"height:50px\" aria-hidden=\"true\" class=\"wp-block-spacer\"><\/div>\n\n\n\n<div class=\"wp-block-columns alignwide are-vertically-aligned-center is-layout-flex wp-container-core-columns-is-layout-9d6595d7 wp-block-columns-is-layout-flex\">\n<div class=\"wp-block-column is-layout-flow wp-block-column-is-layout-flow\" style=\"flex-basis:40%\">\n<p class=\"has-text-align-right has-white-color has-text-color\" style=\"font-size:25px;font-style:normal;font-weight:100\"><strong>1911<\/strong><\/p>\n<\/div>\n\n\n\n<div class=\"wp-block-column is-layout-flow wp-block-column-is-layout-flow\">\n<hr class=\"wp-block-separator has-text-color has-white-color has-css-opacity has-white-background-color has-background is-style-wide\"\/>\n<\/div>\n<\/div>\n\n\n\n<div class=\"wp-block-columns alignwide is-layout-flex wp-container-core-columns-is-layout-9d6595d7 wp-block-columns-is-layout-flex\">\n<div class=\"wp-block-column is-layout-flow wp-block-column-is-layout-flow\" style=\"flex-basis:380px\"><\/div>\n\n\n\n<div class=\"wp-block-column is-layout-flow wp-block-column-is-layout-flow\">\n<p class=\"has-white-color has-text-color\">Im Juli 1911 wird in Heidenheim sogar eine eigene Fu\u00dfballabteilung gegr\u00fcndet. Ansto\u00df hierf\u00fcr waren bereits im Jahr 1910 junge Ingenieure der Fa. J.M. Voith.<\/p>\n\n\n\n<div style=\"height:25px\" aria-hidden=\"true\" class=\"wp-block-spacer\"><\/div>\n\n\n\n<p class=\"has-white-color has-text-color\">Nach Jahren des Friedens und Wachsens wird es in den darauf folgenden Jahren nicht leicht f\u00fcr den Heidenheimer Sportbund. Die ganze Welt wird erneut von Krieg und Unruhen ersch\u00fcttert. Mit Beginn des 1. Weltkriegs werden viele eingezogen und kehren nicht wieder in ihre Heimat zur\u00fcck. Unruhen, Aufst\u00e4nde, Verletzte und Tote stellen den Verein in diesen und den darauf folgenden Jahren vor schwere und nahezu unl\u00f6sbare Aufgaben.<\/p>\n\n\n\n<div style=\"height:25px\" aria-hidden=\"true\" class=\"wp-block-spacer\"><\/div>\n\n\n\n<p class=\"has-white-color has-text-color\">Dass diese letzten Endes doch gel\u00f6st werden k\u00f6nnen, zeigt uns wieder einmal, wie wichtig Zusammenhalt und Gemeinschaft vor allem in schweren, aber auch in guten Zeiten ist.<\/p>\n<\/div>\n\n\n\n<div class=\"wp-block-column is-layout-flow wp-block-column-is-layout-flow\" style=\"flex-basis:25px\"><\/div>\n<\/div>\n\n\n\n<div style=\"height:70px\" aria-hidden=\"true\" class=\"wp-block-spacer\"><\/div>\n<\/div><\/div>\n\n\n\n<div style=\"height:50px\" aria-hidden=\"true\" class=\"wp-block-spacer\"><\/div>\n\n\n\n<div class=\"wp-block-group alignfull has-background\" style=\"background-color:#02147e\"><div class=\"wp-block-group__inner-container is-layout-flow wp-block-group-is-layout-flow\">\n<div style=\"height:50px\" aria-hidden=\"true\" class=\"wp-block-spacer\"><\/div>\n\n\n\n<div class=\"wp-block-columns alignwide are-vertically-aligned-center is-layout-flex wp-container-core-columns-is-layout-9d6595d7 wp-block-columns-is-layout-flex\">\n<div class=\"wp-block-column is-layout-flow wp-block-column-is-layout-flow\" style=\"flex-basis:40%\">\n<p class=\"has-text-align-right has-white-color has-text-color\" style=\"font-size:25px;font-style:normal;font-weight:100\"><strong>Heute<\/strong><\/p>\n<\/div>\n\n\n\n<div class=\"wp-block-column is-layout-flow wp-block-column-is-layout-flow\">\n<hr class=\"wp-block-separator has-text-color has-white-color has-css-opacity has-white-background-color has-background is-style-wide\"\/>\n<\/div>\n<\/div>\n\n\n\n<div class=\"wp-block-columns alignwide is-layout-flex wp-container-core-columns-is-layout-9d6595d7 wp-block-columns-is-layout-flex\">\n<div class=\"wp-block-column is-layout-flow wp-block-column-is-layout-flow\" style=\"flex-basis:380px\"><\/div>\n\n\n\n<div class=\"wp-block-column is-layout-flow wp-block-column-is-layout-flow\">\n<p class=\"has-white-color has-text-color\">So ist der Heidenheimer Sportbund &#8211; gegr\u00fcndet im Jahre 1846 &#8211; zu einem festen Bestandteil und Aush\u00e4ngeschild der Stadt Heidenheim geworden. Neben den Turnerinnen der 2. Bundesliga, einem Top Team im Baseball &#8211; den Heidenheimer Heidek\u00f6pfen &#8211; welches in der 1. Bundesliga spielt und dem Fechtzentrum &#8211; Landesleistungszentrum und Bundesst\u00fctzpunkt &#8211; welches wesentlich durch Paul Gnaier gepr\u00e4gt wurde, umfasst der hsb insgesamt 27 Abteilungen und ca. 4.000 Mitglieder. Angeschlossen ist au\u00dferdem ein hsb &#8211; \u00adSportinternat. Dies bietet gerade jungen Athleten- und Athletinnen die M\u00f6glichkeit schulische, berufliche Ausbildung und Spitzensport unter einen Hut zu.<\/p>\n\n\n\n<div style=\"height:25px\" aria-hidden=\"true\" class=\"wp-block-spacer\"><\/div>\n\n\n\n<p class=\"has-white-color has-text-color\">Durch eine weit zur\u00fcckblickende Geschichte, Tradition und einem breiten Angebot des Heidenheimer Sportbundes, hoffen wir Ihr Interesse geweckt zu haben und freuen uns \u00fcber jedes neue Gesicht im Verein.<\/p>\n\n\n\n<div style=\"height:25px\" aria-hidden=\"true\" class=\"wp-block-spacer\"><\/div>\n\n\n\n<p class=\"has-white-color has-text-color\">Bei einem so breitem und reichem Angebot ist bestimmt f\u00fcr jeden etwas dabei.<\/p>\n\n\n\n<div style=\"height:25px\" aria-hidden=\"true\" class=\"wp-block-spacer\"><\/div>\n\n\n\n<div style=\"height:25px\" aria-hidden=\"true\" class=\"wp-block-spacer\"><\/div>\n\n\n\n<p class=\"has-white-color has-text-color\">Dass diese letzten Endes doch gel\u00f6st werden k\u00f6nnen, zeigt uns wieder einmal, wie wichtig Zusammenhalt und Gemeinschaft vor allem in schweren, aber auch in guten Zeiten ist.<\/p>\n<\/div>\n\n\n\n<div class=\"wp-block-column is-layout-flow wp-block-column-is-layout-flow\" style=\"flex-basis:25px\"><\/div>\n<\/div>\n\n\n\n<div style=\"height:70px\" aria-hidden=\"true\" class=\"wp-block-spacer\"><\/div>\n<\/div><\/div>\n\n\n\n<div style=\"height:50px\" aria-hidden=\"true\" class=\"wp-block-spacer\"><\/div>\n\n\n\n<p class=\"has-background\" style=\"background-color:#f6f6f6;font-size:16px\">Erh\u00e4ltlich ist die gesamte Chronik auch in insgesamt 5 B\u00fcchern. Weitere Informationen hierzu unter der Rubrik&nbsp;<a href=\"https:\/\/2022.hsb1846.de\/home\/verein\/service\/archiv-buecher\/\">Archiv.<\/a><\/p>\n\n\n\n<div style=\"height:50px\" aria-hidden=\"true\" class=\"wp-block-spacer\"><\/div>","protected":false},"excerpt":{"rendered":"<p>Anf\u00e4nge und Gr\u00fcndung Es ist der Sommer des Jahres 1846 als der Heidenheimer Sportbund gegr\u00fcndet wird. Seither blickt dieser auf eine lange Vereinsgeschichte zur\u00fcck &#8211; gepr\u00e4gt sowohl von schweren, als auch von sch\u00f6nen und unbeschwerten Jahren. Ein Verein, der heute fester Bestandteil und Aush\u00e4ngeschild der Stadt Heidenheim ist. 1846 So fing alles an! Es ist [&hellip;]<\/p>\n","protected":false},"author":1,"featured_media":0,"parent":4105,"menu_order":37,"comment_status":"closed","ping_status":"closed","template":"","meta":{"footnotes":""},"class_list":["post-4214","page","type-page","status-publish","hentry"],"aioseo_notices":[],"_links":{"self":[{"href":"https:\/\/hsb1846.de\/en\/wp-json\/wp\/v2\/pages\/4214","targetHints":{"allow":["GET"]}}],"collection":[{"href":"https:\/\/hsb1846.de\/en\/wp-json\/wp\/v2\/pages"}],"about":[{"href":"https:\/\/hsb1846.de\/en\/wp-json\/wp\/v2\/types\/page"}],"author":[{"embeddable":true,"href":"https:\/\/hsb1846.de\/en\/wp-json\/wp\/v2\/users\/1"}],"replies":[{"embeddable":true,"href":"https:\/\/hsb1846.de\/en\/wp-json\/wp\/v2\/comments?post=4214"}],"version-history":[{"count":44,"href":"https:\/\/hsb1846.de\/en\/wp-json\/wp\/v2\/pages\/4214\/revisions"}],"predecessor-version":[{"id":19626,"href":"https:\/\/hsb1846.de\/en\/wp-json\/wp\/v2\/pages\/4214\/revisions\/19626"}],"up":[{"embeddable":true,"href":"https:\/\/hsb1846.de\/en\/wp-json\/wp\/v2\/pages\/4105"}],"wp:attachment":[{"href":"https:\/\/hsb1846.de\/en\/wp-json\/wp\/v2\/media?parent=4214"}],"curies":[{"name":"wp","href":"https:\/\/api.w.org\/{rel}","templated":true}]}}