{"id":4405,"date":"2022-03-24T15:36:19","date_gmt":"2022-03-24T14:36:19","guid":{"rendered":"https:\/\/2022.hsb1846.de\/?page_id=4405"},"modified":"2025-09-28T20:30:27","modified_gmt":"2025-09-28T18:30:27","slug":"handball","status":"publish","type":"page","link":"https:\/\/hsb1846.de\/en\/home\/abteilungen\/handball\/","title":{"rendered":"Handball"},"content":{"rendered":"<div class=\"wp-block-cover aligncenter has-parallax full-width\" style=\"min-height:100vh;aspect-ratio:unset;\"><div class=\"wp-block-cover__image-background wp-image-15766 has-parallax\" style=\"background-position:50% 50%;background-image:url(https:\/\/hsb1846.de\/wp-content\/uploads\/2024\/09\/Handball-Herren-1-Klatschen-scaled.jpg)\"><\/div><span aria-hidden=\"true\" class=\"wp-block-cover__background has-background-dim\" style=\"background-color:#624341\"><\/span><div class=\"wp-block-cover__inner-container is-layout-flow wp-block-cover-is-layout-flow\">\n<p class=\"has-text-align-left pl-5 has-white-color has-text-color\" style=\"font-size:24px\"><\/p>\n<\/div><\/div>\n\n\n\n<div style=\"height:50px\" aria-hidden=\"true\" class=\"wp-block-spacer\"><\/div>\n\n\n\n<h2 class=\"wp-block-heading\">News<\/h2>\n\n\n\n<div style=\"height:50px\" aria-hidden=\"true\" class=\"wp-block-spacer\"><\/div>\n\n\n\n<h2 class=\"wp-block-heading\">Weibliche B-Jugend international unterwegs<\/h2>\n\n\n\n<p><strong>Von der Pflicht zum Highlight: B-Jugend der JSG Heidenheim-Steinheim macht \u00d6sterreich-Reise zum Event<\/strong><\/p>\n\n\n\n<p><strong>Heidenheim\/Steinheim.<\/strong><\/p>\n\n\n\n<p>Vier Ausw\u00e4rtsspiele am Bodensee oder sogar in \u00d6sterreich \u2013 f\u00fcr viele Teams w\u00e4re das Grund genug, die Stirn zu runzeln. Nicht so f\u00fcr die weibliche B-Jugend der JSG Heidenheim-Steinheim. Anstatt \u00fcber lange Fahrten und hohe Kosten zu klagen, haben die M\u00e4dels und das Trainerteam kurzerhand den Spie\u00df umgedreht und aus der vermeintlichen Belastung ein echtes Highlight gemacht.<\/p>\n\n\n\n<p>Am 4. Oktober steht f\u00fcr die B-Jugend das Spiel in Bregenz auf dem Programm, tags darauf geht es direkt weiter nach Lustenau. Um die beiden Partien bestm\u00f6glich zu verbinden, reist das Team bereits am 3. Oktober nach \u00d6sterreich und verbringt gemeinsam ein ganzes Wochenende dort. \u201eWenn wir schon so weit fahren m\u00fcssen, dann machen wir eben etwas Besonderes daraus\u201c, erkl\u00e4rt das Trainerteam.<\/p>\n\n\n\n<p>Statt nerviger Ausw\u00e4rtsspiele wird es also ein Event-Wochenende, das nicht nur sportlich wichtig ist, sondern auch f\u00fcr jede Menge Teamgeist sorgen d\u00fcrfte. \u00dcbernachtung, gemeinsames Essen und die beiden Spiele \u2013 all das wird die Mannschaft weiter zusammenschwei\u00dfen und f\u00fcr unvergessliche Erinnerungen sorgen.<\/p>\n\n\n\n<p>\u201eWir freuen uns riesig auf das Wochenende! Das wird etwas ganz anderes, als nur ins Auto zu steigen, zu spielen und wieder heimzufahren\u201c, sagt eine Spielerin mit einem breiten Grinsen.<\/p>\n\n\n\n<p>Einen Sponsor f\u00fcr das Projekt konnte die JSG zwar nicht finden, dennoch lassen sich die Spielerinnen und ihre Familien die Aktion nicht nehmen: Trotz eines finanziellen Zuschusses vom Verein \u00fcbernimmt jede Spielerin einen Eigenanteil. \u201eDas zeigt, wie viel Lust die M\u00e4dels auf dieses Wochenende haben\u201c, so der Jugendleiter Andre Rode.<\/p>\n\n\n\n<p>Mit dieser Einstellung ist schon jetzt klar: Egal wie die Spiele in Bregenz und Lustenau ausgehen \u2013 f\u00fcr die weibliche B-Jugend der JSG Heidenheim-Steinheim wird das \u00d6sterreich-Wochenende ein Volltreffer.<\/p>\n\n\n\n<p><\/p>\n\n\n\n<p><\/p>\n\n\n\n<p><\/p>\n\n\n\n<h2 class=\"wp-block-heading\">Ansprechpartner<\/h2>\n\n\n\n<div style=\"height:50px\" aria-hidden=\"true\" class=\"wp-block-spacer\"><\/div>\n\n\n\n<div class=\"wp-block-media-text alignwide has-media-on-the-right is-stacked-on-mobile is-vertically-aligned-center is-image-fill-element has-background\" style=\"background-color:#f6f6f6\"><div class=\"wp-block-media-text__content\">\n<div class=\"wp-block-group\" style=\"padding-top:2em;padding-right:2em;padding-bottom:2em;padding-left:2em\"><div class=\"wp-block-group__inner-container is-layout-flow wp-block-group-is-layout-flow\">\n<p class=\"has-text-color\" style=\"color:#02147e;font-size:25px;font-style:normal;font-weight:700;line-height:1.2\"><mark style=\"background-color:rgba(0, 0, 0, 0)\" class=\"has-inline-color has-vivid-red-color\">Heidenheimer SB<br>Handball<\/mark><\/p>\n\n\n\n<div style=\"height:26px\" aria-hidden=\"true\" class=\"wp-block-spacer\"><\/div>\n\n\n\n<p style=\"font-size:25px;line-height:1.2\"><a href=\"https:\/\/hsb1846.de\/en\/home\/abteilungen\/handball\/abteilungsleitung-handball\/\" title=\"\">Abteilungsleitung<\/a><\/p>\n\n\n\n<p style=\"font-size:25px;line-height:1.2\"><a href=\"https:\/\/hsb1846.de\/en\/home\/abteilungen\/handball\/uebungsleiter-handball\/\" title=\"\">\u00dcbungsleiter<\/a><\/p>\n\n\n\n<p style=\"font-size:25px;line-height:1.2\"><a href=\"https:\/\/hsb1846.de\/en\/home\/abteilungen\/handball\/schiedsrichter-handball\/\" title=\"\">Schiedsrichter<\/a><\/p>\n<\/div><\/div>\n<\/div><figure class=\"wp-block-media-text__media\"><img loading=\"lazy\" decoding=\"async\" width=\"1200\" height=\"641\" src=\"https:\/\/2022.hsb1846.de\/wp-content\/uploads\/2022\/06\/hsb_gesamt.jpg\" alt=\"\" class=\"wp-image-6227 size-full\" style=\"object-position:50% 50%\" srcset=\"https:\/\/hsb1846.de\/wp-content\/uploads\/2022\/06\/hsb_gesamt.jpg 1200w, https:\/\/hsb1846.de\/wp-content\/uploads\/2022\/06\/hsb_gesamt-300x160.jpg 300w, https:\/\/hsb1846.de\/wp-content\/uploads\/2022\/06\/hsb_gesamt-768x410.jpg 768w\" sizes=\"auto, (max-width: 1200px) 100vw, 1200px\" \/><\/figure><\/div>\n\n\n\n<div class=\"wp-block-media-text alignwide is-stacked-on-mobile is-vertically-aligned-center is-image-fill-element has-background\" style=\"background-color:#f6f6f6\"><figure class=\"wp-block-media-text__media\"><img loading=\"lazy\" decoding=\"async\" width=\"1200\" height=\"800\" src=\"https:\/\/2022.hsb1846.de\/wp-content\/uploads\/2022\/06\/owen_lenningen_2019_1.jpg\" alt=\"\" class=\"wp-image-6226 size-full\" style=\"object-position:50% 50%\" srcset=\"https:\/\/hsb1846.de\/wp-content\/uploads\/2022\/06\/owen_lenningen_2019_1.jpg 1200w, https:\/\/hsb1846.de\/wp-content\/uploads\/2022\/06\/owen_lenningen_2019_1-300x200.jpg 300w, https:\/\/hsb1846.de\/wp-content\/uploads\/2022\/06\/owen_lenningen_2019_1-768x512.jpg 768w\" sizes=\"auto, (max-width: 1200px) 100vw, 1200px\" \/><\/figure><div class=\"wp-block-media-text__content\">\n<div class=\"wp-block-group\" style=\"padding-top:2em;padding-right:2em;padding-bottom:2em;padding-left:2em\"><div class=\"wp-block-group__inner-container is-layout-flow wp-block-group-is-layout-flow\">\n<p class=\"has-text-color\" style=\"color:#02147e;font-size:25px;font-style:normal;font-weight:700;line-height:1.2\"><mark style=\"background-color:rgba(0, 0, 0, 0)\" class=\"has-inline-color has-vivid-red-color\">Teams<\/mark><\/p>\n\n\n\n<div style=\"height:27px\" aria-hidden=\"true\" class=\"wp-block-spacer\"><\/div>\n\n\n\n<p style=\"font-size:25px;line-height:1.2\"><a href=\"https:\/\/hsb1846.de\/en\/home\/abteilungen\/handball\/teams-handball\/herren-1\/\" title=\"\">Herren 1<\/a> (Bezirksoberliga)<\/p>\n\n\n\n<p style=\"font-size:25px;line-height:1.2\"><a href=\"https:\/\/hsb1846.de\/en\/home\/abteilungen\/handball\/teams-handball\/herren-2\/\" title=\"\">Herren 2<\/a> (2. Bezirksklasse)<\/p>\n\n\n\n<p style=\"font-size:25px\"><a href=\"https:\/\/hsb1846.de\/en\/home\/abteilungen\/handball\/teams-handball\/damen\/\" title=\"\">Damen<\/a> (Bezirksklasse)<\/p>\n\n\n\n<p style=\"font-size:25px\"><a href=\"https:\/\/hsb1846.de\/en\/home\/abteilungen\/handball\/teams-handball\/alte-herren\/\" title=\"\">Alte Herren<\/a><\/p>\n\n\n\n<p style=\"font-size:25px\"><a href=\"https:\/\/hsb1846.de\/en\/home\/abteilungen\/handball\/teams-handball\/jugendabteilungen\/\" title=\"\">Jugendteams<\/a> (und Trainingszeiten)<br>(JSG Heidenheim-Steinheim)<\/p>\n<\/div><\/div>\n<\/div><\/div>\n\n\n\n<div style=\"height:50px\" aria-hidden=\"true\" class=\"wp-block-spacer\"><\/div>\n\n\n\n<div style=\"height:50px\" aria-hidden=\"true\" class=\"wp-block-spacer\"><\/div>\n\n\n\n<div class=\"wp-block-columns alignfull is-layout-flex wp-container-core-columns-is-layout-9d6595d7 wp-block-columns-is-layout-flex\">\n<div class=\"wp-block-column is-layout-flow wp-block-column-is-layout-flow\" style=\"flex-basis:50%\">\n<div class=\"wp-block-cover is-light\" style=\"min-height:600px;aspect-ratio:unset;\"><img loading=\"lazy\" decoding=\"async\" width=\"835\" height=\"1200\" class=\"wp-block-cover__image-background wp-image-6179\" alt=\"\" src=\"https:\/\/hsb1846.de\/wp-content\/uploads\/2022\/06\/kopie_von_habezbi.jpg\" data-object-fit=\"cover\" srcset=\"https:\/\/hsb1846.de\/wp-content\/uploads\/2022\/06\/kopie_von_habezbi.jpg 835w, https:\/\/hsb1846.de\/wp-content\/uploads\/2022\/06\/kopie_von_habezbi-209x300.jpg 209w, https:\/\/hsb1846.de\/wp-content\/uploads\/2022\/06\/kopie_von_habezbi-752x1080.jpg 752w, https:\/\/hsb1846.de\/wp-content\/uploads\/2022\/06\/kopie_von_habezbi-768x1104.jpg 768w\" sizes=\"auto, (max-width: 835px) 100vw, 835px\" \/><span aria-hidden=\"true\" class=\"wp-block-cover__background has-background-dim\" style=\"background-color:#f6f6f6\"><\/span><div class=\"wp-block-cover__inner-container is-layout-flow wp-block-cover-is-layout-flow\">\n<p class=\"has-text-align-center has-large-font-size\"><\/p>\n<\/div><\/div>\n<\/div>\n\n\n\n<div class=\"wp-block-column is-vertically-aligned-center is-layout-flow wp-block-column-is-layout-flow\" style=\"padding-top:1em;padding-right:1em;padding-bottom:1em;padding-left:1em\">\n<div class=\"wp-block-columns is-layout-flex wp-container-core-columns-is-layout-9d6595d7 wp-block-columns-is-layout-flex\">\n<div class=\"wp-block-column is-layout-flow wp-block-column-is-layout-flow\" style=\"flex-basis:320px\">\n<p class=\"has-text-color\" style=\"color:#02147e;font-size:25px;line-height:1.6\"><a href=\"https:\/\/hsb1846.de\/en\/home\/abteilungen\/handball\/geschichte-handball\/\" title=\"\"><strong>Historie<\/strong><\/a><\/p>\n\n\n\n<div style=\"height:50px\" aria-hidden=\"true\" class=\"wp-block-spacer\"><\/div>\n\n\n\n<p style=\"font-size:25px;line-height:1.6\"><a href=\"https:\/\/hsb1846.de\/en\/home\/abteilungen\/handball\/geschichte-handball\/\" title=\"\">Portr\u00e4t und Geschichte<\/a><\/p>\n<\/div>\n<\/div>\n<\/div>\n<\/div>\n\n\n\n<div style=\"height:50px\" aria-hidden=\"true\" class=\"wp-block-spacer\"><\/div>\n\n\n\n<p class=\"has-text-align-center has-white-color has-text-color has-background\" style=\"background-color:#f6f6f6;font-size:25px\"><a href=\"https:\/\/hsb1846.de\/en\/home\/abteilungen\/handball\/spielberichte-handball\/\" title=\"\">Spielberichte<\/a><\/p>\n\n\n\n<div style=\"height:50px\" aria-hidden=\"true\" class=\"wp-block-spacer\"><\/div>\n\n\n\n<h2 class=\"wp-block-heading\">Aktuelle Ergebnisse der Herren und Damen <\/h2>\n\n\n\n<div style=\"height:25px\" aria-hidden=\"true\" class=\"wp-block-spacer\"><\/div>\n\n\n\n<p class=\"has-medium-font-size\"><\/p>\n\n\n\n<div style=\"height:50px\" aria-hidden=\"true\" class=\"wp-block-spacer\"><\/div>\n\n\n\n<h2 class=\"wp-block-heading\">Aktuelle Ergebnisse der JSG Heidenheim-Steinheim <\/h2>\n\n\n\n<p class=\"has-medium-font-size\"><\/p>\n\n\n\n<p><\/p>","protected":false},"excerpt":{"rendered":"<p>News Weibliche B-Jugend international unterwegs Von der Pflicht zum Highlight: B-Jugend der JSG Heidenheim-Steinheim macht \u00d6sterreich-Reise zum Event Heidenheim\/Steinheim. Vier Ausw\u00e4rtsspiele am Bodensee oder sogar in \u00d6sterreich \u2013 f\u00fcr viele Teams w\u00e4re das Grund genug, die Stirn zu runzeln. Nicht so f\u00fcr die weibliche B-Jugend der JSG Heidenheim-Steinheim. Anstatt \u00fcber lange Fahrten und hohe Kosten [&hellip;]<\/p>\n","protected":false},"author":1,"featured_media":0,"parent":4098,"menu_order":61,"comment_status":"closed","ping_status":"closed","template":"page-templates\/page-nosidebars.php","meta":{"footnotes":""},"class_list":["post-4405","page","type-page","status-publish","hentry"],"aioseo_notices":[],"_links":{"self":[{"href":"https:\/\/hsb1846.de\/en\/wp-json\/wp\/v2\/pages\/4405","targetHints":{"allow":["GET"]}}],"collection":[{"href":"https:\/\/hsb1846.de\/en\/wp-json\/wp\/v2\/pages"}],"about":[{"href":"https:\/\/hsb1846.de\/en\/wp-json\/wp\/v2\/types\/page"}],"author":[{"embeddable":true,"href":"https:\/\/hsb1846.de\/en\/wp-json\/wp\/v2\/users\/1"}],"replies":[{"embeddable":true,"href":"https:\/\/hsb1846.de\/en\/wp-json\/wp\/v2\/comments?post=4405"}],"version-history":[{"count":52,"href":"https:\/\/hsb1846.de\/en\/wp-json\/wp\/v2\/pages\/4405\/revisions"}],"predecessor-version":[{"id":18186,"href":"https:\/\/hsb1846.de\/en\/wp-json\/wp\/v2\/pages\/4405\/revisions\/18186"}],"up":[{"embeddable":true,"href":"https:\/\/hsb1846.de\/en\/wp-json\/wp\/v2\/pages\/4098"}],"wp:attachment":[{"href":"https:\/\/hsb1846.de\/en\/wp-json\/wp\/v2\/media?parent=4405"}],"curies":[{"name":"wp","href":"https:\/\/api.w.org\/{rel}","templated":true}]}}