{"id":4407,"date":"2022-03-24T15:37:12","date_gmt":"2022-03-24T14:37:12","guid":{"rendered":"https:\/\/2022.hsb1846.de\/?page_id=4407"},"modified":"2024-07-02T18:50:21","modified_gmt":"2024-07-02T16:50:21","slug":"hockey","status":"publish","type":"page","link":"https:\/\/hsb1846.de\/en\/home\/abteilungen\/hockey\/","title":{"rendered":"Hockey"},"content":{"rendered":"<div class=\"wp-block-cover is-light has-parallax full-width\" style=\"min-height:700px;aspect-ratio:unset;\"><span aria-hidden=\"true\" class=\"wp-block-cover__background has-background-dim\" style=\"background-color:#858482\"><\/span><div class=\"wp-block-cover__image-background wp-image-7307 has-parallax\" style=\"background-position:50% 50%;background-image:url(https:\/\/hsb1846.de\/wp-content\/uploads\/2022\/07\/Titel_Feld_2000x1200_web.jpg)\"><\/div><div class=\"wp-block-cover__inner-container is-layout-flow wp-block-cover-is-layout-flow\">\n<p class=\"has-text-align-left pl-5 has-white-color has-text-color has-large-font-size\" style=\"font-style:normal;font-weight:100\">Hockey<\/p>\n\n\n\n<p class=\"has-text-align-left pl-5 has-white-color has-text-color\" style=\"font-size:24px\">&#8230; beim hsb am Sch\u00f6nsten<\/p>\n<\/div><\/div>\n\n\n\n<div style=\"height:50px\" aria-hidden=\"true\" class=\"wp-block-spacer\"><\/div>\n\n\n\n<div class=\"wp-block-media-text alignwide has-media-on-the-right is-stacked-on-mobile is-vertically-aligned-center has-background\" style=\"background-color:#f6f6f6\"><div class=\"wp-block-media-text__content\">\n<div class=\"wp-block-group\" style=\"padding-top:2em;padding-right:2em;padding-bottom:2em;padding-left:2em\"><div class=\"wp-block-group__inner-container is-layout-flow wp-block-group-is-layout-flow\">\n<p style=\"font-size:16px;line-height:1.2\">Zur Zeit finden Sie auf der eigenen Homepage die wichtigsten Informationen zur Abteilung und Trainingszeiten.<\/p>\n\n\n\n<p><\/p>\n\n\n\n<p style=\"font-size:16px\"><a href=\"https:\/\/hockey.chayns.net\/\" target=\"_blank\" rel=\"noreferrer noopener\">Mehr gibt es hier<\/a><\/p>\n<\/div><\/div>\n<\/div><figure class=\"wp-block-media-text__media\"><a href=\"https:\/\/hockey.chayns.net\/\" target=\"_blank\" rel=\"noreferrer noopener\"><img loading=\"lazy\" decoding=\"async\" width=\"790\" height=\"763\" src=\"https:\/\/2022.hsb1846.de\/wp-content\/uploads\/2022\/08\/Hockey_5.jpg\" alt=\"\" class=\"wp-image-8395 size-full\" srcset=\"https:\/\/hsb1846.de\/wp-content\/uploads\/2022\/08\/Hockey_5.jpg 790w, https:\/\/hsb1846.de\/wp-content\/uploads\/2022\/08\/Hockey_5-300x290.jpg 300w, https:\/\/hsb1846.de\/wp-content\/uploads\/2022\/08\/Hockey_5-768x742.jpg 768w\" sizes=\"auto, (max-width: 790px) 100vw, 790px\" \/><\/a><\/figure><\/div>\n\n\n\n<div style=\"height:50px\" aria-hidden=\"true\" class=\"wp-block-spacer\"><\/div>\n\n\n\n<div class=\"wp-block-columns is-layout-flex wp-container-core-columns-is-layout-9d6595d7 wp-block-columns-is-layout-flex\">\n<div class=\"wp-block-column is-layout-flow wp-block-column-is-layout-flow\"><\/div>\n\n\n\n<div class=\"wp-block-column is-layout-flow wp-block-column-is-layout-flow\">\n<div class=\"wp-block-cover is-light\" style=\"min-height:150px;aspect-ratio:unset;\"><span aria-hidden=\"true\" class=\"wp-block-cover__background has-background-dim-100 has-background-dim\" style=\"background-color:#f6f6f6\"><\/span><div class=\"wp-block-cover__inner-container is-layout-flow wp-block-cover-is-layout-flow\">\n<p class=\"has-text-align-center\"><a href=\"https:\/\/www.facebook.com\/hsbhockey\" target=\"_blank\" rel=\"noreferrer noopener\">aktuelle news auf facebook<\/a><\/p>\n\n\n<div class=\"wp-block-image\">\n<figure class=\"aligncenter size-full\"><img loading=\"lazy\" decoding=\"async\" width=\"48\" height=\"48\" src=\"https:\/\/hsb1846.de\/wp-content\/uploads\/2022\/08\/icons8-facebook-neu-48.png\" alt=\"\" class=\"wp-image-7766\"\/><\/figure>\n<\/div><\/div><\/div>\n\n\n\n<p><\/p>\n<\/div>\n\n\n\n<div class=\"wp-block-column is-layout-flow wp-block-column-is-layout-flow\"><\/div>\n<\/div>\n\n\n\n<div style=\"height:50px\" aria-hidden=\"true\" class=\"wp-block-spacer\"><\/div>\n\n\n\n<p style=\"font-size:25px\">Die L\u00f6sung f\u00fcr die Hosentasche ist unsere PWA:<\/p>\n\n\n\n<div style=\"height:25px\" aria-hidden=\"true\" class=\"wp-block-spacer\"><\/div>\n\n\n\n<p class=\"has-background\" style=\"background-color:#f6f6f6;font-size:16px\">Die Progressive Web App ist der moderne Nachfolger der nativen App. Ganz ohne Ver\u00f6ffentlichung in den Stores ist sie die mobile Ansicht und bringt Dich fest auf die Smartphone.<\/p>\n\n\n\n<p class=\"has-background\" style=\"background-color:#f6f6f6;font-size:16px\">Alle Inhalte werden automatisch f\u00fcr die Darstellung auf kleineren Screens aufbereitet. Und einmal zum Startbildschirm\/Homescreen hinzugef\u00fcgt reicht ein Fingertipp, um auf unsere Site zuzugreifen.<\/p>\n\n\n\n<p class=\"has-background\" style=\"background-color:#f6f6f6;font-size:16px\">Viel Spa\u00df und bleibt gesund.<\/p>\n\n\n\n<div style=\"height:50px\" aria-hidden=\"true\" class=\"wp-block-spacer\"><\/div>\n\n\n\n<div class=\"wp-block-media-text alignwide has-media-on-the-right is-stacked-on-mobile is-vertically-aligned-center has-background\" style=\"background-color:#f6f6f6\"><div class=\"wp-block-media-text__content\">\n<div class=\"wp-block-group\" style=\"padding-top:2em;padding-right:2em;padding-bottom:2em;padding-left:2em\"><div class=\"wp-block-group__inner-container is-layout-flow wp-block-group-is-layout-flow\">\n<p style=\"font-size:25px;line-height:1.2\"><a href=\"https:\/\/hsb1846.de\/en\/home\/abteilungen\/hockey\/abteilungsleitung-hockey\/\" title=\"\">Abteilungsleitung<\/a><\/p>\n\n\n\n<p style=\"font-size:25px;line-height:1.2\"><a href=\"https:\/\/hsb1846.de\/en\/home\/abteilungen\/hockey\/jugend-hockey\/\" title=\"\">Jugend<\/a><\/p>\n<\/div><\/div>\n<\/div><figure class=\"wp-block-media-text__media\"><img loading=\"lazy\" decoding=\"async\" width=\"1172\" height=\"746\" src=\"https:\/\/2022.hsb1846.de\/wp-content\/uploads\/2022\/08\/Hockey_1.jpg\" alt=\"\" class=\"wp-image-8394 size-full\" srcset=\"https:\/\/hsb1846.de\/wp-content\/uploads\/2022\/08\/Hockey_1.jpg 1172w, https:\/\/hsb1846.de\/wp-content\/uploads\/2022\/08\/Hockey_1-300x191.jpg 300w, https:\/\/hsb1846.de\/wp-content\/uploads\/2022\/08\/Hockey_1-768x489.jpg 768w\" sizes=\"auto, (max-width: 1172px) 100vw, 1172px\" \/><\/figure><\/div>\n\n\n\n<div class=\"wp-block-media-text alignwide is-stacked-on-mobile is-vertically-aligned-center has-background\" style=\"background-color:#f6f6f6\"><figure class=\"wp-block-media-text__media\"><img loading=\"lazy\" decoding=\"async\" width=\"718\" height=\"405\" src=\"https:\/\/2022.hsb1846.de\/wp-content\/uploads\/2022\/08\/Hockey_2.jpg\" alt=\"\" class=\"wp-image-8391 size-full\" srcset=\"https:\/\/hsb1846.de\/wp-content\/uploads\/2022\/08\/Hockey_2.jpg 718w, https:\/\/hsb1846.de\/wp-content\/uploads\/2022\/08\/Hockey_2-300x169.jpg 300w\" sizes=\"auto, (max-width: 718px) 100vw, 718px\" \/><\/figure><div class=\"wp-block-media-text__content\">\n<div class=\"wp-block-group\" style=\"padding-top:2em;padding-right:2em;padding-bottom:2em;padding-left:2em\"><div class=\"wp-block-group__inner-container is-layout-flow wp-block-group-is-layout-flow\">\n<p style=\"font-size:25px;line-height:1.2\"><a href=\"https:\/\/hsb1846.de\/en\/home\/abteilungen\/hockey\/uebungsleiter-hockey\/\" title=\"\">\u00dcbungsleiter<\/a><\/p>\n\n\n\n<p style=\"font-size:25px;line-height:1.2\"><a href=\"https:\/\/hsb1846.de\/en\/home\/abteilungen\/hockey\/schiedsrichter-hockey\/\" title=\"\">Schiedsrichter<\/a><\/p>\n<\/div><\/div>\n<\/div><\/div>\n\n\n\n<div style=\"height:50px\" aria-hidden=\"true\" class=\"wp-block-spacer\"><\/div>\n\n\n\n<div class=\"wp-block-media-text alignwide has-media-on-the-right is-stacked-on-mobile is-vertically-aligned-center has-background\" style=\"background-color:#f6f6f6\"><div class=\"wp-block-media-text__content\">\n<div class=\"wp-block-group\" style=\"padding-top:2em;padding-right:2em;padding-bottom:2em;padding-left:2em\"><div class=\"wp-block-group__inner-container is-layout-flow wp-block-group-is-layout-flow\">\n<p style=\"font-size:25px;line-height:1.2\"><a href=\"https:\/\/hsb1846.de\/en\/home\/abteilungen\/hockey\/jobs-hockey\/\" title=\"\">Jobs<\/a><\/p>\n<\/div><\/div>\n<\/div><figure class=\"wp-block-media-text__media\"><img loading=\"lazy\" decoding=\"async\" width=\"703\" height=\"470\" src=\"https:\/\/2022.hsb1846.de\/wp-content\/uploads\/2022\/08\/Hockey_4.jpg\" alt=\"\" class=\"wp-image-8393 size-full\" srcset=\"https:\/\/hsb1846.de\/wp-content\/uploads\/2022\/08\/Hockey_4.jpg 703w, https:\/\/hsb1846.de\/wp-content\/uploads\/2022\/08\/Hockey_4-300x201.jpg 300w\" sizes=\"auto, (max-width: 703px) 100vw, 703px\" \/><\/figure><\/div>\n\n\n\n<div style=\"height:50px\" aria-hidden=\"true\" class=\"wp-block-spacer\"><\/div>","protected":false},"excerpt":{"rendered":"<p>Die L\u00f6sung f\u00fcr die Hosentasche ist unsere PWA: Die Progressive Web App ist der moderne Nachfolger der nativen App. Ganz ohne Ver\u00f6ffentlichung in den Stores ist sie die mobile Ansicht und bringt Dich fest auf die Smartphone. Alle Inhalte werden automatisch f\u00fcr die Darstellung auf kleineren Screens aufbereitet. Und einmal zum Startbildschirm\/Homescreen hinzugef\u00fcgt reicht ein [&hellip;]<\/p>\n","protected":false},"author":1,"featured_media":0,"parent":4098,"menu_order":63,"comment_status":"closed","ping_status":"closed","template":"","meta":{"footnotes":""},"class_list":["post-4407","page","type-page","status-publish","hentry"],"aioseo_notices":[],"_links":{"self":[{"href":"https:\/\/hsb1846.de\/en\/wp-json\/wp\/v2\/pages\/4407","targetHints":{"allow":["GET"]}}],"collection":[{"href":"https:\/\/hsb1846.de\/en\/wp-json\/wp\/v2\/pages"}],"about":[{"href":"https:\/\/hsb1846.de\/en\/wp-json\/wp\/v2\/types\/page"}],"author":[{"embeddable":true,"href":"https:\/\/hsb1846.de\/en\/wp-json\/wp\/v2\/users\/1"}],"replies":[{"embeddable":true,"href":"https:\/\/hsb1846.de\/en\/wp-json\/wp\/v2\/comments?post=4407"}],"version-history":[{"count":16,"href":"https:\/\/hsb1846.de\/en\/wp-json\/wp\/v2\/pages\/4407\/revisions"}],"predecessor-version":[{"id":15050,"href":"https:\/\/hsb1846.de\/en\/wp-json\/wp\/v2\/pages\/4407\/revisions\/15050"}],"up":[{"embeddable":true,"href":"https:\/\/hsb1846.de\/en\/wp-json\/wp\/v2\/pages\/4098"}],"wp:attachment":[{"href":"https:\/\/hsb1846.de\/en\/wp-json\/wp\/v2\/media?parent=4407"}],"curies":[{"name":"wp","href":"https:\/\/api.w.org\/{rel}","templated":true}]}}