{"id":4415,"date":"2022-03-24T15:41:31","date_gmt":"2022-03-24T14:41:31","guid":{"rendered":"https:\/\/2022.hsb1846.de\/?page_id=4415"},"modified":"2026-04-07T13:46:40","modified_gmt":"2026-04-07T11:46:40","slug":"rollsport","status":"publish","type":"page","link":"https:\/\/hsb1846.de\/en\/home\/abteilungen\/rollsport\/","title":{"rendered":"Rollsport"},"content":{"rendered":"<figure class=\"wp-block-image full-width\"><img loading=\"lazy\" decoding=\"async\" width=\"2048\" height=\"1714\" src=\"https:\/\/hsb1846.de\/wp-content\/uploads\/2025\/03\/hdh-2.jpg\" alt=\"\" class=\"wp-image-16907\" srcset=\"https:\/\/hsb1846.de\/wp-content\/uploads\/2025\/03\/hdh-2.jpg 2048w, https:\/\/hsb1846.de\/wp-content\/uploads\/2025\/03\/hdh-2-300x251.jpg 300w, https:\/\/hsb1846.de\/wp-content\/uploads\/2025\/03\/hdh-2-1290x1080.jpg 1290w, https:\/\/hsb1846.de\/wp-content\/uploads\/2025\/03\/hdh-2-768x643.jpg 768w, https:\/\/hsb1846.de\/wp-content\/uploads\/2025\/03\/hdh-2-1536x1286.jpg 1536w, https:\/\/hsb1846.de\/wp-content\/uploads\/2025\/03\/hdh-2-14x12.jpg 14w\" sizes=\"auto, (max-width: 2048px) 100vw, 2048px\" \/><\/figure>\n\n\n\n<h1 class=\"wp-block-heading has-text-align-center\"><strong>Herzlich Willkommen<\/strong><\/h1>\n\n\n\n<p><\/p>\n\n\n\n<p class=\"has-text-align-center\"> Wir freuen uns, dass Sie sich f\u00fcr unsere Sportart interessieren. W\u00fcnschen Ihnen viel Spa\u00df beim Durchst\u00f6bern der folgenden Seiten und hoffen, dass etwas passendes f\u00fcr Sie dabei ist.<\/p>\n\n\n\n<p><\/p>\n\n\n\n<p class=\"has-text-align-center\"><\/p>\n\n\n\n<figure class=\"wp-block-image size-full\"><img loading=\"lazy\" decoding=\"async\" width=\"1179\" height=\"665\" src=\"https:\/\/hsb1846.de\/wp-content\/uploads\/2025\/03\/schnu-3.jpg\" alt=\"\" class=\"wp-image-16913\" srcset=\"https:\/\/hsb1846.de\/wp-content\/uploads\/2025\/03\/schnu-3.jpg 1179w, https:\/\/hsb1846.de\/wp-content\/uploads\/2025\/03\/schnu-3-300x169.jpg 300w, https:\/\/hsb1846.de\/wp-content\/uploads\/2025\/03\/schnu-3-768x433.jpg 768w, https:\/\/hsb1846.de\/wp-content\/uploads\/2025\/03\/schnu-3-18x10.jpg 18w\" sizes=\"auto, (max-width: 1179px) 100vw, 1179px\" \/><\/figure>\n\n\n\n<p><\/p>\n\n\n\n<p class=\"has-text-align-center\">Bitte Voranmeldung per Email:<\/p>\n\n\n\n<p class=\"has-text-align-center\"><strong>Stephanie.Hein@hsb1846.de<\/strong><br>oder<\/p>\n\n\n\n<p class=\"has-text-align-center\"><strong>WhatsApp: 0176-63809739<\/strong><\/p>\n\n\n<div class=\"wp-block-image\">\n<figure class=\"aligncenter size-large is-resized\"><img loading=\"lazy\" decoding=\"async\" width=\"720\" height=\"1080\" src=\"https:\/\/hsb1846.de\/wp-content\/uploads\/2025\/03\/amy-2-720x1080.jpg\" alt=\"\" class=\"wp-image-16925\" style=\"width:297px;height:auto\" srcset=\"https:\/\/hsb1846.de\/wp-content\/uploads\/2025\/03\/amy-2-720x1080.jpg 720w, https:\/\/hsb1846.de\/wp-content\/uploads\/2025\/03\/amy-2-200x300.jpg 200w, https:\/\/hsb1846.de\/wp-content\/uploads\/2025\/03\/amy-2-768x1152.jpg 768w, https:\/\/hsb1846.de\/wp-content\/uploads\/2025\/03\/amy-2-1024x1536.jpg 1024w, https:\/\/hsb1846.de\/wp-content\/uploads\/2025\/03\/amy-2-1365x2048.jpg 1365w, https:\/\/hsb1846.de\/wp-content\/uploads\/2025\/03\/amy-2-8x12.jpg 8w, https:\/\/hsb1846.de\/wp-content\/uploads\/2025\/03\/amy-2-scaled.jpg 1707w\" sizes=\"auto, (max-width: 720px) 100vw, 720px\" \/><\/figure>\n<\/div>\n\n\n<p class=\"has-text-align-center\">Rollkunstlaufen ist eine Sportart, die auf Rollschuhen in Hallen oder Au\u00dfenbahnen ausge\u00fcbt wird.<\/p>\n\n\n\n<p class=\"has-text-align-center\">Sie ist dem Eiskunstlaufen \u00e4hnlich.<\/p>\n\n\n\n<p class=\"has-text-align-center\">Die Artisten pr\u00e4sentieren in Wettbewerben und in Showveranstaltungen einzeln, als Paar oder in gro\u00dfen Formationen ihre Beherrschung des eigenen K\u00f6rpers und f\u00fchren verschiedene<\/p>\n\n\n\n<p class=\"has-text-align-center\">Laufelemente wie musikalische Choreografien oder athletische Spr\u00fcnge vor.<\/p>\n\n\n\n<p class=\"has-text-align-center\">Rollkunstlaufen wird sowohl von Kindern ab ca. vier Jahren als auch von Erwachsenen ausge\u00fcbt.<\/p>\n\n\n\n<p><\/p>\n\n\n\n<p class=\"has-text-align-center\">Du bist auf der Suche nach einer Sportart,<\/p>\n\n\n\n<p class=\"has-text-align-center\">die ausdrucksstarken Tanz, Technik, Schnellkraft, Individualit\u00e4t und das gewisse Etwas auf Rollen mit viel Spa\u00df verbindet?<\/p>\n\n\n\n<p class=\"has-text-align-center\"><strong>Dann bist du hier genau richtig!&nbsp;<\/strong><\/p>\n\n\n<div class=\"wp-block-image\">\n<figure class=\"aligncenter size-full is-resized\"><img loading=\"lazy\" decoding=\"async\" width=\"548\" height=\"640\" src=\"https:\/\/hsb1846.de\/wp-content\/uploads\/2025\/03\/gruppe.jpg\" alt=\"\" class=\"wp-image-16915\" style=\"width:446px;height:auto\" srcset=\"https:\/\/hsb1846.de\/wp-content\/uploads\/2025\/03\/gruppe.jpg 548w, https:\/\/hsb1846.de\/wp-content\/uploads\/2025\/03\/gruppe-257x300.jpg 257w, https:\/\/hsb1846.de\/wp-content\/uploads\/2025\/03\/gruppe-10x12.jpg 10w\" sizes=\"auto, (max-width: 548px) 100vw, 548px\" \/><\/figure>\n<\/div>\n\n\n<p class=\"has-text-align-center\"><strong>Aktuell geplante Termine f\u00fcr 2026<\/strong><\/p>\n\n\n<div class=\"wp-block-image\">\n<figure class=\"aligncenter size-full is-resized\"><img loading=\"lazy\" decoding=\"async\" width=\"994\" height=\"558\" src=\"https:\/\/hsb1846.de\/wp-content\/uploads\/2026\/04\/foto-jahresstart-2026-100_v-img__16__9__xl_-d31c35f8186ebeb80b0cd843a7c267a0e0c81647.jpg\" alt=\"\" class=\"wp-image-20013\" style=\"aspect-ratio:1.781373897564528;width:178px;height:auto\" srcset=\"https:\/\/hsb1846.de\/wp-content\/uploads\/2026\/04\/foto-jahresstart-2026-100_v-img__16__9__xl_-d31c35f8186ebeb80b0cd843a7c267a0e0c81647.jpg 994w, https:\/\/hsb1846.de\/wp-content\/uploads\/2026\/04\/foto-jahresstart-2026-100_v-img__16__9__xl_-d31c35f8186ebeb80b0cd843a7c267a0e0c81647-300x168.jpg 300w, https:\/\/hsb1846.de\/wp-content\/uploads\/2026\/04\/foto-jahresstart-2026-100_v-img__16__9__xl_-d31c35f8186ebeb80b0cd843a7c267a0e0c81647-768x431.jpg 768w, https:\/\/hsb1846.de\/wp-content\/uploads\/2026\/04\/foto-jahresstart-2026-100_v-img__16__9__xl_-d31c35f8186ebeb80b0cd843a7c267a0e0c81647-18x10.jpg 18w\" sizes=\"auto, (max-width: 994px) 100vw, 994px\" \/><\/figure>\n<\/div>\n\n\n<p><\/p>\n\n\n\n<p class=\"has-text-align-center\"><strong>22+ 25. April 2026<\/strong> <strong>Bezirksmeisterschaft <\/strong>in Nattheim<\/p>\n\n\n\n<p><\/p>\n\n\n\n<p class=\"has-text-align-center\"><strong>09.-10. Mai 2026 Bernd Wittig Pokal<\/strong> in Neu- Isenburg<\/p>\n\n\n\n<p><\/p>\n\n\n\n<p class=\"has-text-align-center\"><strong>7. Juni 2026<\/strong> <strong>Ramenstein Cup <\/strong>in Nattheim<\/p>\n\n\n\n<p><\/p>\n\n\n\n<p class=\"has-text-align-center\"><strong>24.-26 Juli 2026 Landesmeisterschaft <\/strong>in Eppingen<\/p>\n\n\n\n<p><\/p>\n\n\n\n<p class=\"has-text-align-center\"><strong>10.-13. September 2026 Deutsche Meisterschaft<\/strong> in Nordheim<\/p>\n\n\n\n<p class=\"has-text-align-center\"><\/p>\n\n\n\n<p class=\"has-text-align-center\"><strong>03.-04. Oktober 2026 W\u00fcrttembergische Nachwuchs Meisterschaft<\/strong><\/p>\n\n\n\n<p><\/p>\n\n\n\n<p class=\"has-text-align-center\"><strong>28. November 2026 Vereinsmeisterschaft <\/strong>in Heidenheim<\/p>\n\n\n\n<p><\/p>\n\n\n<div class=\"wp-block-image\">\n<figure class=\"aligncenter size-full\"><img loading=\"lazy\" decoding=\"async\" width=\"308\" height=\"239\" src=\"https:\/\/hsb1846.de\/wp-content\/uploads\/2025\/03\/csm_teaser_neu_15f78bd401.jpg\" alt=\"\" class=\"wp-image-16949\" srcset=\"https:\/\/hsb1846.de\/wp-content\/uploads\/2025\/03\/csm_teaser_neu_15f78bd401.jpg 308w, https:\/\/hsb1846.de\/wp-content\/uploads\/2025\/03\/csm_teaser_neu_15f78bd401-300x233.jpg 300w, https:\/\/hsb1846.de\/wp-content\/uploads\/2025\/03\/csm_teaser_neu_15f78bd401-15x12.jpg 15w\" sizes=\"auto, (max-width: 308px) 100vw, 308px\" \/><\/figure>\n<\/div>\n\n\n<p><\/p>","protected":false},"excerpt":{"rendered":"<p>Herzlich Willkommen Wir freuen uns, dass Sie sich f\u00fcr unsere Sportart interessieren. W\u00fcnschen Ihnen viel Spa\u00df beim Durchst\u00f6bern der folgenden Seiten und hoffen, dass etwas passendes f\u00fcr Sie dabei ist. Bitte Voranmeldung per Email: Stephanie.Hein@hsb1846.deoder WhatsApp: 0176-63809739 Rollkunstlaufen ist eine Sportart, die auf Rollschuhen in Hallen oder Au\u00dfenbahnen ausge\u00fcbt wird. Sie ist dem Eiskunstlaufen \u00e4hnlich. [&hellip;]<\/p>\n","protected":false},"author":1,"featured_media":0,"parent":4098,"menu_order":79,"comment_status":"closed","ping_status":"closed","template":"","meta":{"footnotes":""},"class_list":["post-4415","page","type-page","status-publish","hentry"],"aioseo_notices":[],"_links":{"self":[{"href":"https:\/\/hsb1846.de\/en\/wp-json\/wp\/v2\/pages\/4415","targetHints":{"allow":["GET"]}}],"collection":[{"href":"https:\/\/hsb1846.de\/en\/wp-json\/wp\/v2\/pages"}],"about":[{"href":"https:\/\/hsb1846.de\/en\/wp-json\/wp\/v2\/types\/page"}],"author":[{"embeddable":true,"href":"https:\/\/hsb1846.de\/en\/wp-json\/wp\/v2\/users\/1"}],"replies":[{"embeddable":true,"href":"https:\/\/hsb1846.de\/en\/wp-json\/wp\/v2\/comments?post=4415"}],"version-history":[{"count":33,"href":"https:\/\/hsb1846.de\/en\/wp-json\/wp\/v2\/pages\/4415\/revisions"}],"predecessor-version":[{"id":20023,"href":"https:\/\/hsb1846.de\/en\/wp-json\/wp\/v2\/pages\/4415\/revisions\/20023"}],"up":[{"embeddable":true,"href":"https:\/\/hsb1846.de\/en\/wp-json\/wp\/v2\/pages\/4098"}],"wp:attachment":[{"href":"https:\/\/hsb1846.de\/en\/wp-json\/wp\/v2\/media?parent=4415"}],"curies":[{"name":"wp","href":"https:\/\/api.w.org\/{rel}","templated":true}]}}