{"id":4417,"date":"2022-03-24T15:42:57","date_gmt":"2022-03-24T14:42:57","guid":{"rendered":"https:\/\/2022.hsb1846.de\/?page_id=4417"},"modified":"2025-10-13T18:16:58","modified_gmt":"2025-10-13T16:16:58","slug":"rhythm-sportgymn","status":"publish","type":"page","link":"https:\/\/hsb1846.de\/en\/home\/abteilungen\/rhythm-sportgymn\/","title":{"rendered":"Rhythmische Sportgymnastik"},"content":{"rendered":"<div style=\"height:50px\" aria-hidden=\"true\" class=\"wp-block-spacer\"><\/div>\n\n\n\n<h1 class=\"wp-block-heading\"><\/h1>\n\n\n\n<p><\/p>\n\n\n\n<figure class=\"wp-block-image size-large\"><img loading=\"lazy\" decoding=\"async\" width=\"1751\" height=\"1080\" src=\"https:\/\/hsb1846.de\/wp-content\/uploads\/2025\/10\/Bildschirmfoto-2025-10-13-um-18.11.31-1751x1080.png\" alt=\"\" class=\"wp-image-18282\" srcset=\"https:\/\/hsb1846.de\/wp-content\/uploads\/2025\/10\/Bildschirmfoto-2025-10-13-um-18.11.31-1751x1080.png 1751w, https:\/\/hsb1846.de\/wp-content\/uploads\/2025\/10\/Bildschirmfoto-2025-10-13-um-18.11.31-300x185.png 300w, https:\/\/hsb1846.de\/wp-content\/uploads\/2025\/10\/Bildschirmfoto-2025-10-13-um-18.11.31-768x474.png 768w, https:\/\/hsb1846.de\/wp-content\/uploads\/2025\/10\/Bildschirmfoto-2025-10-13-um-18.11.31-1536x947.png 1536w, https:\/\/hsb1846.de\/wp-content\/uploads\/2025\/10\/Bildschirmfoto-2025-10-13-um-18.11.31-18x12.png 18w, https:\/\/hsb1846.de\/wp-content\/uploads\/2025\/10\/Bildschirmfoto-2025-10-13-um-18.11.31.png 1998w\" sizes=\"auto, (max-width: 1751px) 100vw, 1751px\" \/><\/figure>\n\n\n\n<p><\/p>\n\n\n\n<p><\/p>\n\n\n\n<p class=\"has-medium-font-size\">Die Rhythmische Sportgymnastik (RSG) ist eine faszinierende Sportart, die t\u00e4nzerische<\/p>\n\n\n\n<p class=\"has-medium-font-size\">Bewegungen, akrobatische Elemente und den Umgang mit Handger\u00e4ten wie Seil, Ball, Reifen,<\/p>\n\n\n\n<p class=\"has-medium-font-size\">Band oder Keulen miteinander verbindet. Sie vereint auf einzigartige Weise Sport,<\/p>\n\n\n\n<p class=\"has-medium-font-size\">Rhythmusgef\u00fchl und Ausdruckskraft.<\/p>\n\n\n\n<p><\/p>\n\n\n\n<p class=\"has-medium-font-size\">Besonders im Kindesalter bietet die RSG eine hervorragende Grundlage f\u00fcr die k\u00f6rperliche<br>Entwicklung. Sie f\u00f6rdert Beweglichkeit, Koordination, K\u00f6rperspannung, Haltung und Musikalit\u00e4t.<br>Gleichzeitig werden Konzentration, Disziplin und Teamgeist gest\u00e4rkt \u2013 Eigenschaften, die den<br>Kindern auch \u00fcber den Sport hinaus zugutekommen.<\/p>\n\n\n\n<p class=\"has-medium-font-size\"><br>Gefordert sind in dieser Sportart vor allem K\u00f6rperbeherrschung, Eleganz und ein gutes<br>Rhythmusgef\u00fchl. Doch genauso wichtig sind Freude an der Bewegung und die Lust daran, Neues<br>auszuprobieren. Die Verbindung von Sport und Musik macht die RSG zu einem ganzheitlichen<br>Erlebnis, bei dem Kinder spielerisch lernen, ihre Ausdruckskraft und Kreativit\u00e4t einzusetzen.<\/p>\n\n\n\n<p class=\"has-medium-font-size\"><br>Damit ist die Rhythmische Sportgymnastik nicht nur eine vielseitige und anspruchsvolle<br>Sportart, sondern auch eine wertvolle F\u00f6rderung f\u00fcr K\u00f6rper und Geist \u2013 und das in jedem Alter.<\/p>\n\n\n\n<div style=\"height:50px\" aria-hidden=\"true\" class=\"wp-block-spacer\"><\/div>","protected":false},"excerpt":{"rendered":"<p>Die Rhythmische Sportgymnastik (RSG) ist eine faszinierende Sportart, die t\u00e4nzerische Bewegungen, akrobatische Elemente und den Umgang mit Handger\u00e4ten wie Seil, Ball, Reifen, Band oder Keulen miteinander verbindet. Sie vereint auf einzigartige Weise Sport, Rhythmusgef\u00fchl und Ausdruckskraft. Besonders im Kindesalter bietet die RSG eine hervorragende Grundlage f\u00fcr die k\u00f6rperlicheEntwicklung. Sie f\u00f6rdert Beweglichkeit, Koordination, K\u00f6rperspannung, Haltung und [&hellip;]<\/p>\n","protected":false},"author":1,"featured_media":0,"parent":4098,"menu_order":80,"comment_status":"closed","ping_status":"closed","template":"","meta":{"footnotes":""},"class_list":["post-4417","page","type-page","status-publish","hentry"],"aioseo_notices":[],"_links":{"self":[{"href":"https:\/\/hsb1846.de\/en\/wp-json\/wp\/v2\/pages\/4417","targetHints":{"allow":["GET"]}}],"collection":[{"href":"https:\/\/hsb1846.de\/en\/wp-json\/wp\/v2\/pages"}],"about":[{"href":"https:\/\/hsb1846.de\/en\/wp-json\/wp\/v2\/types\/page"}],"author":[{"embeddable":true,"href":"https:\/\/hsb1846.de\/en\/wp-json\/wp\/v2\/users\/1"}],"replies":[{"embeddable":true,"href":"https:\/\/hsb1846.de\/en\/wp-json\/wp\/v2\/comments?post=4417"}],"version-history":[{"count":10,"href":"https:\/\/hsb1846.de\/en\/wp-json\/wp\/v2\/pages\/4417\/revisions"}],"predecessor-version":[{"id":18284,"href":"https:\/\/hsb1846.de\/en\/wp-json\/wp\/v2\/pages\/4417\/revisions\/18284"}],"up":[{"embeddable":true,"href":"https:\/\/hsb1846.de\/en\/wp-json\/wp\/v2\/pages\/4098"}],"wp:attachment":[{"href":"https:\/\/hsb1846.de\/en\/wp-json\/wp\/v2\/media?parent=4417"}],"curies":[{"name":"wp","href":"https:\/\/api.w.org\/{rel}","templated":true}]}}