{"id":4419,"date":"2022-03-24T15:43:36","date_gmt":"2022-03-24T14:43:36","guid":{"rendered":"https:\/\/2022.hsb1846.de\/?page_id=4419"},"modified":"2024-07-02T18:57:11","modified_gmt":"2024-07-02T16:57:11","slug":"sambo","status":"publish","type":"page","link":"https:\/\/hsb1846.de\/en\/home\/abteilungen\/sambo\/","title":{"rendered":"Sambo"},"content":{"rendered":"<div class=\"wp-block-cover is-light has-parallax full-width\" style=\"min-height:700px;aspect-ratio:unset;\"><span aria-hidden=\"true\" class=\"wp-block-cover__background has-background-dim\" style=\"background-color:#a79289\"><\/span><div class=\"wp-block-cover__image-background wp-image-5881 has-parallax\" style=\"background-position:50% 50%;background-image:url(https:\/\/hsb1846.de\/wp-content\/uploads\/2022\/06\/2012_heidenheim_open__008.jpg)\"><\/div><div class=\"wp-block-cover__inner-container is-layout-flow wp-block-cover-is-layout-flow\">\n<p class=\"has-text-align-left pl-5 has-white-color has-text-color has-large-font-size\" style=\"font-style:normal;font-weight:100\">SAMBO<\/p>\n\n\n\n<p class=\"has-text-align-left pl-5 has-white-color has-text-color\" style=\"font-size:24px\">Goldschatz der Kampfkunst<\/p>\n<\/div><\/div>\n\n\n\n<div style=\"height:50px\" aria-hidden=\"true\" class=\"wp-block-spacer\"><\/div>\n\n\n\n<div class=\"wp-block-group alignfull has-background\" style=\"background-color:#02147e\"><div class=\"wp-block-group__inner-container is-layout-flow wp-block-group-is-layout-flow\">\n<div style=\"height:70px\" aria-hidden=\"true\" class=\"wp-block-spacer\"><\/div>\n\n\n\n<div class=\"wp-block-columns alignwide are-vertically-aligned-center is-layout-flex wp-container-core-columns-is-layout-9d6595d7 wp-block-columns-is-layout-flex\">\n<div class=\"wp-block-column is-layout-flow wp-block-column-is-layout-flow\" style=\"flex-basis:40%\">\n<p class=\"has-text-align-right has-white-color has-text-color\" style=\"font-size:25px;font-style:normal;font-weight:100\">Herzlich Willkommen<\/p>\n<\/div>\n\n\n\n<div class=\"wp-block-column is-layout-flow wp-block-column-is-layout-flow\">\n<hr class=\"wp-block-separator has-text-color has-white-color has-css-opacity has-white-background-color has-background is-style-wide\"\/>\n<\/div>\n<\/div>\n\n\n\n<div class=\"wp-block-columns alignwide is-layout-flex wp-container-core-columns-is-layout-9d6595d7 wp-block-columns-is-layout-flex\">\n<div class=\"wp-block-column is-layout-flow wp-block-column-is-layout-flow\" style=\"flex-basis:380px\"><\/div>\n\n\n\n<div class=\"wp-block-column is-layout-flow wp-block-column-is-layout-flow\">\n<p class=\"has-white-color has-text-color\" style=\"font-size:16px\">&#8230; bei der hsb-Abteilung SAMBO. Eine Kampfkunst die ihre Wurzeln im Judo hat und sich aus den effektivsten Techniken aus dem russischem, asiatischem und europ\u00e4ischem Raum zusammensetzt. Wir hoffen Sie mit dieser kunstvollen Kampfkunst faszinieren zu k\u00f6nnen und w\u00fcnschen Ihnen viel Sa\u00df auf den folgenden Seiten.<\/p>\n<\/div>\n\n\n\n<div class=\"wp-block-column is-layout-flow wp-block-column-is-layout-flow\" style=\"flex-basis:25px\"><\/div>\n<\/div>\n\n\n\n<div style=\"height:70px\" aria-hidden=\"true\" class=\"wp-block-spacer\"><\/div>\n<\/div><\/div>\n\n\n\n<div style=\"height:50px\" aria-hidden=\"true\" class=\"wp-block-spacer\"><\/div>\n\n\n\n<div class=\"wp-block-media-text alignwide has-media-on-the-right is-stacked-on-mobile is-vertically-aligned-center is-image-fill has-background\" style=\"background-color:#f6f6f6\"><div class=\"wp-block-media-text__content\">\n<div class=\"wp-block-group\" style=\"padding-top:2em;padding-right:2em;padding-bottom:2em;padding-left:2em\"><div class=\"wp-block-group__inner-container is-layout-flow wp-block-group-is-layout-flow\">\n<p class=\"has-drop-cap has-text-color\" style=\"color:#02147e;font-size:25px;font-style:normal;font-weight:100;line-height:1.2\">F<\/p>\n\n\n\n<p class=\"has-text-color\" style=\"color:#02147e;font-size:25px;line-height:1.2\"><a href=\"https:\/\/hsb1846.de\/en\/home\/abteilungen\/sambo\/faszination-sambo\/\" title=\"\">aszination SAMBO<\/a><\/p>\n\n\n\n<div style=\"height:50px\" aria-hidden=\"true\" class=\"wp-block-spacer\"><\/div>\n\n\n\n<p style=\"font-size:25px;line-height:1.2\"><a href=\"https:\/\/hsb1846.de\/en\/home\/abteilungen\/sambo\/geschichte-sambo\/\" title=\"\">Geschichte<\/a><\/p>\n\n\n\n<p style=\"font-size:25px;line-height:1.2\"><a href=\"https:\/\/hsb1846.de\/en\/home\/abteilungen\/sambo\/schwerpunkte-sambo\/\" title=\"\">Schwerpunkte<\/a><\/p>\n<\/div><\/div>\n<\/div><figure class=\"wp-block-media-text__media\" style=\"background-image:url(https:\/\/2022.hsb1846.de\/wp-content\/uploads\/2022\/06\/12239436_1011661875539449_3911129152242172847_o.jpg);background-position:50% 50%\"><img loading=\"lazy\" decoding=\"async\" width=\"1125\" height=\"750\" src=\"https:\/\/2022.hsb1846.de\/wp-content\/uploads\/2022\/06\/12239436_1011661875539449_3911129152242172847_o.jpg\" alt=\"\" class=\"wp-image-6463 size-full\" srcset=\"https:\/\/hsb1846.de\/wp-content\/uploads\/2022\/06\/12239436_1011661875539449_3911129152242172847_o.jpg 1125w, https:\/\/hsb1846.de\/wp-content\/uploads\/2022\/06\/12239436_1011661875539449_3911129152242172847_o-300x200.jpg 300w, https:\/\/hsb1846.de\/wp-content\/uploads\/2022\/06\/12239436_1011661875539449_3911129152242172847_o-768x512.jpg 768w\" sizes=\"auto, (max-width: 1125px) 100vw, 1125px\" \/><\/figure><\/div>\n\n\n\n<div style=\"height:50px\" aria-hidden=\"true\" class=\"wp-block-spacer\"><\/div>\n\n\n\n<div class=\"wp-block-media-text alignwide is-stacked-on-mobile is-vertically-aligned-center has-background\" style=\"background-color:#f6f6f6\"><figure class=\"wp-block-media-text__media\"><img loading=\"lazy\" decoding=\"async\" width=\"720\" height=\"1080\" src=\"https:\/\/2022.hsb1846.de\/wp-content\/uploads\/2022\/06\/02_trainer-720x1080.jpg\" alt=\"\" class=\"wp-image-6458 size-full\" srcset=\"https:\/\/hsb1846.de\/wp-content\/uploads\/2022\/06\/02_trainer-720x1080.jpg 720w, https:\/\/hsb1846.de\/wp-content\/uploads\/2022\/06\/02_trainer-200x300.jpg 200w, https:\/\/hsb1846.de\/wp-content\/uploads\/2022\/06\/02_trainer-768x1152.jpg 768w, https:\/\/hsb1846.de\/wp-content\/uploads\/2022\/06\/02_trainer.jpg 960w\" sizes=\"auto, (max-width: 720px) 100vw, 720px\" \/><\/figure><div class=\"wp-block-media-text__content\">\n<div class=\"wp-block-group\" style=\"padding-top:2em;padding-right:2em;padding-bottom:2em;padding-left:2em\"><div class=\"wp-block-group__inner-container is-layout-flow wp-block-group-is-layout-flow\">\n<p class=\"has-drop-cap has-text-color\" style=\"color:#02147e;font-size:25px;font-style:normal;font-weight:100;line-height:1.2\">A<\/p>\n\n\n\n<p class=\"has-text-color\" style=\"color:#02147e;font-size:25px;line-height:1.2\"><a href=\"https:\/\/hsb1846.de\/en\/home\/abteilungen\/sambo\/abteilungsleitung-sambo\/\" title=\"\">bteilungsleitung<\/a><\/p>\n\n\n\n<div style=\"height:50px\" aria-hidden=\"true\" class=\"wp-block-spacer\"><\/div>\n\n\n\n<p style=\"font-size:25px;line-height:1.2\"><a href=\"https:\/\/hsb1846.de\/en\/home\/abteilungen\/sambo\/uebungsleiter-sambo\/\" title=\"\">\u00dcbungsleiter<\/a><\/p>\n<\/div><\/div>\n<\/div><\/div>\n\n\n\n<div style=\"height:50px\" aria-hidden=\"true\" class=\"wp-block-spacer\"><\/div>\n\n\n\n<div class=\"wp-block-columns is-layout-flex wp-container-core-columns-is-layout-9d6595d7 wp-block-columns-is-layout-flex\">\n<div class=\"wp-block-column has-background is-layout-flow wp-block-column-is-layout-flow\" style=\"background-color:#f6f6f6\">\n<p class=\"has-white-color has-text-color has-background\" style=\"background-color:#02147e;font-size:16px\">Anschauen lohnt sich<\/p>\n\n\n\n<p class=\"has-background\" style=\"background-color:#f6f6f6;font-size:16px\">Integration durch Kampfsport. Ein richtig toller Bericht, der einen guten Einblick verschafft.<\/p>\n<\/div>\n\n\n\n<div class=\"wp-block-column is-layout-flow wp-block-column-is-layout-flow\">\n<figure class=\"wp-block-embed is-type-video is-provider-youtube wp-block-embed-youtube wp-embed-aspect-16-9 wp-has-aspect-ratio\"><div class=\"wp-block-embed__wrapper\">\n<iframe loading=\"lazy\" title=\"AWO Heidenheim: Integration durch Kampfsport\" width=\"900\" height=\"506\" src=\"https:\/\/www.youtube.com\/embed\/hMPirtZabP4?feature=oembed\" frameborder=\"0\" allow=\"accelerometer; autoplay; clipboard-write; encrypted-media; gyroscope; picture-in-picture\" allowfullscreen><\/iframe>\n<\/div><\/figure>\n<\/div>\n<\/div>\n\n\n\n<div style=\"height:50px\" aria-hidden=\"true\" class=\"wp-block-spacer\"><\/div>\n\n\n\n<p class=\"has-text-align-center has-background\" style=\"background-color:#f6f6f6;font-size:25px\"><a href=\"https:\/\/hsb1846.de\/en\/home\/abteilungen\/sambo\/trainingstermine-sambo\/\" title=\"\">Trainingstermine<\/a><\/p>\n\n\n\n<div style=\"height:50px\" aria-hidden=\"true\" class=\"wp-block-spacer\"><\/div>","protected":false},"excerpt":{"rendered":"<p>Herzlich Willkommen &#8230; bei der hsb-Abteilung SAMBO. Eine Kampfkunst die ihre Wurzeln im Judo hat und sich aus den effektivsten Techniken aus dem russischem, asiatischem und europ\u00e4ischem Raum zusammensetzt. Wir hoffen Sie mit dieser kunstvollen Kampfkunst faszinieren zu k\u00f6nnen und w\u00fcnschen Ihnen viel Sa\u00df auf den folgenden Seiten. Anschauen lohnt sich Integration durch Kampfsport. Ein [&hellip;]<\/p>\n","protected":false},"author":1,"featured_media":0,"parent":4098,"menu_order":81,"comment_status":"closed","ping_status":"closed","template":"","meta":{"footnotes":""},"class_list":["post-4419","page","type-page","status-publish","hentry"],"aioseo_notices":[],"_links":{"self":[{"href":"https:\/\/hsb1846.de\/en\/wp-json\/wp\/v2\/pages\/4419","targetHints":{"allow":["GET"]}}],"collection":[{"href":"https:\/\/hsb1846.de\/en\/wp-json\/wp\/v2\/pages"}],"about":[{"href":"https:\/\/hsb1846.de\/en\/wp-json\/wp\/v2\/types\/page"}],"author":[{"embeddable":true,"href":"https:\/\/hsb1846.de\/en\/wp-json\/wp\/v2\/users\/1"}],"replies":[{"embeddable":true,"href":"https:\/\/hsb1846.de\/en\/wp-json\/wp\/v2\/comments?post=4419"}],"version-history":[{"count":15,"href":"https:\/\/hsb1846.de\/en\/wp-json\/wp\/v2\/pages\/4419\/revisions"}],"predecessor-version":[{"id":15054,"href":"https:\/\/hsb1846.de\/en\/wp-json\/wp\/v2\/pages\/4419\/revisions\/15054"}],"up":[{"embeddable":true,"href":"https:\/\/hsb1846.de\/en\/wp-json\/wp\/v2\/pages\/4098"}],"wp:attachment":[{"href":"https:\/\/hsb1846.de\/en\/wp-json\/wp\/v2\/media?parent=4419"}],"curies":[{"name":"wp","href":"https:\/\/api.w.org\/{rel}","templated":true}]}}