{"id":4421,"date":"2022-03-24T15:44:18","date_gmt":"2022-03-24T14:44:18","guid":{"rendered":"https:\/\/2022.hsb1846.de\/?page_id=4421"},"modified":"2026-03-07T15:24:58","modified_gmt":"2026-03-07T14:24:58","slug":"schwimmen","status":"publish","type":"page","link":"https:\/\/hsb1846.de\/en\/home\/abteilungen\/schwimmen\/","title":{"rendered":"Schwimmen"},"content":{"rendered":"<div class=\"wp-block-cover is-light has-parallax full-width\" style=\"min-height:700px;aspect-ratio:unset;\"><div class=\"wp-block-cover__image-background wp-image-5884 has-parallax\" style=\"background-position:50% 50%;background-image:url(https:\/\/hsb1846.de\/wp-content\/uploads\/2022\/06\/swimming-g5ca94be97_1920.jpg)\"><\/div><span aria-hidden=\"true\" class=\"wp-block-cover__background has-background-dim\" style=\"background-color:#7d8a91\"><\/span><div class=\"wp-block-cover__inner-container is-layout-flow wp-block-cover-is-layout-flow\">\n<p class=\"has-text-align-left pl-5 has-white-color has-text-color has-large-font-size\" style=\"font-style:normal;font-weight:100\">Faszination Schwimmen<\/p>\n\n\n\n<p class=\"has-text-align-left pl-5 has-white-color has-text-color\" style=\"font-size:24px\">Vom Baby bis ins hohe Alter<\/p>\n<\/div><\/div>\n\n\n\n<div style=\"height:50px\" aria-hidden=\"true\" class=\"wp-block-spacer\"><\/div>\n\n\n\n<h2 class=\"wp-block-heading\">Herzlich Willkommen<\/h2>\n\n\n\n<div style=\"height:50px\" aria-hidden=\"true\" class=\"wp-block-spacer\"><\/div>\n\n\n\n<p class=\"has-text-align-center has-white-color has-text-color has-background has-medium-font-size\" style=\"background-color:#02147e\">SCHWIMMEN IST MEHR ALS KACHELN Z\u00c4HLEN!<\/p>\n\n\n\n<p><\/p>\n\n\n\n<p><\/p>\n\n\n\n<p class=\"has-white-color has-text-color has-background\" style=\"background-color:#02147e;font-size:16px\">Schwimmen &#8211; eine Sportart , die auch noch dann ausge\u00fcbt werden kann, wenn die Skier schon in der Ecke stehen. Die Schwimmabteilung bietet eine Vielzahl an M\u00f6glichkeiten f\u00fcr alle Altersgruppen, die Lust haben sich im k\u00fchlen oder warmen Nass zu bewegen und sportlich zu bet\u00e4tigen.<\/p>\n\n\n\n<div style=\"height:50px\" aria-hidden=\"true\" class=\"wp-block-spacer\"><\/div>\n\n\n\n<div class=\"wp-block-media-text alignfull has-media-on-the-right is-stacked-on-mobile is-vertically-aligned-top has-text-color has-background has-link-color wp-elements-972f56743e30eb58da430e8d41788f94\" style=\"color:#fffdc7;background-color:#02147e;grid-template-columns:auto 60%\"><div class=\"wp-block-media-text__content\">\n<div class=\"wp-block-columns are-vertically-aligned-top is-layout-flex wp-container-core-columns-is-layout-9d6595d7 wp-block-columns-is-layout-flex\">\n<div class=\"wp-block-column is-vertically-aligned-top is-layout-flow wp-block-column-is-layout-flow\" style=\"flex-basis:100%\">\n<div class=\"wp-block-group has-link-color wp-elements-fde906d28e0c81f0124581a5505d7215\" style=\"padding-top:2em;padding-right:2em;padding-bottom:2em;padding-left:2em\"><div class=\"wp-block-group__inner-container is-layout-flow wp-block-group-is-layout-flow\">\n<div style=\"height:25px\" aria-hidden=\"true\" class=\"wp-block-spacer\"><\/div>\n\n\n\n<p class=\"has-white-color has-text-color\" style=\"font-size:16px\">Schwimmen ist eine der beliebtesten Freizeitbesch\u00e4ftigungen.<br><br>Die Bewegung im Wasser &#8211; Wasser ist ein Element des Lebens &#8211; ist eine Faszination f\u00fcr Jung und Alt.<br>Wir wissen, dass &#8220; Schwimmen&#8220; mehr ist als Training und Wettkampf, deshalb sind wir bem\u00fcht ein breites Spektrum an Angeboten bereitzustellen, das Sport vom Baby bis ins hohe Alter erm\u00f6glicht.<\/p>\n<\/div><\/div>\n<\/div>\n<\/div>\n<\/div><figure class=\"wp-block-media-text__media\"><img loading=\"lazy\" decoding=\"async\" width=\"400\" height=\"300\" src=\"https:\/\/2022.hsb1846.de\/wp-content\/uploads\/2022\/07\/011_1.jpg\" alt=\"\" class=\"wp-image-7035 size-full\" srcset=\"https:\/\/hsb1846.de\/wp-content\/uploads\/2022\/07\/011_1.jpg 400w, https:\/\/hsb1846.de\/wp-content\/uploads\/2022\/07\/011_1-300x225.jpg 300w\" sizes=\"auto, (max-width: 400px) 100vw, 400px\" \/><\/figure><\/div>\n\n\n\n<div style=\"height:50px\" aria-hidden=\"true\" class=\"wp-block-spacer\"><\/div>\n\n\n\n<div class=\"wp-block-media-text alignwide has-media-on-the-right is-stacked-on-mobile is-vertically-aligned-center has-background\" style=\"background-color:#f6f6f6\"><div class=\"wp-block-media-text__content\">\n<div class=\"wp-block-group\" style=\"padding-top:2em;padding-right:2em;padding-bottom:2em;padding-left:2em\"><div class=\"wp-block-group__inner-container is-layout-flow wp-block-group-is-layout-flow\">\n<p class=\"has-drop-cap has-text-color\" style=\"color:#02147e;font-size:25px;font-style:normal;font-weight:100;line-height:1.2\">A<\/p>\n\n\n\n<p style=\"font-size:25px;line-height:1.2\"><a href=\"https:\/\/hsb1846.de\/en\/home\/abteilungen\/schwimmen\/abteilungsleiter-schwimmen\/\" title=\"\">bteilungsleitung<\/a><\/p>\n\n\n\n<p style=\"font-size:25px\"><a href=\"https:\/\/hsb1846.de\/en\/home\/abteilungen\/schwimmen\/uebungsleiter-schwimmen\/\" title=\"\">\u00dcbungsleiter<\/a><\/p>\n<\/div><\/div>\n<\/div><figure class=\"wp-block-media-text__media\"><img loading=\"lazy\" decoding=\"async\" width=\"768\" height=\"1024\" src=\"https:\/\/2022.hsb1846.de\/wp-content\/uploads\/2022\/07\/Bilder-Schwimmen.jpg\" alt=\"\" class=\"wp-image-7037 size-full\" srcset=\"https:\/\/hsb1846.de\/wp-content\/uploads\/2022\/07\/Bilder-Schwimmen.jpg 768w, https:\/\/hsb1846.de\/wp-content\/uploads\/2022\/07\/Bilder-Schwimmen-225x300.jpg 225w\" sizes=\"auto, (max-width: 768px) 100vw, 768px\" \/><\/figure><\/div>\n\n\n\n<div class=\"wp-block-media-text alignwide is-stacked-on-mobile is-vertically-aligned-center has-background\" style=\"background-color:#f6f6f6\"><figure class=\"wp-block-media-text__media\"><img loading=\"lazy\" decoding=\"async\" width=\"768\" height=\"1024\" src=\"https:\/\/2022.hsb1846.de\/wp-content\/uploads\/2022\/07\/Bilder-Schwimmen2.jpg\" alt=\"\" class=\"wp-image-7039 size-full\" srcset=\"https:\/\/hsb1846.de\/wp-content\/uploads\/2022\/07\/Bilder-Schwimmen2.jpg 768w, https:\/\/hsb1846.de\/wp-content\/uploads\/2022\/07\/Bilder-Schwimmen2-225x300.jpg 225w\" sizes=\"auto, (max-width: 768px) 100vw, 768px\" \/><\/figure><div class=\"wp-block-media-text__content\">\n<div class=\"wp-block-group\" style=\"padding-top:2em;padding-right:2em;padding-bottom:2em;padding-left:2em\"><div class=\"wp-block-group__inner-container is-layout-flow wp-block-group-is-layout-flow\">\n<p style=\"font-size:25px;line-height:1.2\"><a href=\"https:\/\/hsb1846.de\/en\/home\/abteilungen\/schwimmen\/schwimmtraining\/\" title=\"\">Schwimmtraining<\/a><\/p>\n\n\n\n<p style=\"font-size:25px\"><a href=\"https:\/\/hsb1846.de\/en\/home\/abteilungen\/schwimmen\/schwimmkurse\/\" title=\"\">Schwimmkurse<\/a><\/p>\n\n\n\n<p style=\"font-size:25px\"><a href=\"https:\/\/hsb1846.de\/wp-content\/uploads\/2026\/03\/2026-03-hsb-Schwimmkurs-Info-fuer-alle-Eltern38.pdf\" target=\"_blank\" rel=\"noopener\" title=\"\">Schwimmkurs-Info f\u00fcr Eltern<\/a><\/p>\n\n\n\n<p style=\"font-size:25px\"><a href=\"https:\/\/hsb1846.de\/en\/home\/abteilungen\/schwimmen\/info-downloads\/\" title=\"\">Info Downloads<\/a><\/p>\n<\/div><\/div>\n<\/div><\/div>\n\n\n\n<div style=\"height:50px\" aria-hidden=\"true\" class=\"wp-block-spacer\"><\/div>\n\n\n\n<div class=\"wp-block-media-text alignwide has-media-on-the-right is-stacked-on-mobile is-vertically-aligned-center has-background\" style=\"background-color:#f6f6f6\"><div class=\"wp-block-media-text__content\">\n<div class=\"wp-block-group\" style=\"padding-top:2em;padding-right:2em;padding-bottom:2em;padding-left:2em\"><div class=\"wp-block-group__inner-container is-layout-flow wp-block-group-is-layout-flow\">\n<p class=\"has-drop-cap has-text-color\" style=\"color:#02147e;font-size:25px;font-style:normal;font-weight:100;line-height:1.2\">J<\/p>\n\n\n\n<p style=\"font-size:25px;line-height:1.2\"><a href=\"https:\/\/hsb1846.de\/en\/home\/abteilungen\/schwimmen\/jobs-schwimmen\/\" title=\"\">obs<\/a><\/p>\n\n\n\n<div style=\"height:50px\" aria-hidden=\"true\" class=\"wp-block-spacer\"><\/div>\n<\/div><\/div>\n<\/div><figure class=\"wp-block-media-text__media\"><a href=\"https:\/\/2022.hsb1846.de\/home\/abteilungen\/schwimmen\/jobs-schwimmen\/\"><img loading=\"lazy\" decoding=\"async\" width=\"1024\" height=\"768\" src=\"https:\/\/2022.hsb1846.de\/wp-content\/uploads\/2022\/07\/Bilder-Schwimmen5.jpg\" alt=\"\" class=\"wp-image-7036 size-full\" srcset=\"https:\/\/hsb1846.de\/wp-content\/uploads\/2022\/07\/Bilder-Schwimmen5.jpg 1024w, https:\/\/hsb1846.de\/wp-content\/uploads\/2022\/07\/Bilder-Schwimmen5-300x225.jpg 300w, https:\/\/hsb1846.de\/wp-content\/uploads\/2022\/07\/Bilder-Schwimmen5-768x576.jpg 768w\" sizes=\"auto, (max-width: 1024px) 100vw, 1024px\" \/><\/a><\/figure><\/div>\n\n\n\n<div class=\"wp-block-media-text alignwide is-stacked-on-mobile is-vertically-aligned-center is-image-fill-element has-background\" style=\"background-color:#f6f6f6\"><figure class=\"wp-block-media-text__media\"><a href=\"https:\/\/2022.hsb1846.de\/home\/abteilungen\/schwimmen\/kontakt-schwimmen\/\"><img loading=\"lazy\" decoding=\"async\" width=\"1024\" height=\"768\" src=\"https:\/\/2022.hsb1846.de\/wp-content\/uploads\/2022\/07\/Bilder-Schwimmen7.jpg\" alt=\"\" class=\"wp-image-7053 size-full\" style=\"object-position:50% 50%\" srcset=\"https:\/\/hsb1846.de\/wp-content\/uploads\/2022\/07\/Bilder-Schwimmen7.jpg 1024w, https:\/\/hsb1846.de\/wp-content\/uploads\/2022\/07\/Bilder-Schwimmen7-300x225.jpg 300w, https:\/\/hsb1846.de\/wp-content\/uploads\/2022\/07\/Bilder-Schwimmen7-768x576.jpg 768w\" sizes=\"auto, (max-width: 1024px) 100vw, 1024px\" \/><\/a><\/figure><div class=\"wp-block-media-text__content\">\n<div class=\"wp-block-group\" style=\"padding-top:2em;padding-right:2em;padding-bottom:2em;padding-left:2em\"><div class=\"wp-block-group__inner-container is-layout-flow wp-block-group-is-layout-flow\">\n<p class=\"has-drop-cap\" style=\"font-size:25px;line-height:1.2\"><a href=\"https:\/\/hsb1846.de\/en\/home\/abteilungen\/schwimmen\/kontakt-schwimmen\/\" title=\"\">Contact<\/a><\/p>\n\n\n\n<div style=\"height:50px\" aria-hidden=\"true\" class=\"wp-block-spacer\"><\/div>\n<\/div><\/div>\n<\/div><\/div>\n\n\n\n<div style=\"height:50px\" aria-hidden=\"true\" class=\"wp-block-spacer\"><\/div>","protected":false},"excerpt":{"rendered":"<p>Herzlich Willkommen SCHWIMMEN IST MEHR ALS KACHELN Z\u00c4HLEN! Schwimmen &#8211; eine Sportart , die auch noch dann ausge\u00fcbt werden kann, wenn die Skier schon in der Ecke stehen. Die Schwimmabteilung bietet eine Vielzahl an M\u00f6glichkeiten f\u00fcr alle Altersgruppen, die Lust haben sich im k\u00fchlen oder warmen Nass zu bewegen und sportlich zu bet\u00e4tigen.<\/p>","protected":false},"author":1,"featured_media":0,"parent":4098,"menu_order":82,"comment_status":"closed","ping_status":"closed","template":"","meta":{"footnotes":""},"class_list":["post-4421","page","type-page","status-publish","hentry"],"aioseo_notices":[],"_links":{"self":[{"href":"https:\/\/hsb1846.de\/en\/wp-json\/wp\/v2\/pages\/4421","targetHints":{"allow":["GET"]}}],"collection":[{"href":"https:\/\/hsb1846.de\/en\/wp-json\/wp\/v2\/pages"}],"about":[{"href":"https:\/\/hsb1846.de\/en\/wp-json\/wp\/v2\/types\/page"}],"author":[{"embeddable":true,"href":"https:\/\/hsb1846.de\/en\/wp-json\/wp\/v2\/users\/1"}],"replies":[{"embeddable":true,"href":"https:\/\/hsb1846.de\/en\/wp-json\/wp\/v2\/comments?post=4421"}],"version-history":[{"count":26,"href":"https:\/\/hsb1846.de\/en\/wp-json\/wp\/v2\/pages\/4421\/revisions"}],"predecessor-version":[{"id":19601,"href":"https:\/\/hsb1846.de\/en\/wp-json\/wp\/v2\/pages\/4421\/revisions\/19601"}],"up":[{"embeddable":true,"href":"https:\/\/hsb1846.de\/en\/wp-json\/wp\/v2\/pages\/4098"}],"wp:attachment":[{"href":"https:\/\/hsb1846.de\/en\/wp-json\/wp\/v2\/media?parent=4421"}],"curies":[{"name":"wp","href":"https:\/\/api.w.org\/{rel}","templated":true}]}}