{"id":4423,"date":"2022-03-24T15:44:56","date_gmt":"2022-03-24T14:44:56","guid":{"rendered":"https:\/\/2022.hsb1846.de\/?page_id=4423"},"modified":"2024-05-18T13:20:55","modified_gmt":"2024-05-18T11:20:55","slug":"seniorensport","status":"publish","type":"page","link":"https:\/\/hsb1846.de\/en\/home\/abteilungen\/seniorensport\/","title":{"rendered":"Seniorensport"},"content":{"rendered":"<div class=\"wp-block-cover has-parallax full-width\" style=\"min-height:700px;aspect-ratio:unset;\"><span aria-hidden=\"true\" class=\"wp-block-cover__background has-background-dim\" style=\"background-color:#7d7b72\"><\/span><div class=\"wp-block-cover__image-background wp-image-5887 has-parallax\" style=\"background-position:50% 50%;background-image:url(https:\/\/hsb1846.de\/wp-content\/uploads\/2022\/06\/Seniorensport_Header.jpg)\"><\/div><div class=\"wp-block-cover__inner-container is-layout-flow wp-block-cover-is-layout-flow\">\n<p class=\"has-text-align-left pl-5 has-white-color has-text-color has-large-font-size\" style=\"font-style:normal;font-weight:100\">Seniorensport<\/p>\n<\/div><\/div>\n\n\n\n<div style=\"height:50px\" aria-hidden=\"true\" class=\"wp-block-spacer\"><\/div>\n\n\n\n<h2 class=\"wp-block-heading\">Herzlich willkommen<\/h2>\n\n\n\n<div style=\"height:50px\" aria-hidden=\"true\" class=\"wp-block-spacer\"><\/div>\n\n\n\n<p class=\"has-white-color has-text-color has-background\" style=\"background-color:#02147e;font-size:16px\">&#8230; bei der hsb- Abteilung Seniorensport. In K\u00fcrze werden Sie hier zahlreiche Informationen \u00fcber unsere Abteilung finden. Nat\u00fcrlich hoffen wir, dass dann etwas passendes f\u00fcr Sie dabei ist.<\/p>\n\n\n\n<div style=\"height:50px\" aria-hidden=\"true\" class=\"wp-block-spacer\"><\/div>","protected":false},"excerpt":{"rendered":"<p>Herzlich willkommen &#8230; bei der hsb- Abteilung Seniorensport. In K\u00fcrze werden Sie hier zahlreiche Informationen \u00fcber unsere Abteilung finden. Nat\u00fcrlich hoffen wir, dass dann etwas passendes f\u00fcr Sie dabei ist.<\/p>","protected":false},"author":1,"featured_media":0,"parent":4098,"menu_order":88,"comment_status":"closed","ping_status":"closed","template":"","meta":{"footnotes":""},"class_list":["post-4423","page","type-page","status-publish","hentry"],"aioseo_notices":[],"_links":{"self":[{"href":"https:\/\/hsb1846.de\/en\/wp-json\/wp\/v2\/pages\/4423","targetHints":{"allow":["GET"]}}],"collection":[{"href":"https:\/\/hsb1846.de\/en\/wp-json\/wp\/v2\/pages"}],"about":[{"href":"https:\/\/hsb1846.de\/en\/wp-json\/wp\/v2\/types\/page"}],"author":[{"embeddable":true,"href":"https:\/\/hsb1846.de\/en\/wp-json\/wp\/v2\/users\/1"}],"replies":[{"embeddable":true,"href":"https:\/\/hsb1846.de\/en\/wp-json\/wp\/v2\/comments?post=4423"}],"version-history":[{"count":5,"href":"https:\/\/hsb1846.de\/en\/wp-json\/wp\/v2\/pages\/4423\/revisions"}],"predecessor-version":[{"id":14797,"href":"https:\/\/hsb1846.de\/en\/wp-json\/wp\/v2\/pages\/4423\/revisions\/14797"}],"up":[{"embeddable":true,"href":"https:\/\/hsb1846.de\/en\/wp-json\/wp\/v2\/pages\/4098"}],"wp:attachment":[{"href":"https:\/\/hsb1846.de\/en\/wp-json\/wp\/v2\/media?parent=4423"}],"curies":[{"name":"wp","href":"https:\/\/api.w.org\/{rel}","templated":true}]}}