{"id":4425,"date":"2022-03-24T15:45:33","date_gmt":"2022-03-24T14:45:33","guid":{"rendered":"https:\/\/2022.hsb1846.de\/?page_id=4425"},"modified":"2026-03-20T20:39:49","modified_gmt":"2026-03-20T19:39:49","slug":"tennis","status":"publish","type":"page","link":"https:\/\/hsb1846.de\/en\/home\/abteilungen\/tennis\/","title":{"rendered":"Tennis"},"content":{"rendered":"<div class=\"wp-block-cover is-light has-parallax full-width\" style=\"min-height:395px;aspect-ratio:unset;\"><div class=\"wp-block-cover__image-background wp-image-5889 has-parallax\" style=\"background-position:50% 50%;background-image:url(https:\/\/hsb1846.de\/wp-content\/uploads\/2022\/06\/tennis-gee671b860_1920.jpg)\"><\/div><span aria-hidden=\"true\" class=\"wp-block-cover__background has-background-dim-30 has-background-dim\" style=\"background-color:#be7e61\"><\/span><div class=\"wp-block-cover__inner-container is-layout-flow wp-block-cover-is-layout-flow\">\n<p class=\"has-text-align-left pl-5 has-white-color has-text-color has-x-large-font-size\" style=\"font-style:normal;font-weight:100\"><strong>Herzlich Willkommen beim HSB Tennis<\/strong><\/p>\n\n\n\n<p class=\"has-text-align-left pl-5 has-white-color has-text-color\" style=\"font-size:24px\"><em>Tennis spielen &#8211; Sommer wie Winter<\/em><\/p>\n<\/div><\/div>\n\n\n\n<p class=\"has-white-color has-text-color has-background\" style=\"background-color:#02147e;font-size:16px\"><strong>Aktuelles<\/strong><br><br>Tennis ausprobieren? <br>Mit unserer <b>Schnupperkarte 2026<\/b> f\u00fcr 35 \u20ac den ganzen Sommer spielen &#8211; <a style=\"color: #7488ff;\" href=\"https:\/\/hsb1846.de\/en\/home\/abteilungen\/tennis\/schnupperkarte\/\" target=\"_blank\" rel=\"noopener\" title=\"\">mehr Infos finden Sie hier<\/a><br><br>Entdecken Sie die Faszination des Tennis f\u00fcr Ihre Kinder! Erfahren Sie mehr \u00fcber unser exklusives Schnupperangebot mit zwei kostenlosen Stunden, um die Grundlagen spielerisch zu erlernen &#8211; <a style=\"color: #7488ff;\" href=\"https:\/\/hsb1846.de\/en\/home\/abteilungen\/tennis\/jugend-schnuppertraining\/\" target=\"_blank\" rel=\"noopener\" title=\"\">mehr Infos finden Sie hier<\/a><\/p>\n\n\n\n<div style=\"height:15px\" aria-hidden=\"true\" class=\"wp-block-spacer\"><\/div>\n\n\n\n<div class=\"wp-block-columns is-layout-flex wp-container-core-columns-is-layout-9d6595d7 wp-block-columns-is-layout-flex\">\n<div class=\"wp-block-column is-layout-flow wp-block-column-is-layout-flow\">\n<figure class=\"wp-block-image size-full\"><img loading=\"lazy\" decoding=\"async\" width=\"1200\" height=\"812\" src=\"https:\/\/hsb1846.de\/wp-content\/uploads\/2022\/07\/hdh-tennis-hsb-2015-08-30_geyer-luftbild__1_.jpg\" alt=\"\" class=\"wp-image-7224\" srcset=\"https:\/\/hsb1846.de\/wp-content\/uploads\/2022\/07\/hdh-tennis-hsb-2015-08-30_geyer-luftbild__1_.jpg 1200w, https:\/\/hsb1846.de\/wp-content\/uploads\/2022\/07\/hdh-tennis-hsb-2015-08-30_geyer-luftbild__1_-300x203.jpg 300w, https:\/\/hsb1846.de\/wp-content\/uploads\/2022\/07\/hdh-tennis-hsb-2015-08-30_geyer-luftbild__1_-768x520.jpg 768w\" sizes=\"auto, (max-width: 1200px) 100vw, 1200px\" \/><\/figure>\n<\/div>\n\n\n\n<div class=\"wp-block-column is-layout-flow wp-block-column-is-layout-flow\">\n<div class=\"wp-block-group is-vertical is-layout-flex wp-container-core-group-is-layout-32a109f9 wp-block-group-is-layout-flex\" style=\"padding-top:2em;padding-right:2em;padding-bottom:2em;padding-left:2em\">\n<p class=\"has-text-color\" style=\"color:#02147e;font-size:32px\"><a href=\"https:\/\/hsb1846.de\/en\/home\/abteilungen\/tennis\/aktuelles\/\" title=\"\">Aktuelles<\/a><\/p>\n\n\n\n<p class=\"has-text-color\" style=\"color:#02147e;font-size:32px;line-height:1.2\"><a href=\"https:\/\/hsb1846.de\/en\/home\/abteilungen\/tennis\/faszination-tennis\/\" title=\"\">Faszination Tennis<\/a><\/p>\n\n\n\n<p class=\"has-text-color\" style=\"color:#02147e;font-size:32px;line-height:1.2\"><a href=\"https:\/\/hsb1846.de\/en\/home\/abteilungen\/tennis\/geschichte-tennis\/\" title=\"\">Geschichte<\/a><\/p>\n\n\n\n<p class=\"has-text-color\" style=\"color:#02147e;font-size:32px;line-height:1.2\"><a href=\"https:\/\/hsb1846.de\/en\/home\/abteilungen\/tennis\/aufnahmeantrag\/\" title=\"\">Mitglied werden<\/a><\/p>\n<\/div>\n<\/div>\n<\/div>\n\n\n\n<div class=\"wp-block-columns is-layout-flex wp-container-core-columns-is-layout-9d6595d7 wp-block-columns-is-layout-flex\">\n<div class=\"wp-block-column is-layout-flow wp-block-column-is-layout-flow\">\n<figure class=\"wp-block-image size-large\"><img loading=\"lazy\" decoding=\"async\" width=\"1687\" height=\"1080\" src=\"https:\/\/hsb1846.de\/wp-content\/uploads\/2025\/09\/1b9f082c-290b-4583-9075-0d4c939ad62c-1687x1080.jpg\" alt=\"\" class=\"wp-image-18136\" srcset=\"https:\/\/hsb1846.de\/wp-content\/uploads\/2025\/09\/1b9f082c-290b-4583-9075-0d4c939ad62c-1687x1080.jpg 1687w, https:\/\/hsb1846.de\/wp-content\/uploads\/2025\/09\/1b9f082c-290b-4583-9075-0d4c939ad62c-300x192.jpg 300w, https:\/\/hsb1846.de\/wp-content\/uploads\/2025\/09\/1b9f082c-290b-4583-9075-0d4c939ad62c-768x492.jpg 768w, https:\/\/hsb1846.de\/wp-content\/uploads\/2025\/09\/1b9f082c-290b-4583-9075-0d4c939ad62c-1536x983.jpg 1536w, https:\/\/hsb1846.de\/wp-content\/uploads\/2025\/09\/1b9f082c-290b-4583-9075-0d4c939ad62c-2048x1311.jpg 2048w, https:\/\/hsb1846.de\/wp-content\/uploads\/2025\/09\/1b9f082c-290b-4583-9075-0d4c939ad62c-18x12.jpg 18w\" sizes=\"auto, (max-width: 1687px) 100vw, 1687px\" \/><\/figure>\n<\/div>\n\n\n\n<div class=\"wp-block-column is-layout-flow wp-block-column-is-layout-flow\">\n<div class=\"wp-block-group has-small-font-size is-vertical is-nowrap is-layout-flex wp-container-core-group-is-layout-dd56b846 wp-block-group-is-layout-flex\" style=\"padding-top:2em;padding-right:2em;padding-bottom:2em;padding-left:2em\">\n<p style=\"font-size:32px\"><a href=\"https:\/\/hsb1846.de\/en\/home\/abteilungen\/tennis\/abteilungsleitung-tennis\/\" title=\"\">Abteilungsleitung<\/a><\/p>\n\n\n\n<p style=\"font-size:32px\"><a href=\"https:\/\/hsb1846.de\/en\/home\/abteilungen\/tennis\/trainerteam-tennis\/\" title=\"\">Trainerteam<\/a><\/p>\n\n\n\n<p style=\"font-size:32px\"><a href=\"https:\/\/hsb1846.de\/en\/home\/abteilungen\/tennis\/mannschaften-tennis\/\" title=\"\">Mannschaften<\/a><\/p>\n\n\n\n<p style=\"font-size:32px\"><a href=\"https:\/\/hsb1846.de\/en\/home\/abteilungen\/tennis\/spielbetrieb\/\" title=\"\">Spielbetrieb<\/a><\/p>\n<\/div>\n<\/div>\n<\/div>\n\n\n\n<div class=\"wp-block-columns is-layout-flex wp-container-core-columns-is-layout-9d6595d7 wp-block-columns-is-layout-flex\">\n<div class=\"wp-block-column is-layout-flow wp-block-column-is-layout-flow\">\n<figure class=\"wp-block-image size-large\"><img loading=\"lazy\" decoding=\"async\" width=\"1440\" height=\"1080\" src=\"https:\/\/hsb1846.de\/wp-content\/uploads\/2022\/07\/img_9734-1440x1080.jpeg\" alt=\"\" class=\"wp-image-7227\" srcset=\"https:\/\/hsb1846.de\/wp-content\/uploads\/2022\/07\/img_9734-1440x1080.jpeg 1440w, https:\/\/hsb1846.de\/wp-content\/uploads\/2022\/07\/img_9734-300x225.jpeg 300w, https:\/\/hsb1846.de\/wp-content\/uploads\/2022\/07\/img_9734-768x576.jpeg 768w, https:\/\/hsb1846.de\/wp-content\/uploads\/2022\/07\/img_9734-1536x1152.jpeg 1536w, https:\/\/hsb1846.de\/wp-content\/uploads\/2022\/07\/img_9734-2048x1536.jpeg 2048w\" sizes=\"auto, (max-width: 1440px) 100vw, 1440px\" \/><\/figure>\n<\/div>\n\n\n\n<div class=\"wp-block-column is-layout-flow wp-block-column-is-layout-flow\">\n<div class=\"wp-block-group is-vertical is-content-justification-left is-nowrap is-layout-flex wp-container-core-group-is-layout-9b650ade wp-block-group-is-layout-flex\" style=\"padding-top:2em;padding-right:2em;padding-bottom:2em;padding-left:2em\">\n<p class=\"has-text-color\" style=\"color:#02147e;font-size:32px;line-height:1.2\"><a href=\"https:\/\/hsb1846.de\/en\/home\/abteilungen\/tennis\/tennishalle\/\" title=\"\">Tennishalle<\/a><\/p>\n\n\n\n<p style=\"font-size:32px;line-height:1.2\"><a href=\"https:\/\/hsb1846.de\/en\/home\/abteilungen\/tennis\/tennisplaetze\/\" title=\"\">Tennispl\u00e4tze<\/a><\/p>\n\n\n\n<p style=\"font-size:32px;line-height:1.2\"><a href=\"https:\/\/hsb1846.de\/en\/home\/abteilungen\/tennis\/links\/\" title=\"\">Links<\/a><\/p>\n\n\n\n<p style=\"font-size:32px;line-height:1.2\"><a href=\"https:\/\/hsb1846.de\/en\/home\/abteilungen\/tennis\/sponsoren-tennis\/\" title=\"Sponsoren Tennis\">Sponsoren<\/a><\/p>\n<\/div>\n<\/div>\n<\/div>\n\n\n\n<div style=\"height:15px\" aria-hidden=\"true\" class=\"wp-block-spacer\"><\/div>\n\n\n\n<div class=\"wp-block-columns has-background is-layout-flex wp-container-core-columns-is-layout-9d6595d7 wp-block-columns-is-layout-flex\" style=\"background-color:#f6f6f6\">\n<div class=\"wp-block-column is-layout-flow wp-block-column-is-layout-flow\">\n<p class=\"has-text-align-center has-text-color\" style=\"color:#02147e;font-size:28px\">hsb 1846 Tennis auf Whatsapp &amp; Instagram <\/p>\n\n\n\n<div style=\"height:20px\" aria-hidden=\"true\" class=\"wp-block-spacer\"><\/div>\n\n\n\n<div class=\"wp-block-columns is-layout-flex wp-container-core-columns-is-layout-9d6595d7 wp-block-columns-is-layout-flex\">\n<div class=\"wp-block-column is-layout-flow wp-block-column-is-layout-flow\"><div class=\"wp-block-image\">\n<figure class=\"aligncenter size-full is-resized\"><img loading=\"lazy\" decoding=\"async\" width=\"489\" height=\"486\" src=\"https:\/\/hsb1846.de\/wp-content\/uploads\/2024\/10\/WhatsappQRCode.jpeg\" alt=\"\" class=\"wp-image-15837\" style=\"width:150px;height:undefinedpx\" srcset=\"https:\/\/hsb1846.de\/wp-content\/uploads\/2024\/10\/WhatsappQRCode.jpeg 489w, https:\/\/hsb1846.de\/wp-content\/uploads\/2024\/10\/WhatsappQRCode-300x298.jpeg 300w, https:\/\/hsb1846.de\/wp-content\/uploads\/2024\/10\/WhatsappQRCode-150x150.jpeg 150w, https:\/\/hsb1846.de\/wp-content\/uploads\/2024\/10\/WhatsappQRCode-12x12.jpeg 12w\" sizes=\"auto, (max-width: 489px) 100vw, 489px\" \/><\/figure>\n<\/div><\/div>\n\n\n\n<div class=\"wp-block-column is-layout-flow wp-block-column-is-layout-flow\"><div class=\"wp-block-image\">\n<figure class=\"aligncenter size-large is-resized\"><a href=\"https:\/\/www.instagram.com\/hsb_tennis\/\"><img loading=\"lazy\" decoding=\"async\" width=\"1080\" height=\"1080\" src=\"https:\/\/hsb1846.de\/wp-content\/uploads\/2022\/09\/instagram_logo-1080x1080.png\" alt=\"\" class=\"wp-image-9068\" style=\"object-fit:cover;width:180px;height:undefinedpx\" srcset=\"https:\/\/hsb1846.de\/wp-content\/uploads\/2022\/09\/instagram_logo-1080x1080.png 1080w, https:\/\/hsb1846.de\/wp-content\/uploads\/2022\/09\/instagram_logo-300x300.png 300w, https:\/\/hsb1846.de\/wp-content\/uploads\/2022\/09\/instagram_logo-150x150.png 150w, https:\/\/hsb1846.de\/wp-content\/uploads\/2022\/09\/instagram_logo-768x768.png 768w, https:\/\/hsb1846.de\/wp-content\/uploads\/2022\/09\/instagram_logo.png 1500w\" sizes=\"auto, (max-width: 1080px) 100vw, 1080px\" \/><\/a><\/figure>\n<\/div><\/div>\n<\/div>\n<\/div>\n<\/div>\n\n\n\n<p><\/p>","protected":false},"excerpt":{"rendered":"<p>Ab\u2026. bei der hsb-Tennisabteilung. Es freut uns, dass Sie sich f\u00fcr unsere Sportart interessieren und w\u00fcnschen Ihnen viel Spa\u00df auf den folgenden Seiten. ETZT SICHERN: DIE SCHNUPPERKARTE 2023<\/p>","protected":false},"author":1,"featured_media":0,"parent":4098,"menu_order":92,"comment_status":"closed","ping_status":"closed","template":"","meta":{"footnotes":""},"class_list":["post-4425","page","type-page","status-publish","hentry"],"aioseo_notices":[],"_links":{"self":[{"href":"https:\/\/hsb1846.de\/en\/wp-json\/wp\/v2\/pages\/4425","targetHints":{"allow":["GET"]}}],"collection":[{"href":"https:\/\/hsb1846.de\/en\/wp-json\/wp\/v2\/pages"}],"about":[{"href":"https:\/\/hsb1846.de\/en\/wp-json\/wp\/v2\/types\/page"}],"author":[{"embeddable":true,"href":"https:\/\/hsb1846.de\/en\/wp-json\/wp\/v2\/users\/1"}],"replies":[{"embeddable":true,"href":"https:\/\/hsb1846.de\/en\/wp-json\/wp\/v2\/comments?post=4425"}],"version-history":[{"count":101,"href":"https:\/\/hsb1846.de\/en\/wp-json\/wp\/v2\/pages\/4425\/revisions"}],"predecessor-version":[{"id":19657,"href":"https:\/\/hsb1846.de\/en\/wp-json\/wp\/v2\/pages\/4425\/revisions\/19657"}],"up":[{"embeddable":true,"href":"https:\/\/hsb1846.de\/en\/wp-json\/wp\/v2\/pages\/4098"}],"wp:attachment":[{"href":"https:\/\/hsb1846.de\/en\/wp-json\/wp\/v2\/media?parent=4425"}],"curies":[{"name":"wp","href":"https:\/\/api.w.org\/{rel}","templated":true}]}}