{"id":4427,"date":"2024-07-23T23:36:34","date_gmt":"2024-07-23T21:36:34","guid":{"rendered":"https:\/\/2022.hsb1846.de\/?page_id=4427"},"modified":"2025-03-26T21:40:26","modified_gmt":"2025-03-26T20:40:26","slug":"tischtennis","status":"publish","type":"page","link":"https:\/\/hsb1846.de\/en\/home\/abteilungen\/tischtennis\/","title":{"rendered":"Tischtennis"},"content":{"rendered":"<div class=\"wp-block-cover has-parallax full-width\" style=\"min-height:700px;aspect-ratio:unset;\"><span aria-hidden=\"true\" class=\"wp-block-cover__background has-background-dim\" style=\"background-color:#8a736b\"><\/span><div class=\"wp-block-cover__image-background wp-image-5893 has-parallax\" style=\"background-position:50% 50%;background-image:url(https:\/\/hsb1846.de\/wp-content\/uploads\/2022\/06\/Tischtennis_Header.jpg)\"><\/div><div class=\"wp-block-cover__inner-container is-layout-flow wp-block-cover-is-layout-flow\">\n<p class=\"has-text-align-left pl-5 has-white-color has-text-color has-large-font-size\" style=\"font-style:normal;font-weight:100\">Tischtennis<\/p>\n\n\n\n<p class=\"has-text-align-left pl-5 has-white-color has-text-color\" style=\"font-size:24px\">f\u00fcr jung und \u00e4lter<\/p>\n<\/div><\/div>\n\n\n\n<div style=\"height:50px\" aria-hidden=\"true\" class=\"wp-block-spacer\"><\/div>\n\n\n\n<h2 class=\"wp-block-heading\">Herzlich willkommen<\/h2>\n\n\n\n<div style=\"height:50px\" aria-hidden=\"true\" class=\"wp-block-spacer\"><\/div>\n\n\n\n<p class=\"has-white-color has-text-color has-background has-medium-font-size\" style=\"background-color:#02147e\">Das schnelle Spiel mit dem wei\u00dfen Kunststoffball ist die meistgespielte Sportart, die in der Freizeit gespielt wird. Millionen von B\u00fcrgern spielen im Verein, im Urlaub, in der Schule, im Hobbyraum oder der Garage.<\/p>\n\n\n\n<p class=\"has-white-color has-text-color has-background has-medium-font-size\" style=\"background-color:#02147e\">Und nat\u00fcrlich bei uns &#8230;<\/p>\n\n\n\n<p class=\"has-white-color has-text-color has-background has-medium-font-size\" style=\"background-color:#02147e\">Wir sind eine Abteilung mit allen Altersschichten, die jedem Interessenten in der B\u00fchlturnhalle ideale Voraussetzungen f\u00fcr den Tischtennissport bietet. <\/p>\n\n\n\n<div style=\"height:50px\" aria-hidden=\"true\" class=\"wp-block-spacer\"><\/div>\n\n\n\n<div class=\"wp-block-media-text alignwide has-media-on-the-right is-stacked-on-mobile is-vertically-aligned-center has-background\" style=\"background-color:#f6f6f6\"><div class=\"wp-block-media-text__content\">\n<div class=\"wp-block-group\" style=\"padding-top:2em;padding-right:2em;padding-bottom:2em;padding-left:2em\"><div class=\"wp-block-group__inner-container is-layout-flow wp-block-group-is-layout-flow\">\n<div class=\"wp-block-group is-vertical is-layout-flex wp-container-core-group-is-layout-8cf370e7 wp-block-group-is-layout-flex\">\n<p class=\"has-drop-cap\" style=\"font-size:25px;line-height:1.2\"><a href=\"https:\/\/hsb1846.de\/en\/aktuelles-tischtennis\/\" title=\"Aktuelles\">Aktuelles<\/a><\/p>\n\n\n\n<p style=\"font-size:25px\"><a href=\"https:\/\/hsb1846.de\/en\/home\/abteilungen\/tischtennis\/abteilungsleitung-tischtennis\/\" title=\"\">Abteilungsleitung<\/a><\/p>\n<\/div>\n\n\n\n<p style=\"font-size:25px\"><a href=\"https:\/\/hsb1846.de\/en\/home\/abteilungen\/tischtennis\/ansprechpartner-jugend\/\" title=\"\">Jugend<\/a><br><\/p>\n<\/div><\/div>\n<\/div><figure class=\"wp-block-media-text__media\"><img loading=\"lazy\" decoding=\"async\" width=\"975\" height=\"513\" src=\"https:\/\/hsb1846.de\/wp-content\/uploads\/2024\/07\/IMG_0555-e1721764179464.jpg\" alt=\"\" class=\"wp-image-15278 size-full\" srcset=\"https:\/\/hsb1846.de\/wp-content\/uploads\/2024\/07\/IMG_0555-e1721764179464.jpg 975w, https:\/\/hsb1846.de\/wp-content\/uploads\/2024\/07\/IMG_0555-e1721764179464-300x158.jpg 300w, https:\/\/hsb1846.de\/wp-content\/uploads\/2024\/07\/IMG_0555-e1721764179464-768x404.jpg 768w, https:\/\/hsb1846.de\/wp-content\/uploads\/2024\/07\/IMG_0555-e1721764179464-18x9.jpg 18w\" sizes=\"auto, (max-width: 975px) 100vw, 975px\" \/><\/figure><\/div>\n\n\n\n<div style=\"height:50px\" aria-hidden=\"true\" class=\"wp-block-spacer\"><\/div>\n\n\n\n<div class=\"wp-block-media-text alignwide has-media-on-the-right is-stacked-on-mobile has-background\" style=\"background-color:#f6f6f6\"><div class=\"wp-block-media-text__content\">\n<div class=\"wp-block-group\" style=\"padding-top:2em;padding-right:2em;padding-bottom:2em;padding-left:2em\"><div class=\"wp-block-group__inner-container is-layout-flow wp-block-group-is-layout-flow\">\n<p class=\"has-drop-cap\" style=\"font-size:25px;line-height:1.2\"><a href=\"https:\/\/hsb1846.de\/en\/home\/abteilungen\/tischtennis\/teams-tischtennis\/\" title=\"Teams\">Teams<\/a><\/p>\n\n\n\n<p style=\"font-size:25px\"><a href=\"https:\/\/hsb1846.de\/en\/home\/abteilungen\/tischtennis\/trainingstermine-tischtennis\/\" title=\"Trainingstermine\">Trainingstermine<\/a><\/p>\n<\/div><\/div>\n\n\n\n<details class=\"wp-block-details is-layout-flow wp-block-details-is-layout-flow\"><summary><\/summary>\n<p><\/p>\n<\/details>\n<\/div><figure class=\"wp-block-media-text__media\"><img loading=\"lazy\" decoding=\"async\" width=\"1920\" height=\"1016\" src=\"https:\/\/hsb1846.de\/wp-content\/uploads\/2025\/03\/IMG_4157-1920x1016.jpg\" alt=\"\" class=\"wp-image-17109 size-full\" srcset=\"https:\/\/hsb1846.de\/wp-content\/uploads\/2025\/03\/IMG_4157-1920x1016.jpg 1920w, https:\/\/hsb1846.de\/wp-content\/uploads\/2025\/03\/IMG_4157-300x159.jpg 300w, https:\/\/hsb1846.de\/wp-content\/uploads\/2025\/03\/IMG_4157-768x407.jpg 768w, https:\/\/hsb1846.de\/wp-content\/uploads\/2025\/03\/IMG_4157-1536x813.jpg 1536w, https:\/\/hsb1846.de\/wp-content\/uploads\/2025\/03\/IMG_4157-2048x1084.jpg 2048w, https:\/\/hsb1846.de\/wp-content\/uploads\/2025\/03\/IMG_4157-18x10.jpg 18w\" sizes=\"auto, (max-width: 1920px) 100vw, 1920px\" \/><\/figure><\/div>\n\n\n\n<div class=\"wp-block-media-text alignfull has-media-on-the-right is-stacked-on-mobile is-vertically-aligned-center has-background\" style=\"background-color:#f6f6f6\"><div class=\"wp-block-media-text__content\">\n<p class=\"has-drop-cap has-text-align-left\" style=\"font-size:25px\"><a href=\"https:\/\/hsb1846.de\/en\/home\/abteilungen\/tischtennis\/links-tischtennis\/\" title=\"\">Links<\/a><\/p>\n\n\n\n<p class=\"has-text-align-left\" style=\"font-size:25px\"><a href=\"https:\/\/hsb1846.de\/en\/home\/abteilungen\/tischtennis\/kontakt-tischtennis\/\" title=\"\">Contact<\/a><br><a href=\"https:\/\/hsb1846.de\/en\/home\/abteilungen\/tischtennis\/anfahrt-tischtennis\/\" title=\"\">Anfahrt<\/a><\/p>\n<\/div><figure class=\"wp-block-media-text__media\"><img decoding=\"async\" src=\"https:\/\/2022.hsb1846.de\/wp-content\/uploads\/2022\/08\/Tischtennis_Header-1920x1080.jpg\" alt=\"\" class=\"wp-image-7619 size-full\"\/><\/figure><\/div>\n\n\n\n<div style=\"height:50px\" aria-hidden=\"true\" class=\"wp-block-spacer\"><\/div>","protected":false},"excerpt":{"rendered":"<p>Herzlich willkommen Das schnelle Spiel mit dem wei\u00dfen Kunststoffball ist die meistgespielte Sportart, die in der Freizeit gespielt wird. Millionen von B\u00fcrgern spielen im Verein, im Urlaub, in der Schule, im Hobbyraum oder der Garage. Und nat\u00fcrlich bei uns &#8230; Wir sind eine Abteilung mit allen Altersschichten, die jedem Interessenten in der B\u00fchlturnhalle ideale Voraussetzungen [&hellip;]<\/p>\n","protected":false},"author":1,"featured_media":0,"parent":4098,"menu_order":93,"comment_status":"closed","ping_status":"closed","template":"","meta":{"footnotes":""},"class_list":["post-4427","page","type-page","status-publish","hentry"],"aioseo_notices":[],"_links":{"self":[{"href":"https:\/\/hsb1846.de\/en\/wp-json\/wp\/v2\/pages\/4427","targetHints":{"allow":["GET"]}}],"collection":[{"href":"https:\/\/hsb1846.de\/en\/wp-json\/wp\/v2\/pages"}],"about":[{"href":"https:\/\/hsb1846.de\/en\/wp-json\/wp\/v2\/types\/page"}],"author":[{"embeddable":true,"href":"https:\/\/hsb1846.de\/en\/wp-json\/wp\/v2\/users\/1"}],"replies":[{"embeddable":true,"href":"https:\/\/hsb1846.de\/en\/wp-json\/wp\/v2\/comments?post=4427"}],"version-history":[{"count":34,"href":"https:\/\/hsb1846.de\/en\/wp-json\/wp\/v2\/pages\/4427\/revisions"}],"predecessor-version":[{"id":17872,"href":"https:\/\/hsb1846.de\/en\/wp-json\/wp\/v2\/pages\/4427\/revisions\/17872"}],"up":[{"embeddable":true,"href":"https:\/\/hsb1846.de\/en\/wp-json\/wp\/v2\/pages\/4098"}],"wp:attachment":[{"href":"https:\/\/hsb1846.de\/en\/wp-json\/wp\/v2\/media?parent=4427"}],"curies":[{"name":"wp","href":"https:\/\/api.w.org\/{rel}","templated":true}]}}