{"id":4429,"date":"2022-03-24T15:46:48","date_gmt":"2022-03-24T14:46:48","guid":{"rendered":"https:\/\/2022.hsb1846.de\/?page_id=4429"},"modified":"2025-10-07T17:22:43","modified_gmt":"2025-10-07T15:22:43","slug":"turnen","status":"publish","type":"page","link":"https:\/\/hsb1846.de\/en\/home\/abteilungen\/turnen\/","title":{"rendered":"Turnen"},"content":{"rendered":"<div class=\"wp-block-cover is-light has-parallax full-width\" style=\"min-height:509px;aspect-ratio:unset;\"><div class=\"wp-block-cover__image-background wp-image-5898 has-parallax\" style=\"background-position:50% 50%;background-image:url(https:\/\/hsb1846.de\/wp-content\/uploads\/2022\/06\/dsc_4188.jpg)\"><\/div><span aria-hidden=\"true\" class=\"wp-block-cover__background has-background-dim\" style=\"background-color:#938c8d\"><\/span><div class=\"wp-block-cover__inner-container is-layout-flow wp-block-cover-is-layout-flow\">\n<p class=\"has-text-align-left pl-5 has-white-color has-text-color has-large-font-size\" style=\"font-style:normal;font-weight:100\">Turnen<\/p>\n\n\n\n<p class=\"has-text-align-left pl-5 has-white-color has-text-color\" style=\"font-size:24px\">Leistungssport in Heidenheim<\/p>\n<\/div><\/div>\n\n\n\n<div style=\"height:50px\" aria-hidden=\"true\" class=\"wp-block-spacer\"><\/div>\n\n\n\n<h2 class=\"wp-block-heading\">Herzlich willkommen<\/h2>\n\n\n\n<div style=\"height:50px\" aria-hidden=\"true\" class=\"wp-block-spacer\"><\/div>\n\n\n\n<p class=\"has-white-color has-text-color has-background\" style=\"background-color:#02147e;font-size:16px\">Sch\u00f6n, dass Sie auf unsere Seite gefunden haben und sich f\u00fcr die interessante und ausdrucksvolle Sportart Turnen in unserem Verein interessieren. Aktuelle Informationen und Wettkampfergebnisse finden sie bei uns. Ebenso erfahren Sie hier Details der Turnerinnen und Mannschaften aber auch Trainingszeiten und Bilder.<\/p>\n\n\n\n<p class=\"has-white-color has-text-color has-background\" style=\"background-color:#02147e;font-size:16px\">Wir W\u00fcnschen Ihnen viel Spa\u00df beim Durchst\u00f6bern der folgenden Seiten.<\/p>\n\n\n\n<div style=\"height:100px\" aria-hidden=\"true\" class=\"wp-block-spacer\"><\/div>\n\n\n\n<div class=\"wp-block-columns is-layout-flex wp-container-core-columns-is-layout-9d6595d7 wp-block-columns-is-layout-flex\">\n<div class=\"wp-block-column is-layout-flow wp-block-column-is-layout-flow\"><\/div>\n\n\n\n<div class=\"wp-block-column is-layout-flow wp-block-column-is-layout-flow\">\n<div class=\"wp-block-cover is-light\" style=\"min-height:150px;aspect-ratio:unset;\"><span aria-hidden=\"true\" class=\"wp-block-cover__background has-background-dim-100 has-background-dim\" style=\"background-color:#f6f6f6\"><\/span><div class=\"wp-block-cover__inner-container is-layout-flow wp-block-cover-is-layout-flow\">\n<p class=\"has-text-align-center\"><a href=\"https:\/\/www.facebook.com\/HsbKunstturnen?ref=hl\" target=\"_blank\" rel=\"noreferrer noopener\">folge uns auf facebook<\/a><\/p>\n\n\n<div class=\"wp-block-image\">\n<figure class=\"aligncenter size-full\"><img loading=\"lazy\" decoding=\"async\" width=\"48\" height=\"48\" src=\"https:\/\/hsb1846.de\/wp-content\/uploads\/2022\/08\/icons8-facebook-neu-48.png\" alt=\"\" class=\"wp-image-7766\"\/><\/figure>\n<\/div><\/div><\/div>\n<\/div>\n\n\n\n<div class=\"wp-block-column is-layout-flow wp-block-column-is-layout-flow\"><\/div>\n<\/div>\n\n\n\n<div style=\"height:50px\" aria-hidden=\"true\" class=\"wp-block-spacer\"><\/div>\n\n\n\n<div class=\"wp-block-media-text alignwide has-media-on-the-right is-stacked-on-mobile is-vertically-aligned-center is-image-fill-element has-background\" style=\"background-color:#f6f6f6\"><div class=\"wp-block-media-text__content\">\n<div class=\"wp-block-group\" style=\"padding-top:2em;padding-right:2em;padding-bottom:2em;padding-left:2em\"><div class=\"wp-block-group__inner-container is-layout-flow wp-block-group-is-layout-flow\">\n<p class=\"has-drop-cap\" style=\"font-size:25px;line-height:1.2\"><a href=\"https:\/\/hsb1846.de\/en\/home\/abteilungen\/turnen\/faszination-turnen\/\" title=\"\">Faszination Turnen<\/a><\/p>\n\n\n\n<p style=\"font-size:25px\"><a href=\"https:\/\/hsb1846.de\/en\/home\/abteilungen\/turnen\/turnen-beim-hsb\/\" title=\"\">Turnen beim hsb<\/a><\/p>\n\n\n\n<p style=\"font-size:25px\"><\/p>\n<\/div><\/div>\n<\/div><figure class=\"wp-block-media-text__media\"><img loading=\"lazy\" decoding=\"async\" width=\"800\" height=\"256\" src=\"https:\/\/2022.hsb1846.de\/wp-content\/uploads\/2022\/08\/20211017_hsbwk_gh0015.jpg\" alt=\"\" class=\"wp-image-7809 size-full\" style=\"object-position:46% 6%\" srcset=\"https:\/\/hsb1846.de\/wp-content\/uploads\/2022\/08\/20211017_hsbwk_gh0015.jpg 800w, https:\/\/hsb1846.de\/wp-content\/uploads\/2022\/08\/20211017_hsbwk_gh0015-300x96.jpg 300w, https:\/\/hsb1846.de\/wp-content\/uploads\/2022\/08\/20211017_hsbwk_gh0015-768x246.jpg 768w\" sizes=\"auto, (max-width: 800px) 100vw, 800px\" \/><\/figure><\/div>\n\n\n\n<div class=\"wp-block-media-text alignwide is-stacked-on-mobile is-vertically-aligned-center has-background\" style=\"background-color:#f6f6f6\"><figure class=\"wp-block-media-text__media\"><img loading=\"lazy\" decoding=\"async\" width=\"1620\" height=\"1080\" src=\"https:\/\/hsb1846.de\/wp-content\/uploads\/2025\/10\/Balken-Letizia-Tjhay-1620x1080.jpg\" alt=\"\" class=\"wp-image-18235 size-full\" srcset=\"https:\/\/hsb1846.de\/wp-content\/uploads\/2025\/10\/Balken-Letizia-Tjhay-1620x1080.jpg 1620w, https:\/\/hsb1846.de\/wp-content\/uploads\/2025\/10\/Balken-Letizia-Tjhay-300x200.jpg 300w, https:\/\/hsb1846.de\/wp-content\/uploads\/2025\/10\/Balken-Letizia-Tjhay-768x512.jpg 768w, https:\/\/hsb1846.de\/wp-content\/uploads\/2025\/10\/Balken-Letizia-Tjhay-1536x1024.jpg 1536w, https:\/\/hsb1846.de\/wp-content\/uploads\/2025\/10\/Balken-Letizia-Tjhay-2048x1365.jpg 2048w, https:\/\/hsb1846.de\/wp-content\/uploads\/2025\/10\/Balken-Letizia-Tjhay-18x12.jpg 18w\" sizes=\"auto, (max-width: 1620px) 100vw, 1620px\" \/><\/figure><div class=\"wp-block-media-text__content\">\n<div class=\"wp-block-group\" style=\"padding-top:2em;padding-right:2em;padding-bottom:2em;padding-left:2em\"><div class=\"wp-block-group__inner-container is-layout-flow wp-block-group-is-layout-flow\">\n<p style=\"font-size:25px;line-height:1.2\"><a href=\"https:\/\/hsb1846.de\/en\/home\/abteilungen\/turnen\/abteilungsleitung-turnen\/\" title=\"\">Abteilungsleitung<\/a><\/p>\n\n\n\n<p style=\"font-size:25px;line-height:1.2\"><a href=\"https:\/\/hsb1846.de\/en\/home\/abteilungen\/turnen\/trainer-turnen\/\" title=\"\">Trainer<\/a><\/p>\n\n\n\n<p style=\"font-size:25px;line-height:1.2\"><a href=\"https:\/\/hsb1846.de\/en\/home\/abteilungen\/turnen\/foerderkreis-turnen\/\" title=\"\">F\u00f6rderkreis<\/a><\/p>\n\n\n\n<p style=\"font-size:25px;line-height:1.2\"><a href=\"https:\/\/hsb1846.de\/en\/home\/abteilungen\/turnen\/kampfrichter-turnen\/\" title=\"\">Kampfrichter<\/a><\/p>\n<\/div><\/div>\n<\/div><\/div>\n\n\n\n<div style=\"height:50px\" aria-hidden=\"true\" class=\"wp-block-spacer\"><\/div>\n\n\n\n<div class=\"wp-block-media-text alignwide has-media-on-the-right is-stacked-on-mobile is-vertically-aligned-center is-image-fill-element has-background\" style=\"background-color:#f6f6f6\"><div class=\"wp-block-media-text__content\">\n<div class=\"wp-block-group\" style=\"padding-top:2em;padding-right:2em;padding-bottom:2em;padding-left:2em\"><div class=\"wp-block-group__inner-container is-layout-flow wp-block-group-is-layout-flow\">\n<p class=\"has-drop-cap\" style=\"font-size:25px;line-height:1.2\"><a href=\"https:\/\/hsb1846.de\/en\/home\/abteilungen\/turnen\/trainingstermine-turnen\/\" title=\"\">Trainingstermine<\/a><\/p>\n<\/div><\/div>\n<\/div><figure class=\"wp-block-media-text__media\"><a href=\"https:\/\/2022.hsb1846.de\/home\/abteilungen\/turnen\/trainingstermine-turnen\/\"><img loading=\"lazy\" decoding=\"async\" width=\"800\" height=\"310\" src=\"https:\/\/2022.hsb1846.de\/wp-content\/uploads\/2022\/08\/20211017_hsbwk_gh0032.jpg\" alt=\"\" class=\"wp-image-7810 size-full\" style=\"object-position:50% 50%\" srcset=\"https:\/\/hsb1846.de\/wp-content\/uploads\/2022\/08\/20211017_hsbwk_gh0032.jpg 800w, https:\/\/hsb1846.de\/wp-content\/uploads\/2022\/08\/20211017_hsbwk_gh0032-300x116.jpg 300w, https:\/\/hsb1846.de\/wp-content\/uploads\/2022\/08\/20211017_hsbwk_gh0032-768x298.jpg 768w\" sizes=\"auto, (max-width: 800px) 100vw, 800px\" \/><\/a><\/figure><\/div>\n\n\n\n<div style=\"height:50px\" aria-hidden=\"true\" class=\"wp-block-spacer\"><\/div>\n\n\n\n<p><\/p>\n\n\n\n<div class=\"wp-block-columns alignfull is-layout-flex wp-container-core-columns-is-layout-9d6595d7 wp-block-columns-is-layout-flex\">\n<div class=\"wp-block-column is-layout-flow wp-block-column-is-layout-flow\" style=\"flex-basis:50%\">\n<div class=\"wp-block-cover\" style=\"min-height:600px;aspect-ratio:unset;\"><img loading=\"lazy\" decoding=\"async\" width=\"1200\" height=\"1147\" class=\"wp-block-cover__image-background wp-image-7777\" alt=\"\" src=\"https:\/\/hsb1846.de\/wp-content\/uploads\/2022\/08\/logo_k__ferchen.jpg\" data-object-fit=\"cover\" srcset=\"https:\/\/hsb1846.de\/wp-content\/uploads\/2022\/08\/logo_k__ferchen.jpg 1200w, https:\/\/hsb1846.de\/wp-content\/uploads\/2022\/08\/logo_k__ferchen-300x287.jpg 300w, https:\/\/hsb1846.de\/wp-content\/uploads\/2022\/08\/logo_k__ferchen-1130x1080.jpg 1130w, https:\/\/hsb1846.de\/wp-content\/uploads\/2022\/08\/logo_k__ferchen-768x734.jpg 768w\" sizes=\"auto, (max-width: 1200px) 100vw, 1200px\" \/><span aria-hidden=\"true\" class=\"wp-block-cover__background has-background-dim\" style=\"background-color:#02147e\"><\/span><div class=\"wp-block-cover__inner-container is-layout-flow wp-block-cover-is-layout-flow\">\n<p class=\"has-text-align-center has-large-font-size\"><\/p>\n<\/div><\/div>\n<\/div>\n\n\n\n<div class=\"wp-block-column is-vertically-aligned-center is-layout-flow wp-block-column-is-layout-flow\" style=\"padding-top:1em;padding-right:1em;padding-bottom:1em;padding-left:1em\">\n<div class=\"wp-block-columns is-layout-flex wp-container-core-columns-is-layout-9d6595d7 wp-block-columns-is-layout-flex\">\n<div class=\"wp-block-column is-layout-flow wp-block-column-is-layout-flow\" style=\"flex-basis:320px\">\n<p style=\"font-size:25px;line-height:1.6\"><a href=\"https:\/\/hsb1846.de\/en\/home\/abteilungen\/turnen\/kaeferchens-bewegungswiese\/\" title=\"\">K\u00e4ferchens Bewegungswiese<\/a><\/p>\n\n\n\n<p style=\"font-size:16px;line-height:1.6\">Eltern- Kindturnen f\u00fcr Kinder ab 16 Monate<\/p>\n<\/div>\n<\/div>\n<\/div>\n<\/div>\n\n\n\n<div style=\"height:50px\" aria-hidden=\"true\" class=\"wp-block-spacer\"><\/div>\n\n\n\n<div class=\"wp-block-media-text alignwide has-media-on-the-right is-stacked-on-mobile is-vertically-aligned-center has-background\" style=\"background-color:#f6f6f6\"><div class=\"wp-block-media-text__content\">\n<div class=\"wp-block-group\" style=\"padding-top:2em;padding-right:2em;padding-bottom:2em;padding-left:2em\"><div class=\"wp-block-group__inner-container is-layout-flow wp-block-group-is-layout-flow\">\n<p style=\"font-size:25px;line-height:1.2\"><a href=\"https:\/\/hsb1846.de\/en\/category\/turnen\/presse-turnen\/\" title=\"\">Presse<\/a><\/p>\n\n\n\n<p style=\"font-size:25px\"><a href=\"https:\/\/hsb1846.de\/en\/home\/abteilungen\/turnen\/wettkampfberichte\/\" title=\"\">Wettkampfberichte Archiv<\/a><\/p>\n\n\n\n<p style=\"font-size:25px;line-height:1.2\"><a href=\"https:\/\/hsb1846.de\/en\/home\/abteilungen\/turnen\/mannschaften\/\" title=\"\">Mannschaften<\/a><\/p>\n\n\n\n<p style=\"font-size:25px;line-height:1.2\"><a href=\"https:\/\/hsb1846.de\/en\/home\/abteilungen\/turnen\/turngalas\/\" title=\"\">Turngalas<\/a><\/p>\n<\/div><\/div>\n<\/div><figure class=\"wp-block-media-text__media\"><img loading=\"lazy\" decoding=\"async\" width=\"1620\" height=\"1080\" src=\"https:\/\/hsb1846.de\/wp-content\/uploads\/2024\/10\/A9E00176-1620x1080.jpg\" alt=\"\" class=\"wp-image-16075 size-full\" srcset=\"https:\/\/hsb1846.de\/wp-content\/uploads\/2024\/10\/A9E00176-1620x1080.jpg 1620w, https:\/\/hsb1846.de\/wp-content\/uploads\/2024\/10\/A9E00176-300x200.jpg 300w, https:\/\/hsb1846.de\/wp-content\/uploads\/2024\/10\/A9E00176-768x512.jpg 768w, https:\/\/hsb1846.de\/wp-content\/uploads\/2024\/10\/A9E00176-1536x1024.jpg 1536w, https:\/\/hsb1846.de\/wp-content\/uploads\/2024\/10\/A9E00176-2048x1365.jpg 2048w, https:\/\/hsb1846.de\/wp-content\/uploads\/2024\/10\/A9E00176-18x12.jpg 18w\" sizes=\"auto, (max-width: 1620px) 100vw, 1620px\" \/><\/figure><\/div>\n\n\n\n<div class=\"wp-block-media-text alignwide is-stacked-on-mobile is-vertically-aligned-center has-background\" style=\"background-color:#f6f6f6\"><figure class=\"wp-block-media-text__media\"><img loading=\"lazy\" decoding=\"async\" width=\"800\" height=\"532\" src=\"https:\/\/2022.hsb1846.de\/wp-content\/uploads\/2022\/08\/20211002-2buli1wkma-gh0349.jpg\" alt=\"\" class=\"wp-image-7808 size-full\" srcset=\"https:\/\/hsb1846.de\/wp-content\/uploads\/2022\/08\/20211002-2buli1wkma-gh0349.jpg 800w, https:\/\/hsb1846.de\/wp-content\/uploads\/2022\/08\/20211002-2buli1wkma-gh0349-300x200.jpg 300w, https:\/\/hsb1846.de\/wp-content\/uploads\/2022\/08\/20211002-2buli1wkma-gh0349-768x511.jpg 768w\" sizes=\"auto, (max-width: 800px) 100vw, 800px\" \/><\/figure><div class=\"wp-block-media-text__content\">\n<div class=\"wp-block-group\" style=\"padding-top:2em;padding-right:2em;padding-bottom:2em;padding-left:2em\"><div class=\"wp-block-group__inner-container is-layout-flow wp-block-group-is-layout-flow\">\n<p style=\"font-size:25px;line-height:1.2\"><a href=\"https:\/\/hsb1846.de\/en\/home\/abteilungen\/turnen\/seniorensport-turnen\/\" title=\"\">Erwachsenenturnen und Seniorensport<\/a><\/p>\n\n\n\n<p style=\"font-size:25px;line-height:1.2\"><a href=\"https:\/\/hsb1846.de\/en\/home\/abteilungen\/turnen\/sponsoren-turnen\/\" title=\"\">Sponsoren<\/a><\/p>\n\n\n\n<p style=\"font-size:25px;line-height:1.2\"><a href=\"https:\/\/hsb1846.de\/en\/home\/abteilungen\/turnen\/links-turnen\/\" title=\"\">Links<\/a><\/p>\n<\/div><\/div>\n<\/div><\/div>\n\n\n\n<div style=\"height:50px\" aria-hidden=\"true\" class=\"wp-block-spacer\"><\/div>","protected":false},"excerpt":{"rendered":"<p>Herzlich willkommen Sch\u00f6n, dass Sie auf unsere Seite gefunden haben und sich f\u00fcr die interessante und ausdrucksvolle Sportart Turnen in unserem Verein interessieren. Aktuelle Informationen und Wettkampfergebnisse finden sie bei uns. Ebenso erfahren Sie hier Details der Turnerinnen und Mannschaften aber auch Trainingszeiten und Bilder. Wir W\u00fcnschen Ihnen viel Spa\u00df beim Durchst\u00f6bern der folgenden Seiten. [&hellip;]<\/p>\n","protected":false},"author":1,"featured_media":0,"parent":4098,"menu_order":94,"comment_status":"closed","ping_status":"closed","template":"","meta":{"footnotes":""},"class_list":["post-4429","page","type-page","status-publish","hentry"],"aioseo_notices":[],"_links":{"self":[{"href":"https:\/\/hsb1846.de\/en\/wp-json\/wp\/v2\/pages\/4429","targetHints":{"allow":["GET"]}}],"collection":[{"href":"https:\/\/hsb1846.de\/en\/wp-json\/wp\/v2\/pages"}],"about":[{"href":"https:\/\/hsb1846.de\/en\/wp-json\/wp\/v2\/types\/page"}],"author":[{"embeddable":true,"href":"https:\/\/hsb1846.de\/en\/wp-json\/wp\/v2\/users\/1"}],"replies":[{"embeddable":true,"href":"https:\/\/hsb1846.de\/en\/wp-json\/wp\/v2\/comments?post=4429"}],"version-history":[{"count":40,"href":"https:\/\/hsb1846.de\/en\/wp-json\/wp\/v2\/pages\/4429\/revisions"}],"predecessor-version":[{"id":18236,"href":"https:\/\/hsb1846.de\/en\/wp-json\/wp\/v2\/pages\/4429\/revisions\/18236"}],"up":[{"embeddable":true,"href":"https:\/\/hsb1846.de\/en\/wp-json\/wp\/v2\/pages\/4098"}],"wp:attachment":[{"href":"https:\/\/hsb1846.de\/en\/wp-json\/wp\/v2\/media?parent=4429"}],"curies":[{"name":"wp","href":"https:\/\/api.w.org\/{rel}","templated":true}]}}