{"id":4757,"date":"2022-04-13T13:42:08","date_gmt":"2022-04-13T11:42:08","guid":{"rendered":"https:\/\/2022.hsb1846.de\/?page_id=4757"},"modified":"2025-02-18T16:39:47","modified_gmt":"2025-02-18T15:39:47","slug":"werbung","status":"publish","type":"page","link":"https:\/\/hsb1846.de\/en\/home\/verein\/werbung\/","title":{"rendered":"Werbung"},"content":{"rendered":"\n<div style=\"height:50px\" aria-hidden=\"true\" class=\"wp-block-spacer\"><\/div>\n\n\n\n<h1 class=\"wp-block-heading\">Werben mit dem hsb<\/h1>\n\n\n\n<div style=\"height:50px\" aria-hidden=\"true\" class=\"wp-block-spacer\"><\/div>\n\n\n\n<h2 class=\"wp-block-heading has-white-color has-text-color has-background\" style=\"background-color:#02147e\">Wir bringen Ihre Werbung zum Leuchten!<\/h2>\n\n\n\n<div style=\"height:50px\" aria-hidden=\"true\" class=\"wp-block-spacer\"><\/div>\n\n\n\n<p class=\"has-background\" style=\"background-color:#f6f6f6;font-size:16px\">Mit unserer LED Werbe- und Infotafel pr\u00e4sentieren Sie sich im digitalen Zeitalter und erreichen f\u00fcr Ihre Werbung maximale Aufmerksamkeit.<\/p>\n\n\n\n<div style=\"height:25px\" aria-hidden=\"true\" class=\"wp-block-spacer\"><\/div>\n\n\n\n<p class=\"has-background\" style=\"background-color:#f6f6f6;font-size:16px\">Dar\u00fcber hinaus bieten wir Ihnen weitere interessante und wirksame Werbeleistungen innerhalb unserer Printmedien sowie im Bereich der Bandenwerbung an.<\/p>\n\n\n\n<div style=\"height:25px\" aria-hidden=\"true\" class=\"wp-block-spacer\"><\/div>\n\n\n\n<div class=\"wp-block-media-text alignfull has-media-on-the-right is-stacked-on-mobile is-vertically-aligned-top has-text-color has-background has-link-color wp-elements-a69bd0e67d90a51002e43aaace92a8ab\" style=\"color:#fffdc7;background-color:#02147e;grid-template-columns:auto 72%\"><div class=\"wp-block-media-text__content\">\n<div class=\"wp-block-group has-link-color wp-elements-4189a293d8926142dad553e654aaaa02\" style=\"padding-top:2em;padding-right:2em;padding-bottom:2em;padding-left:2em\"><div class=\"wp-block-group__inner-container is-layout-flow wp-block-group-is-layout-flow\">\n<h2 class=\"wp-block-heading\" style=\"font-size:48px;font-weight:700;line-height:1.15\"><\/h2>\n\n\n\n<p class=\"has-white-color has-text-color has-link-color wp-elements-8299637071eac49dc90200d6213bbd46\"><strong>Reservieren \u2192<\/strong><\/p>\n<\/div><\/div>\n<\/div><figure class=\"wp-block-media-text__media\"><img loading=\"lazy\" decoding=\"async\" width=\"540\" height=\"353\" src=\"https:\/\/2022.hsb1846.de\/wp-content\/uploads\/2022\/05\/led_werbetafel_2020_2.jpg\" alt=\"\" class=\"wp-image-5579 size-full\" srcset=\"https:\/\/hsb1846.de\/wp-content\/uploads\/2022\/05\/led_werbetafel_2020_2.jpg 540w, https:\/\/hsb1846.de\/wp-content\/uploads\/2022\/05\/led_werbetafel_2020_2-300x196.jpg 300w\" sizes=\"auto, (max-width: 540px) 100vw, 540px\" \/><\/figure><\/div>\n\n\n\n<div style=\"height:50px\" aria-hidden=\"true\" class=\"wp-block-spacer\"><\/div>\n\n\n\n<p class=\"has-background\" style=\"background-color:#f6f6f6;font-size:16px\">Unsere LED Werbe- und Infotafel verf\u00fcgt \u00fcber herausragende Technik und bietet 100% Leistung und Werbewirksamkeit:<\/p>\n\n\n\n<div style=\"height:25px\" aria-hidden=\"true\" class=\"wp-block-spacer\"><\/div>\n\n\n\n<ul style=\"background-color:#02147e;font-size:16px\" class=\"wp-block-list has-white-color has-text-color has-background\">\n<li>15 qm Werbefl\u00e4che (5 x 3 m)<\/li>\n\n\n\n<li>8 mm Pixelabstand (f\u00fchrend in Heidenheim)<\/li>\n\n\n\n<li>Leistungsstarke und hocheffiziente SMD-LEDs<\/li>\n\n\n\n<li>Spektakul\u00e4re Farbbrillanz (16,5 Mio. Farben)<\/li>\n\n\n\n<li>Gro\u00dfartiger Betrachtungswinkel (120\u00b0 horizontal, 170\u00b0 vertikal)<\/li>\n\n\n\n<li>Exzellente Leuchtkraft (6000 cd\/m\u00b2)<\/li>\n\n\n\n<li>Standbilder, Videos, Animationen<\/li>\n<\/ul>\n\n\n\n<div style=\"height:25px\" aria-hidden=\"true\" class=\"wp-block-spacer\"><\/div>\n\n\n\n<p class=\"has-background\" style=\"background-color:#f6f6f6;font-size:16px\">Unsere LED Werbe- und Infotafel steht an einem erstklassigen Standort und bietet 100% Aufmerksamkeit und Vereinssupport:<\/p>\n\n\n\n<div style=\"height:25px\" aria-hidden=\"true\" class=\"wp-block-spacer\"><\/div>\n\n\n\n<ul style=\"background-color:#02147e;font-size:16px\" class=\"wp-block-list has-white-color has-text-color has-background\">\n<li>Der Standort unserer LED Werbe- und Infotafel befindet sich am Sparkassen-Sportpark, Ecke Wilhelmstra\u00dfe \/ Jahnstra\u00dfe<\/li>\n\n\n\n<li>15.500 Fahrzeuge pro Tag durch ganzt\u00e4gig stark befahrene Ausfallstra\u00dfe<\/li>\n\n\n\n<li>Vom Flie\u00dfverkehr stadtausw\u00e4rts sowie gegen\u00fcber vom Aldi-Parkplatz aus einsehbar<\/li>\n\n\n\n<li>Gesteigerte Attraktivit\u00e4t durch Einblendung aktueller Informationen des Tagesgeschehens<\/li>\n\n\n\n<li>T\u00e4gliche Sendezeit von 05:00 bis 22:00 Uhr<\/li>\n\n\n\n<li>Maximal 20 Werbende gleichzeitig<\/li>\n\n\n\n<li>7 Sekunden pro Werbeeinblendung (mind. 350 Schaltungen \/ Tag)<\/li>\n<\/ul>\n\n\n\n<div style=\"height:50px\" aria-hidden=\"true\" class=\"wp-block-spacer\"><\/div>\n\n\n\n<h3 class=\"wp-block-heading has-background\" style=\"background-color:#f6f6f6\">Dar\u00fcber hinaus betreiben wir Werbe- &amp; Infodisplays an 5 weiteren Standorten:<\/h3>\n\n\n\n<div style=\"height:25px\" aria-hidden=\"true\" class=\"wp-block-spacer\"><\/div>\n\n\n\n<ul style=\"background-color:#02147e;font-size:16px\" class=\"wp-block-list has-white-color has-text-color has-background\">\n<li>Foyer des VOITH-Sportzentrums<\/li>\n\n\n\n<li>Schaufenster des ElektroCenter Heidenheim<\/li>\n\n\n\n<li>Foyer des hsb-Fechtzentrums<\/li>\n<\/ul>\n\n\n\n<div style=\"height:25px\" aria-hidden=\"true\" class=\"wp-block-spacer\"><\/div>\n\n\n\n<p class=\"has-background\" style=\"background-color:#f6f6f6;font-size:24px\">Dateivorgaben<\/p>\n\n\n\n<div style=\"height:25px\" aria-hidden=\"true\" class=\"wp-block-spacer\"><\/div>\n\n\n\n<ul style=\"background-color:#02147e;font-size:16px\" class=\"wp-block-list has-white-color has-text-color has-background\">\n<li>Abspielbare Bilddateien: bevorzugt PNG, ebenfalls m\u00f6glich JPEG, GIF, PDF<\/li>\n\n\n\n<li>Abspielbare Videodateien: bevorzugt MPEG-4-Format (MP4, M4V, MOV, etc.), ebenfalls m\u00f6glich AVI-Format<\/li>\n\n\n\n<li>Die Dateien sollten idealerweise in einer Gr\u00f6\u00dfe von 640 x 352 px angelegt sein (bei einer Aufl\u00f6sung von mind. 100 dpi f\u00fcr Bilddateien)<\/li>\n\n\n\n<li>Da das Bildformat nahezu dem 16:9-Seitenverh\u00e4ltnis entspricht, f\u00fchrt das Abspielen von Bild- oder Videodateien, die im 16:9-Format angelegt sind, zu keinerlei Beeintr\u00e4chtigungen<\/li>\n\n\n\n<li>Schriften sollten f\u00fcr eine gute Leserlichkeit eine Gr\u00f6\u00dfe von 16 px nicht unterschreiten<\/li>\n\n\n\n<li>Die Dateien sollten im RGB-Farbraum abgespeichert sein<\/li>\n<\/ul>\n\n\n\n<div style=\"height:25px\" aria-hidden=\"true\" class=\"wp-block-spacer\"><\/div>\n\n\n\n<p class=\"has-text-align-center has-white-color has-text-color has-background\" style=\"background-color:#02147e;font-size:16px\">Sollten Sie Hilfe bei der Erstellung der Dateien ben\u00f6tigen, so wenden Sie sich bitte an uns, wir helfen Ihnen gerne!<\/p>\n\n\n\n<div style=\"height:50px\" aria-hidden=\"true\" class=\"wp-block-spacer\"><\/div>\n\n\n\n<h3 class=\"wp-block-heading has-background\" style=\"background-color:#f6f6f6\">Zus\u00e4tzlich oder alternativ bieten wir Ihnen die M\u00f6glichkeit weiterer Werbeleistungen:<\/h3>\n\n\n\n<div style=\"height:25px\" aria-hidden=\"true\" class=\"wp-block-spacer\"><\/div>\n\n\n\n<ul style=\"background-color:#02147e;font-size:16px\" class=\"wp-block-list has-white-color has-text-color has-background\">\n<li>Werbeanzeige in unserem 2x j\u00e4hrlich erscheinenden hsb-Report mit einer Auflage von ca. 3000 Exemplaren<\/li>\n\n\n\n<li>Werbeanzeige in unserem 2x j\u00e4hrlich erscheinenden und \u00f6ffentlich ausliegenden Sportprogrammheft<\/li>\n\n\n\n<li>Dauerhafte Bandenwerbung am Sparkassen-Sportpark<\/li>\n<\/ul>\n\n\n\n<div style=\"height:25px\" aria-hidden=\"true\" class=\"wp-block-spacer\"><\/div>\n\n\n\n<p class=\"has-text-align-center has-white-color has-text-color has-background\" style=\"background-color:#02147e;font-size:16px\">Sprechen Sie uns an! Gerne machen wir Ihnen unverbindlich ein auf Ihre Bed\u00fcrfnisse zugeschnittenes Angebot.<\/p>\n\n\n\n<div style=\"height:50px\" aria-hidden=\"true\" class=\"wp-block-spacer\"><\/div>\n\n\n\n<p class=\"has-background\" style=\"background-color:#f6f6f6;font-size:16px\">Bei Interesse wenden Sie sich bitte an:<\/p>\n\n\n\n<div style=\"height:25px\" aria-hidden=\"true\" class=\"wp-block-spacer\"><\/div>\n\n\n\n<div class=\"wp-block-columns has-white-color has-text-color has-background is-layout-flex wp-container-core-columns-is-layout-9d6595d7 wp-block-columns-is-layout-flex\" style=\"background-color:#02147e\">\n<div class=\"wp-block-column is-layout-flow wp-block-column-is-layout-flow\">\n<p style=\"font-size:16px\">hsb-Gesch\u00e4ftsstelle<br>unter 07321 22660 oder geschaeftsstelle [@] hsb1846.de<\/p>\n<\/div>\n\n\n\n<div class=\"wp-block-column is-layout-flow wp-block-column-is-layout-flow\">\n<p class=\"has-text-align-center\" style=\"font-size:16px\">oder<\/p>\n<\/div>\n\n\n\n<div class=\"wp-block-column is-layout-flow wp-block-column-is-layout-flow\">\n<p style=\"font-size:16px\">Sport und Marketing, <br>Klaus-Dieter Marx<br>unter 07321 940310 oder sport.marketing.hdh [@] t-online.de<\/p>\n<\/div>\n<\/div>\n\n\n\n<div style=\"height:50px\" aria-hidden=\"true\" class=\"wp-block-spacer\"><\/div>\n","protected":false},"excerpt":{"rendered":"<p>Werben mit dem hsb Wir bringen Ihre Werbung zum Leuchten! Mit unserer LED Werbe- und Infotafel pr\u00e4sentieren Sie sich im digitalen Zeitalter und erreichen f\u00fcr Ihre Werbung maximale Aufmerksamkeit. Dar\u00fcber hinaus bieten wir Ihnen weitere interessante und wirksame Werbeleistungen innerhalb unserer Printmedien sowie im Bereich der Bandenwerbung an. Unsere LED Werbe- und Infotafel verf\u00fcgt \u00fcber [&hellip;]<\/p>\n","protected":false},"author":1,"featured_media":0,"parent":4105,"menu_order":32,"comment_status":"closed","ping_status":"closed","template":"","meta":{"footnotes":""},"class_list":["post-4757","page","type-page","status-publish","hentry"],"aioseo_notices":[],"_links":{"self":[{"href":"https:\/\/hsb1846.de\/en\/wp-json\/wp\/v2\/pages\/4757","targetHints":{"allow":["GET"]}}],"collection":[{"href":"https:\/\/hsb1846.de\/en\/wp-json\/wp\/v2\/pages"}],"about":[{"href":"https:\/\/hsb1846.de\/en\/wp-json\/wp\/v2\/types\/page"}],"author":[{"embeddable":true,"href":"https:\/\/hsb1846.de\/en\/wp-json\/wp\/v2\/users\/1"}],"replies":[{"embeddable":true,"href":"https:\/\/hsb1846.de\/en\/wp-json\/wp\/v2\/comments?post=4757"}],"version-history":[{"count":36,"href":"https:\/\/hsb1846.de\/en\/wp-json\/wp\/v2\/pages\/4757\/revisions"}],"predecessor-version":[{"id":16819,"href":"https:\/\/hsb1846.de\/en\/wp-json\/wp\/v2\/pages\/4757\/revisions\/16819"}],"up":[{"embeddable":true,"href":"https:\/\/hsb1846.de\/en\/wp-json\/wp\/v2\/pages\/4105"}],"wp:attachment":[{"href":"https:\/\/hsb1846.de\/en\/wp-json\/wp\/v2\/media?parent=4757"}],"curies":[{"name":"wp","href":"https:\/\/api.w.org\/{rel}","templated":true}]}}