{"id":4759,"date":"2022-04-13T13:44:39","date_gmt":"2022-04-13T11:44:39","guid":{"rendered":"https:\/\/2022.hsb1846.de\/?page_id=4759"},"modified":"2025-04-29T17:12:06","modified_gmt":"2025-04-29T15:12:06","slug":"service","status":"publish","type":"page","link":"https:\/\/hsb1846.de\/en\/home\/verein\/service\/","title":{"rendered":"Service"},"content":{"rendered":"<div style=\"height:50px\" aria-hidden=\"true\" class=\"wp-block-spacer\"><\/div>\n\n\n\n<div style=\"height:50px\" aria-hidden=\"true\" class=\"wp-block-spacer\"><\/div>\n\n\n\n<div class=\"wp-block-columns is-layout-flex wp-container-core-columns-is-layout-9d6595d7 wp-block-columns-is-layout-flex\">\n<div class=\"wp-block-column is-layout-flow wp-block-column-is-layout-flow\">\n<p class=\"has-medium-font-size\"><a href=\"https:\/\/hsb1846.de\/en\/home\/verein\/service\/mitgliedschaft\/\" target=\"_blank\" rel=\"noopener\" title=\"\">Mitgliedschaft<\/a><\/p>\n<\/div>\n\n\n\n<div class=\"wp-block-column is-layout-flow wp-block-column-is-layout-flow\">\n<p class=\"has-medium-font-size\"><a href=\"https:\/\/hsb1846.de\/en\/home\/verein\/service\/hsb-reports\/\" title=\"\">hsb-Reports + Sportprogramm<\/a><\/p>\n\n\n\n<p><\/p>\n<\/div>\n\n\n\n<div class=\"wp-block-column is-layout-flow wp-block-column-is-layout-flow\">\n<p class=\"has-medium-font-size\"><a href=\"https:\/\/2022.hsb1846.de\/home\/verein\/service\/archiv-buecher\/\">Archiv B\u00fccher<\/a><\/p>\n<\/div>\n<\/div>\n\n\n\n<div class=\"wp-block-columns is-layout-flex wp-container-core-columns-is-layout-9d6595d7 wp-block-columns-is-layout-flex\">\n<div class=\"wp-block-column is-layout-flow wp-block-column-is-layout-flow\">\n<p class=\"has-text-align-center\" style=\"font-size:16px\"><\/p>\n<\/div>\n\n\n\n<div class=\"wp-block-column is-layout-flow wp-block-column-is-layout-flow\">\n<p class=\"has-text-align-center\" style=\"font-size:16px\"><\/p>\n\n\n\n<p><\/p>\n\n\n\n<div class=\"wp-block-columns is-layout-flex wp-container-core-columns-is-layout-9d6595d7 wp-block-columns-is-layout-flex\">\n<div class=\"wp-block-column is-layout-flow wp-block-column-is-layout-flow\"><\/div>\n\n\n\n<div class=\"wp-block-column is-layout-flow wp-block-column-is-layout-flow\"><\/div>\n<\/div>\n<\/div>\n<\/div>\n\n\n\n<hr class=\"wp-block-separator has-alpha-channel-opacity is-style-wide\"\/>\n\n\n\n<div style=\"height:50px\" aria-hidden=\"true\" class=\"wp-block-spacer\"><\/div>\n\n\n\n<h1 class=\"wp-block-heading\">Downloads und Service<\/h1>\n\n\n\n<p class=\"has-text-align-center has-white-background-color has-background\" style=\"font-size:25px\"><\/p>\n\n\n\n<p class=\"has-text-align-center has-text-color has-background\" style=\"color:#02147e;background-color:#f6f6f6;font-size:25px\"><a href=\"https:\/\/hsb1846.de\/wp-content\/uploads\/2025\/04\/hsb-Beitrittserklaerung-interaktiv-04-25-D.pdf\" target=\"_blank\" rel=\"noopener\" title=\"\">Beitrittserkl\u00e4rung<\/a><\/p>\n\n\n\n<div style=\"height:50px\" aria-hidden=\"true\" class=\"wp-block-spacer\"><\/div>\n\n\n\n<p class=\"has-text-align-center has-text-color has-background\" style=\"color:#02147e;background-color:#f6f6f6;font-size:25px\"><a href=\"https:\/\/hsb1846.de\/wp-content\/uploads\/2022\/06\/spv317_sport-schadenmeldung_unfall_wlsb.pdf\" target=\"_blank\" rel=\"noopener\" title=\"\">Schadensanzeige Sportunfall<\/a><\/p>\n\n\n\n<div style=\"height:50px\" aria-hidden=\"true\" class=\"wp-block-spacer\"><\/div>\n\n\n\n<p class=\"has-text-align-center has-text-color has-background\" style=\"color:#02147e;background-color:#f6f6f6;font-size:25px\"><a href=\"https:\/\/hsb1846.de\/wp-content\/uploads\/2022\/06\/sportstaetten_hsb.pdf\" target=\"_blank\" rel=\"noopener\" title=\"\">Sportst\u00e4tten<\/a><\/p>\n\n\n\n<div style=\"height:50px\" aria-hidden=\"true\" class=\"wp-block-spacer\"><\/div>","protected":false},"excerpt":{"rendered":"<p>Mitgliedschaft hsb-Reports + Sportprogramm Archiv B\u00fccher Downloads und Service Beitrittserkl\u00e4rung Schadensanzeige Sportunfall Sportst\u00e4tten<\/p>","protected":false},"author":1,"featured_media":0,"parent":4105,"menu_order":19,"comment_status":"closed","ping_status":"closed","template":"","meta":{"footnotes":""},"class_list":["post-4759","page","type-page","status-publish","hentry"],"aioseo_notices":[],"_links":{"self":[{"href":"https:\/\/hsb1846.de\/en\/wp-json\/wp\/v2\/pages\/4759","targetHints":{"allow":["GET"]}}],"collection":[{"href":"https:\/\/hsb1846.de\/en\/wp-json\/wp\/v2\/pages"}],"about":[{"href":"https:\/\/hsb1846.de\/en\/wp-json\/wp\/v2\/types\/page"}],"author":[{"embeddable":true,"href":"https:\/\/hsb1846.de\/en\/wp-json\/wp\/v2\/users\/1"}],"replies":[{"embeddable":true,"href":"https:\/\/hsb1846.de\/en\/wp-json\/wp\/v2\/comments?post=4759"}],"version-history":[{"count":30,"href":"https:\/\/hsb1846.de\/en\/wp-json\/wp\/v2\/pages\/4759\/revisions"}],"predecessor-version":[{"id":17244,"href":"https:\/\/hsb1846.de\/en\/wp-json\/wp\/v2\/pages\/4759\/revisions\/17244"}],"up":[{"embeddable":true,"href":"https:\/\/hsb1846.de\/en\/wp-json\/wp\/v2\/pages\/4105"}],"wp:attachment":[{"href":"https:\/\/hsb1846.de\/en\/wp-json\/wp\/v2\/media?parent=4759"}],"curies":[{"name":"wp","href":"https:\/\/api.w.org\/{rel}","templated":true}]}}