{"id":4764,"date":"2022-04-13T13:55:08","date_gmt":"2022-04-13T11:55:08","guid":{"rendered":"https:\/\/2022.hsb1846.de\/?page_id=4764"},"modified":"2022-07-07T11:47:17","modified_gmt":"2022-07-07T09:47:17","slug":"integration-durch-sport","status":"publish","type":"page","link":"https:\/\/hsb1846.de\/en\/home\/verein\/soziales-engagement\/integration-durch-sport\/","title":{"rendered":"Integration durch Sport"},"content":{"rendered":"<div style=\"height:50px\" aria-hidden=\"true\" class=\"wp-block-spacer\"><\/div>\n\n\n\n<h3 class=\"wp-block-heading\">Dieses Projekt erm\u00f6glichen unsere Sponsoren &#8211; wir sagen DANKE!<\/h3>\n\n\n\n<div style=\"height:50px\" aria-hidden=\"true\" class=\"wp-block-spacer\"><\/div>\n\n\n\n<div class=\"wp-block-group alignfull has-text-color has-background has-link-color wp-elements-4644a64b9ca90fe9667086e8ec6718eb\" style=\"background-color:#f6f6f6;color:#666666\"><div class=\"wp-block-group__inner-container is-layout-flow wp-block-group-is-layout-flow\">\n<div style=\"height:50px\" aria-hidden=\"true\" class=\"wp-block-spacer\"><\/div>\n\n\n\n<h3 class=\"alignwide wp-block-heading\" style=\"font-size:24px;font-weight:400;line-height:1.1\">Der Deutsche Olympische Sportbund<\/h3>\n\n\n\n<div style=\"height:40px\" aria-hidden=\"true\" class=\"wp-block-spacer\"><\/div>\n\n\n\n<div class=\"wp-block-columns alignwide is-layout-flex wp-container-core-columns-is-layout-9d6595d7 wp-block-columns-is-layout-flex\">\n<div class=\"wp-block-column is-layout-flow wp-block-column-is-layout-flow\" style=\"flex-basis:15%\">\n<h6 class=\"wp-block-heading\"><\/h6>\n\n\n\n<div style=\"height:25px\" aria-hidden=\"true\" class=\"wp-block-spacer\"><\/div>\n<\/div>\n\n\n\n<div class=\"wp-block-column is-layout-flow wp-block-column-is-layout-flow\" style=\"flex-basis:75%\">\n<h6 class=\"wp-block-heading\">EIN PROGRAMM, DAS IMMER IN BEWEGUNG IST<\/h6>\n\n\n\n<div style=\"height:25px\" aria-hidden=\"true\" class=\"wp-block-spacer\"><\/div>\n\n\n\n<p style=\"font-size:16px\">Schon seit 1989 ist der organisierte Sport einer der gr\u00f6\u00dften aktiven Integrationshelfer in Deutschland. Bundesweit gibt es ca. 3500 St\u00fctzpunktvereine, die durch das IdS-Programm in der Lage sind, Angebote f\u00fcr Menschen mit Migrationshintergrund und Gefl\u00fcchtete anzubieten. <\/p>\n\n\n\n<div style=\"height:25px\" aria-hidden=\"true\" class=\"wp-block-spacer\"><\/div>\n\n\n\n<p style=\"font-size:16px\">Durch die engagierte Arbeit in den Vereinen entstehen oft lokale Netzwerke, die \u00fcber das reine Sporttreiben hinausgehen und zahlreiche Menschen aus unserer Gesellschaft zusammenbringt. Die Landessportb\u00fcnde und -jugenden sind dabei diejenigen, welche die Ma\u00dfnahmen in den einzelnen Bundesl\u00e4ndern koordinieren und umsetzen.<\/p>\n<\/div>\n\n\n\n<div class=\"wp-block-column is-vertically-aligned-top is-layout-flow wp-block-column-is-layout-flow\" style=\"flex-basis:75%\"><div class=\"wp-block-image\">\n<figure class=\"alignright size-full\"><a href=\"https:\/\/integration.dosb.de\/\" target=\"_blank\" rel=\"noopener\"><img loading=\"lazy\" decoding=\"async\" width=\"350\" height=\"582\" src=\"https:\/\/2022.hsb1846.de\/wp-content\/uploads\/2022\/05\/dosb_ids-logo_button_stuetzpunktverein_ab2018_farbe_rgb_300dpi_1.jpg\" alt=\"\" class=\"wp-image-5397\" srcset=\"https:\/\/hsb1846.de\/wp-content\/uploads\/2022\/05\/dosb_ids-logo_button_stuetzpunktverein_ab2018_farbe_rgb_300dpi_1.jpg 350w, https:\/\/hsb1846.de\/wp-content\/uploads\/2022\/05\/dosb_ids-logo_button_stuetzpunktverein_ab2018_farbe_rgb_300dpi_1-180x300.jpg 180w\" sizes=\"auto, (max-width: 350px) 100vw, 350px\" \/><\/a><\/figure>\n<\/div><\/div>\n<\/div>\n\n\n\n<div style=\"height:50px\" aria-hidden=\"true\" class=\"wp-block-spacer\"><\/div>\n<\/div><\/div>\n\n\n\n<div style=\"height:50px\" aria-hidden=\"true\" class=\"wp-block-spacer\"><\/div>\n\n\n\n<div class=\"wp-block-media-text alignwide has-media-on-the-right is-stacked-on-mobile is-vertically-aligned-center has-background\" style=\"background-color:#02147e\"><figure class=\"wp-block-media-text__media\"><img loading=\"lazy\" decoding=\"async\" width=\"1200\" height=\"441\" src=\"https:\/\/2022.hsb1846.de\/wp-content\/uploads\/2022\/06\/logo_hannsvoithstiftung_rgb_rz_f__r_bildschirm_und_web_juni_2018_kinder_in_bewegung_1.jpg\" alt=\"\" class=\"wp-image-5769 size-full\" srcset=\"https:\/\/hsb1846.de\/wp-content\/uploads\/2022\/06\/logo_hannsvoithstiftung_rgb_rz_f__r_bildschirm_und_web_juni_2018_kinder_in_bewegung_1.jpg 1200w, https:\/\/hsb1846.de\/wp-content\/uploads\/2022\/06\/logo_hannsvoithstiftung_rgb_rz_f__r_bildschirm_und_web_juni_2018_kinder_in_bewegung_1-300x110.jpg 300w, https:\/\/hsb1846.de\/wp-content\/uploads\/2022\/06\/logo_hannsvoithstiftung_rgb_rz_f__r_bildschirm_und_web_juni_2018_kinder_in_bewegung_1-768x282.jpg 768w\" sizes=\"auto, (max-width: 1200px) 100vw, 1200px\" \/><\/figure><div class=\"wp-block-media-text__content\">\n<div class=\"wp-block-group\" style=\"padding-top:2em;padding-right:2em;padding-bottom:2em;padding-left:2em\"><div class=\"wp-block-group__inner-container is-layout-flow wp-block-group-is-layout-flow\">\n<p style=\"font-size:36px;line-height:1.2\"><\/p>\n\n\n\n<p class=\"has-extra-small-font-size\"><\/p>\n<\/div><\/div>\n<\/div><\/div>\n\n\n\n<div class=\"wp-block-media-text alignwide is-stacked-on-mobile is-vertically-aligned-center has-background\" style=\"background-color:#02147e\"><figure class=\"wp-block-media-text__media\"><img loading=\"lazy\" decoding=\"async\" width=\"350\" height=\"192\" src=\"https:\/\/2022.hsb1846.de\/wp-content\/uploads\/2022\/06\/aok_logo_a4_rgb_350.jpg\" alt=\"\" class=\"wp-image-5770 size-full\" srcset=\"https:\/\/hsb1846.de\/wp-content\/uploads\/2022\/06\/aok_logo_a4_rgb_350.jpg 350w, https:\/\/hsb1846.de\/wp-content\/uploads\/2022\/06\/aok_logo_a4_rgb_350-300x165.jpg 300w\" sizes=\"auto, (max-width: 350px) 100vw, 350px\" \/><\/figure><div class=\"wp-block-media-text__content\">\n<div class=\"wp-block-group\" style=\"padding-top:2em;padding-right:2em;padding-bottom:2em;padding-left:2em\"><div class=\"wp-block-group__inner-container is-layout-flow wp-block-group-is-layout-flow\">\n<p style=\"font-size:36px;line-height:1.2\"><\/p>\n\n\n\n<p class=\"has-extra-small-font-size\"><\/p>\n<\/div><\/div>\n<\/div><\/div>\n\n\n\n<div style=\"height:50px\" aria-hidden=\"true\" class=\"wp-block-spacer\"><\/div>\n\n\n\n<div style=\"height:50px\" aria-hidden=\"true\" class=\"wp-block-spacer\"><\/div>","protected":false},"excerpt":{"rendered":"<p>Dieses Projekt erm\u00f6glichen unsere Sponsoren &#8211; wir sagen DANKE! Der Deutsche Olympische Sportbund EIN PROGRAMM, DAS IMMER IN BEWEGUNG IST Schon seit 1989 ist der organisierte Sport einer der gr\u00f6\u00dften aktiven Integrationshelfer in Deutschland. Bundesweit gibt es ca. 3500 St\u00fctzpunktvereine, die durch das IdS-Programm in der Lage sind, Angebote f\u00fcr Menschen mit Migrationshintergrund und Gefl\u00fcchtete [&hellip;]<\/p>\n","protected":false},"author":1,"featured_media":0,"parent":4216,"menu_order":0,"comment_status":"closed","ping_status":"closed","template":"","meta":{"footnotes":""},"class_list":["post-4764","page","type-page","status-publish","hentry"],"aioseo_notices":[],"_links":{"self":[{"href":"https:\/\/hsb1846.de\/en\/wp-json\/wp\/v2\/pages\/4764","targetHints":{"allow":["GET"]}}],"collection":[{"href":"https:\/\/hsb1846.de\/en\/wp-json\/wp\/v2\/pages"}],"about":[{"href":"https:\/\/hsb1846.de\/en\/wp-json\/wp\/v2\/types\/page"}],"author":[{"embeddable":true,"href":"https:\/\/hsb1846.de\/en\/wp-json\/wp\/v2\/users\/1"}],"replies":[{"embeddable":true,"href":"https:\/\/hsb1846.de\/en\/wp-json\/wp\/v2\/comments?post=4764"}],"version-history":[{"count":16,"href":"https:\/\/hsb1846.de\/en\/wp-json\/wp\/v2\/pages\/4764\/revisions"}],"predecessor-version":[{"id":6746,"href":"https:\/\/hsb1846.de\/en\/wp-json\/wp\/v2\/pages\/4764\/revisions\/6746"}],"up":[{"embeddable":true,"href":"https:\/\/hsb1846.de\/en\/wp-json\/wp\/v2\/pages\/4216"}],"wp:attachment":[{"href":"https:\/\/hsb1846.de\/en\/wp-json\/wp\/v2\/media?parent=4764"}],"curies":[{"name":"wp","href":"https:\/\/api.w.org\/{rel}","templated":true}]}}