{"id":4768,"date":"2022-04-13T13:56:06","date_gmt":"2022-04-13T11:56:06","guid":{"rendered":"https:\/\/2022.hsb1846.de\/?page_id=4768"},"modified":"2024-11-26T17:07:20","modified_gmt":"2024-11-26T16:07:20","slug":"schutzbeauftragte","status":"publish","type":"page","link":"https:\/\/hsb1846.de\/en\/home\/verein\/soziales-engagement\/schutzbeauftragte\/","title":{"rendered":"Schutzbeauftragte"},"content":{"rendered":"<div style=\"height:50px\" aria-hidden=\"true\" class=\"wp-block-spacer\"><\/div>\n\n\n\n<h2 class=\"wp-block-heading\">Schutz Minderj\u00e4hriger<\/h2>\n\n\n\n<div style=\"height:25px\" aria-hidden=\"true\" class=\"wp-block-spacer\"><\/div>\n\n\n\n<h3 class=\"wp-block-heading\">Unser Konzept zum Schutz Minderj\u00e4hriger vor sexuellen \u00dcbergriffen<\/h3>\n\n\n\n<div style=\"height:50px\" aria-hidden=\"true\" class=\"wp-block-spacer\"><\/div>\n\n\n\n<p style=\"font-size:16px\">Liebe Eltern,<\/p>\n\n\n\n<div style=\"height:25px\" aria-hidden=\"true\" class=\"wp-block-spacer\"><\/div>\n\n\n\n<p style=\"font-size:16px\">sicherlich haben Sie auch schon in den Medien von F\u00e4llen sexueller \u00dcbergriffe gegen\u00fcber Minderj\u00e4hrigen geh\u00f6rt oder gelesen. Leider macht dieses Thema auch vor den Sportvereinen nicht halt. Der Gesetzgeber hat die Sportvereine dazu aufgerufen, Konzepte zum Schutz der Kinder zu entwickeln. Dies haben wir nach bestem Wissen und Gewissen getan.<\/p>\n\n\n\n<div style=\"height:25px\" aria-hidden=\"true\" class=\"wp-block-spacer\"><\/div>\n\n\n\n<p style=\"font-size:16px\">Zum Schutz Ihrer Kinder haben wir in unserem Verein ein Konzept entwickelt, das aus folgenden Komponenten besteht:<\/p>\n\n\n\n<div style=\"height:25px\" aria-hidden=\"true\" class=\"wp-block-spacer\"><\/div>\n\n\n\n<div class=\"wp-block-columns has-background is-layout-flex wp-container-core-columns-is-layout-9d6595d7 wp-block-columns-is-layout-flex\" style=\"background-color:#f6f6f6\">\n<div class=\"wp-block-column is-layout-flow wp-block-column-is-layout-flow\" style=\"flex-basis:5%\"><\/div>\n\n\n\n<div class=\"wp-block-column is-layout-flow wp-block-column-is-layout-flow\" style=\"flex-basis:80%\">\n<ul class=\"wp-block-list\">\n<li>Einholung von erweiterten polizeilichen F\u00fchrungszeugnissen von \u00dcbungsleitern<\/li>\n\n\n\n<li>Die \u00dcbungsleiter unterschreiben einen Ehrenkodex<\/li>\n\n\n\n<li>Die \u00dcbungsleiter erhalten Verhaltensrichtlinien<\/li>\n\n\n\n<li>Wir werden zum Schutz der Kinder auf unserer Sportanlage im Sparkassen Sportpark und im Voith-Sportzentrum einschlie\u00dflich Tennishalle Videokameras zur \u00dcberwachung und zum Schutz installieren. Dieses Vorgehen haben wir mit der Landesbeauftragten f\u00fcr den Datenschutz und die Informationsfreiheit abgestimmt.<\/li>\n<\/ul>\n<\/div>\n\n\n\n<div class=\"wp-block-column is-layout-flow wp-block-column-is-layout-flow\" style=\"flex-basis:5%\"><\/div>\n<\/div>\n\n\n\n<div style=\"height:25px\" aria-hidden=\"true\" class=\"wp-block-spacer\"><\/div>\n\n\n\n<p style=\"font-size:16px\">Au\u00dferdem stehen Ihnen rund 20 Schutzbeauftragte zur Verf\u00fcgung, die Sie auch abteilungs\u00fcbergreifend ansprechen k\u00f6nnen, sollte Ihnen in diesem Bereich etwas auffallen.<\/p>\n\n\n\n<div style=\"height:50px\" aria-hidden=\"true\" class=\"wp-block-spacer\"><\/div>\n\n\n\n<h2 class=\"wp-block-heading\">Unsere Schutzbeauftragten<\/h2>\n\n\n\n<p><\/p>\n\n\n\n<table id=\"tablepress-82\" class=\"tablepress tablepress-id-82\">\n<thead>\n<tr class=\"row-1\">\n\t<th class=\"column-1\">Abteilung<\/th><th class=\"column-2\">Name<\/th><th class=\"column-3\">E-Mail<\/th><th class=\"column-4\">Telefonnummer<\/th><td class=\"column-5\"><\/td>\n<\/tr>\n<\/thead>\n<tbody class=\"row-striping row-hover\">\n<tr class=\"row-2\">\n\t<td class=\"column-1\">Aikido<\/td><td class=\"column-2\">Thomas Wolfram<\/td><td class=\"column-3\"><\/td><td class=\"column-4\">0157 81781315<\/td><td class=\"column-5\"><img loading=\"lazy\" decoding=\"async\" src=\"https:\/\/hsb1846.de\/wp-content\/uploads\/2024\/11\/Thomas-Wolfram-295x300.png\" alt=\"\" width=\"295\" height=\"300\" class=\"alignnone size-medium wp-image-16331\" srcset=\"https:\/\/hsb1846.de\/wp-content\/uploads\/2024\/11\/Thomas-Wolfram-295x300.png 295w, https:\/\/hsb1846.de\/wp-content\/uploads\/2024\/11\/Thomas-Wolfram-1061x1080.png 1061w, https:\/\/hsb1846.de\/wp-content\/uploads\/2024\/11\/Thomas-Wolfram-768x782.png 768w, https:\/\/hsb1846.de\/wp-content\/uploads\/2024\/11\/Thomas-Wolfram-12x12.png 12w, https:\/\/hsb1846.de\/wp-content\/uploads\/2024\/11\/Thomas-Wolfram.png 1440w\" sizes=\"auto, (max-width: 295px) 100vw, 295px\" \/><\/td>\n<\/tr>\n<tr class=\"row-3\">\n\t<td class=\"column-1\">American Football<\/td><td class=\"column-2\">Francesca K\u00f6pf<\/td><td class=\"column-3\">francesca.koepf@hsb1846.de<\/td><td class=\"column-4\"><\/td><td class=\"column-5\"><img loading=\"lazy\" decoding=\"async\" src=\"https:\/\/hsb1846.de\/wp-content\/uploads\/2025\/01\/Francesca-Koepf-200x300.jpg\" alt=\"\" width=\"200\" height=\"300\" class=\"alignnone size-medium wp-image-16646\" srcset=\"https:\/\/hsb1846.de\/wp-content\/uploads\/2025\/01\/Francesca-Koepf-200x300.jpg 200w, https:\/\/hsb1846.de\/wp-content\/uploads\/2025\/01\/Francesca-Koepf-720x1080.jpg 720w, https:\/\/hsb1846.de\/wp-content\/uploads\/2025\/01\/Francesca-Koepf-768x1153.jpg 768w, https:\/\/hsb1846.de\/wp-content\/uploads\/2025\/01\/Francesca-Koepf-1023x1536.jpg 1023w, https:\/\/hsb1846.de\/wp-content\/uploads\/2025\/01\/Francesca-Koepf-8x12.jpg 8w, https:\/\/hsb1846.de\/wp-content\/uploads\/2025\/01\/Francesca-Koepf.jpg 1066w\" sizes=\"auto, (max-width: 200px) 100vw, 200px\" \/><\/td>\n<\/tr>\n<tr class=\"row-4\">\n\t<td class=\"column-1\">Baseball<\/td><td class=\"column-2\">Kornelius Holl<\/td><td class=\"column-3\">kornelius@heidekoepfe.de<\/td><td class=\"column-4\">0171 4731607<\/td><td class=\"column-5\"><img loading=\"lazy\" decoding=\"async\" src=\"https:\/\/hsb1846.de\/wp-content\/uploads\/2022\/10\/Holl-Kornelius-300x224.jpg\" alt=\"\" width=\"300\" height=\"224\" class=\"alignnone size-medium wp-image-9953\" srcset=\"https:\/\/hsb1846.de\/wp-content\/uploads\/2022\/10\/Holl-Kornelius-300x224.jpg 300w, https:\/\/hsb1846.de\/wp-content\/uploads\/2022\/10\/Holl-Kornelius-768x575.jpg 768w, https:\/\/hsb1846.de\/wp-content\/uploads\/2022\/10\/Holl-Kornelius.jpg 1024w\" sizes=\"auto, (max-width: 300px) 100vw, 300px\" \/><\/td>\n<\/tr>\n<tr class=\"row-5\">\n\t<td class=\"column-1\">Basketball<\/td><td class=\"column-2\">Gesine Wi\u00dfler<\/td><td class=\"column-3\">dr.gesine.wi\u00dfler@hsb1846.de<\/td><td class=\"column-4\">0176 75816932<\/td><td class=\"column-5\"><\/td>\n<\/tr>\n<tr class=\"row-6\">\n\t<td class=\"column-1\">Fencing<\/td><td class=\"column-2\">Susanne Giebel<\/td><td class=\"column-3\"><\/td><td class=\"column-4\">07321 944114<\/td><td class=\"column-5\"><img loading=\"lazy\" decoding=\"async\" src=\"https:\/\/hsb1846.de\/wp-content\/uploads\/2022\/05\/Giebel_Susanne_2017_350_233_web-300x200.jpg\" alt=\"\" width=\"300\" height=\"200\" class=\"alignnone size-medium wp-image-5185\" srcset=\"https:\/\/hsb1846.de\/wp-content\/uploads\/2022\/05\/Giebel_Susanne_2017_350_233_web-300x200.jpg 300w, https:\/\/hsb1846.de\/wp-content\/uploads\/2022\/05\/Giebel_Susanne_2017_350_233_web.jpg 350w\" sizes=\"auto, (max-width: 300px) 100vw, 300px\" \/><\/td>\n<\/tr>\n<tr class=\"row-7\">\n\t<td class=\"column-1\">fitplus<\/td><td class=\"column-2\">Elisabeth Stutzmiller<\/td><td class=\"column-3\">elisabeth.stutzmiller@hsb1846.de<\/td><td class=\"column-4\">0157 87913718<\/td><td class=\"column-5\"><img loading=\"lazy\" decoding=\"async\" src=\"https:\/\/hsb1846.de\/wp-content\/uploads\/2024\/11\/Elisabeth-Stutzmiller-200x300.jpg\" alt=\"\" width=\"200\" height=\"300\" class=\"alignnone size-medium wp-image-16325\" srcset=\"https:\/\/hsb1846.de\/wp-content\/uploads\/2024\/11\/Elisabeth-Stutzmiller-200x300.jpg 200w, https:\/\/hsb1846.de\/wp-content\/uploads\/2024\/11\/Elisabeth-Stutzmiller-720x1080.jpg 720w, https:\/\/hsb1846.de\/wp-content\/uploads\/2024\/11\/Elisabeth-Stutzmiller-768x1152.jpg 768w, https:\/\/hsb1846.de\/wp-content\/uploads\/2024\/11\/Elisabeth-Stutzmiller-1024x1536.jpg 1024w, https:\/\/hsb1846.de\/wp-content\/uploads\/2024\/11\/Elisabeth-Stutzmiller-8x12.jpg 8w, https:\/\/hsb1846.de\/wp-content\/uploads\/2024\/11\/Elisabeth-Stutzmiller.jpg 1365w\" sizes=\"auto, (max-width: 200px) 100vw, 200px\" \/><\/td>\n<\/tr>\n<tr class=\"row-8\">\n\t<td class=\"column-1\">Gesch\u00e4ftsstelle<\/td><td class=\"column-2\">Melanie Hipp<\/td><td class=\"column-3\">melanie.hipp@hsb1846.de<\/td><td class=\"column-4\"><\/td><td class=\"column-5\"><img loading=\"lazy\" decoding=\"async\" src=\"https:\/\/hsb1846.de\/wp-content\/uploads\/2024\/07\/Melanie-Hipp-300x200.jpg\" alt=\"\" width=\"300\" height=\"200\" class=\"alignnone size-medium wp-image-15336\" srcset=\"https:\/\/hsb1846.de\/wp-content\/uploads\/2024\/07\/Melanie-Hipp-300x200.jpg 300w, https:\/\/hsb1846.de\/wp-content\/uploads\/2024\/07\/Melanie-Hipp-1620x1080.jpg 1620w, https:\/\/hsb1846.de\/wp-content\/uploads\/2024\/07\/Melanie-Hipp-768x512.jpg 768w, https:\/\/hsb1846.de\/wp-content\/uploads\/2024\/07\/Melanie-Hipp-1536x1024.jpg 1536w, https:\/\/hsb1846.de\/wp-content\/uploads\/2024\/07\/Melanie-Hipp-2048x1365.jpg 2048w, https:\/\/hsb1846.de\/wp-content\/uploads\/2024\/07\/Melanie-Hipp-18x12.jpg 18w\" sizes=\"auto, (max-width: 300px) 100vw, 300px\" \/><\/td>\n<\/tr>\n<tr class=\"row-9\">\n\t<td class=\"column-1\">Gesch\u00e4ftsf\u00fchrerin<\/td><td class=\"column-2\">Sylvia Ritz<\/td><td class=\"column-3\">sylvia.ritz@hsb1846.de<\/td><td class=\"column-4\">07321 22660<\/td><td class=\"column-5\"><img loading=\"lazy\" decoding=\"async\" src=\"https:\/\/hsb1846.de\/wp-content\/uploads\/2022\/05\/Ritz_Sylvia_350_233_web-300x200.jpg\" alt=\"\" width=\"300\" height=\"200\" class=\"alignnone size-medium wp-image-5184\" srcset=\"https:\/\/hsb1846.de\/wp-content\/uploads\/2022\/05\/Ritz_Sylvia_350_233_web-300x200.jpg 300w, https:\/\/hsb1846.de\/wp-content\/uploads\/2022\/05\/Ritz_Sylvia_350_233_web.jpg 350w\" sizes=\"auto, (max-width: 300px) 100vw, 300px\" \/><\/td>\n<\/tr>\n<tr class=\"row-10\">\n\t<td class=\"column-1\">Hockey<\/td><td class=\"column-2\">Simon Eberhardt<\/td><td class=\"column-3\"><\/td><td class=\"column-4\">0171 9800982<\/td><td class=\"column-5\"><\/td>\n<\/tr>\n<tr class=\"row-11\">\n\t<td class=\"column-1\">Internat<\/td><td class=\"column-2\">Johannes Weber<\/td><td class=\"column-3\">johannes.weber@hsb-sportinternat.de<\/td><td class=\"column-4\"><\/td><td class=\"column-5\"><img loading=\"lazy\" decoding=\"async\" src=\"https:\/\/hsb1846.de\/wp-content\/uploads\/2024\/11\/Johannes-Weber-225x300.jpg\" alt=\"\" width=\"225\" height=\"300\" class=\"alignnone size-medium wp-image-16326\" srcset=\"https:\/\/hsb1846.de\/wp-content\/uploads\/2024\/11\/Johannes-Weber-225x300.jpg 225w, https:\/\/hsb1846.de\/wp-content\/uploads\/2024\/11\/Johannes-Weber-810x1080.jpg 810w, https:\/\/hsb1846.de\/wp-content\/uploads\/2024\/11\/Johannes-Weber-768x1024.jpg 768w, https:\/\/hsb1846.de\/wp-content\/uploads\/2024\/11\/Johannes-Weber-1152x1536.jpg 1152w, https:\/\/hsb1846.de\/wp-content\/uploads\/2024\/11\/Johannes-Weber-1536x2048.jpg 1536w, https:\/\/hsb1846.de\/wp-content\/uploads\/2024\/11\/Johannes-Weber-9x12.jpg 9w, https:\/\/hsb1846.de\/wp-content\/uploads\/2024\/11\/Johannes-Weber-scaled.jpg 1920w\" sizes=\"auto, (max-width: 225px) 100vw, 225px\" \/><\/td>\n<\/tr>\n<tr class=\"row-12\">\n\t<td class=\"column-1\">Karate<\/td><td class=\"column-2\">Irmgard Rau<\/td><td class=\"column-3\"><\/td><td class=\"column-4\">07321 66952<\/td><td class=\"column-5\"><\/td>\n<\/tr>\n<tr class=\"row-13\">\n\t<td class=\"column-1\">KiB<\/td><td class=\"column-2\">Sabine Joos<\/td><td class=\"column-3\">sabine.joos@hsb1846.de<\/td><td class=\"column-4\">0151 58878696<\/td><td class=\"column-5\"><img loading=\"lazy\" decoding=\"async\" src=\"https:\/\/hsb1846.de\/wp-content\/uploads\/2024\/11\/Sabine-Joos-225x300.jpg\" alt=\"\" width=\"225\" height=\"300\" class=\"alignnone size-medium wp-image-16330\" srcset=\"https:\/\/hsb1846.de\/wp-content\/uploads\/2024\/11\/Sabine-Joos-225x300.jpg 225w, https:\/\/hsb1846.de\/wp-content\/uploads\/2024\/11\/Sabine-Joos-810x1080.jpg 810w, https:\/\/hsb1846.de\/wp-content\/uploads\/2024\/11\/Sabine-Joos-768x1024.jpg 768w, https:\/\/hsb1846.de\/wp-content\/uploads\/2024\/11\/Sabine-Joos-1152x1536.jpg 1152w, https:\/\/hsb1846.de\/wp-content\/uploads\/2024\/11\/Sabine-Joos-9x12.jpg 9w, https:\/\/hsb1846.de\/wp-content\/uploads\/2024\/11\/Sabine-Joos.jpg 1512w\" sizes=\"auto, (max-width: 225px) 100vw, 225px\" \/><\/td>\n<\/tr>\n<tr class=\"row-14\">\n\t<td class=\"column-1\">Leichtathletik<\/td><td class=\"column-2\">Ronja M\u00fcller<\/td><td class=\"column-3\">ronja.mueller@hsb1846.de<\/td><td class=\"column-4\"><\/td><td class=\"column-5\"><img loading=\"lazy\" decoding=\"async\" src=\"https:\/\/hsb1846.de\/wp-content\/uploads\/2024\/11\/Ronja-Mueller-200x300.jpg\" alt=\"\" width=\"200\" height=\"300\" class=\"alignnone size-medium wp-image-16329\" srcset=\"https:\/\/hsb1846.de\/wp-content\/uploads\/2024\/11\/Ronja-Mueller-200x300.jpg 200w, https:\/\/hsb1846.de\/wp-content\/uploads\/2024\/11\/Ronja-Mueller-720x1080.jpg 720w, https:\/\/hsb1846.de\/wp-content\/uploads\/2024\/11\/Ronja-Mueller-768x1152.jpg 768w, https:\/\/hsb1846.de\/wp-content\/uploads\/2024\/11\/Ronja-Mueller-1024x1536.jpg 1024w, https:\/\/hsb1846.de\/wp-content\/uploads\/2024\/11\/Ronja-Mueller-1365x2048.jpg 1365w, https:\/\/hsb1846.de\/wp-content\/uploads\/2024\/11\/Ronja-Mueller-8x12.jpg 8w, https:\/\/hsb1846.de\/wp-content\/uploads\/2024\/11\/Ronja-Mueller-scaled.jpg 1707w\" sizes=\"auto, (max-width: 200px) 100vw, 200px\" \/><\/td>\n<\/tr>\n<tr class=\"row-15\">\n\t<td class=\"column-1\">Rhythmische Sportgymnastik<\/td><td class=\"column-2\">Luisa Donisz<\/td><td class=\"column-3\">luisa.donisz@hsb1846.de<\/td><td class=\"column-4\">0151-3613805<\/td><td class=\"column-5\"><\/td>\n<\/tr>\n<tr class=\"row-16\">\n\t<td class=\"column-1\">Sambo<\/td><td class=\"column-2\">Anastasia Weber<\/td><td class=\"column-3\">anastasia.weber@hsb1846.de<\/td><td class=\"column-4\"><\/td><td class=\"column-5\"><img loading=\"lazy\" decoding=\"async\" src=\"https:\/\/hsb1846.de\/wp-content\/uploads\/2024\/11\/Anastasia-Weber-273x300.jpg\" alt=\"\" width=\"273\" height=\"300\" class=\"alignnone size-medium wp-image-16324\" srcset=\"https:\/\/hsb1846.de\/wp-content\/uploads\/2024\/11\/Anastasia-Weber-273x300.jpg 273w, https:\/\/hsb1846.de\/wp-content\/uploads\/2024\/11\/Anastasia-Weber-11x12.jpg 11w, https:\/\/hsb1846.de\/wp-content\/uploads\/2024\/11\/Anastasia-Weber.jpg 712w\" sizes=\"auto, (max-width: 273px) 100vw, 273px\" \/><\/td>\n<\/tr>\n<tr class=\"row-17\">\n\t<td class=\"column-1\">Schwimmen<\/td><td class=\"column-2\">Tobias Lober<\/td><td class=\"column-3\">tobias.lober@hsb1846.de<\/td><td class=\"column-4\"><\/td><td class=\"column-5\"><\/td>\n<\/tr>\n<tr class=\"row-18\">\n\t<td class=\"column-1\">Tennis<\/td><td class=\"column-2\">Lukas Wiedenmann<\/td><td class=\"column-3\">lukas.wiedenmann@hsb1846.de<\/td><td class=\"column-4\">0174 3612805<\/td><td class=\"column-5\"><img loading=\"lazy\" decoding=\"async\" src=\"https:\/\/hsb1846.de\/wp-content\/uploads\/2024\/11\/Lukas-Wiedenmann-225x300.jpg\" alt=\"\" width=\"225\" height=\"300\" class=\"alignnone size-medium wp-image-16328\" srcset=\"https:\/\/hsb1846.de\/wp-content\/uploads\/2024\/11\/Lukas-Wiedenmann-225x300.jpg 225w, https:\/\/hsb1846.de\/wp-content\/uploads\/2024\/11\/Lukas-Wiedenmann-809x1080.jpg 809w, https:\/\/hsb1846.de\/wp-content\/uploads\/2024\/11\/Lukas-Wiedenmann-768x1025.jpg 768w, https:\/\/hsb1846.de\/wp-content\/uploads\/2024\/11\/Lukas-Wiedenmann-9x12.jpg 9w, https:\/\/hsb1846.de\/wp-content\/uploads\/2024\/11\/Lukas-Wiedenmann.jpg 969w\" sizes=\"auto, (max-width: 225px) 100vw, 225px\" \/><\/td>\n<\/tr>\n<tr class=\"row-19\">\n\t<td class=\"column-1\">Turnen<\/td><td class=\"column-2\">Louis Greschner<\/td><td class=\"column-3\"><\/td><td class=\"column-4\"><\/td><td class=\"column-5\"><img loading=\"lazy\" decoding=\"async\" src=\"https:\/\/hsb1846.de\/wp-content\/uploads\/2024\/11\/Louis-Greschner-225x300.png\" alt=\"\" width=\"225\" height=\"300\" class=\"alignnone size-medium wp-image-16327\" srcset=\"https:\/\/hsb1846.de\/wp-content\/uploads\/2024\/11\/Louis-Greschner-225x300.png 225w, https:\/\/hsb1846.de\/wp-content\/uploads\/2024\/11\/Louis-Greschner-810x1080.png 810w, https:\/\/hsb1846.de\/wp-content\/uploads\/2024\/11\/Louis-Greschner-768x1024.png 768w, https:\/\/hsb1846.de\/wp-content\/uploads\/2024\/11\/Louis-Greschner-1152x1536.png 1152w, https:\/\/hsb1846.de\/wp-content\/uploads\/2024\/11\/Louis-Greschner-1536x2048.png 1536w, https:\/\/hsb1846.de\/wp-content\/uploads\/2024\/11\/Louis-Greschner-9x12.png 9w, https:\/\/hsb1846.de\/wp-content\/uploads\/2024\/11\/Louis-Greschner.png 1827w\" sizes=\"auto, (max-width: 225px) 100vw, 225px\" \/><\/td>\n<\/tr>\n<tr class=\"row-20\">\n\t<td class=\"column-1\">Volleyball<\/td><td class=\"column-2\">Hanno Dienstbach<\/td><td class=\"column-3\"><\/td><td class=\"column-4\"><\/td><td class=\"column-5\"><\/td>\n<\/tr>\n<\/tbody>\n<\/table>\n<!-- #tablepress-82 from cache -->\n\n\n\n<p><\/p>\n\n\n\n<div style=\"height:50px\" aria-hidden=\"true\" class=\"wp-block-spacer\"><\/div>","protected":false},"excerpt":{"rendered":"<p>Schutz Minderj\u00e4hriger Unser Konzept zum Schutz Minderj\u00e4hriger vor sexuellen \u00dcbergriffen Liebe Eltern, sicherlich haben Sie auch schon in den Medien von F\u00e4llen sexueller \u00dcbergriffe gegen\u00fcber Minderj\u00e4hrigen geh\u00f6rt oder gelesen. Leider macht dieses Thema auch vor den Sportvereinen nicht halt. Der Gesetzgeber hat die Sportvereine dazu aufgerufen, Konzepte zum Schutz der Kinder zu entwickeln. Dies haben [&hellip;]<\/p>\n","protected":false},"author":1,"featured_media":0,"parent":4216,"menu_order":20,"comment_status":"closed","ping_status":"closed","template":"","meta":{"footnotes":""},"class_list":["post-4768","page","type-page","status-publish","hentry"],"aioseo_notices":[],"_links":{"self":[{"href":"https:\/\/hsb1846.de\/en\/wp-json\/wp\/v2\/pages\/4768","targetHints":{"allow":["GET"]}}],"collection":[{"href":"https:\/\/hsb1846.de\/en\/wp-json\/wp\/v2\/pages"}],"about":[{"href":"https:\/\/hsb1846.de\/en\/wp-json\/wp\/v2\/types\/page"}],"author":[{"embeddable":true,"href":"https:\/\/hsb1846.de\/en\/wp-json\/wp\/v2\/users\/1"}],"replies":[{"embeddable":true,"href":"https:\/\/hsb1846.de\/en\/wp-json\/wp\/v2\/comments?post=4768"}],"version-history":[{"count":24,"href":"https:\/\/hsb1846.de\/en\/wp-json\/wp\/v2\/pages\/4768\/revisions"}],"predecessor-version":[{"id":16385,"href":"https:\/\/hsb1846.de\/en\/wp-json\/wp\/v2\/pages\/4768\/revisions\/16385"}],"up":[{"embeddable":true,"href":"https:\/\/hsb1846.de\/en\/wp-json\/wp\/v2\/pages\/4216"}],"wp:attachment":[{"href":"https:\/\/hsb1846.de\/en\/wp-json\/wp\/v2\/media?parent=4768"}],"curies":[{"name":"wp","href":"https:\/\/api.w.org\/{rel}","templated":true}]}}