{"id":4778,"date":"2022-04-13T14:01:50","date_gmt":"2022-04-13T12:01:50","guid":{"rendered":"https:\/\/2022.hsb1846.de\/?page_id=4778"},"modified":"2025-04-28T11:25:44","modified_gmt":"2025-04-28T09:25:44","slug":"mitgliedschaft","status":"publish","type":"page","link":"https:\/\/hsb1846.de\/en\/home\/verein\/mitgliedschaft\/","title":{"rendered":"Mitgliedschaft"},"content":{"rendered":"<div style=\"height:50px\" aria-hidden=\"true\" class=\"wp-block-spacer\"><\/div>\n\n\n\n<p class=\"has-text-align-center has-text-color has-background\" style=\"color:#02147e;background-color:#f6f6f6;font-size:25px\"><a href=\"https:\/\/hsb1846.de\/wp-content\/uploads\/2025\/04\/hsb-Beitrittserklaerung-interaktiv-04-25-D.pdf\" target=\"_blank\" rel=\"noopener\" title=\"\">Beitrittserkl\u00e4rung<\/a><\/p>\n\n\n\n<div style=\"height:50px\" aria-hidden=\"true\" class=\"wp-block-spacer\"><\/div>\n\n\n\n<h1 class=\"wp-block-heading\">Informationen Mitgliedschaft<\/h1>\n\n\n\n<div style=\"height:50px\" aria-hidden=\"true\" class=\"wp-block-spacer\"><\/div>\n\n\n\n<div class=\"wp-block-columns has-background is-layout-flex wp-container-core-columns-is-layout-9d6595d7 wp-block-columns-is-layout-flex\" style=\"background-color:#f6f6f6\">\n<div class=\"wp-block-column is-layout-flow wp-block-column-is-layout-flow\" style=\"flex-basis:5%\"><\/div>\n\n\n\n<div class=\"wp-block-column is-layout-flow wp-block-column-is-layout-flow\" style=\"flex-basis:42.5%\">\n<div style=\"height:25px\" aria-hidden=\"true\" class=\"wp-block-spacer\"><\/div>\n\n\n\n<h4 class=\"wp-block-heading\">hsb-Mitgliedschaft<\/h4>\n\n\n\n<div style=\"height:25px\" aria-hidden=\"true\" class=\"wp-block-spacer\"><\/div>\n\n\n\n<p>Wenn Sie st\u00e4ndig am Sportbetrieb des hsb teilnehmen, m\u00fcssen Sie Mitglied sein. Anmeldung bei der hsb-Gesch\u00e4ftsstelle, Wilhelmstra\u00dfe 198, 89518 Heidenheim, oder beim zust\u00e4ndigen \u00dcbungsleiter.<\/p>\n\n\n\n<p>Mit der hsb-Schnupperkarte k\u00f6nnen Sie kostenlos an zwei \u00dcbungsstunden teilnehmen. Wenn Sie ab der dritten Mitglied werden, steht Ihnen das umfassende hsb-Sport,- und Freizeitangebot zur Verf\u00fcgung.<\/p>\n\n\n\n<p>Beitrittserkl\u00e4rungen k\u00f6nnen Sie unter der Rubrik &#8222;Downloads&#8220; herunterladen, erhalten Sie in der Gesch\u00e4ftsstelle oder bei unseren \u00dcbungsleiter\/innen oder Trainer\/innen.<\/p>\n<\/div>\n\n\n\n<div class=\"wp-block-column is-layout-flow wp-block-column-is-layout-flow\" style=\"flex-basis:5%\"><\/div>\n\n\n\n<div class=\"wp-block-column is-layout-flow wp-block-column-is-layout-flow\" style=\"flex-basis:42.5%\">\n<div style=\"height:25px\" aria-hidden=\"true\" class=\"wp-block-spacer\"><\/div>\n\n\n\n<h4 class=\"wp-block-heading\">Hinweis an die Eltern<\/h4>\n\n\n\n<div style=\"height:25px\" aria-hidden=\"true\" class=\"wp-block-spacer\"><\/div>\n\n\n\n<p>Ihr Kind nimmt am Sportbetrieb des hsb teil.<\/p>\n\n\n\n<p>Es kann vorkommen, dass durch ungew\u00f6hnliche Umst\u00e4nde eine \u00dcbungseinheit entf\u00e4llt. Wir bem\u00fchen uns, Sie rechtzeitig zu informieren. Wenn Sie Ihr Kind zur \u00dcbungsstunde bringen, informieren Sie sich bitte immer, ob diese auch stattfindet.<\/p>\n\n\n\n<p>Wenn Sie wissen, dass Ihr Kind einer st\u00e4ndigen Aufsicht bedarf, bitten wir Sie dringend, Ihr Kind zu Beginn einer jeden \u00dcbungseinheit beim \u00dcbungsleiter pers\u00f6nlich abzugeben und zum Schluss beim \u00dcbungsleiter pers\u00f6nlich wieder rechtzeitig abzuholen.<\/p>\n\n\n\n<div style=\"height:25px\" aria-hidden=\"true\" class=\"wp-block-spacer\"><\/div>\n\n\n\n<p><strong>Bei Fahrl\u00e4ssigkeit der Eltern \u00fcbernehmen wir keine Garantie &amp; Haftung!<\/strong><\/p>\n<\/div>\n\n\n\n<div class=\"wp-block-column is-layout-flow wp-block-column-is-layout-flow\" style=\"flex-basis:5%\"><\/div>\n<\/div>\n\n\n\n<div style=\"height:50px\" aria-hidden=\"true\" class=\"wp-block-spacer\"><\/div>\n\n\n\n<div class=\"wp-block-columns has-background is-layout-flex wp-container-core-columns-is-layout-9d6595d7 wp-block-columns-is-layout-flex\" style=\"background-color:#f6f6f6\">\n<div class=\"wp-block-column is-layout-flow wp-block-column-is-layout-flow\" style=\"flex-basis:5%\"><\/div>\n\n\n\n<div class=\"wp-block-column is-layout-flow wp-block-column-is-layout-flow\" style=\"flex-basis:42.5%\">\n<div style=\"height:25px\" aria-hidden=\"true\" class=\"wp-block-spacer\"><\/div>\n\n\n\n<h4 class=\"wp-block-heading\">Sportversicherung<\/h4>\n\n\n\n<div style=\"height:25px\" aria-hidden=\"true\" class=\"wp-block-spacer\"><\/div>\n\n\n\n<p>hsb-Mitglieder sind \u00fcber den W\u00fcrttembergischen Landessportbund (WLSB) gegen Sportunf\u00e4lle versichert.<\/p>\n\n\n\n<div style=\"height:25px\" aria-hidden=\"true\" class=\"wp-block-spacer\"><\/div>\n\n\n\n<p>Wichtig ist bei einem Sportunfall die sofortige Meldung an die hsb-Gesch\u00e4ftsstelle. Dazu steht Ihnen ein Formular im Bereich Service-Downloads bereit. Die \u00e4rztliche Versorgung und Behandlung haben jedoch ganz normal \u00fcber die zust\u00e4ndige Krankenkasse zu erfolgen, da die Sportversicherung keine private Unfallversicherung ist, sondern&nbsp;eine Zusatzversicherung f\u00fcr Folgesch\u00e4den.<\/p>\n\n\n\n<div style=\"height:25px\" aria-hidden=\"true\" class=\"wp-block-spacer\"><\/div>\n\n\n\n<p>Weiterhin hat der hsb eine Zusatzkaskoversicherung f\u00fcr den Einsatz von Pkws abgeschlossen mit einer Selbstbeteiligung von 153,00\u20ac. Auch hier ist im Schadensfall eine umgehende Meldung an die hsb-Gesch\u00e4ftsstelle erforderlich.<\/p>\n\n\n\n<div style=\"height:25px\" aria-hidden=\"true\" class=\"wp-block-spacer\"><\/div>\n\n\n\n<p>Wenn Sie weiteren Informationsbedarf haben, sprechen Sie mit unseren Mitarbeiterinnen in der hsb-Gesch\u00e4ftsstelle.<\/p>\n<\/div>\n\n\n\n<div class=\"wp-block-column is-layout-flow wp-block-column-is-layout-flow\" style=\"flex-basis:5%\"><\/div>\n\n\n\n<div class=\"wp-block-column is-layout-flow wp-block-column-is-layout-flow\" style=\"flex-basis:42.5%\">\n<div style=\"height:25px\" aria-hidden=\"true\" class=\"wp-block-spacer\"><\/div>\n\n\n\n<h4 class=\"wp-block-heading\">Aktuelle Beitragss\u00e4tze<\/h4>\n\n\n\n<div style=\"height:25px\" aria-hidden=\"true\" class=\"wp-block-spacer\"><\/div>\n\n\n\n<p>Der Heidenheimer Sportbund erhebt lt. Beschluss der au\u00dferordentlichen Hauptversammlung vom 13. Oktober 2023 viertelj\u00e4hrlich Mitgliedsbeitr\u00e4ge.<\/p>\n\n\n\n<div style=\"height:25px\" aria-hidden=\"true\" class=\"wp-block-spacer\"><\/div>\n\n\n\n<p>Die K\u00fcndigungsfrist f\u00fcr die Mitgliedschaft betr\u00e4gt einen Monat zum Quartalsende.<\/p>\n\n\n\n<div style=\"height:25px\" aria-hidden=\"true\" class=\"wp-block-spacer\"><\/div>\n\n\n\n<p><strong>Abteilungen k\u00f6nnen zus\u00e4tzlich einen Beitrag erheben.<br><br><\/strong>Unser Beitrittsformular k\u00f6nnen Sie unter der Rubrik &#8222;Service-Downloads&#8220; herunterladen. Bitte geben Sie das Formular vollst\u00e4ndig ausgef\u00fcllt und unterschrieben in der hsb-Gesch\u00e4ftsstelle in der Wilhelmstra\u00dfe 198 ab.<\/p>\n\n\n\n<div style=\"height:25px\" aria-hidden=\"true\" class=\"wp-block-spacer\"><\/div>\n<\/div>\n\n\n\n<div class=\"wp-block-column is-layout-flow wp-block-column-is-layout-flow\" style=\"flex-basis:5%\"><\/div>\n<\/div>\n\n\n\n<div style=\"height:50px\" aria-hidden=\"true\" class=\"wp-block-spacer\"><\/div>\n\n\n\n<h2 class=\"wp-block-heading\">Mitgliedsbeitr\u00e4ge pro Person und Quartal<\/h2>\n\n\n\n<div style=\"height:50px\" aria-hidden=\"true\" class=\"wp-block-spacer\"><\/div>\n\n\n\n<table id=\"tablepress-1\" class=\"tablepress tablepress-id-1\">\n<tbody class=\"row-striping row-hover\">\n<tr class=\"row-1\">\n\t<td class=\"column-1\">Erwachsene<\/td><td class=\"column-2\">31,00 \u20ac<\/td>\n<\/tr>\n<tr class=\"row-2\">\n\t<td class=\"column-1\">Erwachsene erm\u00e4\u00dfigt*<\/td><td class=\"column-2\">21,00 \u20ac<\/td>\n<\/tr>\n<tr class=\"row-3\">\n\t<td class=\"column-1\">1. Kind<\/td><td class=\"column-2\">21,00 \u20ac<\/td>\n<\/tr>\n<tr class=\"row-4\">\n\t<td class=\"column-1\">2. Kind<\/td><td class=\"column-2\">20,00 \u20ac<\/td>\n<\/tr>\n<tr class=\"row-5\">\n\t<td class=\"column-1\">3. Kind<\/td><td class=\"column-2\">15,00 \u20ac<\/td>\n<\/tr>\n<tr class=\"row-6\">\n\t<td class=\"column-1\">Rentner<\/td><td class=\"column-2\">25,00 \u20ac<\/td>\n<\/tr>\n<tr class=\"row-7\">\n\t<td class=\"column-1\">Passiv<\/td><td class=\"column-2\">20,00 \u20ac<\/td>\n<\/tr>\n<\/tbody>\n<\/table>\n<!-- #tablepress-1 from cache -->\n\n\n\n<p>*Sch\u00fcler, Studierende, Auszubildende, BFD, FSJ, F\u00d6J<\/p>\n\n\n\n<div style=\"height:50px\" aria-hidden=\"true\" class=\"wp-block-spacer\"><\/div>\n\n\n\n<p><\/p>\n\n\n\n<h2 class=\"wp-block-heading\">Aufnahmegeb\u00fchren<\/h2>\n\n\n\n<div style=\"height:50px\" aria-hidden=\"true\" class=\"wp-block-spacer\"><\/div>\n\n\n\n<table id=\"tablepress-5\" class=\"tablepress tablepress-id-5 tablepress-2-spalten\">\n<tbody class=\"row-striping row-hover\">\n<tr class=\"row-1\">\n\t<td class=\"column-1\">pro Person<\/td><td class=\"column-2\">10,00 \u20ac<\/td>\n<\/tr>\n<\/tbody>\n<\/table>\n<!-- #tablepress-5 from cache -->\n\n\n\n<div style=\"height:50px\" aria-hidden=\"true\" class=\"wp-block-spacer\"><\/div>\n\n\n\n<h2 class=\"wp-block-heading\">Geb\u00fchren<\/h2>\n\n\n\n<div style=\"height:50px\" aria-hidden=\"true\" class=\"wp-block-spacer\"><\/div>\n\n\n\n<table id=\"tablepress-6\" class=\"tablepress tablepress-id-6 tablepress-2-spalten\">\n<tbody class=\"row-striping row-hover\">\n<tr class=\"row-1\">\n\t<td class=\"column-1\">Jede Mahnung\/Rechnung<\/td><td class=\"column-2\">10,00\u20ac<\/td>\n<\/tr>\n<\/tbody>\n<\/table>\n<!-- #tablepress-6 from cache -->\n\n\n\n<div style=\"height:50px\" aria-hidden=\"true\" class=\"wp-block-spacer\"><\/div>\n\n\n\n<div class=\"wp-block-columns has-background is-layout-flex wp-container-core-columns-is-layout-9d6595d7 wp-block-columns-is-layout-flex\" style=\"background-color:#f6f6f6\">\n<div class=\"wp-block-column is-layout-flow wp-block-column-is-layout-flow\" style=\"flex-basis:5%\"><\/div>\n\n\n\n<div class=\"wp-block-column is-layout-flow wp-block-column-is-layout-flow\" style=\"flex-basis:42.5%\">\n<div style=\"height:25px\" aria-hidden=\"true\" class=\"wp-block-spacer\"><\/div>\n\n\n\n<h4 class=\"wp-block-heading\">F\u00e4lligkeit:<\/h4>\n\n\n\n<div style=\"height:25px\" aria-hidden=\"true\" class=\"wp-block-spacer\"><\/div>\n\n\n\n<p>Der Quartalsbeitrag wird Mitte des&nbsp;Quartal f\u00fcr das laufende Quartal f\u00e4llig.<\/p>\n\n\n\n<div style=\"height:25px\" aria-hidden=\"true\" class=\"wp-block-spacer\"><\/div>\n\n\n\n<p>Kennen Sie schon den&nbsp;<strong>F\u00d6RDERPASS&nbsp;<\/strong>der Stadt Heidenheim?<\/p>\n\n\n\n<div style=\"height:25px\" aria-hidden=\"true\" class=\"wp-block-spacer\"><\/div>\n\n\n\n<p>Vereinsmitglieder bis zur Vollendung des 18. Lebensjahres erhalten eine&nbsp;<strong>Erm\u00e4\u00dfigung in&nbsp;H\u00f6he von 10,00 \u20ac&nbsp;<\/strong>pro Kalenderjahr auf den Vereinsmitgliedsbeitrag.<br>F\u00f6rderpassberechtigt sind Familien und Einzelpersonen, deren Einkommen die Einkommensgrenze des Wohngeldgesetzes unterschreiten und deren Hauptwohnsitz Heidenheim ist. <\/p>\n\n\n\n<div style=\"height:25px\" aria-hidden=\"true\" class=\"wp-block-spacer\"><\/div>\n<\/div>\n\n\n\n<div class=\"wp-block-column is-layout-flow wp-block-column-is-layout-flow\" style=\"flex-basis:5%\"><\/div>\n\n\n\n<div class=\"wp-block-column is-layout-flow wp-block-column-is-layout-flow\" style=\"flex-basis:42.5%\">\n<div style=\"height:25px\" aria-hidden=\"true\" class=\"wp-block-spacer\"><\/div>\n\n\n\n<div style=\"height:25px\" aria-hidden=\"true\" class=\"wp-block-spacer\"><\/div>\n\n\n\n<div style=\"height:118px\" aria-hidden=\"true\" class=\"wp-block-spacer\"><\/div>\n\n\n\n<p><strong>Antragstellung:<\/strong><\/p>\n\n\n\n<div style=\"height:25px\" aria-hidden=\"true\" class=\"wp-block-spacer\"><\/div>\n\n\n\n<p>Wohngeldabteilung der Stadtverwaltung Heidenheim, Zimmer &#8211; NR. 406 &#8211; 409.<\/p>\n\n\n\n<div style=\"height:25px\" aria-hidden=\"true\" class=\"wp-block-spacer\"><\/div>\n\n\n\n<div style=\"height:25px\" aria-hidden=\"true\" class=\"wp-block-spacer\"><\/div>\n<\/div>\n\n\n\n<div class=\"wp-block-column is-layout-flow wp-block-column-is-layout-flow\" style=\"flex-basis:5%\"><\/div>\n<\/div>\n\n\n\n<div style=\"height:50px\" aria-hidden=\"true\" class=\"wp-block-spacer\"><\/div>\n\n\n\n<p><\/p>","protected":false},"excerpt":{"rendered":"<p>Beitrittserkl\u00e4rung Informationen Mitgliedschaft hsb-Mitgliedschaft Wenn Sie st\u00e4ndig am Sportbetrieb des hsb teilnehmen, m\u00fcssen Sie Mitglied sein. Anmeldung bei der hsb-Gesch\u00e4ftsstelle, Wilhelmstra\u00dfe 198, 89518 Heidenheim, oder beim zust\u00e4ndigen \u00dcbungsleiter. Mit der hsb-Schnupperkarte k\u00f6nnen Sie kostenlos an zwei \u00dcbungsstunden teilnehmen. Wenn Sie ab der dritten Mitglied werden, steht Ihnen das umfassende hsb-Sport,- und Freizeitangebot zur Verf\u00fcgung. Beitrittserkl\u00e4rungen [&hellip;]<\/p>\n","protected":false},"author":1,"featured_media":0,"parent":4105,"menu_order":17,"comment_status":"closed","ping_status":"closed","template":"","meta":{"footnotes":""},"class_list":["post-4778","page","type-page","status-publish","hentry"],"aioseo_notices":[],"_links":{"self":[{"href":"https:\/\/hsb1846.de\/en\/wp-json\/wp\/v2\/pages\/4778","targetHints":{"allow":["GET"]}}],"collection":[{"href":"https:\/\/hsb1846.de\/en\/wp-json\/wp\/v2\/pages"}],"about":[{"href":"https:\/\/hsb1846.de\/en\/wp-json\/wp\/v2\/types\/page"}],"author":[{"embeddable":true,"href":"https:\/\/hsb1846.de\/en\/wp-json\/wp\/v2\/users\/1"}],"replies":[{"embeddable":true,"href":"https:\/\/hsb1846.de\/en\/wp-json\/wp\/v2\/comments?post=4778"}],"version-history":[{"count":68,"href":"https:\/\/hsb1846.de\/en\/wp-json\/wp\/v2\/pages\/4778\/revisions"}],"predecessor-version":[{"id":17232,"href":"https:\/\/hsb1846.de\/en\/wp-json\/wp\/v2\/pages\/4778\/revisions\/17232"}],"up":[{"embeddable":true,"href":"https:\/\/hsb1846.de\/en\/wp-json\/wp\/v2\/pages\/4105"}],"wp:attachment":[{"href":"https:\/\/hsb1846.de\/en\/wp-json\/wp\/v2\/media?parent=4778"}],"curies":[{"name":"wp","href":"https:\/\/api.w.org\/{rel}","templated":true}]}}