{"id":4782,"date":"2022-04-13T14:03:44","date_gmt":"2022-04-13T12:03:44","guid":{"rendered":"https:\/\/2022.hsb1846.de\/?page_id=4782"},"modified":"2024-09-28T12:05:08","modified_gmt":"2024-09-28T10:05:08","slug":"archiv-buecher","status":"publish","type":"page","link":"https:\/\/hsb1846.de\/en\/home\/verein\/service\/archiv-buecher\/","title":{"rendered":"Archiv B\u00fccher"},"content":{"rendered":"<div style=\"height:50px\" aria-hidden=\"true\" class=\"wp-block-spacer\"><\/div>\n\n\n\n<h1 class=\"wp-block-heading\">Chronik in 4 B\u00e4nden<\/h1>\n\n\n\n<div style=\"height:50px\" aria-hidden=\"true\" class=\"wp-block-spacer\"><\/div>\n\n\n\n<div class=\"wp-block-columns alignfull is-layout-flex wp-container-core-columns-is-layout-9d6595d7 wp-block-columns-is-layout-flex\">\n<div class=\"wp-block-column is-vertically-aligned-center has-white-background-color has-background is-layout-flow wp-block-column-is-layout-flow\" style=\"padding-top:1em;padding-right:1em;padding-bottom:1em;padding-left:1em\">\n<div class=\"wp-block-columns has-white-background-color has-background is-layout-flex wp-container-core-columns-is-layout-9d6595d7 wp-block-columns-is-layout-flex\">\n<div class=\"wp-block-column is-layout-flow wp-block-column-is-layout-flow\" style=\"flex-basis:320px\">\n<p class=\"has-drop-cap has-text-color\" style=\"color:#02147e;font-size:25px;line-height:1.6\">So fing alles an<\/p>\n\n\n\n<div style=\"height:50px\" aria-hidden=\"true\" class=\"wp-block-spacer\"><\/div>\n\n\n\n<p class=\"has-text-color\" style=\"color:#02147e;font-size:25px;line-height:1.6\">1846 &#8211; 1871<\/p>\n<\/div>\n<\/div>\n<\/div>\n\n\n\n<div class=\"wp-block-column is-layout-flow wp-block-column-is-layout-flow\" style=\"flex-basis:50%\">\n<div class=\"wp-block-cover is-light\" style=\"min-height:600px;aspect-ratio:unset;\"><span aria-hidden=\"true\" class=\"wp-block-cover__background has-background-dim-100 has-background-dim\" style=\"background-color:#f6f6f6\"><\/span><div class=\"wp-block-cover__inner-container is-layout-flow wp-block-cover-is-layout-flow\"><div class=\"wp-block-image\">\n<figure class=\"aligncenter size-full\"><img loading=\"lazy\" decoding=\"async\" width=\"160\" height=\"233\" src=\"https:\/\/hsb1846.de\/wp-content\/uploads\/2022\/05\/band1.jpg\" alt=\"\" class=\"wp-image-5343\"\/><figcaption class=\"wp-element-caption\">So fing alles an!<br>Band 1<\/figcaption><\/figure>\n<\/div><\/div><\/div>\n<\/div>\n<\/div>\n\n\n\n<div class=\"wp-block-columns is-layout-flex wp-container-core-columns-is-layout-9d6595d7 wp-block-columns-is-layout-flex\">\n<div class=\"wp-block-column is-layout-flow wp-block-column-is-layout-flow\">\n<p style=\"font-size:16px\">Eingebunden in die Geschichte von Stadt und Oberamt Heidenheim sowie der des K\u00f6nigreiches W\u00fcrttemberg beschreibt dieser Band&nbsp; die Gr\u00fcndung der Turngemeinde Heidenheim am 14. August 1846 im damaligen Gasthof zum Adler in der Mittleren Stadt, der sp\u00e4teren Hauptstra\u00dfe.<\/p>\n<\/div>\n\n\n\n<div class=\"wp-block-column is-layout-flow wp-block-column-is-layout-flow\">\n<p style=\"font-size:16px\">In Abschriften berichten die vollz\u00e4hlig erhaltenen Protokolle sowei die zahlreichen Berichte aus der damaligen Heidenheimer Presse \u00fcber die schwierigen Jahre nach der Gr\u00fcndung mit M\u00e4rzrevolution, Gr\u00fcndung eines ersten Turngaues im K\u00f6nigreich W\u00fcrttemberg, der Aufl\u00f6sung der Turngemeinde Heidenheim im Jahre 1852 und deren Wiedergr\u00fcndung im Jahre 1861.<\/p>\n\n\n\n<div style=\"height:25px\" aria-hidden=\"true\" class=\"wp-block-spacer\"><\/div>\n\n\n\n<p style=\"font-size:16px\">H\u00f6hepunkte sind das 1. Gauturnfest in Heidenheim am 10. September 1865 und das 25- j\u00e4hrige Jubil\u00e4um des Vereins am 13. August 1871, dem Jahr der siegreichen Beendigung des Krieges 1870\/71.<\/p>\n<\/div>\n<\/div>\n\n\n\n<div style=\"height:25px\" aria-hidden=\"true\" class=\"wp-block-spacer\"><\/div>\n\n\n\n<hr class=\"wp-block-separator has-text-color has-css-opacity has-background is-style-wide\" style=\"background-color:#02147e;color:#02147e\"\/>\n\n\n\n<div style=\"height:25px\" aria-hidden=\"true\" class=\"wp-block-spacer\"><\/div>\n\n\n\n<div class=\"wp-block-columns alignfull is-layout-flex wp-container-core-columns-is-layout-9d6595d7 wp-block-columns-is-layout-flex\">\n<div class=\"wp-block-column is-vertically-aligned-center has-white-background-color has-background is-layout-flow wp-block-column-is-layout-flow\" style=\"padding-top:1em;padding-right:1em;padding-bottom:1em;padding-left:1em\">\n<div class=\"wp-block-columns has-white-background-color has-background is-layout-flex wp-container-core-columns-is-layout-9d6595d7 wp-block-columns-is-layout-flex\">\n<div class=\"wp-block-column is-layout-flow wp-block-column-is-layout-flow\" style=\"flex-basis:320px\">\n<p class=\"has-drop-cap has-text-color\" style=\"color:#02147e;font-size:25px;line-height:1.6\">Jahre des Friedens, des Wachsens und Bl\u00fchens<\/p>\n\n\n\n<div style=\"height:50px\" aria-hidden=\"true\" class=\"wp-block-spacer\"><\/div>\n\n\n\n<p class=\"has-text-color\" style=\"color:#02147e;font-size:25px;line-height:1.6\">1872 &#8211; 1896<\/p>\n<\/div>\n<\/div>\n<\/div>\n\n\n\n<div class=\"wp-block-column is-layout-flow wp-block-column-is-layout-flow\" style=\"flex-basis:50%\">\n<div class=\"wp-block-cover is-light\" style=\"min-height:600px;aspect-ratio:unset;\"><span aria-hidden=\"true\" class=\"wp-block-cover__background has-background-dim-100 has-background-dim\" style=\"background-color:#f6f6f6\"><\/span><div class=\"wp-block-cover__inner-container is-layout-flow wp-block-cover-is-layout-flow\"><div class=\"wp-block-image\">\n<figure class=\"aligncenter size-full\"><img loading=\"lazy\" decoding=\"async\" width=\"160\" height=\"232\" src=\"https:\/\/hsb1846.de\/wp-content\/uploads\/2022\/05\/band2-teil1.jpg\" alt=\"\" class=\"wp-image-5361\"\/><figcaption class=\"wp-element-caption\">Jahre des Friedens, des<br>Wachsens und Bl\u00fchens<br>Band 2 Teil 1<\/figcaption><\/figure>\n<\/div><\/div><\/div>\n<\/div>\n<\/div>\n\n\n\n<div class=\"wp-block-columns is-layout-flex wp-container-core-columns-is-layout-9d6595d7 wp-block-columns-is-layout-flex\">\n<div class=\"wp-block-column is-layout-flow wp-block-column-is-layout-flow\">\n<p style=\"font-size:16px\">Wiederum eingebettet in das Geschehen in Stadt und Oberamt Heidenheim sowie in dem des K\u00f6nigreiches W\u00fcrttemberg berichtet dieser Band \u00fcber die f\u00fcr die Turngemeinde guten Jahre nach dem 70\/71er Krieg.<\/p>\n\n\n\n<div style=\"height:25px\" aria-hidden=\"true\" class=\"wp-block-spacer\"><\/div>\n\n\n\n<p style=\"font-size:16px\">Neben den vielfachen Veranstaltungen wie Schauturnen, Turnwettk\u00e4mpfen, \u00dcbungsstunden ist in diesem Band \u00fcber Tanzkr\u00e4nzchen, Ausfl\u00fcgen mit anschlie\u00dfendem gem\u00fctlichen Zusammensein, Fahnenweihen, und vielem anderen zu lesen.<\/p>\n\n\n\n<div style=\"height:25px\" aria-hidden=\"true\" class=\"wp-block-spacer\"><\/div>\n\n\n\n<p style=\"font-size:16px\">Einzelheiten berichten die vollz\u00e4hlig erhaltenen Protokolle und die vielen Artikel aus den Heidenheimer Tageszeitungen.<\/p>\n\n\n\n<div style=\"height:25px\" aria-hidden=\"true\" class=\"wp-block-spacer\"><\/div>\n\n\n\n<p style=\"font-size:16px\">Die ersten Fotos sind zu sehen.<\/p>\n<\/div>\n\n\n\n<div class=\"wp-block-column is-layout-flow wp-block-column-is-layout-flow\">\n<p>H\u00f6hepunkte sind die Festbankette zu Ehren des K\u00f6nigs von W\u00fcrttemberg und diejenigen zu Ehren des Deutschen Kaisers, an denen die Turner ma\u00dfgeblich beteiligt sind, das Anturnen im Fr\u00fchjahr, das Abturnen im Herbst sowie die j\u00e4hrlich stattfindenden Gauturnfeste.<\/p>\n\n\n\n<div style=\"height:25px\" aria-hidden=\"true\" class=\"wp-block-spacer\"><\/div>\n\n\n\n<p>Absolutes Glanzlicht ist die Einweihung der ersten Turnhalle in Heidenheim verbunden mit dem Gauturnfest am 17. Juni 1883.<\/p>\n\n\n\n<div style=\"height:25px\" aria-hidden=\"true\" class=\"wp-block-spacer\"><\/div>\n\n\n\n<p>Der 1. Vorsitzende der inzwischen in \u201eTurnverein Heidenheim&#8220; umbenannten Turngemeinde, Fabrikant Albert Hartmann, hat sich um den Bau der Turnhalle gro\u00dfe Verdienste erworben. Der Verein hat einen ansehnlichen Betrag zum Bau der Halle geleistet.<\/p>\n\n\n\n<div style=\"height:25px\" aria-hidden=\"true\" class=\"wp-block-spacer\"><\/div>\n<\/div>\n<\/div>\n\n\n\n<div style=\"height:25px\" aria-hidden=\"true\" class=\"wp-block-spacer\"><\/div>\n\n\n\n<hr class=\"wp-block-separator has-text-color has-css-opacity has-background is-style-wide\" style=\"background-color:#02147e;color:#02147e\"\/>\n\n\n\n<div style=\"height:50px\" aria-hidden=\"true\" class=\"wp-block-spacer\"><\/div>\n\n\n\n<div class=\"wp-block-columns alignfull is-layout-flex wp-container-core-columns-is-layout-9d6595d7 wp-block-columns-is-layout-flex\">\n<div class=\"wp-block-column is-vertically-aligned-center has-white-background-color has-background is-layout-flow wp-block-column-is-layout-flow\" style=\"padding-top:1em;padding-right:1em;padding-bottom:1em;padding-left:1em\">\n<div class=\"wp-block-columns has-white-background-color has-background is-layout-flex wp-container-core-columns-is-layout-9d6595d7 wp-block-columns-is-layout-flex\">\n<div class=\"wp-block-column is-layout-flow wp-block-column-is-layout-flow\" style=\"flex-basis:320px\">\n<p class=\"has-drop-cap has-text-color\" style=\"color:#02147e;font-size:25px;line-height:1.6\">Jahre des Friedens, des Wachsens und Bl\u00fchens<\/p>\n\n\n\n<div style=\"height:50px\" aria-hidden=\"true\" class=\"wp-block-spacer\"><\/div>\n\n\n\n<p class=\"has-text-color\" style=\"color:#02147e;font-size:25px;line-height:1.6\">1889 &#8211; 1896<\/p>\n<\/div>\n<\/div>\n<\/div>\n\n\n\n<div class=\"wp-block-column is-layout-flow wp-block-column-is-layout-flow\" style=\"flex-basis:50%\">\n<div class=\"wp-block-cover is-light\" style=\"min-height:600px;aspect-ratio:unset;\"><span aria-hidden=\"true\" class=\"wp-block-cover__background has-background-dim-100 has-background-dim\" style=\"background-color:#f6f6f6\"><\/span><div class=\"wp-block-cover__inner-container is-layout-flow wp-block-cover-is-layout-flow\"><div class=\"wp-block-image\">\n<figure class=\"aligncenter size-full\"><img loading=\"lazy\" decoding=\"async\" width=\"160\" height=\"234\" src=\"https:\/\/hsb1846.de\/wp-content\/uploads\/2022\/05\/band2-teil2.jpg\" alt=\"\" class=\"wp-image-5371\"\/><figcaption class=\"wp-element-caption\">Jahre des Friedens, des<br>Wachsens und Bl\u00fchens<br>Band 2 Teil 2<\/figcaption><\/figure>\n<\/div><\/div><\/div>\n<\/div>\n<\/div>\n\n\n\n<div class=\"wp-block-columns is-layout-flex wp-container-core-columns-is-layout-9d6595d7 wp-block-columns-is-layout-flex\">\n<div class=\"wp-block-column is-layout-flow wp-block-column-is-layout-flow\">\n<p style=\"font-size:16px\">Unter der Leitung von Albert Hartmann bl\u00fcht der Verein auf.<\/p>\n\n\n\n<div style=\"height:25px\" aria-hidden=\"true\" class=\"wp-block-spacer\"><\/div>\n\n\n\n<p style=\"font-size:16px\">Unter seiner Leitung treten eine gro\u00dfe Zahl der Mitglieder dem neu gegr\u00fcndeten Sanit\u00e4tsverein Heidenheim bei.<\/p>\n\n\n\n<p style=\"font-size:16px\"><\/p>\n<\/div>\n\n\n\n<div class=\"wp-block-column is-layout-flow wp-block-column-is-layout-flow\">\n<p style=\"font-size:16px\">H\u00f6hepunkte sind neben den bereits beschriebenen Festbanketten, das Deutsche Turnfest in M\u00fcnchen vom 28. bis 31. Juli 1889, die j\u00e4hrlichen Gauturnfeste, die Herbst- und Christbaumfeiern.<\/p>\n\n\n\n<div style=\"height:25px\" aria-hidden=\"true\" class=\"wp-block-spacer\"><\/div>\n\n\n\n<p style=\"font-size:16px\">Turnwart Ferdinand Sch\u00fcle gr\u00fcndet am 26. April 1892 die Vorturnerschaft des Vereins.<\/p>\n<\/div>\n<\/div>\n\n\n\n<div style=\"height:25px\" aria-hidden=\"true\" class=\"wp-block-spacer\"><\/div>\n\n\n\n<hr class=\"wp-block-separator has-text-color has-css-opacity has-background is-style-wide\" style=\"background-color:#02147e;color:#02147e\"\/>\n\n\n\n<div style=\"height:25px\" aria-hidden=\"true\" class=\"wp-block-spacer\"><\/div>\n\n\n\n<div class=\"wp-block-columns alignfull is-layout-flex wp-container-core-columns-is-layout-9d6595d7 wp-block-columns-is-layout-flex\">\n<div class=\"wp-block-column is-vertically-aligned-center has-white-background-color has-background is-layout-flow wp-block-column-is-layout-flow\" style=\"padding-top:1em;padding-right:1em;padding-bottom:1em;padding-left:1em\">\n<div class=\"wp-block-columns has-white-background-color has-background is-layout-flex wp-container-core-columns-is-layout-9d6595d7 wp-block-columns-is-layout-flex\">\n<div class=\"wp-block-column is-layout-flow wp-block-column-is-layout-flow\" style=\"flex-basis:320px\">\n<p class=\"has-drop-cap has-text-color\" style=\"color:#02147e;font-size:25px;line-height:1.6\">Turnen und Sport im Wandel der Zeit<\/p>\n\n\n\n<div style=\"height:50px\" aria-hidden=\"true\" class=\"wp-block-spacer\"><\/div>\n\n\n\n<p class=\"has-text-color\" style=\"color:#02147e;font-size:25px;line-height:1.6\">1897 &#8211; 1904<\/p>\n<\/div>\n<\/div>\n<\/div>\n\n\n\n<div class=\"wp-block-column is-layout-flow wp-block-column-is-layout-flow\" style=\"flex-basis:50%\">\n<div class=\"wp-block-cover is-light\" style=\"min-height:600px;aspect-ratio:unset;\"><span aria-hidden=\"true\" class=\"wp-block-cover__background has-background-dim-100 has-background-dim\" style=\"background-color:#f6f6f6\"><\/span><div class=\"wp-block-cover__inner-container is-layout-flow wp-block-cover-is-layout-flow\"><div class=\"wp-block-image\">\n<figure class=\"aligncenter size-full is-resized\"><img loading=\"lazy\" decoding=\"async\" width=\"160\" height=\"234\" src=\"https:\/\/hsb1846.de\/wp-content\/uploads\/2022\/05\/band3.jpg\" alt=\"\" class=\"wp-image-5375\" style=\"width:209px;height:auto\"\/><figcaption class=\"wp-element-caption\">Turnen und Sport<br>im Wandel der Zeit<br>Band 3<\/figcaption><\/figure>\n<\/div><\/div><\/div>\n<\/div>\n<\/div>\n\n\n\n<div class=\"wp-block-columns is-layout-flex wp-container-core-columns-is-layout-9d6595d7 wp-block-columns-is-layout-flex\">\n<div class=\"wp-block-column is-layout-flow wp-block-column-is-layout-flow\">\n<p style=\"font-size:16px\">Neue Sportarten entstehen, neue Vereine werden gegr\u00fcndet, Vereine, die heute im Heidenheimer Sportbund zusammengefasst sind.<\/p>\n\n\n\n<div style=\"height:25px\" aria-hidden=\"true\" class=\"wp-block-spacer\"><\/div>\n\n\n\n<p style=\"font-size:16px\">Es sind dies: Schlittschuhklub Heidenheim 1879, Athletenklub Hellenstein Heidenheim 1900, Arbeiterturnverein Heidenheim 1902 und Turnerbund Heidenheim 1904.<\/p>\n\n\n\n<div style=\"height:25px\" aria-hidden=\"true\" class=\"wp-block-spacer\"><\/div>\n\n\n\n<p style=\"font-size:16px\">Die Geschichte dieser Vereine ist in diesem Band beschrieben, zusammen mit der des Turnvereins Heidenheim, gegr. 1846<\/p>\n<\/div>\n\n\n\n<div class=\"wp-block-column is-layout-flow wp-block-column-is-layout-flow\">\n<p style=\"font-size:16px\">Mit dem Geschehen in Stadt, Oberamt und K\u00f6nigreich W\u00fcrttemberg, best\u00fcckt mit zahlreichen Fotos, vermittelt dieser Band einen interessanten Einblick in die Jahre der Jahrhundertwende.<\/p>\n\n\n\n<div style=\"height:25px\" aria-hidden=\"true\" class=\"wp-block-spacer\"><\/div>\n\n\n\n<p style=\"font-size:16px\">Es beginnt die Spezialisierung um Turnen, Spiel und Sport, dies und die Gr\u00fcndung der neuen Turn- und Sportvereine zeigt den Wandel und die Neuorientierung auf.<\/p>\n\n\n\n<div style=\"height:25px\" aria-hidden=\"true\" class=\"wp-block-spacer\"><\/div>\n\n\n\n<p style=\"font-size:16px\">H\u00f6hepunkt der Jahre ist die Einweihung des st\u00e4dtischen Volksbades in der Marienstra\u00dfe am 16. Oktober 1904.<\/p>\n<\/div>\n<\/div>\n\n\n\n<div style=\"height:25px\" aria-hidden=\"true\" class=\"wp-block-spacer\"><\/div>\n\n\n\n<hr class=\"wp-block-separator has-text-color has-css-opacity has-background is-style-wide\" style=\"background-color:#02147e;color:#02147e\"\/>\n\n\n\n<div style=\"height:25px\" aria-hidden=\"true\" class=\"wp-block-spacer\"><\/div>\n\n\n\n<div class=\"wp-block-columns alignfull is-layout-flex wp-container-core-columns-is-layout-9d6595d7 wp-block-columns-is-layout-flex\">\n<div class=\"wp-block-column is-vertically-aligned-center has-white-background-color has-background is-layout-flow wp-block-column-is-layout-flow\" style=\"padding-top:1em;padding-right:1em;padding-bottom:1em;padding-left:1em\">\n<div class=\"wp-block-columns has-white-background-color has-background is-layout-flex wp-container-core-columns-is-layout-9d6595d7 wp-block-columns-is-layout-flex\">\n<div class=\"wp-block-column is-layout-flow wp-block-column-is-layout-flow\" style=\"flex-basis:320px\">\n<p class=\"has-drop-cap has-text-color\" style=\"color:#02147e;font-size:25px;line-height:1.6\">Frieden, Krieg und Neubeginn<\/p>\n\n\n\n<div style=\"height:50px\" aria-hidden=\"true\" class=\"wp-block-spacer\"><\/div>\n\n\n\n<p class=\"has-text-color\" style=\"color:#02147e;font-size:25px;line-height:1.6\">1905 &#8211; 1925<\/p>\n<\/div>\n<\/div>\n<\/div>\n\n\n\n<div class=\"wp-block-column is-layout-flow wp-block-column-is-layout-flow\" style=\"flex-basis:50%\">\n<div class=\"wp-block-cover is-light\" style=\"min-height:600px;aspect-ratio:unset;\"><span aria-hidden=\"true\" class=\"wp-block-cover__background has-background-dim-100 has-background-dim\" style=\"background-color:#f6f6f6\"><\/span><div class=\"wp-block-cover__inner-container is-layout-flow wp-block-cover-is-layout-flow\"><div class=\"wp-block-image\">\n<figure class=\"aligncenter size-full\"><img loading=\"lazy\" decoding=\"async\" width=\"160\" height=\"224\" src=\"https:\/\/hsb1846.de\/wp-content\/uploads\/2022\/05\/band4.jpg\" alt=\"\" class=\"wp-image-5381\"\/><figcaption class=\"wp-element-caption\">Frieden, Krieg<br>und Neubeginn<br>Band 4<\/figcaption><\/figure>\n<\/div><\/div><\/div>\n<\/div>\n<\/div>\n\n\n\n<div class=\"wp-block-columns is-layout-flex wp-container-core-columns-is-layout-9d6595d7 wp-block-columns-is-layout-flex\">\n<div class=\"wp-block-column is-layout-flow wp-block-column-is-layout-flow\">\n<p style=\"font-size:16px\">Aus dem Athletenklub Hellenstein wird im Jahre 1900 der 1. Sportverein Heidenheim. Turnerbund und Arbeiterturnverein schlie\u00dfen sich zusammen, worauf letzterer im Jahre 1904 neu gegr\u00fcndet wird.<\/p>\n\n\n\n<div style=\"height:25px\" aria-hidden=\"true\" class=\"wp-block-spacer\"><\/div>\n\n\n\n<p style=\"font-size:16px\">Das Fu\u00dfballspiel erobert Heidenheim und junge Ingenieure der Fa. J.M. Voith gr\u00fcnden den Verein f\u00fcr Bewegungsspiele Heidenheim 1910.<\/p>\n\n\n\n<div style=\"height:25px\" aria-hidden=\"true\" class=\"wp-block-spacer\"><\/div>\n\n\n\n<p style=\"font-size:16px\">Der Turnverein Heidenheim gegr. 1846 gr\u00fcndet im Juli 1911 eine eigene Fu\u00dfballabteilung, die sich im August 1922 vom Turnverein trennt und einen eigenen Verein unter dem Namen Verein f\u00fcr Rasensport gr\u00fcndet.<\/p>\n<\/div>\n\n\n\n<div class=\"wp-block-column is-layout-flow wp-block-column-is-layout-flow\">\n<p style=\"font-size:16px\">Die katholische Jugendbewegung schlie\u00dft sich im Verein Deutsche Jugendkraft zusammen. Deren Geschichte erz\u00e4hlt dieser Band.<\/p>\n\n\n\n<div style=\"height:25px\" aria-hidden=\"true\" class=\"wp-block-spacer\"><\/div>\n\n\n\n<p style=\"font-size:16px\">Dazu diejenige des TVH 1846 mit den Gauturnfesten des Braunenberggaues, den Kreisturnfesten und den Deutschen Turnfesten in Frankfurt 1908, Leipzig 1913 und M\u00fcnchen 1923.<\/p>\n\n\n\n<div style=\"height:25px\" aria-hidden=\"true\" class=\"wp-block-spacer\"><\/div>\n\n\n\n<p style=\"font-size:16px\">Absoluter H\u00f6hepunkt ist der reichbebilderte Bericht \u00fcber das Kreisturnfest des XI. Turnkreises Schwaben in Heidenheim im Jahre 1906.<\/p>\n\n\n\n<div style=\"height:25px\" aria-hidden=\"true\" class=\"wp-block-spacer\"><\/div>\n\n\n\n<p style=\"font-size:16px\">Bedr\u00fcckend dagegen sind die Kriegsjahre mit ihren schweren Verlusten und der Existenzkampf in den Nachkriegsjahren mit der alles in ihren Bann ziehenden Inflation.<\/p>\n<\/div>\n<\/div>\n\n\n\n<div style=\"height:25px\" aria-hidden=\"true\" class=\"wp-block-spacer\"><\/div>\n\n\n\n<h2 class=\"wp-block-heading\">Die B\u00fccher sind erh\u00e4ltlich bei:<\/h2>\n\n\n\n<div style=\"height:25px\" aria-hidden=\"true\" class=\"wp-block-spacer\"><\/div>\n\n\n\n<div class=\"wp-block-columns has-background is-layout-flex wp-container-core-columns-is-layout-9d6595d7 wp-block-columns-is-layout-flex\" style=\"background-color:#02147e\">\n<div class=\"wp-block-column is-layout-flow wp-block-column-is-layout-flow\" style=\"flex-basis:15px\"><\/div>\n\n\n\n<div class=\"wp-block-column is-layout-flow wp-block-column-is-layout-flow\">\n<p class=\"has-white-color has-text-color\" style=\"font-size:16px\">hsb &#8211; Gesch\u00e4ftsstelle<br>Grabenstra\u00dfe 19 (Meeboldhaus)<br>89522 Heidenheim<br>07321 &#8211; 22660<\/p>\n<\/div>\n\n\n\n<div class=\"wp-block-column is-layout-flow wp-block-column-is-layout-flow\">\n<p class=\"has-white-color has-text-color\" style=\"font-size:16px\">Buchhandlung Konold<br>Hintere Gasse 64<br>89522 Heidenheim<br>07321 &#8211; 23560<\/p>\n<\/div>\n\n\n\n<div class=\"wp-block-column is-layout-flow wp-block-column-is-layout-flow\" style=\"flex-basis:15px\"><\/div>\n<\/div>\n\n\n\n<div class=\"wp-block-columns has-background is-layout-flex wp-container-core-columns-is-layout-9d6595d7 wp-block-columns-is-layout-flex\" style=\"background-color:#02147e\">\n<div class=\"wp-block-column is-layout-flow wp-block-column-is-layout-flow\" style=\"flex-basis:15px\"><\/div>\n\n\n\n<div class=\"wp-block-column is-layout-flow wp-block-column-is-layout-flow\">\n<p class=\"has-white-color has-text-color\" style=\"font-size:16px\">Preise:<br>Band 1-3: einzeln je 20 \u20ac<br>Band 4:    einzeln je 29 \u20ac<br>Band 1-3 (4 B\u00fccher): zusammen 70 \u20ac<br>Alle 4 B\u00e4nde (5 B\u00fccher) zusammen 99 \u20ac<\/p>\n<\/div>\n\n\n\n<div class=\"wp-block-column is-layout-flow wp-block-column-is-layout-flow\">\n<p class=\"has-white-color has-text-color\" style=\"font-size:16px\"><\/p>\n<\/div>\n\n\n\n<div class=\"wp-block-column is-layout-flow wp-block-column-is-layout-flow\" style=\"flex-basis:15px\"><\/div>\n<\/div>\n\n\n\n<div style=\"height:50px\" aria-hidden=\"true\" class=\"wp-block-spacer\"><\/div>\n\n\n\n<h2 class=\"wp-block-heading\">Archiv &#8211; Links<\/h2>\n\n\n\n<div style=\"height:50px\" aria-hidden=\"true\" class=\"wp-block-spacer\"><\/div>\n\n\n\n<div class=\"wp-block-columns is-layout-flex wp-container-core-columns-is-layout-9d6595d7 wp-block-columns-is-layout-flex\">\n<div class=\"wp-block-column is-layout-flow wp-block-column-is-layout-flow\" style=\"flex-basis:10%\"><\/div>\n\n\n\n<div class=\"wp-block-column is-layout-flow wp-block-column-is-layout-flow\">\n<figure class=\"wp-block-image size-full\"><img loading=\"lazy\" decoding=\"async\" width=\"500\" height=\"321\" src=\"https:\/\/hsb1846.de\/wp-content\/uploads\/2022\/05\/Institut_fuer_Sportgeschichte_Logo-1.jpg\" alt=\"\" class=\"wp-image-5396\" srcset=\"https:\/\/hsb1846.de\/wp-content\/uploads\/2022\/05\/Institut_fuer_Sportgeschichte_Logo-1.jpg 500w, https:\/\/hsb1846.de\/wp-content\/uploads\/2022\/05\/Institut_fuer_Sportgeschichte_Logo-1-300x193.jpg 300w\" sizes=\"auto, (max-width: 500px) 100vw, 500px\" \/><\/figure>\n<\/div>\n\n\n\n<div class=\"wp-block-column is-layout-flow wp-block-column-is-layout-flow\">\n<p style=\"font-size:16px\">Der Heidenheimer Sportbund 1846 ist Mitglied im Verein:<\/p>\n<\/div>\n\n\n\n<div class=\"wp-block-column is-layout-flow wp-block-column-is-layout-flow\" style=\"flex-basis:10%\"><\/div>\n<\/div>\n\n\n\n<div class=\"wp-block-columns is-layout-flex wp-container-core-columns-is-layout-9d6595d7 wp-block-columns-is-layout-flex\">\n<div class=\"wp-block-column is-layout-flow wp-block-column-is-layout-flow\">\n<p><a href=\"http:\/\/www.ifsg-bw.de\/?title=Startseite\" target=\"_blank\" rel=\"noreferrer noopener\">Weitere Informationen finden Sie hier&#8230;&#8230;<\/a><\/p>\n<\/div>\n\n\n\n<div class=\"wp-block-column is-layout-flow wp-block-column-is-layout-flow\">\n<p style=\"font-size:16px\">Institut f\u00fcr Sportgeschichte Baden-W\u00fcrttemberg e.V.<br>Frankfurter Stra\u00dfe<br>75433 Maulbronn<br><\/p>\n<\/div>\n<\/div>\n\n\n\n<div style=\"height:50px\" aria-hidden=\"true\" class=\"wp-block-spacer\"><\/div>","protected":false},"excerpt":{"rendered":"<p>Chronik in 4 B\u00e4nden So fing alles an 1846 &#8211; 1871 Eingebunden in die Geschichte von Stadt und Oberamt Heidenheim sowie der des K\u00f6nigreiches W\u00fcrttemberg beschreibt dieser Band&nbsp; die Gr\u00fcndung der Turngemeinde Heidenheim am 14. August 1846 im damaligen Gasthof zum Adler in der Mittleren Stadt, der sp\u00e4teren Hauptstra\u00dfe. In Abschriften berichten die vollz\u00e4hlig erhaltenen [&hellip;]<\/p>\n","protected":false},"author":1,"featured_media":0,"parent":4759,"menu_order":23,"comment_status":"closed","ping_status":"closed","template":"","meta":{"footnotes":""},"class_list":["post-4782","page","type-page","status-publish","hentry"],"aioseo_notices":[],"_links":{"self":[{"href":"https:\/\/hsb1846.de\/en\/wp-json\/wp\/v2\/pages\/4782","targetHints":{"allow":["GET"]}}],"collection":[{"href":"https:\/\/hsb1846.de\/en\/wp-json\/wp\/v2\/pages"}],"about":[{"href":"https:\/\/hsb1846.de\/en\/wp-json\/wp\/v2\/types\/page"}],"author":[{"embeddable":true,"href":"https:\/\/hsb1846.de\/en\/wp-json\/wp\/v2\/users\/1"}],"replies":[{"embeddable":true,"href":"https:\/\/hsb1846.de\/en\/wp-json\/wp\/v2\/comments?post=4782"}],"version-history":[{"count":30,"href":"https:\/\/hsb1846.de\/en\/wp-json\/wp\/v2\/pages\/4782\/revisions"}],"predecessor-version":[{"id":15708,"href":"https:\/\/hsb1846.de\/en\/wp-json\/wp\/v2\/pages\/4782\/revisions\/15708"}],"up":[{"embeddable":true,"href":"https:\/\/hsb1846.de\/en\/wp-json\/wp\/v2\/pages\/4759"}],"wp:attachment":[{"href":"https:\/\/hsb1846.de\/en\/wp-json\/wp\/v2\/media?parent=4782"}],"curies":[{"name":"wp","href":"https:\/\/api.w.org\/{rel}","templated":true}]}}