{"id":4879,"date":"2022-04-14T15:29:21","date_gmt":"2022-04-14T13:29:21","guid":{"rendered":"https:\/\/2022.hsb1846.de\/?page_id=4879"},"modified":"2025-07-14T15:14:53","modified_gmt":"2025-07-14T13:14:53","slug":"kontakt-start","status":"publish","type":"page","link":"https:\/\/hsb1846.de\/en\/home\/kontakt-start\/","title":{"rendered":"Contact"},"content":{"rendered":"\n<div style=\"height:50px\" aria-hidden=\"true\" class=\"wp-block-spacer\"><\/div>\n\n\n\n<p class=\"has-white-color has-text-color has-background\" style=\"background-color:#02147e;font-size:25px;font-style:normal;font-weight:100\">Gesch\u00e4ftsstelle<\/p>\n\n\n\n<div style=\"height:50px\" aria-hidden=\"true\" class=\"wp-block-spacer\"><\/div>\n\n\n\n<div class=\"wp-block-columns is-layout-flex wp-container-core-columns-is-layout-9d6595d7 wp-block-columns-is-layout-flex\">\n<div class=\"wp-block-column is-layout-flow wp-block-column-is-layout-flow\"><\/div>\n\n\n\n<div class=\"wp-block-column is-layout-flow wp-block-column-is-layout-flow\"><\/div>\n<\/div>\n\n\n\n<div class=\"wp-block-columns is-layout-flex wp-container-core-columns-is-layout-9d6595d7 wp-block-columns-is-layout-flex\">\n<div class=\"wp-block-column is-layout-flow wp-block-column-is-layout-flow\">\n<div class=\"wp-block-cover is-light\" style=\"min-height:500px;aspect-ratio:unset;\"><span aria-hidden=\"true\" class=\"wp-block-cover__background has-background-dim-100 has-background-dim\" style=\"background-color:#f6f6f6\"><\/span><div class=\"wp-block-cover__inner-container is-layout-flow wp-block-cover-is-layout-flow\">\n<h1 class=\"wp-block-heading\" style=\"font-size:25px;font-style:normal;font-weight:100\">Sylvia Ritz<\/h1>\n\n\n\n<div style=\"height:25px\" aria-hidden=\"true\" class=\"wp-block-spacer\"><\/div>\n\n\n<div class=\"wp-block-image\">\n<figure class=\"aligncenter size-full\"><img loading=\"lazy\" decoding=\"async\" width=\"350\" height=\"233\" src=\"https:\/\/hsb1846.de\/wp-content\/uploads\/2022\/05\/Ritz_Sylvia_350_233_web.jpg\" alt=\"\" class=\"wp-image-5184\" srcset=\"https:\/\/hsb1846.de\/wp-content\/uploads\/2022\/05\/Ritz_Sylvia_350_233_web.jpg 350w, https:\/\/hsb1846.de\/wp-content\/uploads\/2022\/05\/Ritz_Sylvia_350_233_web-300x200.jpg 300w\" sizes=\"auto, (max-width: 350px) 100vw, 350px\" \/><\/figure>\n<\/div>\n\n\n<p class=\"has-text-align-center\">Gesch\u00e4ftsf\u00fchrerin<\/p>\n\n\n\n<p class=\"has-text-align-center\">Telefon: 07321 2266-0<\/p>\n\n\n\n<p class=\"has-text-align-center\">E-Mail: sylvia.ritz [a] hsb1846.de<\/p>\n<\/div><\/div>\n<\/div>\n\n\n\n<div class=\"wp-block-column is-layout-flow wp-block-column-is-layout-flow\"><\/div>\n<\/div>\n\n\n\n<div style=\"height:100px\" aria-hidden=\"true\" class=\"wp-block-spacer\"><\/div>\n\n\n\n<p><\/p>\n\n\n\n<div class=\"wp-block-columns is-layout-flex wp-container-core-columns-is-layout-9d6595d7 wp-block-columns-is-layout-flex\">\n<div class=\"wp-block-column is-layout-flow wp-block-column-is-layout-flow\">\n<div class=\"wp-block-cover is-light\" style=\"min-height:500px;aspect-ratio:unset;\"><span aria-hidden=\"true\" class=\"wp-block-cover__background has-background-dim-100 has-background-dim\" style=\"background-color:#f6f6f6\"><\/span><div class=\"wp-block-cover__inner-container is-layout-flow wp-block-cover-is-layout-flow\">\n<h1 class=\"wp-block-heading\" style=\"font-size:25px;font-style:normal;font-weight:100\">Jessica Heyer<\/h1>\n\n\n<div class=\"wp-block-image\">\n<figure class=\"aligncenter size-full is-resized\"><img loading=\"lazy\" decoding=\"async\" width=\"1280\" height=\"850\" src=\"https:\/\/hsb1846.de\/wp-content\/uploads\/2024\/04\/7B5FC171-69A7-4771-8657-2F005A8E5D4C_1_201_a.jpeg\" alt=\"\" class=\"wp-image-14603\" style=\"width:266px;height:auto\" srcset=\"https:\/\/hsb1846.de\/wp-content\/uploads\/2024\/04\/7B5FC171-69A7-4771-8657-2F005A8E5D4C_1_201_a.jpeg 1280w, https:\/\/hsb1846.de\/wp-content\/uploads\/2024\/04\/7B5FC171-69A7-4771-8657-2F005A8E5D4C_1_201_a-300x199.jpeg 300w, https:\/\/hsb1846.de\/wp-content\/uploads\/2024\/04\/7B5FC171-69A7-4771-8657-2F005A8E5D4C_1_201_a-768x510.jpeg 768w, https:\/\/hsb1846.de\/wp-content\/uploads\/2024\/04\/7B5FC171-69A7-4771-8657-2F005A8E5D4C_1_201_a-18x12.jpeg 18w\" sizes=\"auto, (max-width: 1280px) 100vw, 1280px\" \/><\/figure>\n<\/div>\n\n\n<p class=\"has-text-align-center\">Personal<\/p>\n\n\n\n<p class=\"has-text-align-center\">E-Mail: jessica.heyer [a] hsb1846.de<\/p>\n<\/div><\/div>\n<\/div>\n\n\n\n<div class=\"wp-block-column is-layout-flow wp-block-column-is-layout-flow\">\n<div class=\"wp-block-cover is-light\" style=\"min-height:500px;aspect-ratio:unset;\"><span aria-hidden=\"true\" class=\"wp-block-cover__background has-background-dim-100 has-background-dim\" style=\"background-color:#f6f6f6\"><\/span><div class=\"wp-block-cover__inner-container is-layout-flow wp-block-cover-is-layout-flow\">\n<h1 class=\"wp-block-heading\" style=\"font-size:25px;font-style:normal;font-weight:100\">Silke Weber<\/h1>\n\n\n<div class=\"wp-block-image\">\n<figure class=\"aligncenter size-full is-resized\"><img loading=\"lazy\" decoding=\"async\" width=\"267\" height=\"462\" src=\"https:\/\/hsb1846.de\/wp-content\/uploads\/2025\/07\/thumbnail_hsb-Logo.png\" alt=\"\" class=\"wp-image-17681\" style=\"width:51px;height:auto\" srcset=\"https:\/\/hsb1846.de\/wp-content\/uploads\/2025\/07\/thumbnail_hsb-Logo.png 267w, https:\/\/hsb1846.de\/wp-content\/uploads\/2025\/07\/thumbnail_hsb-Logo-173x300.png 173w, https:\/\/hsb1846.de\/wp-content\/uploads\/2025\/07\/thumbnail_hsb-Logo-7x12.png 7w\" sizes=\"auto, (max-width: 267px) 100vw, 267px\" \/><\/figure>\n<\/div>\n\n\n<p class=\"has-text-align-center\">Buchhaltung<\/p>\n\n\n\n<p class=\"has-text-align-center\">E-Mail: silke.weber [a] hsb1846.de<\/p>\n<\/div><\/div>\n<\/div>\n<\/div>\n\n\n\n<div class=\"wp-block-columns is-layout-flex wp-container-core-columns-is-layout-9d6595d7 wp-block-columns-is-layout-flex\">\n<div class=\"wp-block-column is-layout-flow wp-block-column-is-layout-flow\">\n<div class=\"wp-block-cover is-light\" style=\"min-height:500px;aspect-ratio:unset;\"><span aria-hidden=\"true\" class=\"wp-block-cover__background has-background-dim-100 has-background-dim\" style=\"background-color:#f6f6f6\"><\/span><div class=\"wp-block-cover__inner-container is-layout-flow wp-block-cover-is-layout-flow\">\n<h1 class=\"wp-block-heading\" style=\"font-size:25px;font-style:normal;font-weight:100\">Theresia Schwarz<\/h1>\n\n\n<div class=\"wp-block-image\">\n<figure class=\"aligncenter size-full\"><img loading=\"lazy\" decoding=\"async\" width=\"2560\" height=\"1707\" src=\"https:\/\/hsb1846.de\/wp-content\/uploads\/2024\/07\/Theresia-Schwarz-scaled.jpg\" alt=\"\" class=\"wp-image-15335\" srcset=\"https:\/\/hsb1846.de\/wp-content\/uploads\/2024\/07\/Theresia-Schwarz-scaled.jpg 2560w, https:\/\/hsb1846.de\/wp-content\/uploads\/2024\/07\/Theresia-Schwarz-300x200.jpg 300w, https:\/\/hsb1846.de\/wp-content\/uploads\/2024\/07\/Theresia-Schwarz-1620x1080.jpg 1620w, https:\/\/hsb1846.de\/wp-content\/uploads\/2024\/07\/Theresia-Schwarz-768x512.jpg 768w, https:\/\/hsb1846.de\/wp-content\/uploads\/2024\/07\/Theresia-Schwarz-1536x1024.jpg 1536w, https:\/\/hsb1846.de\/wp-content\/uploads\/2024\/07\/Theresia-Schwarz-2048x1365.jpg 2048w, https:\/\/hsb1846.de\/wp-content\/uploads\/2024\/07\/Theresia-Schwarz-18x12.jpg 18w\" sizes=\"auto, (max-width: 2560px) 100vw, 2560px\" \/><\/figure>\n<\/div>\n\n\n<p class=\"has-text-align-center\">Mitgliederverwaltung<\/p>\n\n\n\n<p class=\"has-text-align-center\">Tel.: 07321 22660<\/p>\n\n\n\n<p class=\"has-text-align-center\">E-Mail: theresia.schwarz [a] hsb1846.de<\/p>\n<\/div><\/div>\n<\/div>\n\n\n\n<div class=\"wp-block-column is-layout-flow wp-block-column-is-layout-flow\">\n<div class=\"wp-block-cover is-light\" style=\"min-height:500px;aspect-ratio:unset;\"><span aria-hidden=\"true\" class=\"wp-block-cover__background has-background-dim-100 has-background-dim\" style=\"background-color:#f6f6f6\"><\/span><div class=\"wp-block-cover__inner-container is-layout-flow wp-block-cover-is-layout-flow\">\n<h1 class=\"wp-block-heading\" style=\"font-size:25px;font-style:normal;font-weight:100\">Melanie Hipp<\/h1>\n\n\n<div class=\"wp-block-image\">\n<figure class=\"aligncenter size-full\"><img loading=\"lazy\" decoding=\"async\" width=\"2560\" height=\"1707\" src=\"https:\/\/hsb1846.de\/wp-content\/uploads\/2024\/07\/Melanie-Hipp-scaled.jpg\" alt=\"\" class=\"wp-image-15336\" srcset=\"https:\/\/hsb1846.de\/wp-content\/uploads\/2024\/07\/Melanie-Hipp-scaled.jpg 2560w, https:\/\/hsb1846.de\/wp-content\/uploads\/2024\/07\/Melanie-Hipp-300x200.jpg 300w, https:\/\/hsb1846.de\/wp-content\/uploads\/2024\/07\/Melanie-Hipp-1620x1080.jpg 1620w, https:\/\/hsb1846.de\/wp-content\/uploads\/2024\/07\/Melanie-Hipp-768x512.jpg 768w, https:\/\/hsb1846.de\/wp-content\/uploads\/2024\/07\/Melanie-Hipp-1536x1024.jpg 1536w, https:\/\/hsb1846.de\/wp-content\/uploads\/2024\/07\/Melanie-Hipp-2048x1365.jpg 2048w, https:\/\/hsb1846.de\/wp-content\/uploads\/2024\/07\/Melanie-Hipp-18x12.jpg 18w\" sizes=\"auto, (max-width: 2560px) 100vw, 2560px\" \/><\/figure>\n<\/div>\n\n\n<p class=\"has-text-align-center\">Mitgliederverwaltung<\/p>\n\n\n\n<p class=\"has-text-align-center\">Tel.: 07321 22660<\/p>\n\n\n\n<p class=\"has-text-align-center\">E-Mail: melanie.hipp [a] hsb1846.de<\/p>\n<\/div><\/div>\n<\/div>\n<\/div>\n\n\n\n<div class=\"wp-block-columns is-layout-flex wp-container-core-columns-is-layout-9d6595d7 wp-block-columns-is-layout-flex\">\n<div class=\"wp-block-column is-layout-flow wp-block-column-is-layout-flow\">\n<div class=\"wp-block-cover is-light\" style=\"min-height:500px;aspect-ratio:unset;\"><span aria-hidden=\"true\" class=\"wp-block-cover__background has-background-dim-100 has-background-dim\" style=\"background-color:#f6f6f6\"><\/span><div class=\"wp-block-cover__inner-container is-layout-flow wp-block-cover-is-layout-flow\">\n<h1 class=\"wp-block-heading\" style=\"font-size:25px;font-style:normal;font-weight:100\">Tamara Maier<\/h1>\n\n\n<div class=\"wp-block-image\">\n<figure class=\"aligncenter size-full\"><img loading=\"lazy\" decoding=\"async\" width=\"2560\" height=\"1707\" src=\"https:\/\/hsb1846.de\/wp-content\/uploads\/2024\/07\/2024-06-28_HSB_DSC00295-2-scaled.jpg\" alt=\"\" class=\"wp-image-15350\" srcset=\"https:\/\/hsb1846.de\/wp-content\/uploads\/2024\/07\/2024-06-28_HSB_DSC00295-2-scaled.jpg 2560w, https:\/\/hsb1846.de\/wp-content\/uploads\/2024\/07\/2024-06-28_HSB_DSC00295-2-300x200.jpg 300w, https:\/\/hsb1846.de\/wp-content\/uploads\/2024\/07\/2024-06-28_HSB_DSC00295-2-1620x1080.jpg 1620w, https:\/\/hsb1846.de\/wp-content\/uploads\/2024\/07\/2024-06-28_HSB_DSC00295-2-768x512.jpg 768w, https:\/\/hsb1846.de\/wp-content\/uploads\/2024\/07\/2024-06-28_HSB_DSC00295-2-1536x1024.jpg 1536w, https:\/\/hsb1846.de\/wp-content\/uploads\/2024\/07\/2024-06-28_HSB_DSC00295-2-2048x1365.jpg 2048w, https:\/\/hsb1846.de\/wp-content\/uploads\/2024\/07\/2024-06-28_HSB_DSC00295-2-18x12.jpg 18w\" sizes=\"auto, (max-width: 2560px) 100vw, 2560px\" \/><\/figure>\n<\/div>\n\n\n<p class=\"has-text-align-center\">Social Media<\/p>\n\n\n\n<p class=\"has-text-align-center\">E-Mail: tamara.maier [a] hsb1846.de<\/p>\n<\/div><\/div>\n<\/div>\n\n\n\n<div class=\"wp-block-column is-layout-flow wp-block-column-is-layout-flow\"><\/div>\n<\/div>\n\n\n\n<div style=\"height:50px\" aria-hidden=\"true\" class=\"wp-block-spacer\"><\/div>\n\n\n\n<div class=\"wp-block-columns is-layout-flex wp-container-core-columns-is-layout-9d6595d7 wp-block-columns-is-layout-flex\">\n<div class=\"wp-block-column is-layout-flow wp-block-column-is-layout-flow\">\n<p><strong>hsb-Gesch\u00e4ftsstelle<br><\/strong>Wilhelmstra\u00dfe 198<br>89518 Heidenheim<br>Tel. +49 7321 22660<br>Fax: +49 7321 20770<br>email: geschaeftsstelle [a] hsb1846.de<br>Internet: https:\/\/www.hsb1846.de<\/p>\n<\/div>\n\n\n\n<div class=\"wp-block-column is-layout-flow wp-block-column-is-layout-flow\">\n<p><strong>Gesch\u00e4ftszeiten:<br><\/strong>Mo. 9:00-12:00 Uhr<br>Mi.&nbsp; 9:00-12:00 Uhr<br>Do. 15:00-18:00<br>&#8230; und nach Vereinbarung. Vereinbaren Sie Ihren pers\u00f6nlichen Termin unter 07321 22660.<\/p>\n<\/div>\n<\/div>\n\n\n\n<div style=\"height:50px\" aria-hidden=\"true\" class=\"wp-block-spacer\"><\/div>\n\n\n\n<div class=\"wp-block-columns is-layout-flex wp-container-core-columns-is-layout-9d6595d7 wp-block-columns-is-layout-flex\">\n<div class=\"wp-block-column is-layout-flow wp-block-column-is-layout-flow\">\n<p>Bankverbindungen:<\/p>\n\n\n\n<p><strong>Kreissparkasse Heidenheim<\/strong><br><strong>IBAN<\/strong>: DE31 6325 0030 0000 8043 09<br><strong>BIC<\/strong>: SOLADES1HDH<\/p>\n\n\n\n<p><strong>Heidenheimer Volksbank e.G.<\/strong>&nbsp;&nbsp;&nbsp; &nbsp;&nbsp;&nbsp;<br><strong>IBAN:<\/strong>&nbsp;DE19 6329 0110 0105 7540 05<br><strong>BIC:<\/strong>&nbsp;GENODES1HDH &nbsp;&nbsp;&nbsp;<\/p>\n<\/div>\n\n\n\n<div class=\"wp-block-column is-layout-flow wp-block-column-is-layout-flow\">\n<p>Spendenkonten:<\/p>\n\n\n\n<p><strong>Kreissparkasse Heidenheim<\/strong>&nbsp;&nbsp;<br><strong>IBAN:<\/strong>&nbsp;DE62 6325 0030 0000 6455 44<br><strong>BIC:<\/strong>&nbsp;SOLADES1HDH<\/p>\n\n\n\n<p><strong>Heidenheimer Volksbank e.G. &nbsp;&nbsp;<\/strong><br><strong>IBAN:<\/strong>&nbsp;DE94 6329 0110 0105 7540 13<br><strong>BIC:<\/strong>&nbsp;GENODES1HDH<\/p>\n<\/div>\n<\/div>\n\n\n\n<div style=\"height:50px\" aria-hidden=\"true\" class=\"wp-block-spacer\"><\/div>\n","protected":false},"excerpt":{"rendered":"<p>Gesch\u00e4ftsstelle hsb-Gesch\u00e4ftsstelleWilhelmstra\u00dfe 19889518 HeidenheimTel. +49 7321 22660Fax: +49 7321 20770email: geschaeftsstelle [a] hsb1846.deInternet: https:\/\/www.hsb1846.de Gesch\u00e4ftszeiten:Mo. 9:00-12:00 UhrMi.&nbsp; 9:00-12:00 UhrDo. 15:00-18:00&#8230; und nach Vereinbarung. Vereinbaren Sie Ihren pers\u00f6nlichen Termin unter 07321 22660. Bankverbindungen: Kreissparkasse HeidenheimIBAN: DE31 6325 0030 0000 8043 09BIC: SOLADES1HDH Heidenheimer Volksbank e.G.&nbsp;&nbsp;&nbsp; &nbsp;&nbsp;&nbsp;IBAN:&nbsp;DE19 6329 0110 0105 7540 05BIC:&nbsp;GENODES1HDH &nbsp;&nbsp;&nbsp; Spendenkonten: Kreissparkasse Heidenheim&nbsp;&nbsp;IBAN:&nbsp;DE62 6325 [&hellip;]<\/p>\n","protected":false},"author":1,"featured_media":0,"parent":2905,"menu_order":46,"comment_status":"closed","ping_status":"closed","template":"","meta":{"footnotes":""},"class_list":["post-4879","page","type-page","status-publish","hentry"],"aioseo_notices":[],"_links":{"self":[{"href":"https:\/\/hsb1846.de\/en\/wp-json\/wp\/v2\/pages\/4879","targetHints":{"allow":["GET"]}}],"collection":[{"href":"https:\/\/hsb1846.de\/en\/wp-json\/wp\/v2\/pages"}],"about":[{"href":"https:\/\/hsb1846.de\/en\/wp-json\/wp\/v2\/types\/page"}],"author":[{"embeddable":true,"href":"https:\/\/hsb1846.de\/en\/wp-json\/wp\/v2\/users\/1"}],"replies":[{"embeddable":true,"href":"https:\/\/hsb1846.de\/en\/wp-json\/wp\/v2\/comments?post=4879"}],"version-history":[{"count":82,"href":"https:\/\/hsb1846.de\/en\/wp-json\/wp\/v2\/pages\/4879\/revisions"}],"predecessor-version":[{"id":17697,"href":"https:\/\/hsb1846.de\/en\/wp-json\/wp\/v2\/pages\/4879\/revisions\/17697"}],"up":[{"embeddable":true,"href":"https:\/\/hsb1846.de\/en\/wp-json\/wp\/v2\/pages\/2905"}],"wp:attachment":[{"href":"https:\/\/hsb1846.de\/en\/wp-json\/wp\/v2\/media?parent=4879"}],"curies":[{"name":"wp","href":"https:\/\/api.w.org\/{rel}","templated":true}]}}