{"id":4930,"date":"2022-04-21T14:43:20","date_gmt":"2022-04-21T12:43:20","guid":{"rendered":"https:\/\/2022.hsb1846.de\/?page_id=4930"},"modified":"2024-08-20T17:46:52","modified_gmt":"2024-08-20T15:46:52","slug":"kinder-in-bewegung","status":"publish","type":"page","link":"https:\/\/hsb1846.de\/en\/home\/abteilungen\/kinder-in-bewegung\/","title":{"rendered":"Kinder in Bewegung"},"content":{"rendered":"<div class=\"wp-block-cover is-light has-parallax full-width\" style=\"min-height:700px;aspect-ratio:unset;\"><span aria-hidden=\"true\" class=\"wp-block-cover__background has-background-dim\" style=\"background-color:#b5b8b3\"><\/span><div class=\"wp-block-cover__image-background wp-image-5862 has-parallax\" style=\"background-position:50% 50%;background-image:url(https:\/\/hsb1846.de\/wp-content\/uploads\/2022\/06\/KiB_Header.jpg)\"><\/div><div class=\"wp-block-cover__inner-container is-layout-flow wp-block-cover-is-layout-flow\">\n<p class=\"has-text-align-left pl-5 has-white-color has-text-color has-large-font-size\" style=\"font-style:normal;font-weight:100\">Kinder in Bewegung<\/p>\n\n\n\n<p class=\"has-text-align-left pl-5 has-white-color has-text-color\" style=\"font-size:24px\">Babys, Kinder, Sch\u00fcler<\/p>\n<\/div><\/div>\n\n\n\n<div style=\"height:50px\" aria-hidden=\"true\" class=\"wp-block-spacer\"><\/div>\n\n\n\n<h1 class=\"wp-block-heading\">Kinder in Bewegung<\/h1>\n\n\n\n<div style=\"height:50px\" aria-hidden=\"true\" class=\"wp-block-spacer\"><\/div>\n\n\n\n<p class=\"has-white-color has-text-color has-background\" style=\"background-color:#02147e;font-size:16px\">Die Erkenntnis, dass nicht alle Kinder, die Bewegung brauchen den Weg in den Sportverein finden, f\u00fchrte vor genau 20 Jahren zur Gr\u00fcndung des Projektes &#8222;Kinder in Bewegung&#8220; beim Heidenheimer Sportbund.<\/p>\n\n\n\n<div style=\"height:50px\" aria-hidden=\"true\" class=\"wp-block-spacer\"><\/div>\n\n\n\n<p style=\"font-size:25px;font-style:normal;font-weight:100\">Wir bewegen Kinder in der &#8230;<\/p>\n\n\n\n<div style=\"height:25px\" aria-hidden=\"true\" class=\"wp-block-spacer\"><\/div>\n\n\n\n<table id=\"tablepress-9\" class=\"tablepress tablepress-id-9\">\n<tbody class=\"row-striping row-hover\">\n<tr class=\"row-1\">\n\t<td class=\"column-1\">... au\u00dferschulischen Betreuung<\/td><td class=\"column-2\">an acht Heidenheimer Grundschulen<\/td>\n<\/tr>\n<tr class=\"row-2\">\n\t<td class=\"column-1\">... Sprachf\u00f6rderung<\/td><td class=\"column-2\">an acht Heidenheimer Grundschulen<\/td>\n<\/tr>\n<tr class=\"row-3\">\n\t<td class=\"column-1\">... Ferienbetreuung<\/td><td class=\"column-2\">f\u00fcr alle Heidenheimer Grundschulkinder<\/td>\n<\/tr>\n<tr class=\"row-4\">\n\t<td class=\"column-1\">... Montessori Lernbegleitung<\/td><td class=\"column-2\">an der Grundschule Mittelrain<\/td>\n<\/tr>\n<tr class=\"row-5\">\n\t<td class=\"column-1\">... Bewegungswelt<\/td><td class=\"column-2\">f\u00fcr Kinder zwischen neun Monaten bis zum Ende der Grundschule<\/td>\n<\/tr>\n<tr class=\"row-6\">\n\t<td class=\"column-1\">... den Bewegungsstunden f\u00fcr Kindgartenkinder<\/td><td class=\"column-2\">in zehn Heidenheimer Kinderg\u00e4rten<\/td>\n<\/tr>\n<tr class=\"row-7\">\n\t<td class=\"column-1\">... im Sporttheater<\/td><td class=\"column-2\">von sechs bis 19 Jahren<\/td>\n<\/tr>\n<\/tbody>\n<\/table>\n<!-- #tablepress-9 from cache -->\n\n\n\n<div style=\"height:25px\" aria-hidden=\"true\" class=\"wp-block-spacer\"><\/div>\n\n\n\n<p style=\"font-size:16px\">Eine \u00dcbersicht \u00fcber unser Leistungsspektrum<\/p>\n\n\n\n<div style=\"height:50px\" aria-hidden=\"true\" class=\"wp-block-spacer\"><\/div>\n\n\n\n<div class=\"wp-block-columns alignfull is-layout-flex wp-container-core-columns-is-layout-9d6595d7 wp-block-columns-is-layout-flex\">\n<div class=\"wp-block-column is-layout-flow wp-block-column-is-layout-flow\" style=\"flex-basis:50%\">\n<div class=\"wp-block-cover is-light\" style=\"min-height:600px;aspect-ratio:unset;\"><span aria-hidden=\"true\" class=\"wp-block-cover__background has-background-dim\" style=\"background-color:#f6f6f6\"><\/span><img loading=\"lazy\" decoding=\"async\" width=\"350\" height=\"471\" class=\"wp-block-cover__image-background wp-image-7397\" alt=\"\" src=\"https:\/\/hsb1846.de\/wp-content\/uploads\/2022\/08\/rollenrutsche_web_1.png\" data-object-fit=\"cover\" srcset=\"https:\/\/hsb1846.de\/wp-content\/uploads\/2022\/08\/rollenrutsche_web_1.png 350w, https:\/\/hsb1846.de\/wp-content\/uploads\/2022\/08\/rollenrutsche_web_1-223x300.png 223w\" sizes=\"auto, (max-width: 350px) 100vw, 350px\" \/><div class=\"wp-block-cover__inner-container is-layout-flow wp-block-cover-is-layout-flow\">\n<p class=\"has-text-align-center has-large-font-size\"><\/p>\n<\/div><\/div>\n<\/div>\n\n\n\n<div class=\"wp-block-column is-vertically-aligned-center is-layout-flow wp-block-column-is-layout-flow\" style=\"padding-top:1em;padding-right:1em;padding-bottom:1em;padding-left:1em\">\n<div class=\"wp-block-columns is-layout-flex wp-container-core-columns-is-layout-9d6595d7 wp-block-columns-is-layout-flex\">\n<div class=\"wp-block-column is-layout-flow wp-block-column-is-layout-flow\" style=\"flex-basis:320px\">\n<p style=\"font-size:16px;line-height:1.6\"><strong>&#8222;Kinder in Bewegung&#8220; machte sich auf den Weg zu den Kindern in den Kinderg\u00e4rten und in den Schulen.<\/strong><\/p>\n\n\n\n<p style=\"font-size:16px;line-height:1.6\">Was Dank der Unterst\u00fctzung durch die Stadt Heidenheim mit wenigen \u00dcbungsleiterinnen und \u00dcbungsleitern in einem Kindergarten und zwei Schulen begann, ist inzwischen zu einem nicht mehr wegzudenkenden Angebot in der Stadt Heidenheim geworden.<\/p>\n<\/div>\n<\/div>\n<\/div>\n<\/div>\n\n\n\n<div style=\"height:50px\" aria-hidden=\"true\" class=\"wp-block-spacer\"><\/div>\n\n\n\n<div class=\"wp-block-media-text alignwide has-media-on-the-right is-stacked-on-mobile is-vertically-aligned-center has-background\" style=\"background-color:#f6f6f6\"><div class=\"wp-block-media-text__content\">\n<div class=\"wp-block-group\" style=\"padding-top:2em;padding-right:2em;padding-bottom:2em;padding-left:2em\"><div class=\"wp-block-group__inner-container is-layout-flow wp-block-group-is-layout-flow\">\n<p class=\"has-drop-cap\" style=\"font-size:25px;line-height:1.2\"><a href=\"https:\/\/hsb1846.de\/en\/home\/abteilungen\/kinder-in-bewegung\/kib-schwerpunkte\/\" title=\"Schwerpunkte\">Schwerpunkte<\/a><\/p>\n\n\n\n<p style=\"font-size:25px;line-height:1.2\"><a href=\"https:\/\/hsb1846.de\/en\/home\/abteilungen\/kinder-in-bewegung\/kib-ansprechpartner\/\" title=\"\">Ansprechpartner<\/a><\/p>\n\n\n\n<p style=\"font-size:25px;line-height:1.2\"><a href=\"https:\/\/hsb1846.de\/en\/home\/abteilungen\/kinder-in-bewegung\/kib-geschichte\/\" title=\"\">Geschichte<\/a><\/p>\n<\/div><\/div>\n<\/div><figure class=\"wp-block-media-text__media\"><img loading=\"lazy\" decoding=\"async\" width=\"319\" height=\"346\" src=\"https:\/\/2022.hsb1846.de\/wp-content\/uploads\/2022\/08\/mit_mach_angebot_ii__320_346.jpg\" alt=\"\" class=\"wp-image-7412 size-full\" srcset=\"https:\/\/hsb1846.de\/wp-content\/uploads\/2022\/08\/mit_mach_angebot_ii__320_346.jpg 319w, https:\/\/hsb1846.de\/wp-content\/uploads\/2022\/08\/mit_mach_angebot_ii__320_346-277x300.jpg 277w\" sizes=\"auto, (max-width: 319px) 100vw, 319px\" \/><\/figure><\/div>\n\n\n\n<div class=\"wp-block-media-text alignwide is-stacked-on-mobile is-vertically-aligned-center has-background\" style=\"background-color:#f6f6f6\"><figure class=\"wp-block-media-text__media\"><img loading=\"lazy\" decoding=\"async\" width=\"1920\" height=\"965\" src=\"https:\/\/hsb1846.de\/wp-content\/uploads\/2022\/12\/Logo-KiB-1920x965.jpg\" alt=\"\" class=\"wp-image-10331 size-full\" srcset=\"https:\/\/hsb1846.de\/wp-content\/uploads\/2022\/12\/Logo-KiB-1920x965.jpg 1920w, https:\/\/hsb1846.de\/wp-content\/uploads\/2022\/12\/Logo-KiB-300x151.jpg 300w, https:\/\/hsb1846.de\/wp-content\/uploads\/2022\/12\/Logo-KiB-768x386.jpg 768w, https:\/\/hsb1846.de\/wp-content\/uploads\/2022\/12\/Logo-KiB-1536x772.jpg 1536w, https:\/\/hsb1846.de\/wp-content\/uploads\/2022\/12\/Logo-KiB-2048x1030.jpg 2048w\" sizes=\"auto, (max-width: 1920px) 100vw, 1920px\" \/><\/figure><div class=\"wp-block-media-text__content\">\n<div class=\"wp-block-group\" style=\"padding-top:2em;padding-right:2em;padding-bottom:2em;padding-left:2em\"><div class=\"wp-block-group__inner-container is-layout-flow wp-block-group-is-layout-flow\">\n<p style=\"font-size:25px;line-height:1.2\"><a href=\"https:\/\/hsb1846.de\/en\/home\/abteilungen\/kinder-in-bewegung\/kib-kurse-fuer-kinder\/\" title=\"\">Kurse f\u00fcr Kinder<\/a><\/p>\n\n\n\n<p style=\"font-size:25px;line-height:1.2\"><a href=\"https:\/\/hsb1846.de\/en\/home\/abteilungen\/kinder-in-bewegung\/ansprechpartnerinnen\/\" title=\"\">Ansprechpartnerinnen<\/a><\/p>\n<\/div><\/div>\n<\/div><\/div>\n\n\n\n<div style=\"height:50px\" aria-hidden=\"true\" class=\"wp-block-spacer\"><\/div>\n\n\n\n<div class=\"wp-block-media-text alignfull has-media-on-the-right is-stacked-on-mobile is-vertically-aligned-center has-background\" style=\"background-color:#f6f6f6\"><div class=\"wp-block-media-text__content\">\n<p class=\"has-text-align-center has-drop-cap\" style=\"font-size:25px\"><a href=\"https:\/\/hsb1846.de\/en\/home\/abteilungen\/kinder-in-bewegung\/sporttheater-heidenheim\/\" title=\"\">Sporttheater Heidenheim<\/a><\/p>\n\n\n\n<div style=\"height:50px\" aria-hidden=\"true\" class=\"wp-block-spacer\"><\/div>\n\n\n\n<p class=\"has-text-align-center\" style=\"font-size:25px\"><a href=\"https:\/\/2022.hsb1846.de\/home\/abteilungen\/kinder-in-bewegung\/sporttheater-heidenheim\/sporttheater-geschichte\/\">Sporttheater <\/a><a href=\"https:\/\/hsb1846.de\/en\/home\/abteilungen\/kinder-in-bewegung\/sporttheater-heidenheim\/sporttheater-geschichte\/\" title=\"\">Geschichte<\/a><\/p>\n<\/div><figure class=\"wp-block-media-text__media\"><img loading=\"lazy\" decoding=\"async\" width=\"1200\" height=\"800\" src=\"https:\/\/2022.hsb1846.de\/wp-content\/uploads\/2022\/08\/jubil__umsgla_engel_luzi_linder_charlotte_rieger_170316.jpg\" alt=\"\" class=\"wp-image-7408 size-full\" srcset=\"https:\/\/hsb1846.de\/wp-content\/uploads\/2022\/08\/jubil__umsgla_engel_luzi_linder_charlotte_rieger_170316.jpg 1200w, https:\/\/hsb1846.de\/wp-content\/uploads\/2022\/08\/jubil__umsgla_engel_luzi_linder_charlotte_rieger_170316-300x200.jpg 300w, https:\/\/hsb1846.de\/wp-content\/uploads\/2022\/08\/jubil__umsgla_engel_luzi_linder_charlotte_rieger_170316-768x512.jpg 768w\" sizes=\"auto, (max-width: 1200px) 100vw, 1200px\" \/><\/figure><\/div>\n\n\n\n<div style=\"height:50px\" aria-hidden=\"true\" class=\"wp-block-spacer\"><\/div>\n\n\n\n<p class=\"has-text-align-center has-background\" style=\"background-color:#f6f6f6;font-size:25px\"><a href=\"https:\/\/hsb1846.de\/en\/home\/abteilungen\/kinder-in-bewegung\/kib-partner\/\" title=\"\">Partners<\/a><\/p>\n\n\n\n<div style=\"height:50px\" aria-hidden=\"true\" class=\"wp-block-spacer\"><\/div>","protected":false},"excerpt":{"rendered":"<p>Kinder in Bewegung Die Erkenntnis, dass nicht alle Kinder, die Bewegung brauchen den Weg in den Sportverein finden, f\u00fchrte vor genau 20 Jahren zur Gr\u00fcndung des Projektes &#8222;Kinder in Bewegung&#8220; beim Heidenheimer Sportbund. Wir bewegen Kinder in der &#8230; Eine \u00dcbersicht \u00fcber unser Leistungsspektrum &#8222;Kinder in Bewegung&#8220; machte sich auf den Weg zu den Kindern [&hellip;]<\/p>\n","protected":false},"author":1,"featured_media":0,"parent":4098,"menu_order":69,"comment_status":"closed","ping_status":"closed","template":"","meta":{"footnotes":""},"class_list":["post-4930","page","type-page","status-publish","hentry"],"aioseo_notices":[],"_links":{"self":[{"href":"https:\/\/hsb1846.de\/en\/wp-json\/wp\/v2\/pages\/4930","targetHints":{"allow":["GET"]}}],"collection":[{"href":"https:\/\/hsb1846.de\/en\/wp-json\/wp\/v2\/pages"}],"about":[{"href":"https:\/\/hsb1846.de\/en\/wp-json\/wp\/v2\/types\/page"}],"author":[{"embeddable":true,"href":"https:\/\/hsb1846.de\/en\/wp-json\/wp\/v2\/users\/1"}],"replies":[{"embeddable":true,"href":"https:\/\/hsb1846.de\/en\/wp-json\/wp\/v2\/comments?post=4930"}],"version-history":[{"count":25,"href":"https:\/\/hsb1846.de\/en\/wp-json\/wp\/v2\/pages\/4930\/revisions"}],"predecessor-version":[{"id":15570,"href":"https:\/\/hsb1846.de\/en\/wp-json\/wp\/v2\/pages\/4930\/revisions\/15570"}],"up":[{"embeddable":true,"href":"https:\/\/hsb1846.de\/en\/wp-json\/wp\/v2\/pages\/4098"}],"wp:attachment":[{"href":"https:\/\/hsb1846.de\/en\/wp-json\/wp\/v2\/media?parent=4930"}],"curies":[{"name":"wp","href":"https:\/\/api.w.org\/{rel}","templated":true}]}}