{"id":5034,"date":"2022-04-22T14:31:14","date_gmt":"2022-04-22T12:31:14","guid":{"rendered":"https:\/\/2022.hsb1846.de\/?page_id=5034"},"modified":"2025-07-14T15:15:34","modified_gmt":"2025-07-14T13:15:34","slug":"vorstand","status":"publish","type":"page","link":"https:\/\/hsb1846.de\/en\/home\/verein\/vorstand\/","title":{"rendered":"Vorstand"},"content":{"rendered":"\n<div style=\"height:50px\" aria-hidden=\"true\" class=\"wp-block-spacer\"><\/div>\n\n\n\n<div class=\"wp-block-columns is-layout-flex wp-container-core-columns-is-layout-9d6595d7 wp-block-columns-is-layout-flex\">\n<div class=\"wp-block-column is-layout-flow wp-block-column-is-layout-flow\">\n<div class=\"wp-block-cover is-light\" style=\"min-height:500px;aspect-ratio:unset;\"><span aria-hidden=\"true\" class=\"wp-block-cover__background has-background-dim-100 has-background-dim\" style=\"background-color:#f6f6f6\"><\/span><div class=\"wp-block-cover__inner-container is-layout-flow wp-block-cover-is-layout-flow\">\n<h1 class=\"wp-block-heading\" style=\"font-size:25px;font-style:normal;font-weight:100\">J\u00f6rg Schneider<\/h1>\n\n\n\n<figure class=\"wp-block-image size-full\"><img loading=\"lazy\" decoding=\"async\" width=\"350\" height=\"233\" src=\"https:\/\/hsb1846.de\/wp-content\/uploads\/2022\/05\/Joerg-Schneider-HP-e1651745043648.jpg\" alt=\"\" class=\"wp-image-5158\"\/><\/figure>\n\n\n\n<div style=\"height:25px\" aria-hidden=\"true\" class=\"wp-block-spacer\"><\/div>\n\n\n\n<p class=\"has-text-align-center\">Vorstandsvorsitzender<\/p>\n\n\n\n<p class=\"has-text-align-center\">Telefon: 07321 2266-0<\/p>\n\n\n\n<p class=\"has-text-align-center\">E-Mail: joerg.schneider [a] hsb1846.de<\/p>\n<\/div><\/div>\n<\/div>\n\n\n\n<div class=\"wp-block-column is-layout-flow wp-block-column-is-layout-flow\"><\/div>\n<\/div>\n\n\n\n<div class=\"wp-block-columns is-layout-flex wp-container-core-columns-is-layout-9d6595d7 wp-block-columns-is-layout-flex\">\n<div class=\"wp-block-column is-layout-flow wp-block-column-is-layout-flow\">\n<div class=\"wp-block-cover is-light\" style=\"min-height:500px;aspect-ratio:unset;\"><span aria-hidden=\"true\" class=\"wp-block-cover__background has-background-dim-100 has-background-dim\" style=\"background-color:#f6f6f6\"><\/span><div class=\"wp-block-cover__inner-container is-layout-flow wp-block-cover-is-layout-flow\">\n<h1 class=\"wp-block-heading\" style=\"font-size:25px;font-style:normal;font-weight:100\">Max Plitz<\/h1>\n\n\n\n<div style=\"height:25px\" aria-hidden=\"true\" class=\"wp-block-spacer\"><\/div>\n\n\n\n<figure class=\"wp-block-image size-full\"><img loading=\"lazy\" decoding=\"async\" width=\"350\" height=\"233\" src=\"https:\/\/hsb1846.de\/wp-content\/uploads\/2022\/05\/Max-Plitz-HP.jpg\" alt=\"\" class=\"wp-image-5547\" srcset=\"https:\/\/hsb1846.de\/wp-content\/uploads\/2022\/05\/Max-Plitz-HP.jpg 350w, https:\/\/hsb1846.de\/wp-content\/uploads\/2022\/05\/Max-Plitz-HP-300x200.jpg 300w\" sizes=\"auto, (max-width: 350px) 100vw, 350px\" \/><\/figure>\n\n\n\n<p class=\"has-text-align-center\">Stellv. Vorstandsvorsitzender<\/p>\n\n\n\n<p class=\"has-text-align-center\">Telefon: 07321 2266-0<\/p>\n\n\n\n<p class=\"has-text-align-center\">E-Mail: max.plitz [a] hsb1846.de<\/p>\n<\/div><\/div>\n<\/div>\n\n\n\n<div class=\"wp-block-column is-layout-flow wp-block-column-is-layout-flow\">\n<div class=\"wp-block-cover is-light\" style=\"min-height:500px;aspect-ratio:unset;\"><span aria-hidden=\"true\" class=\"wp-block-cover__background has-background-dim-100 has-background-dim\" style=\"background-color:#f6f6f6\"><\/span><div class=\"wp-block-cover__inner-container is-layout-flow wp-block-cover-is-layout-flow\">\n<h1 class=\"wp-block-heading\" style=\"font-size:25px;font-style:normal;font-weight:100\">Rainer Ludwig<\/h1>\n\n\n\n<div style=\"height:25px\" aria-hidden=\"true\" class=\"wp-block-spacer\"><\/div>\n\n\n\n<figure class=\"wp-block-image size-full\"><img loading=\"lazy\" decoding=\"async\" width=\"350\" height=\"233\" src=\"https:\/\/hsb1846.de\/wp-content\/uploads\/2022\/05\/Ludwig_Rainer_2017_web_350.jpg\" alt=\"\" class=\"wp-image-5551\" srcset=\"https:\/\/hsb1846.de\/wp-content\/uploads\/2022\/05\/Ludwig_Rainer_2017_web_350.jpg 350w, https:\/\/hsb1846.de\/wp-content\/uploads\/2022\/05\/Ludwig_Rainer_2017_web_350-300x200.jpg 300w\" sizes=\"auto, (max-width: 350px) 100vw, 350px\" \/><\/figure>\n\n\n\n<p class=\"has-text-align-center\">Vorstand Finanzen<\/p>\n\n\n\n<p class=\"has-text-align-center\">Telefon: 07321 2266-0<\/p>\n\n\n\n<p class=\"has-text-align-center\">E-Mail: rainer.ludwig [a] hsb1846.de<\/p>\n<\/div><\/div>\n<\/div>\n<\/div>\n\n\n\n<div class=\"wp-block-columns is-layout-flex wp-container-core-columns-is-layout-9d6595d7 wp-block-columns-is-layout-flex\">\n<div class=\"wp-block-column is-layout-flow wp-block-column-is-layout-flow\"><\/div>\n\n\n\n<div class=\"wp-block-column is-layout-flow wp-block-column-is-layout-flow\">\n<div style=\"height:50px\" aria-hidden=\"true\" class=\"wp-block-spacer\"><\/div>\n<\/div>\n<\/div>\n\n\n\n<div class=\"wp-block-columns is-layout-flex wp-container-core-columns-is-layout-9d6595d7 wp-block-columns-is-layout-flex\">\n<div class=\"wp-block-column is-layout-flow wp-block-column-is-layout-flow\">\n<div class=\"wp-block-cover is-light\" style=\"min-height:500px;aspect-ratio:unset;\"><span aria-hidden=\"true\" class=\"wp-block-cover__background has-background-dim-100 has-background-dim\" style=\"background-color:#f6f6f6\"><\/span><div class=\"wp-block-cover__inner-container is-layout-flow wp-block-cover-is-layout-flow\">\n<h1 class=\"wp-block-heading\" style=\"font-size:25px;font-style:normal;font-weight:100\">Ronja M\u00fcller<\/h1>\n\n\n\n<div style=\"height:25px\" aria-hidden=\"true\" class=\"wp-block-spacer\"><\/div>\n\n\n<div class=\"wp-block-image\">\n<figure class=\"aligncenter size-full is-resized\"><img loading=\"lazy\" decoding=\"async\" width=\"267\" height=\"462\" src=\"https:\/\/hsb1846.de\/wp-content\/uploads\/2025\/07\/thumbnail_hsb-Logo.png\" alt=\"\" class=\"wp-image-17681\" style=\"width:51px;height:auto\" srcset=\"https:\/\/hsb1846.de\/wp-content\/uploads\/2025\/07\/thumbnail_hsb-Logo.png 267w, https:\/\/hsb1846.de\/wp-content\/uploads\/2025\/07\/thumbnail_hsb-Logo-173x300.png 173w, https:\/\/hsb1846.de\/wp-content\/uploads\/2025\/07\/thumbnail_hsb-Logo-7x12.png 7w\" sizes=\"auto, (max-width: 267px) 100vw, 267px\" \/><\/figure>\n<\/div>\n\n\n<p class=\"has-text-align-center\">Vorstand Jugend<\/p>\n\n\n\n<p class=\"has-text-align-center\">Telefon: 07321 2266-0<\/p>\n\n\n\n<p class=\"has-text-align-center\">E-Mail: ronja.mueller [a] hsb1846.de<\/p>\n<\/div><\/div>\n<\/div>\n\n\n\n<div class=\"wp-block-column is-layout-flow wp-block-column-is-layout-flow\">\n<div class=\"wp-block-cover is-light\" style=\"min-height:500px;aspect-ratio:unset;\"><span aria-hidden=\"true\" class=\"wp-block-cover__background has-background-dim-100 has-background-dim\" style=\"background-color:#f6f6f6\"><\/span><div class=\"wp-block-cover__inner-container is-layout-flow wp-block-cover-is-layout-flow\">\n<h1 class=\"wp-block-heading\" style=\"font-size:25px;font-style:normal;font-weight:100\">Hannes M\u00fcller<\/h1>\n\n\n\n<div style=\"height:25px\" aria-hidden=\"true\" class=\"wp-block-spacer\"><\/div>\n\n\n<div class=\"wp-block-image\">\n<figure class=\"aligncenter size-full\"><img loading=\"lazy\" decoding=\"async\" width=\"1400\" height=\"930\" src=\"https:\/\/hsb1846.de\/wp-content\/uploads\/2024\/04\/ZB2A16121.jpg\" alt=\"\" class=\"wp-image-14561\" srcset=\"https:\/\/hsb1846.de\/wp-content\/uploads\/2024\/04\/ZB2A16121.jpg 1400w, https:\/\/hsb1846.de\/wp-content\/uploads\/2024\/04\/ZB2A16121-300x199.jpg 300w, https:\/\/hsb1846.de\/wp-content\/uploads\/2024\/04\/ZB2A16121-768x510.jpg 768w, https:\/\/hsb1846.de\/wp-content\/uploads\/2024\/04\/ZB2A16121-18x12.jpg 18w\" sizes=\"auto, (max-width: 1400px) 100vw, 1400px\" \/><\/figure>\n<\/div>\n\n\n<p class=\"has-text-align-center\">Vorstand Abteilungen<\/p>\n\n\n\n<p class=\"has-text-align-center\">Telefon: 07321 2266-0<\/p>\n\n\n\n<p class=\"has-text-align-center\">E-Mail: hannes.mueller [a] hsb1846.de<\/p>\n<\/div><\/div>\n<\/div>\n<\/div>\n\n\n\n<p><\/p>\n\n\n\n<div style=\"height:100px\" aria-hidden=\"true\" class=\"wp-block-spacer\"><\/div>\n\n\n\n<h2 class=\"wp-block-heading\">Gesch\u00e4ftsf\u00fchrer<\/h2>\n\n\n\n<div style=\"height:50px\" aria-hidden=\"true\" class=\"wp-block-spacer\"><\/div>\n\n\n\n<div class=\"wp-block-columns is-layout-flex wp-container-core-columns-is-layout-9d6595d7 wp-block-columns-is-layout-flex\">\n<div class=\"wp-block-column is-layout-flow wp-block-column-is-layout-flow\">\n<div class=\"wp-block-cover is-light\" style=\"min-height:500px;aspect-ratio:unset;\"><span aria-hidden=\"true\" class=\"wp-block-cover__background has-background-dim-100 has-background-dim\" style=\"background-color:#f6f6f6\"><\/span><div class=\"wp-block-cover__inner-container is-layout-flow wp-block-cover-is-layout-flow\">\n<h1 class=\"wp-block-heading\" style=\"font-size:25px;font-style:normal;font-weight:100\">Sylvia Ritz<\/h1>\n\n\n\n<div style=\"height:25px\" aria-hidden=\"true\" class=\"wp-block-spacer\"><\/div>\n\n\n<div class=\"wp-block-image\">\n<figure class=\"aligncenter size-full\"><img loading=\"lazy\" decoding=\"async\" width=\"350\" height=\"233\" src=\"https:\/\/hsb1846.de\/wp-content\/uploads\/2022\/05\/Ritz_Sylvia_350_233_web.jpg\" alt=\"\" class=\"wp-image-5184\" srcset=\"https:\/\/hsb1846.de\/wp-content\/uploads\/2022\/05\/Ritz_Sylvia_350_233_web.jpg 350w, https:\/\/hsb1846.de\/wp-content\/uploads\/2022\/05\/Ritz_Sylvia_350_233_web-300x200.jpg 300w\" sizes=\"auto, (max-width: 350px) 100vw, 350px\" \/><\/figure>\n<\/div>\n\n\n<p class=\"has-text-align-center\">Gesch\u00e4ftsf\u00fchrerin<\/p>\n\n\n\n<p class=\"has-text-align-center\">Telefon: 07321 2266-0<\/p>\n\n\n\n<p class=\"has-text-align-center\">E-Mail: sylvia.ritz [a] hsb1846.de<\/p>\n<\/div><\/div>\n<\/div>\n\n\n\n<div class=\"wp-block-column is-layout-flow wp-block-column-is-layout-flow\"><\/div>\n<\/div>\n\n\n\n<div style=\"height:50px\" aria-hidden=\"true\" class=\"wp-block-spacer\"><\/div>\n\n\n\n<h2 class=\"wp-block-heading\">Ehrenvorsitzender und Ehrenvorst\u00e4nde<\/h2>\n\n\n\n<div style=\"height:50px\" aria-hidden=\"true\" class=\"wp-block-spacer\"><\/div>\n\n\n\n<div class=\"wp-block-columns is-layout-flex wp-container-core-columns-is-layout-9d6595d7 wp-block-columns-is-layout-flex\">\n<div class=\"wp-block-column is-layout-flow wp-block-column-is-layout-flow\">\n<div class=\"wp-block-cover is-light\" style=\"min-height:500px;aspect-ratio:unset;\"><span aria-hidden=\"true\" class=\"wp-block-cover__background has-background-dim-100 has-background-dim\" style=\"background-color:#f6f6f6\"><\/span><div class=\"wp-block-cover__inner-container is-layout-flow wp-block-cover-is-layout-flow\">\n<h1 class=\"wp-block-heading\" style=\"font-size:25px;font-style:normal;font-weight:100\">Dr. Volker Wiedenmann<\/h1>\n\n\n\n<div style=\"height:25px\" aria-hidden=\"true\" class=\"wp-block-spacer\"><\/div>\n\n\n<div class=\"wp-block-image\">\n<figure class=\"aligncenter size-full\"><img loading=\"lazy\" decoding=\"async\" width=\"230\" height=\"153\" src=\"https:\/\/hsb1846.de\/wp-content\/uploads\/2022\/05\/wiedenmann_volker_2017_web_230px.png\" alt=\"\" class=\"wp-image-5576\"\/><\/figure>\n<\/div>\n\n\n<p class=\"has-text-align-center\">Ehrenvorsitzender<\/p>\n\n\n\n<p class=\"has-text-align-center\">Telefon: 07321 2266-0<\/p>\n\n\n\n<p class=\"has-text-align-center\"><\/p>\n<\/div><\/div>\n<\/div>\n\n\n\n<div class=\"wp-block-column is-layout-flow wp-block-column-is-layout-flow\">\n<div class=\"wp-block-cover is-light\" style=\"min-height:500px;aspect-ratio:unset;\"><span aria-hidden=\"true\" class=\"wp-block-cover__background has-background-dim-100 has-background-dim\" style=\"background-color:#f6f6f6\"><\/span><div class=\"wp-block-cover__inner-container is-layout-flow wp-block-cover-is-layout-flow\">\n<h1 class=\"wp-block-heading\" style=\"font-size:25px;font-style:normal;font-weight:100\">Rolf Paas<\/h1>\n\n\n\n<div style=\"height:25px\" aria-hidden=\"true\" class=\"wp-block-spacer\"><\/div>\n\n\n<div class=\"wp-block-image\">\n<figure class=\"aligncenter size-full is-resized\"><img loading=\"lazy\" decoding=\"async\" width=\"1451\" height=\"2560\" src=\"https:\/\/hsb1846.de\/wp-content\/uploads\/2024\/09\/Rolf-Paas-scaled.jpeg\" alt=\"\" class=\"wp-image-15629\" style=\"width:125px;height:auto\" srcset=\"https:\/\/hsb1846.de\/wp-content\/uploads\/2024\/09\/Rolf-Paas-scaled.jpeg 1451w, https:\/\/hsb1846.de\/wp-content\/uploads\/2024\/09\/Rolf-Paas-170x300.jpeg 170w, https:\/\/hsb1846.de\/wp-content\/uploads\/2024\/09\/Rolf-Paas-612x1080.jpeg 612w, https:\/\/hsb1846.de\/wp-content\/uploads\/2024\/09\/Rolf-Paas-768x1355.jpeg 768w, https:\/\/hsb1846.de\/wp-content\/uploads\/2024\/09\/Rolf-Paas-871x1536.jpeg 871w, https:\/\/hsb1846.de\/wp-content\/uploads\/2024\/09\/Rolf-Paas-1161x2048.jpeg 1161w, https:\/\/hsb1846.de\/wp-content\/uploads\/2024\/09\/Rolf-Paas-7x12.jpeg 7w\" sizes=\"auto, (max-width: 1451px) 100vw, 1451px\" \/><\/figure>\n<\/div>\n\n\n<p class=\"has-text-align-center\">Ehrenvorstand<\/p>\n\n\n\n<p class=\"has-text-align-center\">Telefon: 07321 42582<\/p>\n\n\n\n<p class=\"has-text-align-center\">E-Mail: rolf.paas [a] hsb1846.de<\/p>\n<\/div><\/div>\n<\/div>\n<\/div>\n\n\n\n<div class=\"wp-block-columns is-layout-flex wp-container-core-columns-is-layout-9d6595d7 wp-block-columns-is-layout-flex\">\n<div class=\"wp-block-column is-layout-flow wp-block-column-is-layout-flow\"><\/div>\n\n\n\n<div class=\"wp-block-column is-layout-flow wp-block-column-is-layout-flow\"><\/div>\n<\/div>\n\n\n\n<div style=\"height:50px\" aria-hidden=\"true\" class=\"wp-block-spacer\"><\/div>\n","protected":false},"excerpt":{"rendered":"<p>Gesch\u00e4ftsf\u00fchrer Ehrenvorsitzender und Ehrenvorst\u00e4nde<\/p>","protected":false},"author":1,"featured_media":0,"parent":4105,"menu_order":26,"comment_status":"closed","ping_status":"closed","template":"","meta":{"footnotes":""},"class_list":["post-5034","page","type-page","status-publish","hentry"],"aioseo_notices":[],"_links":{"self":[{"href":"https:\/\/hsb1846.de\/en\/wp-json\/wp\/v2\/pages\/5034","targetHints":{"allow":["GET"]}}],"collection":[{"href":"https:\/\/hsb1846.de\/en\/wp-json\/wp\/v2\/pages"}],"about":[{"href":"https:\/\/hsb1846.de\/en\/wp-json\/wp\/v2\/types\/page"}],"author":[{"embeddable":true,"href":"https:\/\/hsb1846.de\/en\/wp-json\/wp\/v2\/users\/1"}],"replies":[{"embeddable":true,"href":"https:\/\/hsb1846.de\/en\/wp-json\/wp\/v2\/comments?post=5034"}],"version-history":[{"count":27,"href":"https:\/\/hsb1846.de\/en\/wp-json\/wp\/v2\/pages\/5034\/revisions"}],"predecessor-version":[{"id":17699,"href":"https:\/\/hsb1846.de\/en\/wp-json\/wp\/v2\/pages\/5034\/revisions\/17699"}],"up":[{"embeddable":true,"href":"https:\/\/hsb1846.de\/en\/wp-json\/wp\/v2\/pages\/4105"}],"wp:attachment":[{"href":"https:\/\/hsb1846.de\/en\/wp-json\/wp\/v2\/media?parent=5034"}],"curies":[{"name":"wp","href":"https:\/\/api.w.org\/{rel}","templated":true}]}}