{"id":6026,"date":"2022-06-10T14:17:36","date_gmt":"2022-06-10T12:17:36","guid":{"rendered":"https:\/\/2022.hsb1846.de\/?page_id=6026"},"modified":"2022-07-07T12:44:48","modified_gmt":"2022-07-07T10:44:48","slug":"geschichte-boxen","status":"publish","type":"page","link":"https:\/\/hsb1846.de\/en\/home\/abteilungen\/boxen\/geschichte-boxen\/","title":{"rendered":"Geschichte Boxen"},"content":{"rendered":"<div style=\"height:50px\" aria-hidden=\"true\" class=\"wp-block-spacer\"><\/div>\n\n\n\n<h2 class=\"wp-block-heading\">Boxen ist ein Kampfsport, bei dem sich zwei Personen derselben Gewichtsklasse unter festgelegten Regeln nur mit den F\u00e4usten bek\u00e4mpfen.<\/h2>\n\n\n\n<div style=\"height:50px\" aria-hidden=\"true\" class=\"wp-block-spacer\"><\/div>\n\n\n\n<p class=\"has-background\" style=\"background-color:#f6f6f6;font-size:16px\">Die ersten nachgewiesenen Faustk\u00e4mpfe zum Zwecke der Unterhaltung von Menschen fanden bereits 3000 v. Chr. in \u00c4gypten statt. In den darauffolgenden zwei Jahrtausenden breitete sich das Boxen im \u00e4g\u00e4ischen Raum aus.<br>Der Faustkampf wurde erstmals im Jahre 688 v. Chr. in Griechenland bei den 23. Olympischen Spielen der Antike ausgetragen. Im antiken Rom wurde der Faustkampf vor allem bei Gladiatorenk\u00e4mpfen (Lederriemen mit Metalldornen), der Caestus vorgef\u00fchrt. Es l\u00e4sst sich jedoch nicht genau festlegen, wie alt der Faustkampf wirklich ist, da aus 7000 Jahre alten Darstellungen hervorgeht, dass auch \u00e4hnliche K\u00e4mpfe zu jener Zeit ausgetragen wurden. Die hellenistische Bronzestatue vom Faustk\u00e4mpfer vom Quirinal ist hiervon ein eindrucksvolles arch\u00e4ologisches Zeugnis. Belege zeigen, dass auch im alten Indien, China, Korea und Russland sowie unter den Ureinwohnern Amerikas und Afrikas der Faustkampf Bestandteil von Kulten und Zeremonien war. Mit Boxen im modernen Sinne hatten diese Formen des Faustkampfes nichts zu tun. Regeln hierf\u00fcr gab es so gut wie nicht.<\/p>\n\n\n\n<div style=\"height:25px\" aria-hidden=\"true\" class=\"wp-block-spacer\"><\/div>\n\n\n\n<p class=\"has-background\" style=\"background-color:#f6f6f6;font-size:16px\">Die Urspr\u00fcnge des modernen Boxens liegen im England des 17. und 18. Jahrhunderts. Im Jahre 1681 organisierte der Herzog von Albemarle den ersten schriftlich belegten Kampf. Seit 1698 wurden im Londoner K\u00f6nigstheater regelm\u00e4\u00dfige Boxveranstaltungen durchgef\u00fchrt. Dabei wurden die H\u00e4nde in der Regel nicht bandagiert, sondern die Fingerkn\u00f6chel lagen frei, was als Bare-knuckle-Boxen bezeichnet wird.<\/p>\n\n\n\n<div style=\"height:25px\" aria-hidden=\"true\" class=\"wp-block-spacer\"><\/div>\n\n\n\n<p class=\"has-background\" style=\"background-color:#f6f6f6;font-size:16px\">Die ersten (minimalen) Regeln der Neuzeit wurden durch den Fechtmeister James Figg aufgestellt. 1719 gewann Figg das erste offizielle Boxturnier seit der Antike und wurde Meister von England. 1743 wurde das erste gr\u00f6\u00dfere Regelwerk (Broughton Rules) ver\u00f6ffentlicht, das zuweilen auch schon als erste Fassung der London Prize Ring Rules (im weiteren Sinn) gilt. Man durfte keinen Gegner mehr schlagen, der am Boden liegt, Tiefschl\u00e4ge waren ebenfalls verboten.<\/p>\n\n\n\n<div style=\"height:25px\" aria-hidden=\"true\" class=\"wp-block-spacer\"><\/div>\n\n\n\n<p class=\"has-background\" style=\"background-color:#f6f6f6;font-size:16px\">1838 wurden diese Regeln durch die London Prize Ring Rules (im engeren Sinne) abgel\u00f6st. Wichtigste Neuerungen: Die Einf\u00fchrung eines Boxrings, den es vorher nicht gab und das Bandagieren der H\u00e4nde, um Verletzungen zu vermindern.<br>Am 17. April 1860 kam es bei Farnborough, Hampshire, zu einem Aufsehen erregenden illegalen Boxkampf zwischen dem 33-j\u00e4hrigen inoffiziellen englischen Schwergewichtsmeister Thomas Sayers (seit 1857, gegen William Perry) und dem sieben Jahre j\u00fcngeren, dazu gr\u00f6\u00dferen und schwereren Amerikaner John Carmel Heenan, genannt \u201eThe Benicia Boy&#8220;. Nach insgesamt 37 Runden in ca. 140 Minuten st\u00fcrmten Zuschauer den Ring; der Kampf wurde als unentschieden gewertet \u2013 beide erhielten einen G\u00fcrtel, aber nur Heenan nannte sich Boxweltmeister bzw. englischer Meister im Schwergewicht.<\/p>\n\n\n\n<div style=\"height:25px\" aria-hidden=\"true\" class=\"wp-block-spacer\"><\/div>\n\n\n\n<p class=\"has-background\" style=\"background-color:#f6f6f6;font-size:16px\">Die Verabschiedung des \u201eAnti-prize Fight Act&#8220; von 1861 im Gefolge des illegalen Meisterschaftskampfes beendete praktisch diese Veranstaltungen, sehr zum Bedauern auch h\u00f6herer englischer Gesellschaftsschichten.<br>1867\u20131889 \u00dcbergangsphase: \u201eBare-knuckle&#8220;-Boxen und modernes Boxen existieren nebeneinander.<\/p>\n\n\n\n<div style=\"height:25px\" aria-hidden=\"true\" class=\"wp-block-spacer\"><\/div>\n\n\n\n<p class=\"has-background\" style=\"background-color:#f6f6f6;font-size:16px\">Der erste offizielle Boxweltmeister nach den Regeln des Marquess of Queensberry wurde am 7. September 1882 John L. Sullivan. Er k\u00e4mpfte aber auch noch teilweise bare-knuckle, letztmals 1889 gegen Jack Kilraine.<br>Ab 1892 \u2013 nur noch Queensberry-Boxen.<\/p>\n\n\n\n<div style=\"height:25px\" aria-hidden=\"true\" class=\"wp-block-spacer\"><\/div>\n\n\n\n<p class=\"has-background\" style=\"background-color:#f6f6f6;font-size:16px\">Boxen, 1954<br>Erst ab Sullivans Nachfolger Jim Corbett 1892 boxte man nur noch nach Queensberry-Art. Am 6. April 1893 fand der l\u00e4ngste Boxkampf der Geschichte statt. Andy Bowen und Jack Burke k\u00e4mpften \u00fcber 110 Runden (sieben Stunden). Der Kampf endete unentschieden.<\/p>\n\n\n\n<div style=\"height:25px\" aria-hidden=\"true\" class=\"wp-block-spacer\"><\/div>\n\n\n\n<p class=\"has-background\" style=\"background-color:#f6f6f6;font-size:16px\">Zu der Zeit gab es aber einige wichtige Regeln noch nicht. Unter anderem wurde erst ab den 1920er Jahren der Boxer, der einen Niederschlag erzielt hat, in die neutrale Ecke geschickt; vorher konnte er den aufstehenden Boxer sofort wieder zu Boden schlagen. Erst nach dem Zweiten Weltkrieg setzte sich die Idee durch, dass ein zu Boden geschlagener Boxer immer bis acht angez\u00e4hlt wird (Mandatory-Eight-Count), vorher wurde der Kampf wieder aufgenommen, wenn der Boxer wieder aufgestanden ist. Heutzutage wird auch mit anderen Handschuhen (acht oder zehn Unzen) geboxt als Ende des 19.Jahrhunderts (vier bis sechs Unzen). Solche Regel\u00e4nderungen werden aber nicht als neues Regelwerk aufgefasst. Daher sagt man, dass noch immer nach den Queensberry-Regeln gek\u00e4mpft wird, selbst wenn der Kampfablauf heute ein anderer ist.<\/p>\n\n\n\n<div style=\"height:25px\" aria-hidden=\"true\" class=\"wp-block-spacer\"><\/div>\n\n\n\n<p class=\"has-background\" style=\"background-color:#f6f6f6;font-size:16px\">Bei den Olympischen Spielen 1904 in St. Louis feierte der Boxsport seine Premiere als olympische Sportart. 1906 wurde in K\u00f6ln der SC Colonia 06 gegr\u00fcndet und ist damit der \u00e4lteste aktive Amateur-Boxclub Deutschlands. Am 5. Dezember 1920 schlossen sich in Berlin unter dem Namen \u201eDeutscher Reichsverband f\u00fcr Amateurboxen&#8220; die deutschen Amateurboxer zusammen. Am 6. Dezember 1920 wurden die ersten Deutschen Meisterschaften durchgef\u00fchrt. Die Sieger wurden ab diesem Zeitpunkt in einer Bestenliste registriert.<\/p>\n\n\n\n<div style=\"height:25px\" aria-hidden=\"true\" class=\"wp-block-spacer\"><\/div>\n\n\n\n<p class=\"has-background\" style=\"background-color:#f6f6f6;font-size:16px\">Quelle: Wikipedia<\/p>\n\n\n\n<div style=\"height:50px\" aria-hidden=\"true\" class=\"wp-block-spacer\"><\/div>","protected":false},"excerpt":{"rendered":"<p>Boxen ist ein Kampfsport, bei dem sich zwei Personen derselben Gewichtsklasse unter festgelegten Regeln nur mit den F\u00e4usten bek\u00e4mpfen. Die ersten nachgewiesenen Faustk\u00e4mpfe zum Zwecke der Unterhaltung von Menschen fanden bereits 3000 v. Chr. in \u00c4gypten statt. In den darauffolgenden zwei Jahrtausenden breitete sich das Boxen im \u00e4g\u00e4ischen Raum aus.Der Faustkampf wurde erstmals im Jahre [&hellip;]<\/p>\n","protected":false},"author":1,"featured_media":6039,"parent":4401,"menu_order":17,"comment_status":"closed","ping_status":"closed","template":"","meta":{"footnotes":""},"class_list":["post-6026","page","type-page","status-publish","has-post-thumbnail","hentry"],"aioseo_notices":[],"_links":{"self":[{"href":"https:\/\/hsb1846.de\/en\/wp-json\/wp\/v2\/pages\/6026","targetHints":{"allow":["GET"]}}],"collection":[{"href":"https:\/\/hsb1846.de\/en\/wp-json\/wp\/v2\/pages"}],"about":[{"href":"https:\/\/hsb1846.de\/en\/wp-json\/wp\/v2\/types\/page"}],"author":[{"embeddable":true,"href":"https:\/\/hsb1846.de\/en\/wp-json\/wp\/v2\/users\/1"}],"replies":[{"embeddable":true,"href":"https:\/\/hsb1846.de\/en\/wp-json\/wp\/v2\/comments?post=6026"}],"version-history":[{"count":5,"href":"https:\/\/hsb1846.de\/en\/wp-json\/wp\/v2\/pages\/6026\/revisions"}],"predecessor-version":[{"id":6764,"href":"https:\/\/hsb1846.de\/en\/wp-json\/wp\/v2\/pages\/6026\/revisions\/6764"}],"up":[{"embeddable":true,"href":"https:\/\/hsb1846.de\/en\/wp-json\/wp\/v2\/pages\/4401"}],"wp:featuredmedia":[{"embeddable":true,"href":"https:\/\/hsb1846.de\/en\/wp-json\/wp\/v2\/media\/6039"}],"wp:attachment":[{"href":"https:\/\/hsb1846.de\/en\/wp-json\/wp\/v2\/media?parent=6026"}],"curies":[{"name":"wp","href":"https:\/\/api.w.org\/{rel}","templated":true}]}}