{"id":6094,"date":"2022-06-22T12:25:43","date_gmt":"2022-06-22T10:25:43","guid":{"rendered":"https:\/\/2022.hsb1846.de\/?page_id=6094"},"modified":"2022-06-24T10:37:16","modified_gmt":"2022-06-24T08:37:16","slug":"geschichte-handball","status":"publish","type":"page","link":"https:\/\/hsb1846.de\/en\/home\/abteilungen\/handball\/geschichte-handball\/","title":{"rendered":"Geschichte Handball"},"content":{"rendered":"<div style=\"height:50px\" aria-hidden=\"true\" class=\"wp-block-spacer\"><\/div>\n\n\n\n<h1 class=\"wp-block-heading\">Geschichte Handballabteilung<\/h1>\n\n\n\n<div style=\"height:25px\" aria-hidden=\"true\" class=\"wp-block-spacer\"><\/div>\n\n\n\n<p style=\"font-size:16px\">Der Handballsport hat eine lange Tradition in unserem Verein. Das vereinseigene Archiv belegt den ersten Eintrag \u00fcber den Handballsport in den Protokollb\u00fcchern des Turnvereins bereits am 27.10.1895. R\u00fcckfragen beim Deutschen Handballbund haben best\u00e4tigt, dass dies einer der \u00e4ltesten nachweislichen Handballaktivit\u00e4ten in ganz Deutschland ist.<\/p>\n\n\n\n<div style=\"height:50px\" aria-hidden=\"true\" class=\"wp-block-spacer\"><\/div>\n\n\n\n<div class=\"wp-block-columns is-layout-flex wp-container-core-columns-is-layout-9d6595d7 wp-block-columns-is-layout-flex\">\n<div class=\"wp-block-column is-layout-flow wp-block-column-is-layout-flow\">\n<div class=\"wp-block-cover is-light\"><span aria-hidden=\"true\" class=\"wp-block-cover__background has-background-dim\"><\/span><img loading=\"lazy\" decoding=\"async\" width=\"835\" height=\"1200\" class=\"wp-block-cover__image-background wp-image-6179\" alt=\"\" src=\"https:\/\/2022.hsb1846.de\/wp-content\/uploads\/2022\/06\/kopie_von_habezbi.jpg\" data-object-fit=\"cover\" srcset=\"https:\/\/hsb1846.de\/wp-content\/uploads\/2022\/06\/kopie_von_habezbi.jpg 835w, https:\/\/hsb1846.de\/wp-content\/uploads\/2022\/06\/kopie_von_habezbi-209x300.jpg 209w, https:\/\/hsb1846.de\/wp-content\/uploads\/2022\/06\/kopie_von_habezbi-752x1080.jpg 752w, https:\/\/hsb1846.de\/wp-content\/uploads\/2022\/06\/kopie_von_habezbi-768x1104.jpg 768w\" sizes=\"auto, (max-width: 835px) 100vw, 835px\" \/><div class=\"wp-block-cover__inner-container is-layout-flow wp-block-cover-is-layout-flow\">\n<p class=\"has-text-align-center has-large-font-size\"><\/p>\n<\/div><\/div>\n<\/div>\n\n\n\n<div class=\"wp-block-column has-white-background-color has-background is-layout-flow wp-block-column-is-layout-flow\">\n<p class=\"has-background\" style=\"background-color:#f6f6f6;font-size:25px\">Ein Nationalspieler aus den eigenen Reihen<\/p>\n\n\n\n<p class=\"has-background\" style=\"background-color:#f6f6f6\">Mehrmals gelang den Handballern der Sprung in die damals h\u00f6chste W\u00fcrttembergische Spielklasse, die Oberliga. Als Vizemeister der der Saison 1967\/1968 stand man in dieser Zeit auf dem Sprung in die h\u00f6chste Deutsche Spielklasse und hatte mit Manhart Sigler, einen Spieler aus der eigenen Jugend, auch den bisher einzigen Nationalspieler in den Reihen.<\/p>\n\n\n\n<div style=\"height:25px\" aria-hidden=\"true\" class=\"wp-block-spacer\"><\/div>\n\n\n\n<p class=\"has-background\" style=\"background-color:#f6f6f6;font-size:25px\">Eine erfolgreiche Jugend<\/p>\n\n\n\n<p class=\"has-background\" style=\"background-color:#f6f6f6\">Auch die Jugend konnte in dieser Zeit einen ihrer gr\u00f6\u00dften Erfolge feiern. In der Saison 1968\/1969 wurde die TSB A-Jugend W\u00fcrttembergischer Meister und S\u00fcddeutscher Vizemeister. Diese starke Jugend war Garant f\u00fcr die Fortsetzung der erfolgreichen Handball\u00e4ra in Heidenheim. Die gro\u00dfe Zeit endete vor\u00fcbergehend mit dem Abstieg 1970\/1971. Der darauf folgende Umbruch der Mannschaft fand erst Ende der 70er Jahre seinen Anschluss. In der Saison 1981\/1982 gelang wieder der Aufstieg in die Oberliga. Drei Jahre dauerte dieses Gastspiel. An diese Zeit k\u00f6nnen sich sicher noch viele Heidenheimer erinnern.<\/p>\n<\/div>\n<\/div>\n\n\n\n<div style=\"height:25px\" aria-hidden=\"true\" class=\"wp-block-spacer\"><\/div>\n\n\n\n<hr class=\"wp-block-separator has-alpha-channel-opacity is-style-wide\"\/>\n\n\n\n<div style=\"height:25px\" aria-hidden=\"true\" class=\"wp-block-spacer\"><\/div>\n\n\n\n<p class=\"has-background\" style=\"background-color:#f6f6f6;font-size:25px\">Handball ist &#8222;in&#8220;<\/p>\n\n\n\n<p class=\"has-background\" style=\"background-color:#f6f6f6;font-size:16px\">Handball war wieder \u201ein\u201c und die Karl-Rau-Halle war bei den Heimspielen bis auf den allerletzten Platz gef\u00fcllt. Mit dem Weggang einiger wichtiger Spieler \u2013 Geld hatte inzwischen auch im Handball Einzug gehalten \u2013 zerbrach unser Team. Mit Spielern aus den eigenen Reihen konnte man noch einige Jahre die Verbands- und Landesliga halten.<\/p>\n\n\n\n<div style=\"height:25px\" aria-hidden=\"true\" class=\"wp-block-spacer\"><\/div>\n\n\n\n<hr class=\"wp-block-separator has-alpha-channel-opacity is-style-wide\"\/>\n\n\n\n<div style=\"height:25px\" aria-hidden=\"true\" class=\"wp-block-spacer\"><\/div>\n\n\n\n<div class=\"wp-block-columns is-layout-flex wp-container-core-columns-is-layout-9d6595d7 wp-block-columns-is-layout-flex\">\n<div class=\"wp-block-column is-layout-flow wp-block-column-is-layout-flow\">\n<p class=\"has-background\" style=\"background-color:#f6f6f6;font-size:25px\">Aufgestellt in der Breite<\/p>\n\n\n\n<p class=\"has-background\" style=\"background-color:#f6f6f6;font-size:16px\">Mit den finanziellen M\u00f6glichkeiten mancher Nachbarvereine k\u00f6nnen und wollen wir heute nicht mehr konkurrieren. Daf\u00fcr haben wir uns in der Breite besser aufgestellt als jemals und haben nach wie vor fast alle Jugendmannschaften im Spielbetrieb. Seit der vergangenen Saison haben wir seit l\u00e4ngerer Zeit auch wieder eine aktive Damenmannschaft am Start. Unsere erste Herrenmannschaft spielt zurzeit in der Bezirksliga. H\u00f6here sportliche Ziele bed\u00fcrfen dann schon wieder erheblicher finanzieller Aufwendungen. Eine Alternative hierzu w\u00e4re eine Spielgemeinschaft im Kreis Heidenheim. Das sehen unsere Nachbarvereine zwar \u00e4hnlich, leider ist aber noch kein Verein bereit sich ernsthaft mit diesem Gedanken auseinander zu setzen.<\/p>\n<\/div>\n\n\n\n<div class=\"wp-block-column is-layout-flow wp-block-column-is-layout-flow\">\n<p class=\"has-background\" style=\"background-color:#f6f6f6;font-size:16px\">Somit werden wir weiterhin auf unsere eigene St\u00e4rken setzen und unsere Jugendmannschaften f\u00f6rdern. Unsere zweite Herrenmannschaft spielt aktuell in der Kreisliga 1. \u00dcber diese sollen unsere Jugendspieler langsam an den Kader der Ersten herangef\u00fchrt werden. Seit einigen Jahren habe wir nun auch eine dritte Mannschaft im Spielbetrieb.<br>Hier haben neben jungen Talenten auch viele Neueinsteiger sowie Studierende die oft nur an den Wochenenden in Heidenheim sind und einige unserer &#8222;altgedienten&#8220; einen Platz gefunden.<\/p>\n\n\n\n<p class=\"has-background\" style=\"background-color:#f6f6f6;font-size:16px\">Unsere AH, die nicht am Spielbetrieb teilnimmt, ist trotzdem sehr aktiv und organisiert viele gemeinsame Unternehmungen.<\/p>\n<\/div>\n<\/div>\n\n\n\n<div style=\"height:25px\" aria-hidden=\"true\" class=\"wp-block-spacer\"><\/div>\n\n\n\n<hr class=\"wp-block-separator has-alpha-channel-opacity is-style-wide\"\/>\n\n\n\n<div style=\"height:25px\" aria-hidden=\"true\" class=\"wp-block-spacer\"><\/div>\n\n\n\n<p class=\"has-background\" style=\"background-color:#f6f6f6;font-size:16px\">Ihr k\u00f6nnt dar\u00fcber immer wieder auf unsere Homepage lesen. Ich w\u00fcnsche euch nun viel Spa\u00df auf unserer Homepage. F\u00fcr Fragen und Anregungen sind wir immer dankbar.&nbsp;<\/p>\n\n\n\n<div style=\"height:50px\" aria-hidden=\"true\" class=\"wp-block-spacer\"><\/div>","protected":false},"excerpt":{"rendered":"<p>Geschichte Handballabteilung Der Handballsport hat eine lange Tradition in unserem Verein. Das vereinseigene Archiv belegt den ersten Eintrag \u00fcber den Handballsport in den Protokollb\u00fcchern des Turnvereins bereits am 27.10.1895. R\u00fcckfragen beim Deutschen Handballbund haben best\u00e4tigt, dass dies einer der \u00e4ltesten nachweislichen Handballaktivit\u00e4ten in ganz Deutschland ist. Ein Nationalspieler aus den eigenen Reihen Mehrmals gelang den [&hellip;]<\/p>\n","protected":false},"author":1,"featured_media":0,"parent":4405,"menu_order":0,"comment_status":"closed","ping_status":"closed","template":"","meta":{"footnotes":""},"class_list":["post-6094","page","type-page","status-publish","hentry"],"aioseo_notices":[],"_links":{"self":[{"href":"https:\/\/hsb1846.de\/en\/wp-json\/wp\/v2\/pages\/6094","targetHints":{"allow":["GET"]}}],"collection":[{"href":"https:\/\/hsb1846.de\/en\/wp-json\/wp\/v2\/pages"}],"about":[{"href":"https:\/\/hsb1846.de\/en\/wp-json\/wp\/v2\/types\/page"}],"author":[{"embeddable":true,"href":"https:\/\/hsb1846.de\/en\/wp-json\/wp\/v2\/users\/1"}],"replies":[{"embeddable":true,"href":"https:\/\/hsb1846.de\/en\/wp-json\/wp\/v2\/comments?post=6094"}],"version-history":[{"count":12,"href":"https:\/\/hsb1846.de\/en\/wp-json\/wp\/v2\/pages\/6094\/revisions"}],"predecessor-version":[{"id":6250,"href":"https:\/\/hsb1846.de\/en\/wp-json\/wp\/v2\/pages\/6094\/revisions\/6250"}],"up":[{"embeddable":true,"href":"https:\/\/hsb1846.de\/en\/wp-json\/wp\/v2\/pages\/4405"}],"wp:attachment":[{"href":"https:\/\/hsb1846.de\/en\/wp-json\/wp\/v2\/media?parent=6094"}],"curies":[{"name":"wp","href":"https:\/\/api.w.org\/{rel}","templated":true}]}}