{"id":6100,"date":"2022-06-22T12:27:04","date_gmt":"2022-06-22T10:27:04","guid":{"rendered":"https:\/\/2022.hsb1846.de\/?page_id=6100"},"modified":"2022-06-29T11:25:38","modified_gmt":"2022-06-29T09:25:38","slug":"schiedsrichter-handball","status":"publish","type":"page","link":"https:\/\/hsb1846.de\/en\/home\/abteilungen\/handball\/schiedsrichter-handball\/","title":{"rendered":"Schiedsrichter Handball"},"content":{"rendered":"<div style=\"height:50px\" aria-hidden=\"true\" class=\"wp-block-spacer\"><\/div>\n\n\n\n<h1 class=\"has-white-color has-text-color has-background wp-block-heading\" style=\"background-color:#02147e\">Unsere Schiedsrichter<\/h1>\n\n\n\n<div style=\"height:50px\" aria-hidden=\"true\" class=\"wp-block-spacer\"><\/div>\n\n\n\n<h2 class=\"wp-block-heading\">SB-Obmann Volker Kampf<\/h2>\n\n\n\n<div style=\"height:25px\" aria-hidden=\"true\" class=\"wp-block-spacer\"><\/div>\n\n\n\n<div class=\"wp-block-columns is-layout-flex wp-container-core-columns-is-layout-9d6595d7 wp-block-columns-is-layout-flex\">\n<div class=\"wp-block-column is-layout-flow wp-block-column-is-layout-flow\" style=\"flex-basis:100%\">\n<figure class=\"wp-block-image size-full\"><img loading=\"lazy\" decoding=\"async\" width=\"576\" height=\"864\" src=\"https:\/\/2022.hsb1846.de\/wp-content\/uploads\/2022\/06\/kampf_1.jpg\" alt=\"\" class=\"wp-image-6306\" srcset=\"https:\/\/hsb1846.de\/wp-content\/uploads\/2022\/06\/kampf_1.jpg 576w, https:\/\/hsb1846.de\/wp-content\/uploads\/2022\/06\/kampf_1-200x300.jpg 200w\" sizes=\"auto, (max-width: 576px) 100vw, 576px\" \/><\/figure>\n<\/div>\n\n\n\n<div class=\"wp-block-column is-layout-flow wp-block-column-is-layout-flow\" style=\"flex-basis:100%\">\n<div class=\"wp-block-columns is-layout-flex wp-container-core-columns-is-layout-9d6595d7 wp-block-columns-is-layout-flex\">\n<div class=\"wp-block-column is-layout-flow wp-block-column-is-layout-flow\">\n<p class=\"has-background\" style=\"background-color:#f6f6f6\">Name:<\/p>\n<\/div>\n\n\n\n<div class=\"wp-block-column is-layout-flow wp-block-column-is-layout-flow\">\n<p class=\"has-white-color has-text-color has-background\" style=\"background-color:#02147e\">Volker Kampf<\/p>\n<\/div>\n<\/div>\n\n\n\n<div class=\"wp-block-columns is-layout-flex wp-container-core-columns-is-layout-9d6595d7 wp-block-columns-is-layout-flex\">\n<div class=\"wp-block-column is-layout-flow wp-block-column-is-layout-flow\">\n<p class=\"has-background\" style=\"background-color:#f6f6f6\">Geburtsdatum:<\/p>\n<\/div>\n\n\n\n<div class=\"wp-block-column is-layout-flow wp-block-column-is-layout-flow\">\n<p class=\"has-white-color has-text-color has-background\" style=\"background-color:#02147e\">13.01.1990<\/p>\n<\/div>\n<\/div>\n\n\n\n<div class=\"wp-block-columns is-layout-flex wp-container-core-columns-is-layout-9d6595d7 wp-block-columns-is-layout-flex\">\n<div class=\"wp-block-column is-layout-flow wp-block-column-is-layout-flow\">\n<p class=\"has-background\" style=\"background-color:#f6f6f6\">Wohnort:<\/p>\n<\/div>\n\n\n\n<div class=\"wp-block-column is-layout-flow wp-block-column-is-layout-flow\">\n<p class=\"has-white-color has-text-color has-background\" style=\"background-color:#02147e\">Heidenheim<\/p>\n<\/div>\n<\/div>\n\n\n\n<div class=\"wp-block-columns is-layout-flex wp-container-core-columns-is-layout-9d6595d7 wp-block-columns-is-layout-flex\">\n<div class=\"wp-block-column is-layout-flow wp-block-column-is-layout-flow\">\n<p class=\"has-background\" style=\"background-color:#f6f6f6\">SR seit:<\/p>\n<\/div>\n\n\n\n<div class=\"wp-block-column is-layout-flow wp-block-column-is-layout-flow\">\n<p class=\"has-white-color has-text-color has-background\" style=\"background-color:#02147e\">2006<\/p>\n<\/div>\n<\/div>\n\n\n\n<div class=\"wp-block-columns is-layout-flex wp-container-core-columns-is-layout-9d6595d7 wp-block-columns-is-layout-flex\">\n<div class=\"wp-block-column has-background is-layout-flow wp-block-column-is-layout-flow\" style=\"background-color:#f6f6f6\">\n<p class=\"has-background\" style=\"background-color:#f6f6f6\">Teampartner:<\/p>\n<\/div>\n\n\n\n<div class=\"wp-block-column is-layout-flow wp-block-column-is-layout-flow\">\n<p class=\"has-white-color has-text-color has-background\" style=\"background-color:#02147e\">Benjamin Heikamp (SG Kuchen\/Gingen)<\/p>\n<\/div>\n<\/div>\n\n\n\n<div class=\"wp-block-columns is-layout-flex wp-container-core-columns-is-layout-9d6595d7 wp-block-columns-is-layout-flex\">\n<div class=\"wp-block-column is-layout-flow wp-block-column-is-layout-flow\">\n<p class=\"has-background\" style=\"background-color:#f6f6f6\">Mit jetzigen Partner seit:<\/p>\n<\/div>\n\n\n\n<div class=\"wp-block-column has-background is-layout-flow wp-block-column-is-layout-flow\" style=\"background-color:#02147e\">\n<p class=\"has-white-color has-text-color has-background\" style=\"background-color:#02147e\">2011<\/p>\n<\/div>\n<\/div>\n\n\n\n<div class=\"wp-block-columns is-layout-flex wp-container-core-columns-is-layout-9d6595d7 wp-block-columns-is-layout-flex\">\n<div class=\"wp-block-column is-layout-flow wp-block-column-is-layout-flow\">\n<p class=\"has-background\" style=\"background-color:#f6f6f6\">Kader:<\/p>\n<\/div>\n\n\n\n<div class=\"wp-block-column is-layout-flow wp-block-column-is-layout-flow\">\n<p class=\"has-white-color has-text-color has-background\" style=\"background-color:#02147e\">HVW &#8211; B-Kader<\/p>\n<\/div>\n<\/div>\n\n\n\n<div class=\"wp-block-columns is-layout-flex wp-container-core-columns-is-layout-9d6595d7 wp-block-columns-is-layout-flex\">\n<div class=\"wp-block-column has-background is-layout-flow wp-block-column-is-layout-flow\" style=\"background-color:#f6f6f6\">\n<p class=\"has-background\" style=\"background-color:#f6f6f6\">Eins\u00e4tze in:<\/p>\n<\/div>\n\n\n\n<div class=\"wp-block-column is-layout-flow wp-block-column-is-layout-flow\">\n<p class=\"has-white-color has-text-color has-background\" style=\"background-color:#02147e\">M\u00e4nner-Landesliga Frauen-W\u00fcrttembergliga<\/p>\n<\/div>\n<\/div>\n<\/div>\n<\/div>\n\n\n\n<div style=\"height:50px\" aria-hidden=\"true\" class=\"wp-block-spacer\"><\/div>\n\n\n\n<h2 class=\"wp-block-heading\">Team Dandl \/ Uhl<\/h2>\n\n\n\n<div style=\"height:25px\" aria-hidden=\"true\" class=\"wp-block-spacer\"><\/div>\n\n\n\n<figure class=\"wp-block-image size-full\"><img loading=\"lazy\" decoding=\"async\" width=\"1200\" height=\"900\" src=\"https:\/\/2022.hsb1846.de\/wp-content\/uploads\/2022\/06\/tobi_manu_schirigespann.jpg\" alt=\"\" class=\"wp-image-6307\" srcset=\"https:\/\/hsb1846.de\/wp-content\/uploads\/2022\/06\/tobi_manu_schirigespann.jpg 1200w, https:\/\/hsb1846.de\/wp-content\/uploads\/2022\/06\/tobi_manu_schirigespann-300x225.jpg 300w, https:\/\/hsb1846.de\/wp-content\/uploads\/2022\/06\/tobi_manu_schirigespann-768x576.jpg 768w\" sizes=\"auto, (max-width: 1200px) 100vw, 1200px\" \/><\/figure>\n\n\n\n<div style=\"height:25px\" aria-hidden=\"true\" class=\"wp-block-spacer\"><\/div>\n\n\n\n<div class=\"wp-block-columns is-layout-flex wp-container-core-columns-is-layout-9d6595d7 wp-block-columns-is-layout-flex\">\n<div class=\"wp-block-column is-layout-flow wp-block-column-is-layout-flow\">\n<p class=\"has-background\" style=\"background-color:#f6f6f6\">Name:<\/p>\n\n\n\n<p class=\"has-white-color has-text-color has-background\" style=\"background-color:#02147e\">Manuel Dandl<\/p>\n\n\n\n<p class=\"has-background\" style=\"background-color:#f6f6f6\">Geburtsdatum:<\/p>\n\n\n\n<p class=\"has-white-color has-text-color has-background\" style=\"background-color:#02147e\">10.04.1991<\/p>\n\n\n\n<p class=\"has-background\" style=\"background-color:#f6f6f6\">Wohnort:<\/p>\n\n\n\n<p class=\"has-white-color has-text-color has-background\" style=\"background-color:#02147e\">Heidenheim<\/p>\n\n\n\n<p class=\"has-background\" style=\"background-color:#f6f6f6\">SR seit:<\/p>\n\n\n\n<p class=\"has-white-color has-text-color has-background\" style=\"background-color:#02147e\">2012<\/p>\n\n\n\n<p class=\"has-background\" style=\"background-color:#f6f6f6\">Mit jetzigen Partner seit:<\/p>\n\n\n\n<p class=\"has-white-color has-text-color has-background\" style=\"background-color:#02147e\">2017\/2018<\/p>\n\n\n\n<p class=\"has-background\" style=\"background-color:#f6f6f6\">Kader:<\/p>\n\n\n\n<p class=\"has-white-color has-text-color has-background\" style=\"background-color:#02147e\">Bezirkskader<\/p>\n\n\n\n<p class=\"has-background\" style=\"background-color:#f6f6f6\">Eins\u00e4tze in:<\/p>\n\n\n\n<p class=\"has-white-color has-text-color has-background\" style=\"background-color:#02147e\">M\u00e4nner  Bezirksliga; Frauen Landesliga<\/p>\n<\/div>\n\n\n\n<div class=\"wp-block-column is-layout-flow wp-block-column-is-layout-flow\">\n<p class=\"has-background\" style=\"background-color:#f6f6f6\">Name:<\/p>\n\n\n\n<p class=\"has-white-color has-text-color has-background\" style=\"background-color:#02147e\">Tobias Uhl<\/p>\n\n\n\n<p class=\"has-background\" style=\"background-color:#f6f6f6\">Geburtsdatum:<\/p>\n\n\n\n<p class=\"has-white-color has-text-color has-background\" style=\"background-color:#02147e\">22.05.1990<\/p>\n\n\n\n<p class=\"has-background\" style=\"background-color:#f6f6f6\">Wohnort:<\/p>\n\n\n\n<p class=\"has-white-color has-text-color has-background\" style=\"background-color:#02147e\">Heidenheim<\/p>\n\n\n\n<p class=\"has-background\" style=\"background-color:#f6f6f6\">SR seit:<\/p>\n\n\n\n<p class=\"has-white-color has-text-color has-background\" style=\"background-color:#02147e\">2015<\/p>\n\n\n\n<p class=\"has-background\" style=\"background-color:#f6f6f6\">Mit jetzigen Partner seit:<\/p>\n\n\n\n<p class=\"has-white-color has-text-color has-background\" style=\"background-color:#02147e\">2017\/2018<\/p>\n\n\n\n<p class=\"has-background\" style=\"background-color:#f6f6f6\">Kader:<\/p>\n\n\n\n<p class=\"has-white-color has-text-color has-background\" style=\"background-color:#02147e\">Bezirkskader<\/p>\n\n\n\n<p class=\"has-background\" style=\"background-color:#f6f6f6\">Eins\u00e4tze in:<\/p>\n\n\n\n<p class=\"has-white-color has-text-color has-background\" style=\"background-color:#02147e\">M\u00e4nner  Bezirksliga; Frauen Landesliga<\/p>\n<\/div>\n<\/div>\n\n\n\n<div style=\"height:50px\" aria-hidden=\"true\" class=\"wp-block-spacer\"><\/div>\n\n\n\n<h2 class=\"wp-block-heading\">Team Rau \/ Tr\u00e4ger<\/h2>\n\n\n\n<div style=\"height:25px\" aria-hidden=\"true\" class=\"wp-block-spacer\"><\/div>\n\n\n\n<figure class=\"wp-block-image size-full\"><img loading=\"lazy\" decoding=\"async\" width=\"1200\" height=\"800\" src=\"https:\/\/2022.hsb1846.de\/wp-content\/uploads\/2022\/06\/rau_tr__ger.jpg\" alt=\"\" class=\"wp-image-6308\" srcset=\"https:\/\/hsb1846.de\/wp-content\/uploads\/2022\/06\/rau_tr__ger.jpg 1200w, https:\/\/hsb1846.de\/wp-content\/uploads\/2022\/06\/rau_tr__ger-300x200.jpg 300w, https:\/\/hsb1846.de\/wp-content\/uploads\/2022\/06\/rau_tr__ger-768x512.jpg 768w\" sizes=\"auto, (max-width: 1200px) 100vw, 1200px\" \/><\/figure>\n\n\n\n<div style=\"height:25px\" aria-hidden=\"true\" class=\"wp-block-spacer\"><\/div>\n\n\n\n<div class=\"wp-block-columns is-layout-flex wp-container-core-columns-is-layout-9d6595d7 wp-block-columns-is-layout-flex\">\n<div class=\"wp-block-column is-layout-flow wp-block-column-is-layout-flow\">\n<p class=\"has-background\" style=\"background-color:#f6f6f6\">Name:<\/p>\n\n\n\n<p class=\"has-white-color has-text-color has-background\" style=\"background-color:#02147e\">Frank Rau<\/p>\n\n\n\n<p class=\"has-background\" style=\"background-color:#f6f6f6\">Geburtsdatum:<\/p>\n\n\n\n<p class=\"has-white-color has-text-color has-background\" style=\"background-color:#02147e\">21.04.1971<\/p>\n\n\n\n<p class=\"has-background\" style=\"background-color:#f6f6f6\">Wohnort:<\/p>\n\n\n\n<p class=\"has-white-color has-text-color has-background\" style=\"background-color:#02147e\">Bohlheim<\/p>\n\n\n\n<p class=\"has-background\" style=\"background-color:#f6f6f6\">SR seit:<\/p>\n\n\n\n<p class=\"has-white-color has-text-color has-background\" style=\"background-color:#02147e\">2006<\/p>\n\n\n\n<p class=\"has-background\" style=\"background-color:#f6f6f6\">Mit jetzigen Partner seit:<\/p>\n\n\n\n<p class=\"has-white-color has-text-color has-background\" style=\"background-color:#02147e\">2009<\/p>\n\n\n\n<p class=\"has-background\" style=\"background-color:#f6f6f6\">Kader:<\/p>\n\n\n\n<p class=\"has-white-color has-text-color has-background\" style=\"background-color:#02147e\">Bezirkskader<\/p>\n\n\n\n<p class=\"has-background\" style=\"background-color:#f6f6f6\">Eins\u00e4tze in:<\/p>\n\n\n\n<p class=\"has-white-color has-text-color has-background\" style=\"background-color:#02147e\">M\u00e4nner  Bezirksliga; Frauen Landesliga<\/p>\n<\/div>\n\n\n\n<div class=\"wp-block-column is-layout-flow wp-block-column-is-layout-flow\">\n<p class=\"has-background\" style=\"background-color:#f6f6f6\">Name:<\/p>\n\n\n\n<p class=\"has-white-color has-text-color has-background\" style=\"background-color:#02147e\">Detlev Tr\u00e4ger<\/p>\n\n\n\n<p class=\"has-background\" style=\"background-color:#f6f6f6\">Geburtsdatum:<\/p>\n\n\n\n<p class=\"has-white-color has-text-color has-background\" style=\"background-color:#02147e\">10.12.1957<\/p>\n\n\n\n<p class=\"has-background\" style=\"background-color:#f6f6f6\">Wohnort:<\/p>\n\n\n\n<p class=\"has-white-color has-text-color has-background\" style=\"background-color:#02147e\">Heidenheim<\/p>\n\n\n\n<p class=\"has-background\" style=\"background-color:#f6f6f6\">SR seit:<\/p>\n\n\n\n<p class=\"has-white-color has-text-color has-background\" style=\"background-color:#02147e\">2001<\/p>\n\n\n\n<p class=\"has-background\" style=\"background-color:#f6f6f6\">Mit jetzigen Partner seit:<\/p>\n\n\n\n<p class=\"has-white-color has-text-color has-background\" style=\"background-color:#02147e\">2009<\/p>\n\n\n\n<p class=\"has-background\" style=\"background-color:#f6f6f6\">Kader:<\/p>\n\n\n\n<p class=\"has-white-color has-text-color has-background\" style=\"background-color:#02147e\">Bezirkskader<\/p>\n\n\n\n<p class=\"has-background\" style=\"background-color:#f6f6f6\">Eins\u00e4tze in:<\/p>\n\n\n\n<p class=\"has-white-color has-text-color has-background\" style=\"background-color:#02147e\">M\u00e4nner  Bezirksliga; Frauen Landesliga<\/p>\n<\/div>\n<\/div>\n\n\n\n<div style=\"height:50px\" aria-hidden=\"true\" class=\"wp-block-spacer\"><\/div>","protected":false},"excerpt":{"rendered":"<p>Unsere Schiedsrichter SB-Obmann Volker Kampf Name: Volker Kampf Geburtsdatum: 13.01.1990 Wohnort: Heidenheim SR seit: 2006 Teampartner: Benjamin Heikamp (SG Kuchen\/Gingen) Mit jetzigen Partner seit: 2011 Kader: HVW &#8211; B-Kader Eins\u00e4tze in: M\u00e4nner-Landesliga Frauen-W\u00fcrttembergliga Team Dandl \/ Uhl Name: Manuel Dandl Geburtsdatum: 10.04.1991 Wohnort: Heidenheim SR seit: 2012 Mit jetzigen Partner seit: 2017\/2018 Kader: Bezirkskader Eins\u00e4tze [&hellip;]<\/p>\n","protected":false},"author":1,"featured_media":0,"parent":4405,"menu_order":19,"comment_status":"closed","ping_status":"closed","template":"","meta":{"footnotes":""},"class_list":["post-6100","page","type-page","status-publish","hentry"],"aioseo_notices":[],"_links":{"self":[{"href":"https:\/\/hsb1846.de\/en\/wp-json\/wp\/v2\/pages\/6100","targetHints":{"allow":["GET"]}}],"collection":[{"href":"https:\/\/hsb1846.de\/en\/wp-json\/wp\/v2\/pages"}],"about":[{"href":"https:\/\/hsb1846.de\/en\/wp-json\/wp\/v2\/types\/page"}],"author":[{"embeddable":true,"href":"https:\/\/hsb1846.de\/en\/wp-json\/wp\/v2\/users\/1"}],"replies":[{"embeddable":true,"href":"https:\/\/hsb1846.de\/en\/wp-json\/wp\/v2\/comments?post=6100"}],"version-history":[{"count":34,"href":"https:\/\/hsb1846.de\/en\/wp-json\/wp\/v2\/pages\/6100\/revisions"}],"predecessor-version":[{"id":6370,"href":"https:\/\/hsb1846.de\/en\/wp-json\/wp\/v2\/pages\/6100\/revisions\/6370"}],"up":[{"embeddable":true,"href":"https:\/\/hsb1846.de\/en\/wp-json\/wp\/v2\/pages\/4405"}],"wp:attachment":[{"href":"https:\/\/hsb1846.de\/en\/wp-json\/wp\/v2\/media?parent=6100"}],"curies":[{"name":"wp","href":"https:\/\/api.w.org\/{rel}","templated":true}]}}