{"id":6106,"date":"2022-06-22T12:31:22","date_gmt":"2022-06-22T10:31:22","guid":{"rendered":"https:\/\/2022.hsb1846.de\/?page_id=6106"},"modified":"2025-10-19T08:37:29","modified_gmt":"2025-10-19T06:37:29","slug":"herren-2","status":"publish","type":"page","link":"https:\/\/hsb1846.de\/en\/home\/abteilungen\/handball\/teams-handball\/herren-2\/","title":{"rendered":"Herren 2"},"content":{"rendered":"<h1 class=\"wp-block-heading has-white-color has-text-color has-background\" style=\"background-color:#02147e\">Unsere 2. Mannschaft<\/h1>\n\n\n\n<div style=\"height:50px\" aria-hidden=\"true\" class=\"wp-block-spacer\"><\/div>\n\n\n\n<figure class=\"wp-block-image size-full\"><img loading=\"lazy\" decoding=\"async\" width=\"2048\" height=\"1536\" src=\"https:\/\/hsb1846.de\/wp-content\/uploads\/2025\/10\/IMG_9123.jpeg\" alt=\"\" class=\"wp-image-18321\" srcset=\"https:\/\/hsb1846.de\/wp-content\/uploads\/2025\/10\/IMG_9123.jpeg 2048w, https:\/\/hsb1846.de\/wp-content\/uploads\/2025\/10\/IMG_9123-300x225.jpeg 300w, https:\/\/hsb1846.de\/wp-content\/uploads\/2025\/10\/IMG_9123-1440x1080.jpeg 1440w, https:\/\/hsb1846.de\/wp-content\/uploads\/2025\/10\/IMG_9123-768x576.jpeg 768w, https:\/\/hsb1846.de\/wp-content\/uploads\/2025\/10\/IMG_9123-1536x1152.jpeg 1536w, https:\/\/hsb1846.de\/wp-content\/uploads\/2025\/10\/IMG_9123-16x12.jpeg 16w\" sizes=\"auto, (max-width: 2048px) 100vw, 2048px\" \/><\/figure>\n\n\n\n<h2 class=\"wp-block-heading\">M\u00e4nner 2:<\/h2>\n\n\n\n\n\n<p>Hinten von links: Max Zembsch, Kaithwah Lai, Markus Profendiener, Dennis Mattburger, Hannes Molt, Sergej Schestakow, Volker Kampf<br>Vorne von links: Trainer Andre Rode, Pascal Schmidt, Tim K\u00f6nig, Axel Schmid, Harri Eleftheriadis, Werner St\u00fctz, Max Ohnhaus, Fabian Rau, Manuel Dandl<br>Es fehlen: Nicola Pinna, Maximilian Selin, Jan Thai Nguyen, Robert O\u00dfwald, Facundo Jos\u00e9 Arnaudo Lucero, Linus Haase<\/p>\n\n\n\n<p><\/p>\n\n\n\n<p><\/p>\n\n\n\n<p><\/p>\n\n\n\n<h2 class=\"wp-block-heading has-background\" style=\"background-color:#f6f6f6\">Trainingszeiten der 2. Mannschaft<\/h2>\n\n\n\n<div style=\"height:25px\" aria-hidden=\"true\" class=\"wp-block-spacer\"><\/div>\n\n\n\n<hr class=\"wp-block-separator has-alpha-channel-opacity is-style-wide\"\/>\n\n\n\n<div style=\"height:25px\" aria-hidden=\"true\" class=\"wp-block-spacer\"><\/div>\n\n\n\n<div class=\"wp-block-columns is-layout-flex wp-container-core-columns-is-layout-9d6595d7 wp-block-columns-is-layout-flex\">\n<div class=\"wp-block-column is-layout-flow wp-block-column-is-layout-flow\">\n<p class=\"has-background\" style=\"background-color:#f6f6f6\">Dienstags:<\/p>\n<\/div>\n\n\n\n<div class=\"wp-block-column is-layout-flow wp-block-column-is-layout-flow\">\n<p class=\"has-white-color has-text-color has-background\" style=\"background-color:#02147e\">20:30 -22:00 Uhr<\/p>\n<\/div>\n\n\n\n<div class=\"wp-block-column has-background is-layout-flow wp-block-column-is-layout-flow\" style=\"background-color:#f6f6f6\">\n<p class=\"has-background\" style=\"background-color:#f6f6f6\">Landkreishalle<\/p>\n<\/div>\n<\/div>\n\n\n\n<div class=\"wp-block-columns is-layout-flex wp-container-core-columns-is-layout-9d6595d7 wp-block-columns-is-layout-flex\">\n<div class=\"wp-block-column is-layout-flow wp-block-column-is-layout-flow\">\n<p class=\"has-background\" style=\"background-color:#f6f6f6\">Donnerstags:<\/p>\n<\/div>\n\n\n\n<div class=\"wp-block-column is-layout-flow wp-block-column-is-layout-flow\">\n<p class=\"has-white-color has-text-color has-background\" style=\"background-color:#02147e\">20:00 &#8211; 22:00 Uhr<\/p>\n<\/div>\n\n\n\n<div class=\"wp-block-column has-background is-layout-flow wp-block-column-is-layout-flow\" style=\"background-color:#f6f6f6\">\n<p class=\"has-background\" style=\"background-color:#f6f6f6\">Halle am Werkgymnasium <\/p>\n<\/div>\n<\/div>\n\n\n\n<div style=\"height:50px\" aria-hidden=\"true\" class=\"wp-block-spacer\"><\/div>\n\n\n\n<p style=\"font-size:16px\"><strong>Trainer:<\/strong> Andre Rode<\/p>\n\n\n\n<div style=\"height:50px\" aria-hidden=\"true\" class=\"wp-block-spacer\"><\/div>","protected":false},"excerpt":{"rendered":"<p>Unsere 2. Mannschaft M\u00e4nner 2: Hinten von links: Max Zembsch, Kaithwah Lai, Markus Profendiener, Dennis Mattburger, Hannes Molt, Sergej Schestakow, Volker KampfVorne von links: Trainer Andre Rode, Pascal Schmidt, Tim K\u00f6nig, Axel Schmid, Harri Eleftheriadis, Werner St\u00fctz, Max Ohnhaus, Fabian Rau, Manuel DandlEs fehlen: Nicola Pinna, Maximilian Selin, Jan Thai Nguyen, Robert O\u00dfwald, Facundo Jos\u00e9 [&hellip;]<\/p>\n","protected":false},"author":1,"featured_media":0,"parent":6102,"menu_order":13,"comment_status":"closed","ping_status":"closed","template":"","meta":{"footnotes":""},"class_list":["post-6106","page","type-page","status-publish","hentry"],"aioseo_notices":[],"_links":{"self":[{"href":"https:\/\/hsb1846.de\/en\/wp-json\/wp\/v2\/pages\/6106","targetHints":{"allow":["GET"]}}],"collection":[{"href":"https:\/\/hsb1846.de\/en\/wp-json\/wp\/v2\/pages"}],"about":[{"href":"https:\/\/hsb1846.de\/en\/wp-json\/wp\/v2\/types\/page"}],"author":[{"embeddable":true,"href":"https:\/\/hsb1846.de\/en\/wp-json\/wp\/v2\/users\/1"}],"replies":[{"embeddable":true,"href":"https:\/\/hsb1846.de\/en\/wp-json\/wp\/v2\/comments?post=6106"}],"version-history":[{"count":9,"href":"https:\/\/hsb1846.de\/en\/wp-json\/wp\/v2\/pages\/6106\/revisions"}],"predecessor-version":[{"id":18323,"href":"https:\/\/hsb1846.de\/en\/wp-json\/wp\/v2\/pages\/6106\/revisions\/18323"}],"up":[{"embeddable":true,"href":"https:\/\/hsb1846.de\/en\/wp-json\/wp\/v2\/pages\/6102"}],"wp:attachment":[{"href":"https:\/\/hsb1846.de\/en\/wp-json\/wp\/v2\/media?parent=6106"}],"curies":[{"name":"wp","href":"https:\/\/api.w.org\/{rel}","templated":true}]}}