{"id":6112,"date":"2022-06-22T13:24:46","date_gmt":"2022-06-22T11:24:46","guid":{"rendered":"https:\/\/2022.hsb1846.de\/?page_id=6112"},"modified":"2022-06-29T13:16:57","modified_gmt":"2022-06-29T11:16:57","slug":"alte-herren","status":"publish","type":"page","link":"https:\/\/hsb1846.de\/en\/home\/abteilungen\/handball\/teams-handball\/alte-herren\/","title":{"rendered":"Alte Herren"},"content":{"rendered":"<p class=\"has-background\" style=\"background-color:#f6f6f6;font-size:16px\">Foto von hinten links: Paul Reimann, J\u00f6rg (Jogi) Baur, Wolfgang (Henry) Heinrich, J\u00f6rg Weireter, Manfred (Markus) Junginger, Jochen Werner, Heinz Tasler, Herbert (Hebbe) Joo\u00df, Berhard (Benni) Fuchs, Hans-J\u00fcrgen M\u00fchlberger, Wilhelm (Willi) W\u00fchrl, vorn von links: Albert (Batschi) W\u00f6ger, Hans Kenntner, Trainer Hans Knoth, Gunter (Ginne) Schwarz, Andreas (Andi) Schlosarek, Es fehlen auf denm Foto: Otto Bantel, Manhart Blanz, Ernst Blum, Horst (Hotte) F\u00e4rber, Fritz Hauffe, Georg (Schorsch) Holz, Richard Kaufmann, Heinz (Heinrich) Kondler, Werner Laible, Horst Ochsenfeld, Erwin Ortwein, Heinz Prenting, Henry Probst, Harald Scheiderbauer, Albert Schn\u00fcrle, Andreas (Andi) Sch\u00fctte, Emil (Bembas) Schwarz, Albert Sinko, Werner Stracke, Walter Thissen,<\/p>\n\n\n\n<div style=\"height:50px\" aria-hidden=\"true\" class=\"wp-block-spacer\"><\/div>\n\n\n\n<h1 class=\"has-white-color has-text-color has-background wp-block-heading\" style=\"background-color:#02147e\">Unsere Alten Herren<\/h1>\n\n\n\n<div style=\"height:50px\" aria-hidden=\"true\" class=\"wp-block-spacer\"><\/div>\n\n\n\n<h2 class=\"has-background wp-block-heading\" style=\"background-color:#f6f6f6\">Trainingszeiten der Alten Herren<\/h2>\n\n\n\n<div style=\"height:25px\" aria-hidden=\"true\" class=\"wp-block-spacer\"><\/div>\n\n\n\n<hr class=\"wp-block-separator has-alpha-channel-opacity is-style-wide\"\/>\n\n\n\n<div style=\"height:25px\" aria-hidden=\"true\" class=\"wp-block-spacer\"><\/div>\n\n\n\n<div class=\"wp-block-columns is-layout-flex wp-container-core-columns-is-layout-9d6595d7 wp-block-columns-is-layout-flex\">\n<div class=\"wp-block-column has-background is-layout-flow wp-block-column-is-layout-flow\" style=\"background-color:#f6f6f6\">\n<p class=\"has-background\" style=\"background-color:#f6f6f6\">Mittwoch:<\/p>\n<\/div>\n\n\n\n<div class=\"wp-block-column has-background is-layout-flow wp-block-column-is-layout-flow\" style=\"background-color:#02147e\">\n<p class=\"has-white-color has-text-color has-background\" style=\"background-color:#02147e\">20:00 &#8211; 22:00 Uhr<\/p>\n<\/div>\n\n\n\n<div class=\"wp-block-column has-background is-layout-flow wp-block-column-is-layout-flow\" style=\"background-color:#f6f6f6\">\n<p class=\"has-background\" style=\"background-color:#f6f6f6\">Kleinfeldhalle Voith-Sportzentrum<\/p>\n<\/div>\n<\/div>\n\n\n\n<div style=\"height:50px\" aria-hidden=\"true\" class=\"wp-block-spacer\"><\/div>\n\n\n\n<p style=\"font-size:16px\"><strong>Trainer:<\/strong> Stefan Somogyi<\/p>\n\n\n\n<div style=\"height:50px\" aria-hidden=\"true\" class=\"wp-block-spacer\"><\/div>","protected":false},"excerpt":{"rendered":"<p>Foto von hinten links: Paul Reimann, J\u00f6rg (Jogi) Baur, Wolfgang (Henry) Heinrich, J\u00f6rg Weireter, Manfred (Markus) Junginger, Jochen Werner, Heinz Tasler, Herbert (Hebbe) Joo\u00df, Berhard (Benni) Fuchs, Hans-J\u00fcrgen M\u00fchlberger, Wilhelm (Willi) W\u00fchrl, vorn von links: Albert (Batschi) W\u00f6ger, Hans Kenntner, Trainer Hans Knoth, Gunter (Ginne) Schwarz, Andreas (Andi) Schlosarek, Es fehlen auf denm Foto: Otto [&hellip;]<\/p>\n","protected":false},"author":1,"featured_media":6389,"parent":6102,"menu_order":20,"comment_status":"closed","ping_status":"closed","template":"","meta":{"footnotes":""},"class_list":["post-6112","page","type-page","status-publish","has-post-thumbnail","hentry"],"aioseo_notices":[],"_links":{"self":[{"href":"https:\/\/hsb1846.de\/en\/wp-json\/wp\/v2\/pages\/6112","targetHints":{"allow":["GET"]}}],"collection":[{"href":"https:\/\/hsb1846.de\/en\/wp-json\/wp\/v2\/pages"}],"about":[{"href":"https:\/\/hsb1846.de\/en\/wp-json\/wp\/v2\/types\/page"}],"author":[{"embeddable":true,"href":"https:\/\/hsb1846.de\/en\/wp-json\/wp\/v2\/users\/1"}],"replies":[{"embeddable":true,"href":"https:\/\/hsb1846.de\/en\/wp-json\/wp\/v2\/comments?post=6112"}],"version-history":[{"count":2,"href":"https:\/\/hsb1846.de\/en\/wp-json\/wp\/v2\/pages\/6112\/revisions"}],"predecessor-version":[{"id":6387,"href":"https:\/\/hsb1846.de\/en\/wp-json\/wp\/v2\/pages\/6112\/revisions\/6387"}],"up":[{"embeddable":true,"href":"https:\/\/hsb1846.de\/en\/wp-json\/wp\/v2\/pages\/6102"}],"wp:featuredmedia":[{"embeddable":true,"href":"https:\/\/hsb1846.de\/en\/wp-json\/wp\/v2\/media\/6389"}],"wp:attachment":[{"href":"https:\/\/hsb1846.de\/en\/wp-json\/wp\/v2\/media?parent=6112"}],"curies":[{"name":"wp","href":"https:\/\/api.w.org\/{rel}","templated":true}]}}