{"id":6195,"date":"2022-06-23T13:42:41","date_gmt":"2022-06-23T11:42:41","guid":{"rendered":"https:\/\/2022.hsb1846.de\/?page_id=6195"},"modified":"2025-10-19T08:43:03","modified_gmt":"2025-10-19T06:43:03","slug":"spielberichte-handball","status":"publish","type":"page","link":"https:\/\/hsb1846.de\/en\/home\/abteilungen\/handball\/spielberichte-handball\/","title":{"rendered":"Spielberichte Handball"},"content":{"rendered":"<div style=\"height:50px\" aria-hidden=\"true\" class=\"wp-block-spacer\"><\/div>\n\n\n\n<h1 class=\"wp-block-heading\">Spielberichte Saison 2025\/26<\/h1>\n\n\n\n<div style=\"height:50px\" aria-hidden=\"true\" class=\"wp-block-spacer\"><\/div>\n\n\n\n<h2 class=\"wp-block-heading\">Spielberichte Herren 2 <\/h2>\n\n\n\n\n\n<p><strong>Herren 2 starten mit Heimsieg in die Saison 25\/26<\/strong><\/p>\n\n\n\n<p>Nachdem das eigentliche Er\u00f6ffnung gegen den TSV Dettingen auf Ende Dezember verschoben wurde, hatte es unsere Zweite zum Saisonauftakt die SG Brenztal 4 zu Gast.<\/p>\n\n\n\n<p>Die Partie begann mit dem Anwurf f\u00fcr die G\u00e4ste, doch den ersten Treffer erzielte nach 44 Sekunden der Heidenheimer Axel Schmid. Die G\u00e4ste hatten kurz darauf die Chance per 7-Meter-Strafwurf auszugleichen, was jedoch der gut aufgelegte Harri im hsb Tor verhinderte. F\u00fcnf Minuten sp\u00e4ter konnten die hsb\u2018ler sich sich mit 3:1 erstmals auf zwei Tore absetzten, die G\u00e4ste verk\u00fcrzten nochmals auf 3:2. Der hsb konnte sich nicht entscheiden absetzten und so nahm Trainer Andre Rode in der 13. Minute durch eine Team-Time-Out die eine oder andere Anpassung vor. Einen weiterer von Harri gehaltener 7-Meter und ein paar Tempogegenst\u00f6\u00dfe sp\u00e4ter war es Dennis Mattburger der die erste 5-Tore F\u00fchrung (10:5) erzielte, was die G\u00e4ste zur Auszeit zwang. Diese zeigte aber keine gro\u00dfe Wirkung und so war es Harri, der in bester Quaterback-Manier einen langen Konterpass nach dem anderen an den Mann brachte. So konnten sich unsere Herren 2 bis zur Pause eine komfortable 16:8 F\u00fchrung erspielen.<\/p>\n\n\n\n<p>Nach der Pause zeigte sich ein \u00e4hnliches Bild und so war es abermals Axel Schmid der mit dem Treffer zum 19:9 die erste 10-Tore F\u00fchrung besorgte. In der 40. Minute durfte sich dann auch Neuzugang Markus Profendiener mit dem Treffer zum 23:10 in die Torsch\u00fctzenliste eintragen. Die Partie war nun l\u00e4ngst entschieden und und auch die Gegenwehr wurde immer geringer. \u00dcber 26:12 und 28:13 (51. Minute) wurde die F\u00fchrung weiter ausgebaut. Den 30. Treffer f\u00fcr die M\u00e4nner in Blau erzielte dann Werner St\u00fctz. In den letzten Minuten hat der hsb dann nochmal einige Chancen liegen gelassen und die G\u00e4ste konnten nochmals etwas Ergebnisskosmetik betrieben. Am Ende stand ein ungef\u00e4hrdeter 33:19 Erfolg auf der Anzeigentafel.<\/p>\n\n\n\n<p>F\u00fcr unsere M\u00e4nner 2 geht es erst am 08.11 weiter, dann ist man zu Gast bei der SG Brenztal 3. mit einer \u00e4hnlichen Mannschaftsleistung wollen wir dann die n\u00e4chsten beiden Punkte erspielen und uns gleich in der Spitzengruppe festsetzten.<\/p>\n\n\n\n<p>Es spielten:<\/p>\n\n\n\n<p>Torh\u00fcter: Harri Eleftheriadis<\/p>\n\n\n\n<p>Feldspieler: Dennis Mattburger (4 Tore), Tim K\u00f6nig (1), Markus Profendiener (1), Max Zembsch (2), Pascal Schmidt (3), Manuel Danel (2), Fabian Rau (8 ), Volker Kampf, Axel Schmid (5), Keitwah Lai (2), Max Ohnhaus, Hannes Molt (2), Werner St\u00fctz (3)<\/p>\n\n\n\n<p>Trainer: Andre Rode und Sergej Schestakow<\/p>","protected":false},"excerpt":{"rendered":"<p>Spielberichte Saison 2025\/26 Spielberichte Herren 2 Herren 2 starten mit Heimsieg in die Saison 25\/26 Nachdem das eigentliche Er\u00f6ffnung gegen den TSV Dettingen auf Ende Dezember verschoben wurde, hatte es unsere Zweite zum Saisonauftakt die SG Brenztal 4 zu Gast. Die Partie begann mit dem Anwurf f\u00fcr die G\u00e4ste, doch den ersten Treffer erzielte nach [&hellip;]<\/p>\n","protected":false},"author":1,"featured_media":0,"parent":4405,"menu_order":22,"comment_status":"closed","ping_status":"closed","template":"","meta":{"footnotes":""},"class_list":["post-6195","page","type-page","status-publish","hentry"],"aioseo_notices":[],"_links":{"self":[{"href":"https:\/\/hsb1846.de\/en\/wp-json\/wp\/v2\/pages\/6195","targetHints":{"allow":["GET"]}}],"collection":[{"href":"https:\/\/hsb1846.de\/en\/wp-json\/wp\/v2\/pages"}],"about":[{"href":"https:\/\/hsb1846.de\/en\/wp-json\/wp\/v2\/types\/page"}],"author":[{"embeddable":true,"href":"https:\/\/hsb1846.de\/en\/wp-json\/wp\/v2\/users\/1"}],"replies":[{"embeddable":true,"href":"https:\/\/hsb1846.de\/en\/wp-json\/wp\/v2\/comments?post=6195"}],"version-history":[{"count":5,"href":"https:\/\/hsb1846.de\/en\/wp-json\/wp\/v2\/pages\/6195\/revisions"}],"predecessor-version":[{"id":18325,"href":"https:\/\/hsb1846.de\/en\/wp-json\/wp\/v2\/pages\/6195\/revisions\/18325"}],"up":[{"embeddable":true,"href":"https:\/\/hsb1846.de\/en\/wp-json\/wp\/v2\/pages\/4405"}],"wp:attachment":[{"href":"https:\/\/hsb1846.de\/en\/wp-json\/wp\/v2\/media?parent=6195"}],"curies":[{"name":"wp","href":"https:\/\/api.w.org\/{rel}","templated":true}]}}