{"id":6422,"date":"2022-06-29T15:21:34","date_gmt":"2022-06-29T13:21:34","guid":{"rendered":"https:\/\/2022.hsb1846.de\/?page_id=6422"},"modified":"2024-05-18T13:18:32","modified_gmt":"2024-05-18T11:18:32","slug":"faszination-sambo","status":"publish","type":"page","link":"https:\/\/hsb1846.de\/en\/home\/abteilungen\/sambo\/faszination-sambo\/","title":{"rendered":"Faszination Sambo"},"content":{"rendered":"<div style=\"height:50px\" aria-hidden=\"true\" class=\"wp-block-spacer\"><\/div>\n\n\n\n<p class=\"has-white-color has-text-color has-background\" style=\"background-color:#02147e;font-size:16px\">Beim SAMBO spricht man wahrhaft von einer Kampfkunst. Faszinierend vereint diese Sportart die effektivsten Kampftechniken aus dem russischen, asiatischen und europ\u00e4ischen Raum. Gleichzeitig f\u00f6rdert diese Sportart eine Vielzahl an menschlichen Eigenschaften und F\u00e4higkeiten wie Selbstbewusstsein, Fairness, k\u00f6rperliche und geistige St\u00e4rke, Ausdauer, Schnelligkeit und Koordination.<\/p>\n\n\n\n<div style=\"height:50px\" aria-hidden=\"true\" class=\"wp-block-spacer\"><\/div>\n\n\n\n<div class=\"wp-block-columns alignfull is-layout-flex wp-container-core-columns-is-layout-9d6595d7 wp-block-columns-is-layout-flex\">\n<div class=\"wp-block-column is-layout-flow wp-block-column-is-layout-flow\" style=\"flex-basis:50%\">\n<div class=\"wp-block-cover is-light\" style=\"min-height:300px;aspect-ratio:unset;\"><span aria-hidden=\"true\" class=\"wp-block-cover__background has-background-dim\" style=\"background-color:#f6f6f6\"><\/span><img loading=\"lazy\" decoding=\"async\" width=\"109\" height=\"76\" class=\"wp-block-cover__image-background wp-image-6477\" alt=\"\" src=\"https:\/\/hsb1846.de\/wp-content\/uploads\/2022\/06\/logo-sambo.gif\" data-object-fit=\"cover\"\/><div class=\"wp-block-cover__inner-container is-layout-flow wp-block-cover-is-layout-flow\">\n<p class=\"has-text-align-center has-large-font-size\"><\/p>\n<\/div><\/div>\n<\/div>\n\n\n\n<div class=\"wp-block-column is-vertically-aligned-center is-layout-flow wp-block-column-is-layout-flow\" style=\"padding-top:1em;padding-right:1em;padding-bottom:1em;padding-left:1em\">\n<div class=\"wp-block-columns is-layout-flex wp-container-core-columns-is-layout-9d6595d7 wp-block-columns-is-layout-flex\">\n<div class=\"wp-block-column is-layout-flow wp-block-column-is-layout-flow\" style=\"flex-basis:320px\">\n<p style=\"font-size:16px;line-height:1.6\">Die Wurzeln der Kampfsportart SAMBO finden sich in der Sportart Judo. Diese wurde mit den effektivsten Techniken der verschiedensten Kampfdisziplinen der ganzen Welt bereichert. Ziel war es, eine schnell erlernbare und effektive Form der Nahkampfausbildung f\u00fcr die Sowjetische Armee zu entwickeln. In den folgenden Jahren hat man SAMBO in mehrere Disziplinen aufgeteilt und damit f\u00fcr die Masse ge\u00f6ffnet.<\/p>\n<\/div>\n<\/div>\n<\/div>\n<\/div>\n\n\n\n<div style=\"height:50px\" aria-hidden=\"true\" class=\"wp-block-spacer\"><\/div>\n\n\n\n<p class=\"has-background\" style=\"background-color:#f6f6f6;font-size:16px\">Die Kampfsportart SAMBO besteht aus Haltegriffen sowie Wurf- und Hebeltechniken. Bei den Hebeltechniken werden die Gelenke an H\u00e4nden und Beinen ergriffen. W\u00fcrgegriffe sind verboten.<\/p>\n\n\n\n<div style=\"height:50px\" aria-hidden=\"true\" class=\"wp-block-spacer\"><\/div>\n\n\n\n<p class=\"has-background\" style=\"background-color:#f6f6f6;font-size:16px\">Sambo ist im Heidenheimer Sportbund eine Sportart, die ideal f\u00fcr Jungen und M\u00e4dchen geeignet ist.<br><br>Nachwuchssportler werden hier professionell betreut und gef\u00f6rdert. Bereits ab 6 Jahren k\u00f6nnen Kinder mit dem Borba SAMBO beginnen und ab einem Alter von 14 Jahren mit dem Combat SAMBO.<br><br>Alle unsere Sportler werden bei uns von qualifizierten, ehemaligen russischen Leistungssportlern und Topathleten betreut, die in ihrer aktiven Zeit eine Vielzahl von Europa- und Weltmeistertiteln gewonnen haben.<\/p>\n\n\n\n<div style=\"height:50px\" aria-hidden=\"true\" class=\"wp-block-spacer\"><\/div>\n\n\n\n<p class=\"has-background\" style=\"background-color:#f6f6f6;font-size:16px\">Begeistert und fasziniert w\u00fcrden wir uns freuen, dich bald beim SAMBO begr\u00fc\u00dfen zu d\u00fcrfen.<\/p>\n\n\n\n<div style=\"height:50px\" aria-hidden=\"true\" class=\"wp-block-spacer\"><\/div>","protected":false},"excerpt":{"rendered":"<p>Beim SAMBO spricht man wahrhaft von einer Kampfkunst. Faszinierend vereint diese Sportart die effektivsten Kampftechniken aus dem russischen, asiatischen und europ\u00e4ischen Raum. Gleichzeitig f\u00f6rdert diese Sportart eine Vielzahl an menschlichen Eigenschaften und F\u00e4higkeiten wie Selbstbewusstsein, Fairness, k\u00f6rperliche und geistige St\u00e4rke, Ausdauer, Schnelligkeit und Koordination. Die Wurzeln der Kampfsportart SAMBO finden sich in der Sportart Judo. [&hellip;]<\/p>\n","protected":false},"author":1,"featured_media":6464,"parent":4419,"menu_order":0,"comment_status":"closed","ping_status":"closed","template":"","meta":{"footnotes":""},"class_list":["post-6422","page","type-page","status-publish","has-post-thumbnail","hentry"],"aioseo_notices":[],"_links":{"self":[{"href":"https:\/\/hsb1846.de\/en\/wp-json\/wp\/v2\/pages\/6422","targetHints":{"allow":["GET"]}}],"collection":[{"href":"https:\/\/hsb1846.de\/en\/wp-json\/wp\/v2\/pages"}],"about":[{"href":"https:\/\/hsb1846.de\/en\/wp-json\/wp\/v2\/types\/page"}],"author":[{"embeddable":true,"href":"https:\/\/hsb1846.de\/en\/wp-json\/wp\/v2\/users\/1"}],"replies":[{"embeddable":true,"href":"https:\/\/hsb1846.de\/en\/wp-json\/wp\/v2\/comments?post=6422"}],"version-history":[{"count":14,"href":"https:\/\/hsb1846.de\/en\/wp-json\/wp\/v2\/pages\/6422\/revisions"}],"predecessor-version":[{"id":14794,"href":"https:\/\/hsb1846.de\/en\/wp-json\/wp\/v2\/pages\/6422\/revisions\/14794"}],"up":[{"embeddable":true,"href":"https:\/\/hsb1846.de\/en\/wp-json\/wp\/v2\/pages\/4419"}],"wp:featuredmedia":[{"embeddable":true,"href":"https:\/\/hsb1846.de\/en\/wp-json\/wp\/v2\/media\/6464"}],"wp:attachment":[{"href":"https:\/\/hsb1846.de\/en\/wp-json\/wp\/v2\/media?parent=6422"}],"curies":[{"name":"wp","href":"https:\/\/api.w.org\/{rel}","templated":true}]}}