{"id":6424,"date":"2022-06-29T15:22:02","date_gmt":"2022-06-29T13:22:02","guid":{"rendered":"https:\/\/2022.hsb1846.de\/?page_id=6424"},"modified":"2022-07-01T10:42:02","modified_gmt":"2022-07-01T08:42:02","slug":"geschichte-sambo","status":"publish","type":"page","link":"https:\/\/hsb1846.de\/en\/home\/abteilungen\/sambo\/geschichte-sambo\/","title":{"rendered":"Geschichte Sambo"},"content":{"rendered":"<div style=\"height:50px\" aria-hidden=\"true\" class=\"wp-block-spacer\"><\/div>\n\n\n\n<h1 class=\"wp-block-heading\">Der lange Weg des SAMBO<\/h1>\n\n\n\n<div style=\"height:50px\" aria-hidden=\"true\" class=\"wp-block-spacer\"><\/div>\n\n\n\n<p class=\"has-white-color has-text-color has-background\" style=\"background-color:#02147e;font-size:16px\">Es brauchte einige viele Jahre und noch viel mehr Kilometer bis der Kampfsport SAMBO den weiten Weg aus Russland bis nach Deutschland und von da nach Heidenheim an die Brenz geschafft hat.<\/p>\n\n\n\n<div style=\"height:50px\" aria-hidden=\"true\" class=\"wp-block-spacer\"><\/div>\n\n\n\n<p class=\"has-background\" style=\"background-color:#f6f6f6;font-size:16px\">Hier angekommen, entwickelt sich der Kampfsport SAMBO im Heidenheimer Sportbund zu einem Goldschatz f\u00fcr Kenner der internationalen Kampfk\u00fcnste. Es vereint die effektivsten Kampftechniken aus dem asiatischen, russischen und europ\u00e4ischen Raum.<br><br>Vielleicht liegt der Zauber der modernen Kampfkunst Sambo in der stilsicheren Kombination effektiver Kampfsportarten. Denn \u00fcbersetzt hei\u00dft SAMBO:<br>(russ. SAMosaschtschita Bes Oruschija) &nbsp;&#8222;Selbstverteidigung ohne Waffen&#8220;.<\/p>\n\n\n\n<div style=\"height:50px\" aria-hidden=\"true\" class=\"wp-block-spacer\"><\/div>\n\n\n\n<div class=\"wp-block-group alignfull has-background\" style=\"background-color:#f6f6f6\"><div class=\"wp-block-group__inner-container is-layout-flow wp-block-group-is-layout-flow\">\n<div style=\"height:50px\" aria-hidden=\"true\" class=\"wp-block-spacer\"><\/div>\n\n\n\n<div class=\"wp-block-columns alignwide are-vertically-aligned-center is-layout-flex wp-container-core-columns-is-layout-9d6595d7 wp-block-columns-is-layout-flex\">\n<div class=\"wp-block-column is-layout-flow wp-block-column-is-layout-flow\" style=\"flex-basis:50%\">\n<p class=\"has-background\" style=\"background-color:#f6f6f6;font-size:25px;line-height:1.1\">KampfsportKampfkunst SAMBO \u2013 Ursprung der russischen Kampfkunst<\/p>\n<\/div>\n\n\n\n<div class=\"wp-block-column is-layout-flow wp-block-column-is-layout-flow\" style=\"flex-basis:50%\">\n<hr class=\"wp-block-separator has-text-color has-css-opacity has-background is-style-wide\" style=\"background-color:#000000;color:#000000\"\/>\n\n\n\n<div style=\"height:10px\" aria-hidden=\"true\" class=\"wp-block-spacer\"><\/div>\n\n\n\n<p class=\"has-background\" style=\"background-color:#f6f6f6;font-size:16px\">Der Kampfsport SAMBO wurde zu Zeiten der Sowjetunion f\u00fcr die Ausbildung der Polizei und des Milit\u00e4rs entwickelt. Griffe und Abwehrtechniken sind f\u00fcr einen Nahkampf gegen bewaffnete Gegner systematisiert worden und besitzen auch heute ihre G\u00fcltigkeit &#8211; W\u00fcrgegriffe sind verboten, w\u00e4hrend Beinhebel &nbsp;erlaubt sind. Gut auch: Das Bewertungssystem des Kampfsport SAMBO im Wettkampf ist einfach und f\u00fcr Zuschauer leicht nachzuvollziehen.<\/p>\n<\/div>\n<\/div>\n<\/div><\/div>\n\n\n\n<div style=\"height:50px\" aria-hidden=\"true\" class=\"wp-block-spacer\"><\/div>\n\n\n\n<div class=\"wp-block-group alignfull has-background\" style=\"background-color:#f6f6f6\"><div class=\"wp-block-group__inner-container is-layout-flow wp-block-group-is-layout-flow\">\n<div style=\"height:50px\" aria-hidden=\"true\" class=\"wp-block-spacer\"><\/div>\n\n\n\n<div class=\"wp-block-columns alignwide are-vertically-aligned-center is-layout-flex wp-container-core-columns-is-layout-9d6595d7 wp-block-columns-is-layout-flex\">\n<div class=\"wp-block-column is-layout-flow wp-block-column-is-layout-flow\" style=\"flex-basis:50%\">\n<p class=\"has-background\" style=\"background-color:#f6f6f6;font-size:25px;line-height:1.1\">KampfsportKampfkunst SAMBO \u2013 Internationale Anerkennung<\/p>\n<\/div>\n\n\n\n<div class=\"wp-block-column is-layout-flow wp-block-column-is-layout-flow\" style=\"flex-basis:50%\">\n<hr class=\"wp-block-separator has-text-color has-css-opacity has-background is-style-wide\" style=\"background-color:#000000;color:#000000\"\/>\n\n\n\n<div style=\"height:10px\" aria-hidden=\"true\" class=\"wp-block-spacer\"><\/div>\n\n\n\n<p class=\"has-background\" style=\"background-color:#f6f6f6;font-size:16px\">Die Kampfkunst SAMBO ist in europ\u00e4ischen- und Weltverb\u00e4nden organisiert. Dank der sportlichen Erfolge sowjetischer Sportler (z. B. bei Judo Wettbewerben) erregte der Kampfsport SAMBO in den sechziger Jahren auch im Ausland Aufsehen. 1966 beschloss der internationale Verband der Amateurringer (FILA), die Kampfkunst SAMBO als dritte internationale Ringkampfdisziplin aufzunehmen.<\/p>\n<\/div>\n<\/div>\n<\/div><\/div>\n\n\n\n<div style=\"height:50px\" aria-hidden=\"true\" class=\"wp-block-spacer\"><\/div>\n\n\n\n<div class=\"wp-block-group alignfull has-background\" style=\"background-color:#f6f6f6\"><div class=\"wp-block-group__inner-container is-layout-flow wp-block-group-is-layout-flow\">\n<div style=\"height:50px\" aria-hidden=\"true\" class=\"wp-block-spacer\"><\/div>\n\n\n\n<div class=\"wp-block-columns alignwide are-vertically-aligned-center is-layout-flex wp-container-core-columns-is-layout-9d6595d7 wp-block-columns-is-layout-flex\">\n<div class=\"wp-block-column is-layout-flow wp-block-column-is-layout-flow\" style=\"flex-basis:50%\">\n<p class=\"has-background\" style=\"background-color:#f6f6f6;font-size:25px;line-height:1.1\">KampfsportKampfkunst SAMBO \u2013 Erste Weltmeisterschaft im SAMBO<\/p>\n<\/div>\n\n\n\n<div class=\"wp-block-column is-layout-flow wp-block-column-is-layout-flow\" style=\"flex-basis:50%\">\n<hr class=\"wp-block-separator has-text-color has-css-opacity has-background is-style-wide\" style=\"background-color:#000000;color:#000000\"\/>\n\n\n\n<div style=\"height:10px\" aria-hidden=\"true\" class=\"wp-block-spacer\"><\/div>\n\n\n\n<p class=\"has-background\" style=\"background-color:#f6f6f6;font-size:16px\">Die erste Weltmeisterschaft des Kampfsport SAMBO fand 1973 in Teheran statt, womit die Kampfkunst SAMBO internationale Anerkennung gefunden hat. 1980 wurde der Kampfsport SAMBO als Demonstrations-Wettbewerb bei der Olympiade gezeigt. Es werden regelm\u00e4\u00dfig nationale, Europa- und Weltmeisterschaften im Kampfsport SAMBO ausgetragen. Die Olympischen Spiele sind ein nahes Ziel der aufstrebenden russischen Kampfsportart.<\/p>\n<\/div>\n<\/div>\n<\/div><\/div>\n\n\n\n<div style=\"height:50px\" aria-hidden=\"true\" class=\"wp-block-spacer\"><\/div>\n\n\n\n<div class=\"wp-block-columns alignfull is-layout-flex wp-container-core-columns-is-layout-9d6595d7 wp-block-columns-is-layout-flex\">\n<div class=\"wp-block-column is-layout-flow wp-block-column-is-layout-flow\" style=\"flex-basis:50%\">\n<div class=\"wp-block-cover is-light\" style=\"min-height:300px;aspect-ratio:unset;\"><span aria-hidden=\"true\" class=\"wp-block-cover__background has-background-dim-100 has-background-dim\" style=\"background-color:#f6f6f6\"><\/span><div class=\"wp-block-cover__inner-container is-layout-flow wp-block-cover-is-layout-flow\"><div class=\"wp-block-image\">\n<figure class=\"aligncenter size-full\"><img loading=\"lazy\" decoding=\"async\" width=\"44\" height=\"76\" src=\"https:\/\/2022.hsb1846.de\/wp-content\/uploads\/2022\/03\/cropped-cropped-Logo_web2-1.png\" alt=\"\" class=\"wp-image-4045\"\/><\/figure>\n<\/div><\/div><\/div>\n<\/div>\n\n\n\n<div class=\"wp-block-column is-vertically-aligned-center is-layout-flow wp-block-column-is-layout-flow\" style=\"padding-top:1em;padding-right:1em;padding-bottom:1em;padding-left:1em\">\n<div class=\"wp-block-columns is-layout-flex wp-container-core-columns-is-layout-9d6595d7 wp-block-columns-is-layout-flex\">\n<div class=\"wp-block-column is-layout-flow wp-block-column-is-layout-flow\" style=\"flex-basis:320px\">\n<p style=\"font-size:16px;line-height:1.6\"><strong>KampfsportKampfkunst SAMBO <\/strong><br><strong>hsb Heidenheim \u2013 Gr\u00fcndung<\/strong><br>Unsere Abteilung SAMBO des Heidenheimer Sportbundes 1846 e.V. wurde im April 2006 mit der Unterst\u00fctzung des Oberb\u00fcrgermeisters der Stadt Heidenheim Herrn Bernhard Ilg und des ersten Vorsitzenden des hsb 1846 e.V. Herrn Dr. Volker Wiedenmann gegr\u00fcndet. Seit dem ist SAMBO ein fester Bestandteil der sportlichen Angebote und Veranstaltungen des hsb 1846.<\/p>\n<\/div>\n<\/div>\n<\/div>\n<\/div>\n\n\n\n<div style=\"height:50px\" aria-hidden=\"true\" class=\"wp-block-spacer\"><\/div>","protected":false},"excerpt":{"rendered":"<p>Der lange Weg des SAMBO Es brauchte einige viele Jahre und noch viel mehr Kilometer bis der Kampfsport SAMBO den weiten Weg aus Russland bis nach Deutschland und von da nach Heidenheim an die Brenz geschafft hat. Hier angekommen, entwickelt sich der Kampfsport SAMBO im Heidenheimer Sportbund zu einem Goldschatz f\u00fcr Kenner der internationalen Kampfk\u00fcnste. [&hellip;]<\/p>\n","protected":false},"author":1,"featured_media":6453,"parent":4419,"menu_order":13,"comment_status":"closed","ping_status":"closed","template":"","meta":{"footnotes":""},"class_list":["post-6424","page","type-page","status-publish","has-post-thumbnail","hentry"],"aioseo_notices":[],"_links":{"self":[{"href":"https:\/\/hsb1846.de\/en\/wp-json\/wp\/v2\/pages\/6424","targetHints":{"allow":["GET"]}}],"collection":[{"href":"https:\/\/hsb1846.de\/en\/wp-json\/wp\/v2\/pages"}],"about":[{"href":"https:\/\/hsb1846.de\/en\/wp-json\/wp\/v2\/types\/page"}],"author":[{"embeddable":true,"href":"https:\/\/hsb1846.de\/en\/wp-json\/wp\/v2\/users\/1"}],"replies":[{"embeddable":true,"href":"https:\/\/hsb1846.de\/en\/wp-json\/wp\/v2\/comments?post=6424"}],"version-history":[{"count":14,"href":"https:\/\/hsb1846.de\/en\/wp-json\/wp\/v2\/pages\/6424\/revisions"}],"predecessor-version":[{"id":6519,"href":"https:\/\/hsb1846.de\/en\/wp-json\/wp\/v2\/pages\/6424\/revisions\/6519"}],"up":[{"embeddable":true,"href":"https:\/\/hsb1846.de\/en\/wp-json\/wp\/v2\/pages\/4419"}],"wp:featuredmedia":[{"embeddable":true,"href":"https:\/\/hsb1846.de\/en\/wp-json\/wp\/v2\/media\/6453"}],"wp:attachment":[{"href":"https:\/\/hsb1846.de\/en\/wp-json\/wp\/v2\/media?parent=6424"}],"curies":[{"name":"wp","href":"https:\/\/api.w.org\/{rel}","templated":true}]}}